{"id":2,"date":"2015-04-08T09:07:42","date_gmt":"2015-04-08T09:07:42","guid":{"rendered":"http:\/\/people.unipi.it\/cloner\/?page_id=2"},"modified":"2024-05-03T17:58:26","modified_gmt":"2024-05-03T15:58:26","slug":"home","status":"publish","type":"page","link":"https:\/\/people.unipi.it\/veronica_bonsignori\/","title":{"rendered":"Home"},"content":{"rendered":"\n<p>Veronica Bonsignori si \u00e8 laureata in Lingue e Letterature Straniere alla Facolt\u00e0 di Lettere dell&#8217;Universit\u00e0 di Pisa nel 2003. Ha poi conseguito il Dottorato in Linguistica delle Lingue Moderne (Inglese) presso lo stesso Ateneo nel 2007.<\/p>\n\n\n\n<p>\u00c8 Professore Associato di Lingua e Traduzione &#8211; Lingua Inglese (L-LIN\/12) presso il Dipartimento di Filologia, Letteratura e Linguistica.<\/p>\n\n\n\n<p>Ha condotto la sua ricerca e ha insegnato Lingua Inglese prevalentemente presso il Dipartimento di Filologia, Letteratura e Linguistica dell\u2019Universit\u00e0 di Pisa, ma anche presso la Facolt\u00e0 di Scienze Politiche dell\u2019Universit\u00e0 di Siena e presso il Dipartimento di Scienze Motorie dell\u2019Universit\u00e0 degli Studi di Roma \u201cForo Italico\u201d.<\/p>\n\n\n\n<p>I suoi interessi di ricerca riguardano la pragmatica, la sociolinguistica, i linguaggi specialistici, la multimodalit\u00e0 e la traduzione audiovisiva. Ha partecipato a vari convegni nazionali e internazionali e pubblicato lavori sullo studio di fenomeni linguistici tipici dell\u2019oralit\u00e0 dell\u2019inglese filmico rispetto al doppiaggio italiano, per esempio, nell\u2019articolo scritto con Silvia Bruti \u201cTranslating introductions and wishes in audiovisual dialogue. Evidence from a corpus\u201d (2016, Equinox) e nella monografia sulle domande coda inglesi e la loro resa nel doppiaggio in italiano <em>English Tags: A Close-up on Film Language, Dubbing and Conversation<\/em> (2013, Cambridge Scholars). Altre pubblicazioni riguardano l\u2019analisi multimodale del discorso specialistico nel testo audiovisivo, per esempio \u201cA multimodal analysis of spoken medical English in expert-to-expert interaction in TV programmes\u201d (2019, <em>Ib\u00e9rica<\/em>), e la sua applicazione nell\u2019insegnamento della lingua inglese in \u201cUsing films and TV series for ESP teaching: A multimodal perspective\u201d (2018, <em>System<\/em>). Inoltre, ha curato con Belinda Crawford Camiciottoli e Denise Filmer il volume <em>Analyzing <\/em><em>Multimodality in Specialized Discourse Settings<\/em> (2022, Vernon Press). Infine, fa parte dell\u2019Editorial Board come Review Editor della rivista internazionale <em>Multimodality of Communication<\/em>.<\/p>\n\n\n\n<p><strong>Veronica Bonsignori<\/strong><em> <\/em>graduated in Foreign Languages and Literatures (English) in 2003 and received a PhD in English Linguistics in 2007 at the University of Pisa. <\/p>\n\n\n\n<p>She is Associate Professor in English Language and Translation at the Department of Philology, Literature and Linguistics at the University of Pisa.<\/p>\n\n\n\n<p>She has carried out her research and has taught English mainly at the Department of Philology, Literature and Linguistics of the University of Pisa, but also at the Department of Political Science of the University of Siena (as temporary Researcher, Jan 2010-Dec 2011), and at the University of Rome \u201cForo Italico\u201d, first as \u201cSenior\u201d Research Fellow (RTDb) and then as Associate Professor (Nov 2019-Jan 2024).<\/p>\n\n\n\n<p>Her research interests are in the fields of pragmatics, sociolinguistics, audiovisual translation, multimodality and ESP. She has published several articles in national and international journals and collections on the study of linguistic phenomena pertaining to orality in English filmic speech in comparison to Italian dubbing, as in the article she co-authored with Silvia Bruti \u201cTranslating introductions and wishes in audiovisual dialogue. Evidence from a corpus\u201d (2016, Equinox) and in the monograph <em>English Tags: A Close-up on Film Language, Dubbing and Conversation<\/em> (2013, Cambridge Scholars). Other publications deal with multimodal analysis of specialised discourse in audiovisual products, for example, \u201cA multimodal analysis of spoken medical English in expert-to-expert interaction in TV programmes\u201d (2019, <em>Ib\u00e9rica<\/em>), and its applications in teaching in \u201cUsing films and TV series for ESP teaching: A multimodal perspective\u201d (2018, <em>System<\/em>). She also co-edited with Belinda Crawford Camiciottoli and Denise Filmer the volume Analyzing Multimodality in Specialized Discourse Settings (2022, Vernon Press). She is currently on the Editorial Board as Review Editor of the international journal <em>Multimodality of Communication<\/em>.<\/p>\n","protected":false},"excerpt":{"rendered":"<p>Veronica Bonsignori si \u00e8 laureata in Lingue e Letterature Straniere alla Facolt\u00e0 di Lettere dell&#8217;Universit\u00e0 di Pisa nel 2003. Ha&hellip;<\/p>\n<p><a class=\"btn btn-dark btn-sm unipi-read-more-link\" href=\"https:\/\/people.unipi.it\/veronica_bonsignori\/\">Leggi tutto&#8230;<\/a><\/p>\n","protected":false},"author":1,"featured_media":51,"parent":0,"menu_order":0,"comment_status":"closed","ping_status":"closed","template":"","meta":{"_acf_changed":false,"footnotes":""},"class_list":["post-2","page","type-page","status-publish","has-post-thumbnail","hentry"],"acf":[],"featured_image_src":"https:\/\/people.unipi.it\/veronica_bonsignori\/wp-content\/uploads\/sites\/518\/2024\/02\/02_VB_dic2023-scaled.jpg","yoast_head":"<!-- This site is optimized with the Yoast SEO plugin v27.5 - https:\/\/yoast.com\/product\/yoast-seo-wordpress\/ -->\n<title>Home - Veronica Bonsignori<\/title>\n<meta name=\"robots\" content=\"index, follow, max-snippet:-1, max-image-preview:large, max-video-preview:-1\" \/>\n<link rel=\"canonical\" href=\"https:\/\/people.unipi.it\/veronica_bonsignori\/\" \/>\n<meta property=\"og:locale\" content=\"it_IT\" \/>\n<meta property=\"og:type\" content=\"article\" \/>\n<meta property=\"og:title\" content=\"Home - Veronica Bonsignori\" \/>\n<meta property=\"og:description\" content=\"Veronica Bonsignori si \u00e8 laureata in Lingue e Letterature Straniere alla Facolt\u00e0 di Lettere dell&#8217;Universit\u00e0 di Pisa nel 2003. Ha&hellip;Leggi tutto...\" \/>\n<meta property=\"og:url\" content=\"https:\/\/people.unipi.it\/veronica_bonsignori\/\" \/>\n<meta property=\"og:site_name\" content=\"Veronica Bonsignori\" \/>\n<meta property=\"article:modified_time\" content=\"2024-05-03T15:58:26+00:00\" \/>\n<meta property=\"og:image\" content=\"https:\/\/people.unipi.it\/veronica_bonsignori\/wp-content\/uploads\/sites\/518\/2024\/02\/02_VB_dic2023-scaled.jpg\" \/>\n\t<meta property=\"og:image:width\" content=\"1604\" \/>\n\t<meta property=\"og:image:height\" content=\"2560\" \/>\n\t<meta property=\"og:image:type\" content=\"image\/jpeg\" \/>\n<meta name=\"twitter:card\" content=\"summary_large_image\" \/>\n<meta name=\"twitter:label1\" content=\"Tempo di lettura stimato\" \/>\n\t<meta name=\"twitter:data1\" content=\"3 minuti\" \/>\n<script type=\"application\/ld+json\" class=\"yoast-schema-graph\">{\"@context\":\"https:\\\/\\\/schema.org\",\"@graph\":[{\"@type\":\"WebPage\",\"@id\":\"https:\\\/\\\/people.unipi.it\\\/veronica_bonsignori\\\/\",\"url\":\"https:\\\/\\\/people.unipi.it\\\/veronica_bonsignori\\\/\",\"name\":\"Home - Veronica Bonsignori\",\"isPartOf\":{\"@id\":\"https:\\\/\\\/people.unipi.it\\\/veronica_bonsignori\\\/#website\"},\"primaryImageOfPage\":{\"@id\":\"https:\\\/\\\/people.unipi.it\\\/veronica_bonsignori\\\/#primaryimage\"},\"image\":{\"@id\":\"https:\\\/\\\/people.unipi.it\\\/veronica_bonsignori\\\/#primaryimage\"},\"thumbnailUrl\":\"https:\\\/\\\/people.unipi.it\\\/veronica_bonsignori\\\/wp-content\\\/uploads\\\/sites\\\/518\\\/2024\\\/02\\\/02_VB_dic2023-scaled.jpg\",\"datePublished\":\"2015-04-08T09:07:42+00:00\",\"dateModified\":\"2024-05-03T15:58:26+00:00\",\"breadcrumb\":{\"@id\":\"https:\\\/\\\/people.unipi.it\\\/veronica_bonsignori\\\/#breadcrumb\"},\"inLanguage\":\"it-IT\",\"potentialAction\":[{\"@type\":\"ReadAction\",\"target\":[\"https:\\\/\\\/people.unipi.it\\\/veronica_bonsignori\\\/\"]}]},{\"@type\":\"ImageObject\",\"inLanguage\":\"it-IT\",\"@id\":\"https:\\\/\\\/people.unipi.it\\\/veronica_bonsignori\\\/#primaryimage\",\"url\":\"https:\\\/\\\/people.unipi.it\\\/veronica_bonsignori\\\/wp-content\\\/uploads\\\/sites\\\/518\\\/2024\\\/02\\\/02_VB_dic2023-scaled.jpg\",\"contentUrl\":\"https:\\\/\\\/people.unipi.it\\\/veronica_bonsignori\\\/wp-content\\\/uploads\\\/sites\\\/518\\\/2024\\\/02\\\/02_VB_dic2023-scaled.jpg\",\"width\":1604,\"height\":2560},{\"@type\":\"BreadcrumbList\",\"@id\":\"https:\\\/\\\/people.unipi.it\\\/veronica_bonsignori\\\/#breadcrumb\",\"itemListElement\":[{\"@type\":\"ListItem\",\"position\":1,\"name\":\"Home\",\"item\":\"https:\\\/\\\/people.unipi.it\\\/veronica_bonsignori\\\/\"},{\"@type\":\"ListItem\",\"position\":2,\"name\":\"Home\"}]},{\"@type\":\"WebSite\",\"@id\":\"https:\\\/\\\/people.unipi.it\\\/veronica_bonsignori\\\/#website\",\"url\":\"https:\\\/\\\/people.unipi.it\\\/veronica_bonsignori\\\/\",\"name\":\"Veronica Bonsignori\",\"description\":\"\",\"potentialAction\":[{\"@type\":\"SearchAction\",\"target\":{\"@type\":\"EntryPoint\",\"urlTemplate\":\"https:\\\/\\\/people.unipi.it\\\/veronica_bonsignori\\\/?s={search_term_string}\"},\"query-input\":{\"@type\":\"PropertyValueSpecification\",\"valueRequired\":true,\"valueName\":\"search_term_string\"}}],\"inLanguage\":\"it-IT\"}]}<\/script>\n<!-- \/ Yoast SEO plugin. -->","yoast_head_json":{"title":"Home - Veronica Bonsignori","robots":{"index":"index","follow":"follow","max-snippet":"max-snippet:-1","max-image-preview":"max-image-preview:large","max-video-preview":"max-video-preview:-1"},"canonical":"https:\/\/people.unipi.it\/veronica_bonsignori\/","og_locale":"it_IT","og_type":"article","og_title":"Home - Veronica Bonsignori","og_description":"Veronica Bonsignori si \u00e8 laureata in Lingue e Letterature Straniere alla Facolt\u00e0 di Lettere dell&#8217;Universit\u00e0 di Pisa nel 2003. Ha&hellip;Leggi tutto...","og_url":"https:\/\/people.unipi.it\/veronica_bonsignori\/","og_site_name":"Veronica Bonsignori","article_modified_time":"2024-05-03T15:58:26+00:00","og_image":[{"width":1604,"height":2560,"url":"https:\/\/people.unipi.it\/veronica_bonsignori\/wp-content\/uploads\/sites\/518\/2024\/02\/02_VB_dic2023-scaled.jpg","type":"image\/jpeg"}],"twitter_card":"summary_large_image","twitter_misc":{"Tempo di lettura stimato":"3 minuti"},"schema":{"@context":"https:\/\/schema.org","@graph":[{"@type":"WebPage","@id":"https:\/\/people.unipi.it\/veronica_bonsignori\/","url":"https:\/\/people.unipi.it\/veronica_bonsignori\/","name":"Home - Veronica Bonsignori","isPartOf":{"@id":"https:\/\/people.unipi.it\/veronica_bonsignori\/#website"},"primaryImageOfPage":{"@id":"https:\/\/people.unipi.it\/veronica_bonsignori\/#primaryimage"},"image":{"@id":"https:\/\/people.unipi.it\/veronica_bonsignori\/#primaryimage"},"thumbnailUrl":"https:\/\/people.unipi.it\/veronica_bonsignori\/wp-content\/uploads\/sites\/518\/2024\/02\/02_VB_dic2023-scaled.jpg","datePublished":"2015-04-08T09:07:42+00:00","dateModified":"2024-05-03T15:58:26+00:00","breadcrumb":{"@id":"https:\/\/people.unipi.it\/veronica_bonsignori\/#breadcrumb"},"inLanguage":"it-IT","potentialAction":[{"@type":"ReadAction","target":["https:\/\/people.unipi.it\/veronica_bonsignori\/"]}]},{"@type":"ImageObject","inLanguage":"it-IT","@id":"https:\/\/people.unipi.it\/veronica_bonsignori\/#primaryimage","url":"https:\/\/people.unipi.it\/veronica_bonsignori\/wp-content\/uploads\/sites\/518\/2024\/02\/02_VB_dic2023-scaled.jpg","contentUrl":"https:\/\/people.unipi.it\/veronica_bonsignori\/wp-content\/uploads\/sites\/518\/2024\/02\/02_VB_dic2023-scaled.jpg","width":1604,"height":2560},{"@type":"BreadcrumbList","@id":"https:\/\/people.unipi.it\/veronica_bonsignori\/#breadcrumb","itemListElement":[{"@type":"ListItem","position":1,"name":"Home","item":"https:\/\/people.unipi.it\/veronica_bonsignori\/"},{"@type":"ListItem","position":2,"name":"Home"}]},{"@type":"WebSite","@id":"https:\/\/people.unipi.it\/veronica_bonsignori\/#website","url":"https:\/\/people.unipi.it\/veronica_bonsignori\/","name":"Veronica Bonsignori","description":"","potentialAction":[{"@type":"SearchAction","target":{"@type":"EntryPoint","urlTemplate":"https:\/\/people.unipi.it\/veronica_bonsignori\/?s={search_term_string}"},"query-input":{"@type":"PropertyValueSpecification","valueRequired":true,"valueName":"search_term_string"}}],"inLanguage":"it-IT"}]}},"_links":{"self":[{"href":"https:\/\/people.unipi.it\/veronica_bonsignori\/wp-json\/wp\/v2\/pages\/2","targetHints":{"allow":["GET"]}}],"collection":[{"href":"https:\/\/people.unipi.it\/veronica_bonsignori\/wp-json\/wp\/v2\/pages"}],"about":[{"href":"https:\/\/people.unipi.it\/veronica_bonsignori\/wp-json\/wp\/v2\/types\/page"}],"author":[{"embeddable":true,"href":"https:\/\/people.unipi.it\/veronica_bonsignori\/wp-json\/wp\/v2\/users\/1"}],"replies":[{"embeddable":true,"href":"https:\/\/people.unipi.it\/veronica_bonsignori\/wp-json\/wp\/v2\/comments?post=2"}],"version-history":[{"count":7,"href":"https:\/\/people.unipi.it\/veronica_bonsignori\/wp-json\/wp\/v2\/pages\/2\/revisions"}],"predecessor-version":[{"id":61,"href":"https:\/\/people.unipi.it\/veronica_bonsignori\/wp-json\/wp\/v2\/pages\/2\/revisions\/61"}],"wp:featuredmedia":[{"embeddable":true,"href":"https:\/\/people.unipi.it\/veronica_bonsignori\/wp-json\/wp\/v2\/media\/51"}],"wp:attachment":[{"href":"https:\/\/people.unipi.it\/veronica_bonsignori\/wp-json\/wp\/v2\/media?parent=2"}],"curies":[{"name":"wp","href":"https:\/\/api.w.org\/{rel}","templated":true}]}}