{"id":8,"date":"2015-04-08T11:14:00","date_gmt":"2015-04-08T09:14:00","guid":{"rendered":"http:\/\/people.unipi.it\/cloner\/?page_id=8"},"modified":"2025-03-25T14:37:00","modified_gmt":"2025-03-25T13:37:00","slug":"pubblicazioni","status":"publish","type":"page","link":"https:\/\/people.unipi.it\/valerio_giusti\/pubblicazioni\/","title":{"rendered":"Publications"},"content":{"rendered":"<div class=\"csl-bib-body\">\n<div class=\"csl-entry\" data-csl-entry-id=\"Antok2024\">\n<h2>Web Databases<\/h2>\n<ul>\n<li><a href=\"https:\/\/www.scopus.com\/authid\/detail.uri?authorId=7003998327\">Scopus Author Profile<\/a><\/li>\n<li><a href=\"https:\/\/www.webofscience.com\/wos\/author\/record\/1742152\">Clarivate Web of Science<\/a><\/li>\n<li><a href=\"https:\/\/www.researchgate.net\/profile\/Valerio-Giusti\">ResearchGate Profile<\/a><\/li>\n<li><a href=\"https:\/\/scholar.google.com\/citations?hl=en&amp;tzom=-60&amp;user=kkdPKdYAAAAJ\">Google Scholar Profile<\/a><\/li>\n<li><a href=\"https:\/\/arpi.unipi.it\/cris\/rp\/rp14469\">CINECA IRIS &#8211; Institutional Research Information System<\/a><\/li>\n<\/ul>\n<hr \/>\n<h2>Journal Papers<\/h2>\n<div>[J43] N. Atanov, et al., &#8220;Design and assembly status overview of the Mu2e electromagnetic calorimeter mechanical structures&#8221;, <i>Nuclear Instruments and Methods in Physics Research Section A: Accelerators, Spectrometers, Detectors and Associated Equipment<\/i>, Volume 1070, Part 1, 170040, 2025<\/div>\n<div>[J42] A. D&#8217;Agliano, A.V. Zlobin, I. Novitski, D. Turrioni, E. Barzi, S. Donati, V. Giusti, &#8220;FEM Analysis of Hybrid LTS\/HTS Cos-Theta Dipole Magnet With Heterogeneous Cable Model&#8221;, in <i>IEEE Transactions on Applied Superconductivity<\/i>, vol. 35, no. 5, pp. 1-5, Aug. 2025<\/div>\n<div>[J41] A. Abed Abud <i>et al.<\/i>, &#8220;DUNE Phase II: scientific opportunities, detector concepts, technological solutions&#8221;, <i>Journal of Instrumentation<\/i>, Vol. 19, Issue 121, P12005, December 2024<\/div>\n<div>[J40] A. Abed Abud <i>et al.<\/i>, &#8220;First measurement of the total inelastic cross section of positively charged kaons on argon at energies between 5.0 and 7.5 GeV&#8221;, <i>Physical Review D<\/i>, 110, 092011, November, 2024<\/div>\n<div>[J39] E. Puccinelli, V. Giusti, A. Pasini, &#8220;Lumped Parameter Analysis of Autogenous Propellant Pressurization System for Nuclear Thermal Rocket&#8221;, <i>Nuclear Technology<\/i>, 1-23, 2024<\/div>\n<div>[J38] D. Cozzarizza, E. Corniani, E. D&#8217;Agata, R. Ciolini, V. Giusti, &#8220;Comparison of Monte Carlo Tools for Displacement Calculations for Protons and Heavy Ions Irradiation on Iron and EUROFER97&#8221;, ASME.\u00a0<i>J. Eng. Mater. Technol.<\/i>, 146(4): 041007, October 2024<\/div>\n<div>[J37] C. Ant\u00f3k, S. Czifrus, and V. Giusti, &#8220;Neutronic calculations for preliminary core design of SCW-SMR&#8221;, <i>Annals of Nuclear Energy<\/i>, vol. 209, 2024<\/div>\n<div>[J36] M. K. Saadi, S. Di Pasquale, and V. Giusti, &#8220;PMAXS Library Generation for the Benchmark on Rostov-2 VVER-1000 Reactor&#8221;, <i>Moscow University Physics Bulletin<\/i>, vol. 79, no. 2, pp. 239\u2013247, 2024<\/div>\n<div>[J35] A. Abed Abud <i>et al.<\/i>, &#8220;Performance of a Modular Ton-Scale Pixel-Readout Liquid Argon Time Projection Chamber&#8221;, <i>Instruments<\/i>, 8(3), 41, 2024<\/div>\n<div>[J34] A. Abed Abud <i>et al.<\/i>, &#8220;Doping liquid argon with xenon in ProtoDUNE Single-Phase: effects on scintillation light&#8221;, <i>Journal of Instrumentation<\/i>, vol. 19, no. 8, 2024<\/div>\n<div>[J33] K. Byrum <i>et al.<\/i>, &#8220;Mu2e Run I Sensitivity Projections for the Neutrinoless Conversion Search in Aluminum&#8221;, <i>Universe<\/i>, vol. 9, no. 1, 2023<\/div>\n<div>[J32] M. Kheradmand Saadi, S. Di Pasquale, and V. Giusti, &#8220;Steady-state analysis of ROSTOV-2 benchmark problem using SERPENT-2 and PARCS codes&#8221;, <i>Progress in Nuclear Energy<\/i>, vol. 162, 2023<\/div>\n<div>[J31] B. Babcs\u00e1ny, V. Giusti, A. Moise, P. M\u00e9sz\u00e1ros, S. Czifrus, and J. C. Chow, &#8220;Results and lessons learned from the Generation IV SCWR-FQT comprehensive Monte Carlo computational benchmark&#8221;, <i>Annals of Nuclear Energy<\/i>, vol. 191, 2023<\/div>\n<div>[J30] N. Atanov <i>et al.<\/i>, &#8220;The Mu2e Crystal and SiPM Calorimeter: Construction Status&#8221;, <i>IEEE Transactions on Nuclear Science<\/i>, vol. 70, no. 7, pp. 1281\u20131287, 2023<\/div>\n<div>[J29] N. Atanov <i>et al.<\/i>, &#8220;Mu2e Crystal Calorimeter Readout Electronics: Design and Characterisation&#8221;, <i>Instruments<\/i>, vol. 6, no. 4, 2022<\/div>\n<div>[J28] N. Atanov <i>et al.<\/i>, &#8220;The Mu2e Crystal Calorimeter: An Overview&#8221;, <i>Instruments<\/i>, vol. 6, no. 4, 2022<\/div>\n<div>[J27] V. Giusti and B. Montagnini, &#8220;On the relevance of the scattering anisotropy for a low order transport method&#8221;, <i>Annals of Nuclear Energy<\/i>, vol. 145, 2020<\/div>\n<div>[J26] R. Ciolini, A. Marini, V. Giusti, and F. D\u2019Errico, &#8220;Neutron and gamma albedo evaluation at an irradiation facility&#8221;, <i>Radiation Protection Dosimetry<\/i>, vol. 192, no. 3, pp. 362\u2013370, 2020<\/div>\n<div>[J25] V. Giusti and B. Montagnini, &#8220;Solution of 3D linearly anisotropic scattering, fixed-source multigroup xyz reactor problems by the AN Boundary Element \u2013 Response Matrix method&#8221;, <i>Annals of Nuclear Energy<\/i>, vol. 134, pp. 205\u2013225, 2019<\/div>\n<div>[J24] A. Facchini, V. Giusti, R. Ciolini, K. Tu\u010dek, D. Thomas, and E. D\u2019Agata, &#8220;Detailed neutronic study of the power evolution for the European Sodium Fast Reactor during a positive insertion of reactivity&#8221;, <i>Nuclear Engineering and Design<\/i>, vol. 313, pp. 1\u20139, 2017<\/div>\n<div>[J23] V. Giusti and B. Montagnini, &#8220;A boundary element &#8211; Response matrix method for 3D neutron diffusion and transport problems&#8221;, <i>CMES &#8211; Computer Modeling in Engineering and Sciences<\/i>, vol. 102, no. 3, pp. 229\u2013255, 2014<\/div>\n<div>[J22] S. A. Enger, V. Giusti, M.-A. Fortin, H. Lundqvist, and P. M. Af Rosensch\u00f6ld, &#8220;Dosimetry for gadolinium neutron capture therapy (GdNCT)&#8221;\u201d<i>Radiation Measurements<\/i>, vol. 59, pp. 233\u2013240, 2013<\/div>\n<div>[J21] V. Giusti, B. Montagnini, and P. Ravetto, &#8220;Solution of 3D multigroup, linearly anisotropic scattering, criticality problems by the AN boundary-element response-matrix method&#8221;, <i>Annals of Nuclear Energy<\/i>, vol. 57, pp. 350\u2013367, 2013<\/div>\n<div>[J20] V. Giusti and B. Montagnini, &#8220;A boundary element-response matrix method for the multigroup criticality problems in the SP 3 approximation&#8221;, <i>Annals of Nuclear Energy<\/i>, vol. 42, pp. 119\u2013130, 2012<\/div>\n<div>[J19] J. W. Hopewell, T. Gorlia, L. Pellettieri, V. Giusti, B. H-Stenstam, and K. Sk\u00f6ld, &#8220;Boron neutron capture therapy for newly diagnosed glioblastoma multiforme: An assessment of clinical potential&#8221;, <i>Applied Radiation and Isotopes<\/i>, vol. 69, no. 12, pp. 1737\u20131740, 2011<\/div>\n<div>[J18] A. J. Mason, V. Giusti, S. Green, P. M. Af Rosensch\u00f6ld, T. D. Beynon, and J. W. Hopewell, &#8220;Interaction between the biological effects of high- and low-LET radiation dose components in a mixed field exposure&#8221;, <i>International Journal of Radiation Biology<\/i>, vol. 87, no. 12, pp. 1162\u20131172, 2011<\/div>\n<div>[J17] G. G. M. Coppa, V. Giusti, B. Montagnini, and P. Ravetto, &#8220;On the relation between spherical harmonics and simplified spherical harmonics methods&#8221;, <i>Transport Theory and Statistical Physics<\/i>, vol. 39, no. 2\u20134, pp. 164\u2013191, 2010<\/div>\n<div>[J16] G. Cossa, V. Giusti, and B. Montagnini, &#8220;A boundary element-response matrix method for criticality diffusion problems in xyz geometry&#8221;, <i>Annals of Nuclear Energy<\/i>, vol. 37, no. 7, pp. 953\u2013973, 2010<\/div>\n<div>[J15] K. Sk\u00f6ld, B. H-Stenstam, A. Z. Diaz, V. Giusti, L. Pellettieri, and J. W. Hopewell, &#8220;Boron neutron capture therapy for glioblastoma multiforme: Advantage of prolonged infusion of BPA-f&#8221;, <i>Acta Neurologica Scandinavica<\/i>, vol. 122, no. 1, pp. 58\u201362, 2010<\/div>\n<div>[J14] V. Giusti, B. Montagnini, G. G. M. Coppa, and S. Dulla, &#8220;Solution of the one-velocity 2D and 3D source and criticality problems by the Boundary Element-Response Matrix (BERM) method in the A2-SP3&#8221;, <i>Nuovo Cimento della Societa Italiana di Fisica C<\/i>, vol. 33, no. 1, pp. 95\u2013101, 2010<\/div>\n<div>[J13] K. Sk\u00f6ld, T. Gorlia, L. Pellettieri, V. Giusti, B. H-Stenstam, and J. W. Hopewell, &#8220;Boron neutron capture therapy for newly diagnosed glioblastoma multiforme: An assessment of clinical potential&#8221;, <i>British Journal of Radiology<\/i>, vol. 83, no. 991, pp. 596\u2013603, 2010<\/div>\n<div>[J12] V. Giusti, &#8220;Computational design and preliminary measurements of a mixed-field irradiation facility&#8221;, <i>Progress in Nuclear Energy<\/i>, vol. 50, no. 8, pp. 877\u2013885, 2008<\/div>\n<div>[J11] L. Pellettieri, B. H-Stenstam, A. Rezaei, V. Giusti, and K. Sk\u00f6ld, &#8220;An investigation of boron neutron capture therapy for recurrent glioblastoma multiforme&#8221;, <i>Acta Neurologica Scandinavica<\/i>, vol. 117, no. 3, pp. 191\u2013197, 2008<\/div>\n<div>[J10] F. D\u2019Errico, V. Giusti, and B. R. L. Siebert, &#8220;A new neutron monitor and extended conversion coefficients for HP (10)&#8221;, <i>Radiation Protection Dosimetry<\/i>, vol. 125, no. 1\u20134, pp. 345\u2013348, 2007<\/div>\n<div>[J9] P. J. Binns <i>et al.<\/i>, &#8220;An international dosimetry exchange for boron neutron capture therapy, Part I: Absorbed dose measurements&#8221;, <i>Medical Physics<\/i>, vol. 32, no. 12, pp. 3729\u20133736, 2005<\/div>\n<div>[J8] T. Bolognese-Milsztajn <i>et al.<\/i>, &#8220;Individual neutron monitoring in workplaces with mixed neutron\/proton radiation&#8221;, <i>Radiation Protection Dosimetry<\/i>, vol. 110, no. 1\u20134, pp. 753\u2013758, 2004<\/div>\n<div>[J7] E. B. Kullberg, Q. Wei, J. Capala, V. Giusti, P.-U. Malmstr\u00f6m, and L. Gedda, &#8220;EGF-receptor targeted liposomes with boronated acridine: Growth inhibition of cultured glioma cells after neutron irradiation&#8221;, <i>International Journal of Radiation Biology<\/i>, vol. 81, no. 8, pp. 621\u2013629, 2005<\/div>\n<div>[J6] P. M. Munck Af Rosensch\u00f6ld, J. Capala, C. P. Ceberg, V. Giusti, L. G. Salford, and B. R. R. Persson, &#8220;Quality assurance of patient dosimetry in boron neutron capture therapy&#8221;, <i>Acta Oncologica<\/i>, vol. 43, no. 4, pp. 404\u2013411, 2004<\/div>\n<div>[J5] F. d\u2019Errico, V. Giusti, M. Reginatto, and B. Wiegel, &#8220;A telescope-design directional neutron spectrometer&#8221;, <i>Radiation Protection Dosimetry<\/i>, vol. 110, no. 1\u20134, pp. 533\u2013537, 2004<\/div>\n<div>[J4] V. Giusti, P. M. Munck Af Rosensch\u00f6ld, K. Sk\u00f6ld, B. Montagnini, and J. Capala, &#8220;Monte Carlo model of the Studsvik BNCT clinical beam: Description an validation&#8221;, <i>Medical Physics<\/i>, vol. 30, no. 12, pp. 3107\u20133117, 2003<\/div>\n<div>[J3] J. Capala <i>et al.<\/i>, &#8220;Boron neutron capture therapy for glioblastoma multiforme: Clinical studies in Sweden&#8221;, <i>Journal of Neuro-Oncology<\/i>, vol. 62, no. 1, pp. 135\u2013144, 2003<\/div>\n<div>[J2] P. M. Munck af Rosensch\u00f6ld, V. Giusti, C. P. Ceberg, J. Capala, K. Sk\u00f6ld, and B. R. R. Persson, &#8220;Reference dosimetry at the neutron capture therapy facility at Studsvik&#8221;, <i>Medical Physics<\/i>, vol. 30, no. 7, pp. 1569\u20131579, 2003<\/div>\n<div>[J1] P. M. Munck Af Rosensch\u00f6ld, C. P. Ceberg, V. Giusti, and P. Andreo, &#8220;Photon quality correction factors for ionization chambers in an epithelial neutron beam&#8221;, <i>Physics in Medicine and Biology<\/i>, vol. 47, no. 14, pp. 2397\u20132409, 2002<\/div>\n<hr \/>\n<h2>International Conference Papers<\/h2>\n<div>[C19] E. Puccinelli, V. Giusti, and A. Pasini, &#8220;Analysis of an Autogenous Propellant Pressurization System for Nuclear Thermal Rocket&#8221;, AIAA SciTech Forum and Exposition, 2024<\/div>\n<div>[C18] N. Atanov <i>et al.<\/i>, &#8220;The Mu2e crystal and SiPM calorimeter&#8221;, <i>Nuclear Instruments and Methods in Physics Research, Section A: Accelerators, Spectrometers, Detectors and Associated Equipment<\/i>, vol. 1069, 2024<\/div>\n<div>[C17] N. Atanov <i>et al.<\/i>, &#8220;The Mu2e Digitizer ReAdout Controller (DiRAC): Characterization and radiation hardness&#8221;, <i>Nuclear Instruments and Methods in Physics Research, Section A: Accelerators, Spectrometers, Detectors and Associated Equipment<\/i>, vol. 1068, 2024<\/div>\n<div>[C16] N. Atanov <i>et al.<\/i>, &#8220;Conceptual design of a Robotic Arm for the maintenance of the Read-Out Units of the Mu2e electromagnetic calorimeter&#8221;, <i>Nuclear Instruments and Methods in Physics Research, Section A: Accelerators, Spectrometers, Detectors and Associated Equipment<\/i>, vol. 1046, 2023<\/div>\n<div>[C15] C. Bloise <i>et al.<\/i>, &#8220;An automated QC station for the calibration of the Mu2e calorimeter readout units&#8221;, <i>Nuclear Instruments and Methods in Physics Research, Section A: Accelerators, Spectrometers, Detectors and Associated Equipment<\/i>, vol. 1046, 2023<\/div>\n<div>[C14] C. Bloise <i>et al.<\/i>, &#8220;Design, assembly and operation of a Cosmic Ray Tagger based on scintillators and SiPMs&#8221;, <i>Nuclear Instruments and Methods in Physics Research, Section A: Accelerators, Spectrometers, Detectors and Associated Equipment<\/i>, vol. 1045, 2023<\/div>\n<div>[C13] N. Atanov <i>et al.<\/i>, &#8220;Development, construction and qualification tests of the mechanical structures of the electromagnetic calorimeter of the Mu2e experiment at Fermilab&#8221;, in <i>Proceedings of Science<\/i>, 2022, vol. 380<\/div>\n<div>[C12] N. Atanov <i>et al.<\/i>, &#8220;Development, construction and tests of the Mu2e electromagnetic calorimeter mechanical structures&#8221;, <i>Journal of Instrumentation<\/i>, vol. 17, no. 1, 2022<\/div>\n<div>[C11] E. Sanzani <i>et al.<\/i>, &#8220;An automated QC station for the characterization of the Mu2e Calorimeter Readout Units&#8221;, in <i>Proceedings of Science<\/i>, 2022, vol. 414<\/div>\n<div>[C10] C. Bloise <i>et al.<\/i>, &#8220;Design and construction status of the Mu2e crystal calorimeter&#8221;, in <i>Proceedings of Science<\/i>, 2022, vol. 414<\/div>\n<div>[C9] N. Atanov <i>et al.<\/i>, &#8220;Towards the construction of the Mu2e electromagnetic calorimeter at Fermilab&#8221;, in <i>Journal of Physics: Conference Series<\/i>, 2022, vol. 2374<\/div>\n<div>[C8] S. Di Pasquale, M. Cherubini, A. Petruzzi, and V. Giusti, &#8220;Analysis of the Reactivity Effects Exercises of the Neutronics Benchmark of the CEFR Start-Up Tests&#8221;, in <i>Proceedings of the International Conference on Physics of Reactors<\/i>, PHYSOR-2022, pp. 2406\u20132415, 2022<\/div>\n<div>[C7] N. Atanov <i>et al.<\/i>, &#8220;Development and construction status of the Mu2e electromagnetic calorimeter mechanical structures&#8221;, <i>Journal of Instrumentation<\/i>, vol. 17, no. 10, 2022<\/div>\n<div>[C6] N. Atanov <i>et al.<\/i>, &#8220;Development, construction and qualification tests of the Mu2e electromagnetic calorimeter mechanical structures&#8221;, in <i>Proceedings of Science<\/i>, 2022, vol. 402<\/div>\n<div>[C5] B. Babcs\u00e1ny, V. Giusti, A. Moise, and J. C. Chow, &#8220;Comparative Analysis of Energy Deposition Modes Available in Serpent 2 Within the Framework of the Supercritical Water Reactor &#8211; Fuel Qualification Test Reactor Physics Benchmark&#8221;, in <i>Proceedings of the International Conference on Physics of Reactors<\/i>, PHYSOR-2022, pp. 2102\u20132111, 2022<\/div>\n<div>[C4] N. Atanov <i>et al.<\/i>, &#8220;Final design and current status of the Mu2e crystal calorimeter&#8221;, in <i>Proceedings of Science<\/i>, 2021, vol. 390<\/div>\n<div>[C3] L. Ratti, G. Mazzini, M. Ru\u0161\u010d\u00e1k, and V. Giusti, &#8220;Neutronic analysis for VVER-440 type reactor using PARCS code&#8221;, in <i>International Conference on Nuclear Engineering, Proceedings<\/i>, ICONE-2018, vol. 9, 2018<\/div>\n<div>[C2] B. Montagnini, N. Cerullo, J. Esposito, V. Giusti, F. Mattioda, and R. Varone, &#8220;Spectrum shaping of accelerator-based neutron beams for BNCT&#8221;, <i>Nuclear Instruments and Methods in Physics Research, Section A: Accelerators, Spectrometers, Detectors and Associated Equipment<\/i>, vol. 476, no. 1\u20132, pp. 90\u201398, 2002<\/div>\n<div>[C1] B. Montagnini, N. Cerullo, V. Giusti, and M. Sumini, &#8220;Feasibility of a small accelerator driven subcritical reactor for BNCT applications&#8221;, <i>Journal of Nuclear Science and Technology<\/i>, vol. 37, pp. 389\u2013393, 2000<\/div>\n<hr \/>\n<h2>Editorial<\/h2>\n<div>[E1] I. Tiselj and V. Giusti, &#8220;Editorial: Light water reactor technology of the next decade&#8221;, <i>Frontiers in Energy Research<\/i>, vol. 11, 2023<\/div>\n<hr \/>\n<h2>Abstract<\/h2>\n<div>[A1] S. A. Enger, V. Giusti, and P. Arce, &#8220;SU\u2010E\u2010T\u2010492: High Precision Cross Sections and Physics Models for Proton Interactions Below 20 MeV in Geant4&#8221;, <i>Medical Physics<\/i>, vol. 40, no. 6, p. 319, 2013<\/div>\n<hr \/>\n<h2>Technical Report<\/h2>\n<div>[T1] A. Abed Abud <i>et al.<\/i>, &#8220;The DUNE far detector vertical drift technology Technical design report&#8221;, <i>Journal of Instrumentation<\/i>, vol. 19, no. 8, 2024<\/div>\n<\/div>\n<\/div>\n\n\n<p><\/p>\n","protected":false},"excerpt":{"rendered":"<p>Web Databases Scopus Author Profile Clarivate Web of Science ResearchGate Profile Google Scholar Profile CINECA IRIS &#8211; Institutional Research Information&hellip;<\/p>\n<p><a class=\"btn btn-dark btn-sm unipi-read-more-link\" href=\"https:\/\/people.unipi.it\/valerio_giusti\/pubblicazioni\/\">Read More&#8230;<\/a><\/p>\n","protected":false},"author":1,"featured_media":0,"parent":0,"menu_order":0,"comment_status":"closed","ping_status":"closed","template":"page-templates\/fullwidthpage.php","meta":{"_acf_changed":false,"footnotes":""},"class_list":["post-8","page","type-page","status-publish","hentry"],"acf":[],"featured_image_src":null,"yoast_head":"<!-- This site is optimized with the Yoast SEO plugin v27.5 - https:\/\/yoast.com\/product\/yoast-seo-wordpress\/ -->\n<title>Publications - Valerio Giusti<\/title>\n<meta name=\"robots\" content=\"index, follow, max-snippet:-1, max-image-preview:large, max-video-preview:-1\" \/>\n<link rel=\"canonical\" href=\"https:\/\/people.unipi.it\/valerio_giusti\/pubblicazioni\/\" \/>\n<meta property=\"og:locale\" content=\"en_US\" \/>\n<meta property=\"og:type\" content=\"article\" \/>\n<meta property=\"og:title\" content=\"Publications - Valerio Giusti\" \/>\n<meta property=\"og:description\" content=\"Web Databases Scopus Author Profile Clarivate Web of Science ResearchGate Profile Google Scholar Profile CINECA IRIS &#8211; Institutional Research Information&hellip;Read More...\" \/>\n<meta property=\"og:url\" content=\"https:\/\/people.unipi.it\/valerio_giusti\/pubblicazioni\/\" \/>\n<meta property=\"og:site_name\" content=\"Valerio Giusti\" \/>\n<meta property=\"article:modified_time\" content=\"2025-03-25T13:37:00+00:00\" \/>\n<meta name=\"twitter:card\" content=\"summary_large_image\" \/>\n<meta name=\"twitter:label1\" content=\"Est. reading time\" \/>\n\t<meta name=\"twitter:data1\" content=\"10 minutes\" \/>\n<script type=\"application\/ld+json\" class=\"yoast-schema-graph\">{\"@context\":\"https:\\\/\\\/schema.org\",\"@graph\":[{\"@type\":\"WebPage\",\"@id\":\"https:\\\/\\\/people.unipi.it\\\/valerio_giusti\\\/pubblicazioni\\\/\",\"url\":\"https:\\\/\\\/people.unipi.it\\\/valerio_giusti\\\/pubblicazioni\\\/\",\"name\":\"Publications - Valerio Giusti\",\"isPartOf\":{\"@id\":\"https:\\\/\\\/people.unipi.it\\\/valerio_giusti\\\/#website\"},\"datePublished\":\"2015-04-08T09:14:00+00:00\",\"dateModified\":\"2025-03-25T13:37:00+00:00\",\"breadcrumb\":{\"@id\":\"https:\\\/\\\/people.unipi.it\\\/valerio_giusti\\\/pubblicazioni\\\/#breadcrumb\"},\"inLanguage\":\"en-US\",\"potentialAction\":[{\"@type\":\"ReadAction\",\"target\":[\"https:\\\/\\\/people.unipi.it\\\/valerio_giusti\\\/pubblicazioni\\\/\"]}]},{\"@type\":\"BreadcrumbList\",\"@id\":\"https:\\\/\\\/people.unipi.it\\\/valerio_giusti\\\/pubblicazioni\\\/#breadcrumb\",\"itemListElement\":[{\"@type\":\"ListItem\",\"position\":1,\"name\":\"Home\",\"item\":\"https:\\\/\\\/people.unipi.it\\\/valerio_giusti\\\/\"},{\"@type\":\"ListItem\",\"position\":2,\"name\":\"Publications\"}]},{\"@type\":\"WebSite\",\"@id\":\"https:\\\/\\\/people.unipi.it\\\/valerio_giusti\\\/#website\",\"url\":\"https:\\\/\\\/people.unipi.it\\\/valerio_giusti\\\/\",\"name\":\"Valerio Giusti\",\"description\":\"Associate Professor\",\"potentialAction\":[{\"@type\":\"SearchAction\",\"target\":{\"@type\":\"EntryPoint\",\"urlTemplate\":\"https:\\\/\\\/people.unipi.it\\\/valerio_giusti\\\/?s={search_term_string}\"},\"query-input\":{\"@type\":\"PropertyValueSpecification\",\"valueRequired\":true,\"valueName\":\"search_term_string\"}}],\"inLanguage\":\"en-US\"}]}<\/script>\n<!-- \/ Yoast SEO plugin. -->","yoast_head_json":{"title":"Publications - Valerio Giusti","robots":{"index":"index","follow":"follow","max-snippet":"max-snippet:-1","max-image-preview":"max-image-preview:large","max-video-preview":"max-video-preview:-1"},"canonical":"https:\/\/people.unipi.it\/valerio_giusti\/pubblicazioni\/","og_locale":"en_US","og_type":"article","og_title":"Publications - Valerio Giusti","og_description":"Web Databases Scopus Author Profile Clarivate Web of Science ResearchGate Profile Google Scholar Profile CINECA IRIS &#8211; Institutional Research Information&hellip;Read More...","og_url":"https:\/\/people.unipi.it\/valerio_giusti\/pubblicazioni\/","og_site_name":"Valerio Giusti","article_modified_time":"2025-03-25T13:37:00+00:00","twitter_card":"summary_large_image","twitter_misc":{"Est. reading time":"10 minutes"},"schema":{"@context":"https:\/\/schema.org","@graph":[{"@type":"WebPage","@id":"https:\/\/people.unipi.it\/valerio_giusti\/pubblicazioni\/","url":"https:\/\/people.unipi.it\/valerio_giusti\/pubblicazioni\/","name":"Publications - Valerio Giusti","isPartOf":{"@id":"https:\/\/people.unipi.it\/valerio_giusti\/#website"},"datePublished":"2015-04-08T09:14:00+00:00","dateModified":"2025-03-25T13:37:00+00:00","breadcrumb":{"@id":"https:\/\/people.unipi.it\/valerio_giusti\/pubblicazioni\/#breadcrumb"},"inLanguage":"en-US","potentialAction":[{"@type":"ReadAction","target":["https:\/\/people.unipi.it\/valerio_giusti\/pubblicazioni\/"]}]},{"@type":"BreadcrumbList","@id":"https:\/\/people.unipi.it\/valerio_giusti\/pubblicazioni\/#breadcrumb","itemListElement":[{"@type":"ListItem","position":1,"name":"Home","item":"https:\/\/people.unipi.it\/valerio_giusti\/"},{"@type":"ListItem","position":2,"name":"Publications"}]},{"@type":"WebSite","@id":"https:\/\/people.unipi.it\/valerio_giusti\/#website","url":"https:\/\/people.unipi.it\/valerio_giusti\/","name":"Valerio Giusti","description":"Associate Professor","potentialAction":[{"@type":"SearchAction","target":{"@type":"EntryPoint","urlTemplate":"https:\/\/people.unipi.it\/valerio_giusti\/?s={search_term_string}"},"query-input":{"@type":"PropertyValueSpecification","valueRequired":true,"valueName":"search_term_string"}}],"inLanguage":"en-US"}]}},"_links":{"self":[{"href":"https:\/\/people.unipi.it\/valerio_giusti\/wp-json\/wp\/v2\/pages\/8","targetHints":{"allow":["GET"]}}],"collection":[{"href":"https:\/\/people.unipi.it\/valerio_giusti\/wp-json\/wp\/v2\/pages"}],"about":[{"href":"https:\/\/people.unipi.it\/valerio_giusti\/wp-json\/wp\/v2\/types\/page"}],"author":[{"embeddable":true,"href":"https:\/\/people.unipi.it\/valerio_giusti\/wp-json\/wp\/v2\/users\/1"}],"replies":[{"embeddable":true,"href":"https:\/\/people.unipi.it\/valerio_giusti\/wp-json\/wp\/v2\/comments?post=8"}],"version-history":[{"count":21,"href":"https:\/\/people.unipi.it\/valerio_giusti\/wp-json\/wp\/v2\/pages\/8\/revisions"}],"predecessor-version":[{"id":396,"href":"https:\/\/people.unipi.it\/valerio_giusti\/wp-json\/wp\/v2\/pages\/8\/revisions\/396"}],"wp:attachment":[{"href":"https:\/\/people.unipi.it\/valerio_giusti\/wp-json\/wp\/v2\/media?parent=8"}],"curies":[{"name":"wp","href":"https:\/\/api.w.org\/{rel}","templated":true}]}}