{"id":6,"date":"2015-04-08T11:11:35","date_gmt":"2015-04-08T09:11:35","guid":{"rendered":"http:\/\/people.unipi.it\/cloner\/?page_id=6"},"modified":"2026-04-10T11:38:44","modified_gmt":"2026-04-10T09:38:44","slug":"curriculum","status":"publish","type":"page","link":"https:\/\/people.unipi.it\/valeria_tocco\/curriculum\/","title":{"rendered":"Curriculum"},"content":{"rendered":"<h3><strong><u>Abilitazioni<\/u><\/strong><\/h3>\n<p>1986<br \/>\n\u2013 Diploma di <em>L\u00edngua Portuguesa (2\u00b0 Grau)<\/em> conseguito al Corso estivo di Lingua portoghese organizzato dalla Facolt\u00e0 di Lettere di Lisbona.<\/p>\n<p>1988-89<br \/>\n\u2013 Diploma <em>Superior de Estudos Portugueses<\/em> conseguito al corso annuale di studi portoghesi dell&#8217;Universit\u00e0 di Lisbona, che frequenta come borsista dell&#8217;ICALP (<em>Instituto de L\u00edngua e Cultura Portuguesa<\/em>).<\/p>\n<p>1990<br \/>\n\u2013 Laurea in Lingue e Letterature Straniere Moderne conseguita all&#8217;Universit\u00e0 di Pavia, con una tesi dal titolo <em>Un poeta del <\/em>Cancioneiro Geral de Resende:<em> il Conte di Vimioso<\/em> (lingua di specializzazione: portoghese; seconda lingua: spagnolo). Riporta la votazione di 110\/110 e Lode: la Commissione attribuisce \u201cdignit\u00e0 di stampa\u201d alla tesi.<br \/>\n\u2013 Diploma in Paleografia Medievale e Moderna, conseguito al corso organizzato dalla Fondazione S\u00e1nchez-Albornoz e dall&#8217;Universit\u00e0 di Valladolid ad \u00c1vila (Spagna) dal\u00a0 21 al 13 luglio.<\/p>\n<p>1992<br \/>\n\u2013 \u00c8 prima in graduatoria per le Scuole Civiche del Comune di Milano per Lingua Portoghese (30P) e Lingua e Letteratura Portoghese (30LP).<br \/>\n\u2013 Supera, a Milano, il concorso ordinario a cattedre per l&#8217;insegnamento di Lingua Spagnola (classe LX) alle Scuole Medie Inferiori.<\/p>\n<p>1995<br \/>\n\u2013 Discute la tesi di Dottorato di Ricerca in Iberistica dell&#8217;Universit\u00e0 di Bologna <em>Diogo de Sousa, Jornada \u00e0s Cortes do Parnaso \u2013 Contributo allo studio della poesia barocca portoghese<\/em>, e le viene conferito il titolo di Dottore di Ricerca.<\/p>\n<p>1998<br \/>\n\u2013 Vince il concorso per ricercatore di Lingua e Letteratura Portoghese (settore L17D) presso la Facolt\u00e0 di Lingue e Letterature Straniere dell&#8217;Universit\u00e0 di Pisa.<\/p>\n<p>2003<br \/>\n\u2013 Risulta idonea al concorso per professore associato per il settore disciplinare L-LIN\/08 (Letteratura portoghese e brasiliana) tenutosi alla Facolt\u00e0 di Lettere dell&#8217;Universit\u00e0 di Perugia.<\/p>\n<p>2005<br \/>\n\u2013 In servizio presso la Facolt\u00e0 di Lingue e Letterature Straniere di Pisa in qualit\u00e0 di professore associato (settore disciplinare L-LIN\/08 con affidamento L-LIN\/09).<\/p>\n<p>2012<br \/>\n\u2013 Consegue l&#8217;Abilitazione scientifica nazionale a Professore Ordinario di Letteratura portoghese e brasiliana (ssd L-LIN\/08)<\/p>\n<p>2017<\/p>\n<p>\u2013 In servizio dal 1\u00ba novembre presso il Dipartimento di Filologia, Letteratura e Linguistica in qualit\u00e0 di Professore Ordinario di Letteratura portoghese e brasiliana (ssd L-LIN\/08, con affidamento L-LIN\/09)<\/p>\n<h3><strong><u>Attivit\u00e0 didattica<\/u><\/strong><\/h3>\n<p>1989<br \/>\n\u2013 Insegna italiano alla scuola di lingue \u201cCentro Europeu de L\u00ednguas\u201d di Lisbona.<\/p>\n<p>1993-1997<br \/>\n\u2013 Collabora con la sezione di portoghese dell&#8217;Universit\u00e0 di Pavia, intervenendo, tra l&#8217;altro, con seminari su Cam\u00f5es, E\u00e7a de Queir\u00f3s, Francisco Manuel de Melo.<\/p>\n<p>1995-1998<br \/>\n\u2013 \u00c8 professore a contratto di Lingua e Letteratura Portoghese presso l&#8217;Universit\u00e0 di Bergamo, dove tiene i seguenti corsi monografici: \u00abDa Pessoa all&#8217;\u201cantropofagia\u201d: aspetti del modernismo in Portogallo e Brasile\u00bb; \u00abModelli e codici dell&#8217;Europa medievale nella letteratura popolare brasiliana\u00bb; \u00abL&#8217;universo poetico di Lu\u00eds Vaz de Cam\u00f5es\u00bb, e dove tiene anche lezioni di Lingua portoghese.<\/p>\n<p>1996<br \/>\n\u2013 \u00c8 titolare, assieme al Dott. Arlindo Jos\u00e9 Castanho, del Corso per traduttori (it.\/port.-port.\/it.) organizzato dalla Facolt\u00e0 di Lettere dell&#8217;Universit\u00e0 di Lisbona durante il periodo estivo.<\/p>\n<p>1997<br \/>\n\u2013 \u00c8 titolare di un seminario didattico di Lingua Portoghese presso l&#8217;Universit\u00e0 di Pavia (marzo-maggio).<\/p>\n<p>1998-2001<br \/>\n\u2013 \u00c8 ricercatrice di Lingua e Letteratura Portoghese presso la Facolt\u00e0 di Lingue dell&#8217;Universit\u00e0 di Pisa (dove tiene i seminari \u00abPoesia portoghese del XVI secolo\u00bb; \u00abManifesti dell&#8217;avanguardia luso-brasiliana\u00bb; \u00abLa guerra nelle letterature d&#8217;espressione portoghese\u00bb; e le lezioni del Corso Istituzionale di Letteratura Portoghese, dal Medioevo al Novecento).<\/p>\n<p>1999-2001<br \/>\n\u2013 Tiene per affidamento l&#8217;insegnamento di Lingua e Letteratura Portoghese all&#8217;Universit\u00e0 di Bergamo (corsi monografici: \u00abLetteratura e guerra coloniale\u00bb; \u00ab<em>Por mares nunca dantes navegados<\/em>: l&#8217;espansione portoghese attraverso la lettura dei <em>Lus\u00edadas<\/em> di Cam\u00f5es\u00bb).<\/p>\n<p>2001-2002<br \/>\n\u2013 Le \u00e8 affidato l&#8217;insegnamento di Lingua Portoghese (L-LIN\/09) all&#8217;Universit\u00e0 di Pisa per le lauree triennali (classi XI e V).<\/p>\n<p>2002<br \/>\n\u2013 Tiene un ciclo di seminari dal titolo \u00abLetteratura e colonizzazione \u2013 (I): Euforia e disforia nella letteratura delle Scoperte: <em>Peregrina\u00e7\u00e3o<\/em>, di Fern\u00e3o Mendes Pinto e <em>Os Lus\u00edadas<\/em>, di Lu\u00eds de Cam\u00f5es; (II): Il romanzo sulla guerra coloniale\u00bb presso l&#8217;Universit\u00e0 di Bergamo.<\/p>\n<p>2003-2004<br \/>\n\u2013 Tiene per affidamento l&#8217;insegnamento di Lingua portoghese e di Letteratura portoghese all&#8217;Universit\u00e0 di Pisa per la laurea specialistica in Traduzione del Testo Letterario e Saggistico.<\/p>\n<p>2004-<br \/>\n\u2013 Tiene per affidamento l&#8217;insegnamento di Lingua portoghese all&#8217;Universit\u00e0 di Pisa per le lauree specialistiche in Traduzione del Testo Letterario e Saggistico e in Lingue e Letterature Euroamericane.<\/p>\n<p>2005-\u00a0\u00a0\u00a0\u00a0\u00a0\u00a0\u00a0\u00a0\u00a0\u00a0\u00a0\u00a0\u00a0 \u00ad<br \/>\n\u2013 \u00c8 titolare di Lingua portoghese per le triennali e tutte le specialistiche attivate presso la Facolt\u00e0 di Lingue dell&#8217;Universit\u00e0 di Pisa<\/p>\n<p>2006-<br \/>\n\u00ad\u2013 \u00c8 titolare di Letteratura portoghese per la laurea triennale<\/p>\n<p>2009-<br \/>\n\u2013 \u00c8 titolare di Letteratura portoghese per le lauree magistrali<\/p>\n<p>\u2013 Fa parte del Collegio Docenti del Dottorato di Ricerca in Lusitanistica con sede amministrativa presso l&#8217;Universit\u00e0 di Bari (cicli XV-XXI).<br \/>\n\u2013 Fa parte del Collegio Docenti della Scuola di Dottorato in Discipline Umanistiche, Programma di Linguistica, dell&#8217;Universit\u00e0 di Pisa (2009-2012).<\/p>\n<p>\u2013 Fa parte del Collegio Docenti del Dottorato di ricerca in Filologia, Letteratura e Linguistica dell&#8217;omonimo Dipartimento (Universit\u00e0 di Pisa) dal 2013 (Dottorato in Discipline Linguistiche e Letterature Straniere, dal 2018).<\/p>\n<h3><strong><u>Didattica per il Dottorato<br \/>\n<\/u><\/strong><\/h3>\n<p>2015<\/p>\n<p>\u2013 Seminario su <em>Cam\u00f5es e la via portoghese del petrarchismo<\/em> (Pisa, 17 aprile).<\/p>\n<p>2016<\/p>\n<p>\u2013 Organizza, con H\u00e9l\u00e8ne de Jacquelot, Serena Grazzini e Sara Soncini, il seminario <em>Scritture surreali nel Novecento: esempi e prospettive<\/em>, parlando di \u00absperimentazione linguistica e affermazione identitaria, tra Brasile e Africa\u00bb (27 e 28 giugno).<\/p>\n<p>2018<\/p>\n<p>\u2013 Organizza, con Stefano Brugnolo, Giovanna Cermelli, Fausto Ciompi, Serena Grazzini, Gianni Iotti, Biancamaria Rizzardi, il seminario dottorale dal tema <em>Lo statuto del personaggio nel romanzo europeo e transnazionale 1945-oggi<\/em> (19 giugno), al quale interviene con una lezione sul tema <em>Il personaggio narrativo nel romanzo portoghese degli anni 70: due esempi<\/em>.<\/p>\n<p>2020\u00a0\u00a0\u00a0\u00a0\u00a0\u00a0\u00a0\u00a0\u00a0\u00a0\u00a0\u00a0\u00a0 \u00ad<\/p>\n<p>\u2013 Seminario <em>Tra critica testuale e filologia d&#8217;autore: il testo nel suo fare. Alcuni esempi<\/em>, 13 febbraio<\/p>\n<p>2021<\/p>\n<p>&#8211; Seminario <em>Fernando Pessoa, l\u2019impiegato che sognava troppo<\/em>, 11 febbraio<\/p>\n<p>2022<\/p>\n<p>&#8211; Seminario con Clara Rowland su <em>Spettri, statue, fantasmi e altre creature, tra letteratura e cinema<\/em>.<\/p>\n<p>2024<\/p>\n<p>&#8211; Seminario <em>Sui commenti a un classico di fine Cinquecento: i Lusiadi di Cam\u00f5es<\/em> (Universit\u00e0 di Pavia, 10 aprile)<\/p>\n<p>&#8211; Seminario con Federica Cappelli, <em>Rimpatri e ritorni: la fine delle\u00a0 dittature iberiche \u2013 testi e contesti nella letteratura di Portogallo e Spagna <\/em>(2 luglio)<\/p>\n<h3><strong><u>Didattica per il Master<br \/>\n<\/u><\/strong><\/h3>\n<p>2022<\/p>\n<p>\u2013 Moduli (12h ciascuno) <em>Scrittura d\u2019impresa<\/em> e <em>Comununicazione politica<\/em> per il Master in Comunicazione professionale in ambito internazionale e interculturale<\/p>\n<p>2024, 2025, 2026<\/p>\n<p>\u2013 Moduli (12h ciascuno) <em>Scrittura d\u2019impresa<\/em> e <em>Comununicazione politica<\/em> per il Master in Comunicazione professionale in ambito internazionale e interculturale<\/p>\n<h3><strong><u>Attivit\u00e0 istituzionale<\/u><\/strong><\/h3>\n<p>\u2013 Membro del Gruppo di autovaluzione (GAV) del Corso di Laurea in Lingue e Letterature straniere per la redazione del RAV (2006)<\/p>\n<p>\u2013 Responsabile dell\u2019accordo di cooperazione internazionale tra l\u2019Universit\u00e0 di Pisa e l\u2019Instituto Cam\u00f5es (Portogallo) dal 2006 al presente<\/p>\n<p>\u2013 Fa parte della Commissione Erasmus della Facolt\u00e0 di Lingue e Letterature Straniere dal 2008 al 2012<\/p>\n<p>\u2013 Fa parte della Commissione Erasmus e Internazionalizzazione del Dipartimento di Filologia, Letteratura e Linguistica, dal 2012 al presente<\/p>\n<p>\u2013 Fa parte della Commissione per la gestione della qualit\u00e0 del Corso di Laurea Magistrale in Linguistica e Traduzione (redazione scheda SUA e Riesame), dal 2011 al presente<\/p>\n<p>\u2013 Fa parte della Commissione didattica del Corso di Laurea Magistrale in Linguistica e Traduzione (2011-2016)<\/p>\n<p>\u2013 Fa parte della Commissione didattica paritetica di Dipartimento (2012-2016)<\/p>\n<p>\u2013 Fa parte della Commissione riordino dell\u2019offerta formativa del Dipartimento di Filologia, Letteratura e Linguistica, attiva da gennaio 2013 a luglio 2014<\/p>\n<p>\u2013 \u00c8 responsabile dell\u2019accordo quadro con l\u2019Universidade Nova di Lisbona per il conseguimento del titolo di Doctor Europaeus per il Dottorato di Filologia, Letteratura e Linguistica (2016). Nell\u2019ambito di tale accordo \u00e8 membro straniero della Commissione per la discussione della Tesi di Andrea Ragusa, <em>Como exilados de cum c\u00e9u distante: Antero de Quental e Giacomo Leopardi na \u2018modernidade antimoderna\u2019<\/em> (Lisbona, Universidade Nova, 12 dicembre 2016)<\/p>\n<p>\u2013 \u00c8 eletta rappresentante per i professori associati nella Giunta di Dipartimento da novembre 2016 (fino a novembre 2017).<\/p>\n<p>\u2013 Responsabile dell\u2019Accordo tra il CAPLE (Centro de Avalia\u00e7\u00e3o de Portugu\u00eas L\u00edngua Estrangeira) e il CLI per la realizzazione degli esami per la certificazione internazionale di Portoghese come Lingua Straniera (da ottobre 2017)<\/p>\n<p>\u00ad\u2013 Responsabile locale del Progetto POT (Piani di orientamento e tutorato) <em>UniSco <\/em>per il Gruppo 7 (capofila Universit\u00e0 di Padova) \u2013 2018-2019; 2020-2021; 2022<\/p>\n<p>\u2013 Esperto pro veritate (sc 10\/E1, ssd L-LIN\/08) per ASN 2018-2020<\/p>\n<p>\u2013 Membro della Commissione Ricerca di Dipartimento, dal 2019 al 2020<\/p>\n<p>\u00ad\u2013 Membro della Commissione Personale di Dipartimento, da gennaio 2021-2024<\/p>\n<p>\u2013 Delegata di Dipartimento per i Piani di Orientamento e Tutorato dal 2022-24<\/p>\n<p>\u2013 Responsabile nazionale del Progetto POT (Piani di orientamento e tutorato) <em>UniSco <\/em>(capofila Universit\u00e0 di Pisa) \u2013 2023-2025<\/p>\n<p>\u2013 Membro della Giunta di Dottorato (DiLLeS) da novembre 2023<\/p>\n<p>\u2013 Membro sorteggiato ASN (sc. 10\/E\/1), 2023<\/p>\n<p>&#8211; Membro dell&#8217;Albo degli Esperti di Valutazione dell\u2019ANVUR (AVA) \u2013 Profilo Esperto Disciplinare, 2025-<\/p>\n<h3><strong><u>Presidenza di Corsi di Laurea<br \/>\n<\/u><\/strong><\/h3>\n<p>\u2013 \u00c8 vice-presidente del Corso di Laurea Magistrale in Traduzione Letteraria e Saggistica dell\u2019Universit\u00e0 di Pisa, a partire da dicembre 2011 al 2013.<\/p>\n<p>\u2013 \u00c8 Presidente del Corso di Laurea Magistrale in Traduzione Letteraria e Saggistica, da febbraio 2013 a ottobre 2015<\/p>\n<p>\u2013 \u00c8 presidente del Corso di Laurea Magistrale in Linguistica e Traduzione da novembre 2015 a ottobre 2016<\/p>\n<p>\u2013 \u00c8 eletta Presidente del Corso di Laurea triennale in Lingue e Letterature Straniere, da novembre 2017<\/p>\n<p>\u2013 \u00c8 eletta Presidente del Corso di Laurea triennale in Lingue e Letterature Straniere, da ottobre 2020 (secondo mandato)<\/p>\n<p>\u2013 \u00c8 vicepresidente del Corso di Laurea triennale in Lingue e Letterature Straniere, da settembre 2023<\/p>\n<h3><strong><u>Coordinamento Dottorato di ricerca<\/u><\/strong><\/h3>\n<p>\u2013 \u00c8 Coordinatrice del Dottorato di Ricerca in Discipline Linguistiche, Letterature Straniere e Studi Italianistici (dal XLI ciclo), triennio 2025-2028.<\/p>\n<h3><strong><u>Associazioni<\/u><\/strong><\/h3>\n<p>\u2013 Membro dell\u2019Associazione italiana di studi portoghesi e brasiliani (AISPEB), dal 2010<\/p>\n<p>\u2013 Membro del Consiglio direttivo AISPEB dal 2010 al 2017<\/p>\n<p>\u2013 Eletta membro del Consiglio consultivo della Associa\u00e7\u00e3o Internacional de Lusitanstas (AIL), da luglio 2017-2020 (propogato fino a luglio 2021 a causa dell\u2019emergenza sanitaria)<\/p>\n<p>\u00ad\u2013 Vice-Presidente dell\u2019AISPEB triennio 2019-2022<\/p>\n<p>\u2013 Vice-Presidente dell\u2019AISPEB triennio 2022-2025<\/p>\n<p>\u2013 Eletta membro del Consiglio consultivo della Associa\u00e7\u00e3o Internacional de Lusitanstas (AIL), per il triennio 2021-2024<\/p>\n<p>\u2013 Eletta membro del Consiglio consultivo della Associa\u00e7\u00e3o Internacional de Lusitanstas (AIL), per il triennio 2024-2027<\/p>\n<p>\u2013 \u00c8 eletta Presidente della Associazione italiana di Studi Portoghesi e Brasiliani AISPEB, triennio 2025-2028.<\/p>\n<p>\u00ad<\/p>\n<h3><strong><u>Centri di ricerca<br \/>\n<\/u><\/strong><\/h3>\n<p>\u2013 dal 2007 al 2024 Membro del Centro Interuniversit\u00e1rio de Estudos Camonianos, con sede presso l\u2019Universit\u00e0 di Coimbra<\/p>\n<p>\u2013 dal 2015 Membro del CEMS Centre of European Modernism Studies, con sede presso l\u2019Universit\u00e0 di Perugia<\/p>\n<p>\u2013 Dal 2016, membro del Centro Internazionale di Studi sul Seicento (CISS), con sede presso l\u2019Universit\u00e0 per stranieri di Siena<\/p>\n<p>\u2013 dal 2018 Membro di ItIber Centro Interuniveristario di Studi Italo-Iberici, con sede presso l\u2019Universit\u00e0 di Trento (parte del Comitato direttivo)<\/p>\n<p>\u2013dal 2021 Membro del CISE Centro Interuniversitario di Studi Ebraici, con sede presso l\u2019Universit\u00e0 di Pisa<\/p>\n<p>\u2013 dal 2023 Membro del Centro de Estudos Cl\u00e1ssicos dell\u2019Universidade de Lisboa<\/p>\n<h3><strong><u>Comitati editoriali<br \/>\n<\/u><\/strong><\/h3>\n<p>\u2013 Dal 2010 Direttrice della collana <em>Oficina Lusitana. Riflessioni sul mondo di lingua portoghese<\/em> della casa editrice ETS (Pisa)<\/p>\n<p>\u2013 Dal 2017 Membro del Comitato scientifico della Collana <em>CEMS <\/em><em>Centre for European Modernism Studies<\/em> della casa editrice Morlacchi (Perugia)<\/p>\n<p>\u2013 Dal 2018 Membro del Comitato scientifico della collana <em>Atl\u00e2ntica &#8211; Luso-brazilian Linguistics, Philology, Translation and Interpreting Studies<\/em> della casa editrice Pisa University Press (Pisa)<\/p>\n<p>\u2013 Dal 2019 Membro del Comitato scientifico della collana <em>Tesi\/Antitiesi<\/em> della casa editrice Mimesis (Milano)<\/p>\n<p>\u2013 Dal 2019 Membro del Comitato editoriale della rivista <em>Il confronto letterario<\/em> (classe A)<\/p>\n<p>\u2013 Dal 2020 Membro del Comitato scientifico della collana <em>Til. Collana di Lusitanistica<\/em> della Editrice Universitalia (Roma)<\/p>\n<p>\u2013 Dal 2021 Membro del Comit\u00e9\u00a0Internacional\u00a0de\u00a0Revisores\u00a0della rivista\u00a0\u00abEstudos Regianos\u00bb<\/p>\n<p>\u2013 Dal 2021 Membro del Comitato Scientifico dei \u00abNuovi Quaderni di Palazzo Serra\u00bb<\/p>\n<p>\u2013 Dal 2023 Membro del Comitato Scientifico dela collana \u00abOlhares\/Sguardi\u00bb delle Edizione dell\u2019Orso (Torino)<\/p>\n","protected":false},"excerpt":{"rendered":"<p>Abilitazioni 1986 \u2013 Diploma di L\u00edngua Portuguesa (2\u00b0 Grau) conseguito al Corso estivo di Lingua portoghese organizzato dalla Facolt\u00e0 di Lettere di Lisbona. 1988-89 \u2013 Diploma Superior de Estudos Portugueses conseguito al corso annuale di studi portoghesi dell&#8217;Universit\u00e0 di Lisbona, che frequenta come borsista dell&#8217;ICALP (Instituto de L\u00edngua e Cultura Portuguesa). 1990 \u2013 Laurea in [&hellip;]<\/p>\n","protected":false},"author":1,"featured_media":0,"parent":0,"menu_order":0,"comment_status":"closed","ping_status":"closed","template":"","meta":{"_acf_changed":false,"footnotes":""},"class_list":["post-6","page","type-page","status-publish","hentry"],"acf":[],"featured_image_src":null,"yoast_head":"<!-- This site is optimized with the Yoast SEO plugin v27.6 - https:\/\/yoast.com\/product\/yoast-seo-wordpress\/ -->\n<title>Curriculum - Valeria Tocco<\/title>\n<meta name=\"robots\" content=\"index, follow, max-snippet:-1, max-image-preview:large, max-video-preview:-1\" \/>\n<link rel=\"canonical\" href=\"https:\/\/people.unipi.it\/valeria_tocco\/curriculum\/\" \/>\n<meta property=\"og:locale\" content=\"it_IT\" \/>\n<meta property=\"og:type\" content=\"article\" \/>\n<meta property=\"og:title\" content=\"Curriculum - Valeria Tocco\" \/>\n<meta property=\"og:description\" content=\"Abilitazioni 1986 \u2013 Diploma di L\u00edngua Portuguesa (2\u00b0 Grau) conseguito al Corso estivo di Lingua portoghese organizzato dalla Facolt\u00e0 di Lettere di Lisbona. 1988-89 \u2013 Diploma Superior de Estudos Portugueses conseguito al corso annuale di studi portoghesi dell&#8217;Universit\u00e0 di Lisbona, che frequenta come borsista dell&#8217;ICALP (Instituto de L\u00edngua e Cultura Portuguesa). 1990 \u2013 Laurea in [&hellip;]\" \/>\n<meta property=\"og:url\" content=\"https:\/\/people.unipi.it\/valeria_tocco\/curriculum\/\" \/>\n<meta property=\"og:site_name\" content=\"Valeria Tocco\" \/>\n<meta property=\"article:modified_time\" content=\"2026-04-10T09:38:44+00:00\" \/>\n<meta name=\"twitter:card\" content=\"summary_large_image\" \/>\n<meta name=\"twitter:label1\" content=\"Tempo di lettura stimato\" \/>\n\t<meta name=\"twitter:data1\" content=\"10 minuti\" \/>\n<script type=\"application\/ld+json\" class=\"yoast-schema-graph\">{\"@context\":\"https:\\\/\\\/schema.org\",\"@graph\":[{\"@type\":\"WebPage\",\"@id\":\"https:\\\/\\\/people.unipi.it\\\/valeria_tocco\\\/curriculum\\\/\",\"url\":\"https:\\\/\\\/people.unipi.it\\\/valeria_tocco\\\/curriculum\\\/\",\"name\":\"Curriculum - Valeria Tocco\",\"isPartOf\":{\"@id\":\"https:\\\/\\\/people.unipi.it\\\/valeria_tocco\\\/#website\"},\"datePublished\":\"2015-04-08T09:11:35+00:00\",\"dateModified\":\"2026-04-10T09:38:44+00:00\",\"breadcrumb\":{\"@id\":\"https:\\\/\\\/people.unipi.it\\\/valeria_tocco\\\/curriculum\\\/#breadcrumb\"},\"inLanguage\":\"it-IT\",\"potentialAction\":[{\"@type\":\"ReadAction\",\"target\":[\"https:\\\/\\\/people.unipi.it\\\/valeria_tocco\\\/curriculum\\\/\"]}]},{\"@type\":\"BreadcrumbList\",\"@id\":\"https:\\\/\\\/people.unipi.it\\\/valeria_tocco\\\/curriculum\\\/#breadcrumb\",\"itemListElement\":[{\"@type\":\"ListItem\",\"position\":1,\"name\":\"Home\",\"item\":\"https:\\\/\\\/people.unipi.it\\\/valeria_tocco\\\/\"},{\"@type\":\"ListItem\",\"position\":2,\"name\":\"Curriculum\"}]},{\"@type\":\"WebSite\",\"@id\":\"https:\\\/\\\/people.unipi.it\\\/valeria_tocco\\\/#website\",\"url\":\"https:\\\/\\\/people.unipi.it\\\/valeria_tocco\\\/\",\"name\":\"Valeria Tocco\",\"description\":\"Universit\u00e0 di Pisa\",\"potentialAction\":[{\"@type\":\"SearchAction\",\"target\":{\"@type\":\"EntryPoint\",\"urlTemplate\":\"https:\\\/\\\/people.unipi.it\\\/valeria_tocco\\\/?s={search_term_string}\"},\"query-input\":{\"@type\":\"PropertyValueSpecification\",\"valueRequired\":true,\"valueName\":\"search_term_string\"}}],\"inLanguage\":\"it-IT\"}]}<\/script>\n<!-- \/ Yoast SEO plugin. -->","yoast_head_json":{"title":"Curriculum - Valeria Tocco","robots":{"index":"index","follow":"follow","max-snippet":"max-snippet:-1","max-image-preview":"max-image-preview:large","max-video-preview":"max-video-preview:-1"},"canonical":"https:\/\/people.unipi.it\/valeria_tocco\/curriculum\/","og_locale":"it_IT","og_type":"article","og_title":"Curriculum - Valeria Tocco","og_description":"Abilitazioni 1986 \u2013 Diploma di L\u00edngua Portuguesa (2\u00b0 Grau) conseguito al Corso estivo di Lingua portoghese organizzato dalla Facolt\u00e0 di Lettere di Lisbona. 1988-89 \u2013 Diploma Superior de Estudos Portugueses conseguito al corso annuale di studi portoghesi dell&#8217;Universit\u00e0 di Lisbona, che frequenta come borsista dell&#8217;ICALP (Instituto de L\u00edngua e Cultura Portuguesa). 1990 \u2013 Laurea in [&hellip;]","og_url":"https:\/\/people.unipi.it\/valeria_tocco\/curriculum\/","og_site_name":"Valeria Tocco","article_modified_time":"2026-04-10T09:38:44+00:00","twitter_card":"summary_large_image","twitter_misc":{"Tempo di lettura stimato":"10 minuti"},"schema":{"@context":"https:\/\/schema.org","@graph":[{"@type":"WebPage","@id":"https:\/\/people.unipi.it\/valeria_tocco\/curriculum\/","url":"https:\/\/people.unipi.it\/valeria_tocco\/curriculum\/","name":"Curriculum - Valeria Tocco","isPartOf":{"@id":"https:\/\/people.unipi.it\/valeria_tocco\/#website"},"datePublished":"2015-04-08T09:11:35+00:00","dateModified":"2026-04-10T09:38:44+00:00","breadcrumb":{"@id":"https:\/\/people.unipi.it\/valeria_tocco\/curriculum\/#breadcrumb"},"inLanguage":"it-IT","potentialAction":[{"@type":"ReadAction","target":["https:\/\/people.unipi.it\/valeria_tocco\/curriculum\/"]}]},{"@type":"BreadcrumbList","@id":"https:\/\/people.unipi.it\/valeria_tocco\/curriculum\/#breadcrumb","itemListElement":[{"@type":"ListItem","position":1,"name":"Home","item":"https:\/\/people.unipi.it\/valeria_tocco\/"},{"@type":"ListItem","position":2,"name":"Curriculum"}]},{"@type":"WebSite","@id":"https:\/\/people.unipi.it\/valeria_tocco\/#website","url":"https:\/\/people.unipi.it\/valeria_tocco\/","name":"Valeria Tocco","description":"Universit\u00e0 di Pisa","potentialAction":[{"@type":"SearchAction","target":{"@type":"EntryPoint","urlTemplate":"https:\/\/people.unipi.it\/valeria_tocco\/?s={search_term_string}"},"query-input":{"@type":"PropertyValueSpecification","valueRequired":true,"valueName":"search_term_string"}}],"inLanguage":"it-IT"}]}},"_links":{"self":[{"href":"https:\/\/people.unipi.it\/valeria_tocco\/wp-json\/wp\/v2\/pages\/6","targetHints":{"allow":["GET"]}}],"collection":[{"href":"https:\/\/people.unipi.it\/valeria_tocco\/wp-json\/wp\/v2\/pages"}],"about":[{"href":"https:\/\/people.unipi.it\/valeria_tocco\/wp-json\/wp\/v2\/types\/page"}],"author":[{"embeddable":true,"href":"https:\/\/people.unipi.it\/valeria_tocco\/wp-json\/wp\/v2\/users\/1"}],"replies":[{"embeddable":true,"href":"https:\/\/people.unipi.it\/valeria_tocco\/wp-json\/wp\/v2\/comments?post=6"}],"version-history":[{"count":48,"href":"https:\/\/people.unipi.it\/valeria_tocco\/wp-json\/wp\/v2\/pages\/6\/revisions"}],"predecessor-version":[{"id":271,"href":"https:\/\/people.unipi.it\/valeria_tocco\/wp-json\/wp\/v2\/pages\/6\/revisions\/271"}],"wp:attachment":[{"href":"https:\/\/people.unipi.it\/valeria_tocco\/wp-json\/wp\/v2\/media?parent=6"}],"curies":[{"name":"wp","href":"https:\/\/api.w.org\/{rel}","templated":true}]}}