{"id":126,"date":"2021-01-06T20:34:35","date_gmt":"2021-01-06T19:34:35","guid":{"rendered":"http:\/\/people.unipi.it\/silvia_bruti\/?page_id=126"},"modified":"2025-03-29T12:18:06","modified_gmt":"2025-03-29T11:18:06","slug":"tesi","status":"publish","type":"page","link":"https:\/\/people.unipi.it\/silvia_bruti\/tesi\/","title":{"rendered":"Tesi"},"content":{"rendered":"\n<p><strong>REGOLAMENTO TESI<\/strong><br>Normalmente non si accettano richieste di assegnazione tesi fatte per mail.  \u00c8 necessario chiedere un ricevimento, in presenza o a distanza, per concordare l&#8217;argomento con la docente.<\/p>\n\n\n\n<p>La docente decide quando la tesi \u00e8 pronta per la discussione dopo aver letto, corretto e approvato almeno met\u00e0 dell&#8217;elaborato finale, a prescindere dalla prossimit\u00e0 o meno delle sedute di laurea.<br>Sar\u00e0 necessario che il\/la laureando\/laureanda e la docente abbiano un congruo numero di incontri (anche online) perch\u00e9 la tesi non \u00e8 un lavoro da svolgersi per corrispondenza, con la docente che corregge senza che ci sia uno scambio e un confronto. <\/p>\n\n\n\n<p>Ribadisco che non accetto progetti di tesi vincolati a una data di discussione di tesi, prospettata dallo\/a studente\/studentessa prima dell&#8217;approvazione di dell&#8217;elaborato o anche al momento della richiesta della tesi stessa. <\/p>\n\n\n\n<p>La tesi viene consegnata per la correzione di norma un capitolo o una sezione per volta, dalle 10 pagine in su. Non accetto tesi redatte ed elaborate in autonomia dallo\/a studente\/ studentessa, senza che la consegna dei materiali sia preceduta da discussioni periodiche e contatti regolari, essenziali per assistere il\/la laureando\/a e guidarlo\/a durante la fase di elaborazione. <\/p>\n\n\n\n<p><\/p>\n\n\n\n<p>FRONTESPIZIO e APPELLO di LAUREA <\/p>\n\n\n\n<p>\u00c8 opportuno concordare con la docente la consegna del frontespizio e la trasmissione dei dati alla segreteria. Capita sovente di trovare nomi di laureandi in lista per un appello di laurea senza che il relatore ne fosse a conoscenza. Se ci si \u00e8 iscritti all&#8217;appello ma non si \u00e8 pronti, ci si pu\u00f2 ritirare, ma bisogna farlo formalmente, avvertendo chi di dovere.<\/p>\n\n\n\n<p>ARGOMENTI<br>Invito a consultare la pagina con i miei interessi di ricerca. Su questi sono disponibile ad accettare tanto prove finali (classe L11) quanto tesi magistrali (classe LM37).  In alcuni casi sar\u00e0 possibile, su proposta dello\/a studente\/studentessa, assegnare argomenti di tesi non strettamente pertinenti ai miei campi privilegiati di ricerca, ma comunque di mio interesse. <\/p>\n\n\n\n<p><\/p>\n\n\n\n<p><\/p>\n\n\n\n<p>SCRITTURA  in lingua INGLESE<\/p>\n\n\n\n<p>La scrittura potr\u00e0 essere il lingua inglese, valutata l&#8217;attitudine dello\/a studente\/studentessa attraverso qualche pagina di prova. <br><\/p>\n\n\n\n<p>STUDENTI &#8216;inattivi&#8217;<\/p>\n\n\n\n<p>Al momento ho molti studenti che hanno chiesto la tesi ma non sono attivi, per vari motivi. Questo crea una serie di problemi, perch\u00e9 considerando la loro richiesta respingo altre richieste di tesi. Inoltre, quando uno studente o una studentessa non lavora alla tesi  e non si fa vivo\/a  per molto tempo, \u00e8 molto faticoso tirare le file. \u00c8 tutte le volte come ricominciare da capo. Sarebbe da evitare e da cercare di dare continuit\u00e0 al lavoro. <\/p>\n","protected":false},"excerpt":{"rendered":"<p>REGOLAMENTO TESINormalmente non si accettano richieste di assegnazione tesi fatte per mail. \u00c8 necessario chiedere un ricevimento, in presenza o a distanza, per concordare l&#8217;argomento con la docente. La docente decide quando la tesi \u00e8 pronta per la discussione dopo aver letto, corretto e approvato almeno met\u00e0 dell&#8217;elaborato finale, a prescindere dalla prossimit\u00e0 o meno [&hellip;]<\/p>\n","protected":false},"author":377,"featured_media":0,"parent":0,"menu_order":0,"comment_status":"closed","ping_status":"closed","template":"","meta":{"_acf_changed":false,"footnotes":""},"class_list":["post-126","page","type-page","status-publish","hentry"],"acf":[],"featured_image_src":null,"yoast_head":"<!-- This site is optimized with the Yoast SEO plugin v27.6 - https:\/\/yoast.com\/product\/yoast-seo-wordpress\/ -->\n<title>Tesi - SILVIA BRUTI<\/title>\n<meta name=\"robots\" content=\"index, follow, max-snippet:-1, max-image-preview:large, max-video-preview:-1\" \/>\n<link rel=\"canonical\" href=\"https:\/\/people.unipi.it\/silvia_bruti\/tesi\/\" \/>\n<meta property=\"og:locale\" content=\"it_IT\" \/>\n<meta property=\"og:type\" content=\"article\" \/>\n<meta property=\"og:title\" content=\"Tesi - SILVIA BRUTI\" \/>\n<meta property=\"og:description\" content=\"REGOLAMENTO TESINormalmente non si accettano richieste di assegnazione tesi fatte per mail. \u00c8 necessario chiedere un ricevimento, in presenza o a distanza, per concordare l&#8217;argomento con la docente. La docente decide quando la tesi \u00e8 pronta per la discussione dopo aver letto, corretto e approvato almeno met\u00e0 dell&#8217;elaborato finale, a prescindere dalla prossimit\u00e0 o meno [&hellip;]\" \/>\n<meta property=\"og:url\" content=\"https:\/\/people.unipi.it\/silvia_bruti\/tesi\/\" \/>\n<meta property=\"og:site_name\" content=\"SILVIA BRUTI\" \/>\n<meta property=\"article:modified_time\" content=\"2025-03-29T11:18:06+00:00\" \/>\n<meta name=\"twitter:card\" content=\"summary_large_image\" \/>\n<meta name=\"twitter:label1\" content=\"Tempo di lettura stimato\" \/>\n\t<meta name=\"twitter:data1\" content=\"3 minuti\" \/>\n<script type=\"application\/ld+json\" class=\"yoast-schema-graph\">{\"@context\":\"https:\\\/\\\/schema.org\",\"@graph\":[{\"@type\":\"WebPage\",\"@id\":\"https:\\\/\\\/people.unipi.it\\\/silvia_bruti\\\/tesi\\\/\",\"url\":\"https:\\\/\\\/people.unipi.it\\\/silvia_bruti\\\/tesi\\\/\",\"name\":\"Tesi - SILVIA BRUTI\",\"isPartOf\":{\"@id\":\"https:\\\/\\\/people.unipi.it\\\/silvia_bruti\\\/#website\"},\"datePublished\":\"2021-01-06T19:34:35+00:00\",\"dateModified\":\"2025-03-29T11:18:06+00:00\",\"breadcrumb\":{\"@id\":\"https:\\\/\\\/people.unipi.it\\\/silvia_bruti\\\/tesi\\\/#breadcrumb\"},\"inLanguage\":\"it-IT\",\"potentialAction\":[{\"@type\":\"ReadAction\",\"target\":[\"https:\\\/\\\/people.unipi.it\\\/silvia_bruti\\\/tesi\\\/\"]}]},{\"@type\":\"BreadcrumbList\",\"@id\":\"https:\\\/\\\/people.unipi.it\\\/silvia_bruti\\\/tesi\\\/#breadcrumb\",\"itemListElement\":[{\"@type\":\"ListItem\",\"position\":1,\"name\":\"Home\",\"item\":\"https:\\\/\\\/people.unipi.it\\\/silvia_bruti\\\/\"},{\"@type\":\"ListItem\",\"position\":2,\"name\":\"Tesi\"}]},{\"@type\":\"WebSite\",\"@id\":\"https:\\\/\\\/people.unipi.it\\\/silvia_bruti\\\/#website\",\"url\":\"https:\\\/\\\/people.unipi.it\\\/silvia_bruti\\\/\",\"name\":\"SILVIA BRUTI\",\"description\":\"\",\"potentialAction\":[{\"@type\":\"SearchAction\",\"target\":{\"@type\":\"EntryPoint\",\"urlTemplate\":\"https:\\\/\\\/people.unipi.it\\\/silvia_bruti\\\/?s={search_term_string}\"},\"query-input\":{\"@type\":\"PropertyValueSpecification\",\"valueRequired\":true,\"valueName\":\"search_term_string\"}}],\"inLanguage\":\"it-IT\"}]}<\/script>\n<!-- \/ Yoast SEO plugin. -->","yoast_head_json":{"title":"Tesi - SILVIA BRUTI","robots":{"index":"index","follow":"follow","max-snippet":"max-snippet:-1","max-image-preview":"max-image-preview:large","max-video-preview":"max-video-preview:-1"},"canonical":"https:\/\/people.unipi.it\/silvia_bruti\/tesi\/","og_locale":"it_IT","og_type":"article","og_title":"Tesi - SILVIA BRUTI","og_description":"REGOLAMENTO TESINormalmente non si accettano richieste di assegnazione tesi fatte per mail. \u00c8 necessario chiedere un ricevimento, in presenza o a distanza, per concordare l&#8217;argomento con la docente. La docente decide quando la tesi \u00e8 pronta per la discussione dopo aver letto, corretto e approvato almeno met\u00e0 dell&#8217;elaborato finale, a prescindere dalla prossimit\u00e0 o meno [&hellip;]","og_url":"https:\/\/people.unipi.it\/silvia_bruti\/tesi\/","og_site_name":"SILVIA BRUTI","article_modified_time":"2025-03-29T11:18:06+00:00","twitter_card":"summary_large_image","twitter_misc":{"Tempo di lettura stimato":"3 minuti"},"schema":{"@context":"https:\/\/schema.org","@graph":[{"@type":"WebPage","@id":"https:\/\/people.unipi.it\/silvia_bruti\/tesi\/","url":"https:\/\/people.unipi.it\/silvia_bruti\/tesi\/","name":"Tesi - SILVIA BRUTI","isPartOf":{"@id":"https:\/\/people.unipi.it\/silvia_bruti\/#website"},"datePublished":"2021-01-06T19:34:35+00:00","dateModified":"2025-03-29T11:18:06+00:00","breadcrumb":{"@id":"https:\/\/people.unipi.it\/silvia_bruti\/tesi\/#breadcrumb"},"inLanguage":"it-IT","potentialAction":[{"@type":"ReadAction","target":["https:\/\/people.unipi.it\/silvia_bruti\/tesi\/"]}]},{"@type":"BreadcrumbList","@id":"https:\/\/people.unipi.it\/silvia_bruti\/tesi\/#breadcrumb","itemListElement":[{"@type":"ListItem","position":1,"name":"Home","item":"https:\/\/people.unipi.it\/silvia_bruti\/"},{"@type":"ListItem","position":2,"name":"Tesi"}]},{"@type":"WebSite","@id":"https:\/\/people.unipi.it\/silvia_bruti\/#website","url":"https:\/\/people.unipi.it\/silvia_bruti\/","name":"SILVIA BRUTI","description":"","potentialAction":[{"@type":"SearchAction","target":{"@type":"EntryPoint","urlTemplate":"https:\/\/people.unipi.it\/silvia_bruti\/?s={search_term_string}"},"query-input":{"@type":"PropertyValueSpecification","valueRequired":true,"valueName":"search_term_string"}}],"inLanguage":"it-IT"}]}},"_links":{"self":[{"href":"https:\/\/people.unipi.it\/silvia_bruti\/wp-json\/wp\/v2\/pages\/126","targetHints":{"allow":["GET"]}}],"collection":[{"href":"https:\/\/people.unipi.it\/silvia_bruti\/wp-json\/wp\/v2\/pages"}],"about":[{"href":"https:\/\/people.unipi.it\/silvia_bruti\/wp-json\/wp\/v2\/types\/page"}],"author":[{"embeddable":true,"href":"https:\/\/people.unipi.it\/silvia_bruti\/wp-json\/wp\/v2\/users\/377"}],"replies":[{"embeddable":true,"href":"https:\/\/people.unipi.it\/silvia_bruti\/wp-json\/wp\/v2\/comments?post=126"}],"version-history":[{"count":5,"href":"https:\/\/people.unipi.it\/silvia_bruti\/wp-json\/wp\/v2\/pages\/126\/revisions"}],"predecessor-version":[{"id":149,"href":"https:\/\/people.unipi.it\/silvia_bruti\/wp-json\/wp\/v2\/pages\/126\/revisions\/149"}],"wp:attachment":[{"href":"https:\/\/people.unipi.it\/silvia_bruti\/wp-json\/wp\/v2\/media?parent=126"}],"curies":[{"name":"wp","href":"https:\/\/api.w.org\/{rel}","templated":true}]}}