{"id":216,"date":"2018-12-22T17:23:58","date_gmt":"2018-12-22T16:23:58","guid":{"rendered":"http:\/\/people.unipi.it\/serena_grazzini\/?page_id=216"},"modified":"2025-12-27T14:04:19","modified_gmt":"2025-12-27T13:04:19","slug":"tesi","status":"publish","type":"page","link":"https:\/\/people.unipi.it\/serena_grazzini\/tesi\/","title":{"rendered":"TESI"},"content":{"rendered":"<pre><strong>SUPERVISIONE DI TESI DOTTORALI<\/strong><\/pre>\n<ul>\n<li>Cavallini, Elia: Il personaggio didattoriale nel romanzo contemporaneo [titolo provvisorio]. (in corso di realizzazione)<\/li>\n<li>Astapenko, Lidiia: Teatro e performativit\u00e0 nelle opere di Hugo Ball [titolo provvisorio]. (in corso di realizzazione)<\/li>\n<li>Melosi, Giovanni: <em>Personaggio, pensiero e conoscenza. La figura del &#8216;Geistesmensch&#8217; nei romanzi di Thomas Bernhard <\/em>[tesi discussa a luglio 2021]<\/li>\n<li>Correnti, Paolo: <em>La memoria della guerra in Jugoslavia (1991 \u2013 1995) nel romanzo europeo in prospettiva transnazionale <\/em>\u2013 (Co\u00ad\u2010tutela incoming). Supervisori: Elisabeth Arend (Brema), Serena Grazzini (Pisa) [tesi discussa a ottobre 2019]<\/li>\n<\/ul>\n<pre><strong>SUPERVISIONE DI TESI MAGISTRALI<\/strong><\/pre>\n<ul>\n<li>Identit\u00e0, memoria e migrazione nella storia e nella letteratura ebraico-tedesche, con particolare riferimento ad autori e autrici provenienti da paesi sovietici. (In appendice: traduzione di parti scelte da &#8220;Ausgerechnet Deutschland! J\u00fcdisch-russische Einwanderung in die Bundesrepublik&#8221;, 2010) [tesi discussa a novembre 2025]<\/li>\n<li>Roberto Baffetti: Novella e soggettivit\u00e0 nel secondo Novecento tedesco: <em>Die Sirene<\/em> di Dieter Wellershoff, <em>Der fremde Freund<\/em> di Christoph Hein e <em>Ein fliehendes Pferd<\/em> di Martin Walser. Con traduzioni di parti scelte da <em>Die Sirene <\/em>[tesi discussa ad aprile 2023]<\/li>\n<li>Matteo Fiore: La produzione giovanile di Friedrich D\u00fcrrenmatt: radici religiose della drammaturgia del caso [tesi discussa a febbraio 2023]<\/li>\n<li>Chiara Andreoni: La Kinder- und Jugendliteratur nella didattica del tedesco come lingua straniera, con proposta didattica sulla base del romanzo per bambini &#8220;Jakob hinter der blauen T\u00fcr&#8221; di Peter H\u00e4rtling e traduzione integrale del testo [tesi discussa a novembre 2022]<\/li>\n<li>Virginia Baudinelli: Gli anni &#8217;70 e la generazione della post-ideologia nella commedia &#8216;Rinderwahnsinn&#8217; di John von D\u00fcffel, con traduzione integrale del testo. [tesi discussa a ottobre 2022]<\/li>\n<li>Francesca Barbella: L\u2019estetica teatrale di Dea Loher con analisi e traduzione integrale della pi\u00e8ce Diebe (2010) [tesi discussa a luglio 2022]<\/li>\n<li>Sonia Hila: &#8216;Blaubart \u2013 Hoffnung der Frauen&#8217; di Dea Loher, intertestualit\u00e0 e ruoli di<br \/>\ngenere. Con traduzione integrale del testo [tesi discussa a luglio 2022]<\/li>\n<li>Giulia Tocci: La commedia caricaturale: &#8216;Der neue Menoza&#8217; di Jakob M. R. Lenz e &#8216;Leonce und Lena&#8217; di Georg B\u00fcchner. Con traduzione e commento del testo di Lenz. [tesi discussa a febbraio 2022]<\/li>\n<li>Francesca Muti: Il labirinto di Friedrich D\u00fcrrenmatt: dalle impressioni giovanili alla creazione del contro-mondo nell&#8217;opera &#8216;Labyrinth. Stoffe I-III&#8217;. Analisi e traduzione (parti scelte). [tesi discussa a febbraio 2022]<\/li>\n<li>Maria Scarmato: Tieck e la riscrittura del mito di Barbabl\u00f9 in ambito germanofono. Con traduzione di parti scelte tratte da Die sieben Weiber des Blaubart [tesi discussa a novembre 2021]<\/li>\n<li>Benedetta Dini: Identit\u00e0, Heimat e il progetto disintegrativo di Max Czollek e di altri autori contemporanei. Con traduzione di testi tratti dalla miscellane \u201cEure Heimat ist unser Albtraum\u201d [tesi discussa a maggio 2021]<\/li>\n<li>Lara Ospedale: <span class=\"\">Il mitologema del labirinto nella letteratura tedesca del Novecento:\u00a0 <\/span><span class=\"\">analisi di testi scelti di Franz Kafka, Friedrich D\u00fcrrenmatt e Thomas Bernhard. <\/span>Traduzione del saggio<span class=\"\">\u00a0<\/span><i class=\"\">D\u00e4dalus als Minotaurus<\/i><span class=\"\">\u00a0<\/span>di Monika Schmitz-Emans e di singoli capitoli tratti da<span class=\"\">\u00a0<\/span><i class=\"\">Die literarische Moderne<\/i><span class=\"\">\u00a0<\/span>di Silvio Vietta. [tesi discussa a febbraio 2021]<\/li>\n<li>Alessia Conti: Munin oder Chaos im Kopf: analisi e traduzione del testo di Monika Maron. [tesi discussa a dicembre 2020]<\/li>\n<li>Martina Passannanti: L&#8217;ibridismo identitario nella scrittura di Sasha Marianna Salzmann, con commento e traduzione della pi\u00e8ce &#8220;Wir Z\u00f6pfe&#8221; [tesi discussa a maggio 2020]<\/li>\n<li>Claudia Meucci: Karl Heinrich Waggerl. Traduzione e commento del romanzo M\u00fctter [tesi discussa a maggio 2020]<\/li>\n<li>Amidei, Marina: Il Regionalkrimi di Klaus Wanninger. Con traduzione di parti scelte del romanzo Schwaben-Filz [tesi discussa a febbraio 2020]<\/li>\n<li>Calamita, Roberta: La morte nell&#8217;universo letterario di Peter Weiss: un percorso negli scritti in prosa fino a Rekonvaleszenz. Con traduzione di parti scelte di Rekonvaleszenz [tesi discussa a ottobre 2019]<\/li>\n<li>Squeo, Marisa: &#8220;Dann w\u00e4re Deutschland so wie das Wort Neckarauen&#8221;. &#8216;Faserland&#8217; di Christian Kracht. Per una rilettura del romanzo con proposta di traduzione integrale [tesi discussa a aprile 2019]<\/li>\n<li>Pomelova, Vera: Studio dei personaggi romanzeschi di Siegfried Lenz con traduzione e commento del romanzo Es waren Habichte in der Luft [tesi discussa a maggio 2018]<\/li>\n<li>Meo, Silvia: Analisi dei personaggi nei romanzi e nei racconti di Peter Stamm con traduzione e commento di cinque racconti tratti dalle raccolte &#8220;Seer\u00fccken&#8221; e &#8220;In fremden G\u00e4rten&#8221; [tesi discussa a maggio 2018]<\/li>\n<li>Raimondi, Ilaria: La Repubblica Democratica Tedesca tra speranza e illusione: Anna Seghers e Kurt Drawert. Con traduzione di &#8220;Der Mann und sein Name&#8221; di Seghers [tesi discussa ad aprile 2018]<\/li>\n<li>Carrabino, Silvia: Traduzione e commento di &#8220;Zeiten in Cornwall&#8221; di Wolfgang Hildesheimer [tesi discussa a novembre 2017]<\/li>\n<li>Pasquini, Sara: Il teatro impegnato di Dea Loher: una proposta di analisi della sua produzione drammaturgica con traduzione e commento della pi\u00e8ce Olgas Raum [tesi discussa ad aprile 2017]<\/li>\n<li>Carulli, Maria Greta: Das Opfer Helena di Wolfgang Hildesheimer. Traduzione e commento [tesi discussa a febbraio 2017]<\/li>\n<li>Spinosa, Maria Immacolata: La riscoperta dell&#8217;appartenenza ebraica attraverso la memoria familiare e il confronto culturale: la narrativa di Barbara Honigmann. Traduzione di Chronik meiner Stra\u00dfe (2015) [tesi discussa a febbraio 2017]<\/li>\n<li>Leotta, Francesca: Non solo Jugendtheater: una proposta di analisi della produzione drammaturgica di Jan Friedrich e traduzione della pi\u00e8ce Szenen der Freiheit per il Nuovo Teatro delle Commedie di Livorno [tesi discussa a febbraio 2017]<\/li>\n<li>Cavallo, Giulia: Scrittura autobiografica e trasfigurazione poetica. L&#8217;opera di Else Lasker-Schuler e traduzione di una scelta di prose da &#8220;Konzert&#8221; [tesi discussa a giugno 2016]<\/li>\n<li>Speroni, Sara: &#8220;Sonne auf halbem Weg. Die Istanbul-Berlin-Trilogie&#8221;, &#8220;Karagoz&#8221;, &#8220;Keloglan&#8221; e &#8220;Perik\u0131z\u0131&#8221; di Emine Sevgi \u00d6zdamar: un itinerario letterario tra Turchia, Germania e teatro. Commento alle opere, introdotto da una breve storia della Volksb\u00fchne dal 1890 al 1977, e traduzione di parti scelte tratte da &#8220;Seltsame Sterne starren zur Erde&#8221; [discussa a giugno 2016]<\/li>\n<li>Piraccini, Annalia: La dimensione della memoria nella scrittura di Marica Bodrozic: analisi della raccolta di racconti Der Windsammler Der Windsammler: traduzione di racconti scelti [discussa a novembre 2015]<\/li>\n<li>Foiadelli, Monica Renata: L&#8217;esilio tra testimonianza storica, finzione letteraria e memoria collettiva nel romanzo &#8220;Shanghai fern von wo&#8221; di Ursula Krechel. Commento all&#8217;opera e traduzione di parti scelte [discussa a settembre 2015]<\/li>\n<li>Nannini, Giulia: Il teatro di Torsten Buchsteiner: analisi e commento delle opere Spieler, Tango S\u00f3lo e Nordost. Traduzione delle opere Spieler e Nordost [discussa ad aprile 2015]<\/li>\n<li>Favale, Ilaria: L&#8217;opera di Kurt Tucholsky tra ideale e realt\u00e0 [percorso seguito solo nella fase finale di stesura, discussa a maggio 2014]<\/li>\n<li>Vergine, Michela: Commento e traduzione di Wir waren Wimpo, Moench und Raeuber e Hausfriedensbruch di Heinrich Boell e breve storia del radiodramma tedesco [discussa ad aprile 2014]<\/li>\n<li>Bonatti, Benedetta: La letteratura per l&#8217;infanzia di Kirsten Boie. Commento e traduzione dell&#8217;opera Der kleine Ritter Trenk und der Grosse Gef\u00e4rliche [discussa a febbraio 2014]<\/li>\n<li>Bonizzi, Andrea: RAFfigurazioni. Il terrorismo di sinistra degli anni &#8217;70 nelle opere di Heinrich B\u00f6ll, Peter Schneider, Friedrich Christian Delius, Ulrike Edschmid, Dea Loher e John von D\u00fcffel. Traduzione dell\u2019opera &#8220;Leviathan&#8221; di Dea Loher [discussa a febbraio 2014]<\/li>\n<\/ul>\n<pre><strong>SUPERVISIONE DI TESI TRIENNALI<\/strong><\/pre>\n<div class=\"page\" title=\"Page 1\">\n<div class=\"layoutArea\">\n<div class=\"column\">\n<ul>\n<li>Picchianti, Fabio: Creazione ed analisi di questionari web: il caso dell\u2019Archivio Stara [a.a. 2017\/18]<\/li>\n<li>Leix-Palumbo, Daniel: &#8220;Alte Meister&#8221; di Thomas Bernhard.<\/li>\n<li>Marini, Martina: La Sardegna di Hans-Ulrich Treichel. Annalisi dell&#8217;opera Mein Sardinien. Eine Liebesgeschichte [e traduzione di parti scelte]<\/li>\n<li>Dad\u00e0, Benedetta: &#8220;Was bleibt&#8221;. Analisi del racconto che inaspr\u00ec il &#8216;Literaturstreit&#8217; e il dibattito su Christa Wolf<\/li>\n<li>Adele, Sofia: Il motivo dell&#8217;elemento naturale e primigenio nella &#8220;Undine&#8221; di Friedrich de la Motte-Fouqu\u00e9 e Rudolf Pannwitz<\/li>\n<\/ul>\n<\/div>\n<\/div>\n<\/div>\n","protected":false},"excerpt":{"rendered":"<p>SUPERVISIONE DI TESI DOTTORALI Cavallini, Elia: Il personaggio didattoriale nel romanzo contemporaneo [titolo provvisorio]. (in corso di realizzazione) Astapenko, Lidiia: Teatro e performativit\u00e0 nelle opere di Hugo Ball [titolo provvisorio]. (in corso di realizzazione) Melosi, Giovanni: Personaggio, pensiero e conoscenza. La figura del &#8216;Geistesmensch&#8217; nei romanzi di Thomas Bernhard [tesi discussa a luglio 2021] Correnti, [&hellip;]<\/p>\n","protected":false},"author":540,"featured_media":0,"parent":0,"menu_order":0,"comment_status":"closed","ping_status":"closed","template":"","meta":{"_acf_changed":false,"footnotes":""},"class_list":["post-216","page","type-page","status-publish","hentry"],"acf":[],"featured_image_src":null,"yoast_head":"<!-- This site is optimized with the Yoast SEO plugin v27.5 - https:\/\/yoast.com\/product\/yoast-seo-wordpress\/ -->\n<title>TESI - SERENA GRAZZINI<\/title>\n<meta name=\"robots\" content=\"index, follow, max-snippet:-1, max-image-preview:large, max-video-preview:-1\" \/>\n<link rel=\"canonical\" href=\"https:\/\/people.unipi.it\/serena_grazzini\/tesi\/\" \/>\n<meta property=\"og:locale\" content=\"it_IT\" \/>\n<meta property=\"og:type\" content=\"article\" \/>\n<meta property=\"og:title\" content=\"TESI - SERENA GRAZZINI\" \/>\n<meta property=\"og:description\" content=\"SUPERVISIONE DI TESI DOTTORALI Cavallini, Elia: Il personaggio didattoriale nel romanzo contemporaneo [titolo provvisorio]. (in corso di realizzazione) Astapenko, Lidiia: Teatro e performativit\u00e0 nelle opere di Hugo Ball [titolo provvisorio]. (in corso di realizzazione) Melosi, Giovanni: Personaggio, pensiero e conoscenza. La figura del &#8216;Geistesmensch&#8217; nei romanzi di Thomas Bernhard [tesi discussa a luglio 2021] Correnti, [&hellip;]\" \/>\n<meta property=\"og:url\" content=\"https:\/\/people.unipi.it\/serena_grazzini\/tesi\/\" \/>\n<meta property=\"og:site_name\" content=\"SERENA GRAZZINI\" \/>\n<meta property=\"article:modified_time\" content=\"2025-12-27T13:04:19+00:00\" \/>\n<meta name=\"twitter:card\" content=\"summary_large_image\" \/>\n<meta name=\"twitter:label1\" content=\"Tempo di lettura stimato\" \/>\n\t<meta name=\"twitter:data1\" content=\"7 minuti\" \/>\n<script type=\"application\/ld+json\" class=\"yoast-schema-graph\">{\"@context\":\"https:\\\/\\\/schema.org\",\"@graph\":[{\"@type\":\"WebPage\",\"@id\":\"https:\\\/\\\/people.unipi.it\\\/serena_grazzini\\\/tesi\\\/\",\"url\":\"https:\\\/\\\/people.unipi.it\\\/serena_grazzini\\\/tesi\\\/\",\"name\":\"TESI - SERENA GRAZZINI\",\"isPartOf\":{\"@id\":\"https:\\\/\\\/people.unipi.it\\\/serena_grazzini\\\/#website\"},\"datePublished\":\"2018-12-22T16:23:58+00:00\",\"dateModified\":\"2025-12-27T13:04:19+00:00\",\"breadcrumb\":{\"@id\":\"https:\\\/\\\/people.unipi.it\\\/serena_grazzini\\\/tesi\\\/#breadcrumb\"},\"inLanguage\":\"it-IT\",\"potentialAction\":[{\"@type\":\"ReadAction\",\"target\":[\"https:\\\/\\\/people.unipi.it\\\/serena_grazzini\\\/tesi\\\/\"]}]},{\"@type\":\"BreadcrumbList\",\"@id\":\"https:\\\/\\\/people.unipi.it\\\/serena_grazzini\\\/tesi\\\/#breadcrumb\",\"itemListElement\":[{\"@type\":\"ListItem\",\"position\":1,\"name\":\"Home\",\"item\":\"https:\\\/\\\/people.unipi.it\\\/serena_grazzini\\\/\"},{\"@type\":\"ListItem\",\"position\":2,\"name\":\"TESI\"}]},{\"@type\":\"WebSite\",\"@id\":\"https:\\\/\\\/people.unipi.it\\\/serena_grazzini\\\/#website\",\"url\":\"https:\\\/\\\/people.unipi.it\\\/serena_grazzini\\\/\",\"name\":\"SERENA GRAZZINI\",\"description\":\"\",\"potentialAction\":[{\"@type\":\"SearchAction\",\"target\":{\"@type\":\"EntryPoint\",\"urlTemplate\":\"https:\\\/\\\/people.unipi.it\\\/serena_grazzini\\\/?s={search_term_string}\"},\"query-input\":{\"@type\":\"PropertyValueSpecification\",\"valueRequired\":true,\"valueName\":\"search_term_string\"}}],\"inLanguage\":\"it-IT\"}]}<\/script>\n<!-- \/ Yoast SEO plugin. -->","yoast_head_json":{"title":"TESI - SERENA GRAZZINI","robots":{"index":"index","follow":"follow","max-snippet":"max-snippet:-1","max-image-preview":"max-image-preview:large","max-video-preview":"max-video-preview:-1"},"canonical":"https:\/\/people.unipi.it\/serena_grazzini\/tesi\/","og_locale":"it_IT","og_type":"article","og_title":"TESI - SERENA GRAZZINI","og_description":"SUPERVISIONE DI TESI DOTTORALI Cavallini, Elia: Il personaggio didattoriale nel romanzo contemporaneo [titolo provvisorio]. (in corso di realizzazione) Astapenko, Lidiia: Teatro e performativit\u00e0 nelle opere di Hugo Ball [titolo provvisorio]. (in corso di realizzazione) Melosi, Giovanni: Personaggio, pensiero e conoscenza. La figura del &#8216;Geistesmensch&#8217; nei romanzi di Thomas Bernhard [tesi discussa a luglio 2021] Correnti, [&hellip;]","og_url":"https:\/\/people.unipi.it\/serena_grazzini\/tesi\/","og_site_name":"SERENA GRAZZINI","article_modified_time":"2025-12-27T13:04:19+00:00","twitter_card":"summary_large_image","twitter_misc":{"Tempo di lettura stimato":"7 minuti"},"schema":{"@context":"https:\/\/schema.org","@graph":[{"@type":"WebPage","@id":"https:\/\/people.unipi.it\/serena_grazzini\/tesi\/","url":"https:\/\/people.unipi.it\/serena_grazzini\/tesi\/","name":"TESI - SERENA GRAZZINI","isPartOf":{"@id":"https:\/\/people.unipi.it\/serena_grazzini\/#website"},"datePublished":"2018-12-22T16:23:58+00:00","dateModified":"2025-12-27T13:04:19+00:00","breadcrumb":{"@id":"https:\/\/people.unipi.it\/serena_grazzini\/tesi\/#breadcrumb"},"inLanguage":"it-IT","potentialAction":[{"@type":"ReadAction","target":["https:\/\/people.unipi.it\/serena_grazzini\/tesi\/"]}]},{"@type":"BreadcrumbList","@id":"https:\/\/people.unipi.it\/serena_grazzini\/tesi\/#breadcrumb","itemListElement":[{"@type":"ListItem","position":1,"name":"Home","item":"https:\/\/people.unipi.it\/serena_grazzini\/"},{"@type":"ListItem","position":2,"name":"TESI"}]},{"@type":"WebSite","@id":"https:\/\/people.unipi.it\/serena_grazzini\/#website","url":"https:\/\/people.unipi.it\/serena_grazzini\/","name":"SERENA GRAZZINI","description":"","potentialAction":[{"@type":"SearchAction","target":{"@type":"EntryPoint","urlTemplate":"https:\/\/people.unipi.it\/serena_grazzini\/?s={search_term_string}"},"query-input":{"@type":"PropertyValueSpecification","valueRequired":true,"valueName":"search_term_string"}}],"inLanguage":"it-IT"}]}},"_links":{"self":[{"href":"https:\/\/people.unipi.it\/serena_grazzini\/wp-json\/wp\/v2\/pages\/216","targetHints":{"allow":["GET"]}}],"collection":[{"href":"https:\/\/people.unipi.it\/serena_grazzini\/wp-json\/wp\/v2\/pages"}],"about":[{"href":"https:\/\/people.unipi.it\/serena_grazzini\/wp-json\/wp\/v2\/types\/page"}],"author":[{"embeddable":true,"href":"https:\/\/people.unipi.it\/serena_grazzini\/wp-json\/wp\/v2\/users\/540"}],"replies":[{"embeddable":true,"href":"https:\/\/people.unipi.it\/serena_grazzini\/wp-json\/wp\/v2\/comments?post=216"}],"version-history":[{"count":48,"href":"https:\/\/people.unipi.it\/serena_grazzini\/wp-json\/wp\/v2\/pages\/216\/revisions"}],"predecessor-version":[{"id":650,"href":"https:\/\/people.unipi.it\/serena_grazzini\/wp-json\/wp\/v2\/pages\/216\/revisions\/650"}],"wp:attachment":[{"href":"https:\/\/people.unipi.it\/serena_grazzini\/wp-json\/wp\/v2\/media?parent=216"}],"curies":[{"name":"wp","href":"https:\/\/api.w.org\/{rel}","templated":true}]}}