{"id":10,"date":"2015-04-08T11:14:27","date_gmt":"2015-04-08T09:14:27","guid":{"rendered":"http:\/\/people.unipi.it\/cloner\/?page_id=10"},"modified":"2023-05-22T15:07:03","modified_gmt":"2023-05-22T13:07:03","slug":"ricerca","status":"publish","type":"page","link":"https:\/\/people.unipi.it\/sara_soncini\/ricerca\/","title":{"rendered":"Ricerca"},"content":{"rendered":"<p><strong>Ambiti e linee di ricerca<\/strong><\/p>\n<p>Teatro in lingua inglese del XX e XXI secolo::<\/p>\n<ul>\n<li>Rappresentazione della guerra e delle situazioni conflittuali<\/li>\n<li>Forme metateatrali, intertestualit\u00e0<\/li>\n<li>Drammaturgia irlandese contemporanea<\/li>\n<li>Drammaturgia scozzese contemporanea<\/li>\n<li>Teatro documentario e &#8220;verbatim&#8221;<\/li>\n<li>Fortuna della drammaturgia contemporanea di lingua inglese sulle scene italiane<\/li>\n<li>Traduzione, mobilit\u00e0 culturale, transnazionalit\u00e0<\/li>\n<li>Riscritture di miti classici<\/li>\n<\/ul>\n<p>Teatro della Restaurazione e del Settecento:<\/p>\n<ul>\n<li>Riscritture contemporanee della commedia della Restaurazione<\/li>\n<li>Polemica anti-teatrale tra fine Seicento e met\u00e0 Settecento<\/li>\n<li>Forme di teatro\u00a0marginale<\/li>\n<li>Il teatro di R.B. Sheridan<\/li>\n<\/ul>\n<p>L&#8217;opera di Shakespeare e la sua ricezione e riproduzione in epoca contemporanea (adattamenti, traduzioni, messinscene).<\/p>\n<p>Traduzione di testi drammatici e di prodotti audiovisivi: prospettive teoriche ed applicative.<\/p>\n<p><strong>Partecipazione a progetti di ricerca finanziati<\/strong><\/p>\n<ul>\n<li>Partecipazione al Progetto di Ricerca d&#8217;Ateneo 2020\/21 &#8220;Il simulacro nella letteratura medievale, moderna e contemporanea&#8221;<\/li>\n<li>Partecipazione al Progetto di Ricerca d&#8217;Ateneo 2017\/18 &#8220;Mediazioni culturali: figure e pratiche della letterariet\u00e0 transnazionale&#8221;.<\/li>\n<li>Partecipazione al Progetto di Ricerca d&#8217;Ateneo 2015 &#8220;Dislocations\/Dislocazioni: Lingue e letterature in prospettiva transnazionale&#8221;.<\/li>\n<li>Partecipazione, in qualit\u00e0 di membro dell&#8217;unit\u00e0 locale dell&#8217;Universit\u00e0 di Pisa, al PRIN 2003-2005 &#8220;La guerra dei teatri. Le controversie sul teatro in Europa dal secolo sedicesimo alla fine dell&#8217;ancien r\u00e9gime&#8221;.<\/li>\n<li>Titolare di un finanziamento per \u201cIniziative di ricerca \u2018diffusa\u2019 condotte da parte di giovani ricercatori\u201d relativamente al progetto <em>Dubbing Shakespeare: trasformazioni linguistiche e culturali nel doppiaggio dei film shakespeariani<\/em>, Universit\u00e0 degli Studi di Milano (2000).<\/li>\n<\/ul>\n","protected":false},"excerpt":{"rendered":"<p>Ambiti e linee di ricerca Teatro in lingua inglese del XX e XXI secolo:: Rappresentazione della guerra e delle situazioni conflittuali Forme metateatrali, intertestualit\u00e0 Drammaturgia irlandese contemporanea Drammaturgia scozzese contemporanea Teatro documentario e &#8220;verbatim&#8221; Fortuna della drammaturgia contemporanea di lingua inglese sulle scene italiane Traduzione, mobilit\u00e0 culturale, transnazionalit\u00e0 Riscritture di miti classici Teatro della Restaurazione [&hellip;]<\/p>\n","protected":false},"author":1,"featured_media":0,"parent":0,"menu_order":0,"comment_status":"closed","ping_status":"closed","template":"","meta":{"_acf_changed":false,"footnotes":""},"class_list":["post-10","page","type-page","status-publish","hentry"],"acf":[],"featured_image_src":null,"yoast_head":"<!-- This site is optimized with the Yoast SEO plugin v27.5 - https:\/\/yoast.com\/product\/yoast-seo-wordpress\/ -->\n<title>Ricerca - SARA FRANCESCA SONCINI<\/title>\n<meta name=\"robots\" content=\"index, follow, max-snippet:-1, max-image-preview:large, max-video-preview:-1\" \/>\n<link rel=\"canonical\" href=\"https:\/\/people.unipi.it\/sara_soncini\/ricerca\/\" \/>\n<meta property=\"og:locale\" content=\"it_IT\" \/>\n<meta property=\"og:type\" content=\"article\" \/>\n<meta property=\"og:title\" content=\"Ricerca - SARA FRANCESCA SONCINI\" \/>\n<meta property=\"og:description\" content=\"Ambiti e linee di ricerca Teatro in lingua inglese del XX e XXI secolo:: Rappresentazione della guerra e delle situazioni conflittuali Forme metateatrali, intertestualit\u00e0 Drammaturgia irlandese contemporanea Drammaturgia scozzese contemporanea Teatro documentario e &#8220;verbatim&#8221; Fortuna della drammaturgia contemporanea di lingua inglese sulle scene italiane Traduzione, mobilit\u00e0 culturale, transnazionalit\u00e0 Riscritture di miti classici Teatro della Restaurazione [&hellip;]\" \/>\n<meta property=\"og:url\" content=\"https:\/\/people.unipi.it\/sara_soncini\/ricerca\/\" \/>\n<meta property=\"og:site_name\" content=\"SARA FRANCESCA SONCINI\" \/>\n<meta property=\"article:modified_time\" content=\"2023-05-22T13:07:03+00:00\" \/>\n<meta name=\"twitter:card\" content=\"summary_large_image\" \/>\n<meta name=\"twitter:label1\" content=\"Tempo di lettura stimato\" \/>\n\t<meta name=\"twitter:data1\" content=\"1 minuto\" \/>\n<script type=\"application\/ld+json\" class=\"yoast-schema-graph\">{\"@context\":\"https:\\\/\\\/schema.org\",\"@graph\":[{\"@type\":\"WebPage\",\"@id\":\"https:\\\/\\\/people.unipi.it\\\/sara_soncini\\\/ricerca\\\/\",\"url\":\"https:\\\/\\\/people.unipi.it\\\/sara_soncini\\\/ricerca\\\/\",\"name\":\"Ricerca - SARA FRANCESCA SONCINI\",\"isPartOf\":{\"@id\":\"https:\\\/\\\/people.unipi.it\\\/sara_soncini\\\/#website\"},\"datePublished\":\"2015-04-08T09:14:27+00:00\",\"dateModified\":\"2023-05-22T13:07:03+00:00\",\"breadcrumb\":{\"@id\":\"https:\\\/\\\/people.unipi.it\\\/sara_soncini\\\/ricerca\\\/#breadcrumb\"},\"inLanguage\":\"it-IT\",\"potentialAction\":[{\"@type\":\"ReadAction\",\"target\":[\"https:\\\/\\\/people.unipi.it\\\/sara_soncini\\\/ricerca\\\/\"]}]},{\"@type\":\"BreadcrumbList\",\"@id\":\"https:\\\/\\\/people.unipi.it\\\/sara_soncini\\\/ricerca\\\/#breadcrumb\",\"itemListElement\":[{\"@type\":\"ListItem\",\"position\":1,\"name\":\"Home\",\"item\":\"https:\\\/\\\/people.unipi.it\\\/sara_soncini\\\/\"},{\"@type\":\"ListItem\",\"position\":2,\"name\":\"Ricerca\"}]},{\"@type\":\"WebSite\",\"@id\":\"https:\\\/\\\/people.unipi.it\\\/sara_soncini\\\/#website\",\"url\":\"https:\\\/\\\/people.unipi.it\\\/sara_soncini\\\/\",\"name\":\"SARA FRANCESCA SONCINI\",\"description\":\"\",\"potentialAction\":[{\"@type\":\"SearchAction\",\"target\":{\"@type\":\"EntryPoint\",\"urlTemplate\":\"https:\\\/\\\/people.unipi.it\\\/sara_soncini\\\/?s={search_term_string}\"},\"query-input\":{\"@type\":\"PropertyValueSpecification\",\"valueRequired\":true,\"valueName\":\"search_term_string\"}}],\"inLanguage\":\"it-IT\"}]}<\/script>\n<!-- \/ Yoast SEO plugin. -->","yoast_head_json":{"title":"Ricerca - SARA FRANCESCA SONCINI","robots":{"index":"index","follow":"follow","max-snippet":"max-snippet:-1","max-image-preview":"max-image-preview:large","max-video-preview":"max-video-preview:-1"},"canonical":"https:\/\/people.unipi.it\/sara_soncini\/ricerca\/","og_locale":"it_IT","og_type":"article","og_title":"Ricerca - SARA FRANCESCA SONCINI","og_description":"Ambiti e linee di ricerca Teatro in lingua inglese del XX e XXI secolo:: Rappresentazione della guerra e delle situazioni conflittuali Forme metateatrali, intertestualit\u00e0 Drammaturgia irlandese contemporanea Drammaturgia scozzese contemporanea Teatro documentario e &#8220;verbatim&#8221; Fortuna della drammaturgia contemporanea di lingua inglese sulle scene italiane Traduzione, mobilit\u00e0 culturale, transnazionalit\u00e0 Riscritture di miti classici Teatro della Restaurazione [&hellip;]","og_url":"https:\/\/people.unipi.it\/sara_soncini\/ricerca\/","og_site_name":"SARA FRANCESCA SONCINI","article_modified_time":"2023-05-22T13:07:03+00:00","twitter_card":"summary_large_image","twitter_misc":{"Tempo di lettura stimato":"1 minuto"},"schema":{"@context":"https:\/\/schema.org","@graph":[{"@type":"WebPage","@id":"https:\/\/people.unipi.it\/sara_soncini\/ricerca\/","url":"https:\/\/people.unipi.it\/sara_soncini\/ricerca\/","name":"Ricerca - SARA FRANCESCA SONCINI","isPartOf":{"@id":"https:\/\/people.unipi.it\/sara_soncini\/#website"},"datePublished":"2015-04-08T09:14:27+00:00","dateModified":"2023-05-22T13:07:03+00:00","breadcrumb":{"@id":"https:\/\/people.unipi.it\/sara_soncini\/ricerca\/#breadcrumb"},"inLanguage":"it-IT","potentialAction":[{"@type":"ReadAction","target":["https:\/\/people.unipi.it\/sara_soncini\/ricerca\/"]}]},{"@type":"BreadcrumbList","@id":"https:\/\/people.unipi.it\/sara_soncini\/ricerca\/#breadcrumb","itemListElement":[{"@type":"ListItem","position":1,"name":"Home","item":"https:\/\/people.unipi.it\/sara_soncini\/"},{"@type":"ListItem","position":2,"name":"Ricerca"}]},{"@type":"WebSite","@id":"https:\/\/people.unipi.it\/sara_soncini\/#website","url":"https:\/\/people.unipi.it\/sara_soncini\/","name":"SARA FRANCESCA SONCINI","description":"","potentialAction":[{"@type":"SearchAction","target":{"@type":"EntryPoint","urlTemplate":"https:\/\/people.unipi.it\/sara_soncini\/?s={search_term_string}"},"query-input":{"@type":"PropertyValueSpecification","valueRequired":true,"valueName":"search_term_string"}}],"inLanguage":"it-IT"}]}},"_links":{"self":[{"href":"https:\/\/people.unipi.it\/sara_soncini\/wp-json\/wp\/v2\/pages\/10","targetHints":{"allow":["GET"]}}],"collection":[{"href":"https:\/\/people.unipi.it\/sara_soncini\/wp-json\/wp\/v2\/pages"}],"about":[{"href":"https:\/\/people.unipi.it\/sara_soncini\/wp-json\/wp\/v2\/types\/page"}],"author":[{"embeddable":true,"href":"https:\/\/people.unipi.it\/sara_soncini\/wp-json\/wp\/v2\/users\/1"}],"replies":[{"embeddable":true,"href":"https:\/\/people.unipi.it\/sara_soncini\/wp-json\/wp\/v2\/comments?post=10"}],"version-history":[{"count":10,"href":"https:\/\/people.unipi.it\/sara_soncini\/wp-json\/wp\/v2\/pages\/10\/revisions"}],"predecessor-version":[{"id":255,"href":"https:\/\/people.unipi.it\/sara_soncini\/wp-json\/wp\/v2\/pages\/10\/revisions\/255"}],"wp:attachment":[{"href":"https:\/\/people.unipi.it\/sara_soncini\/wp-json\/wp\/v2\/media?parent=10"}],"curies":[{"name":"wp","href":"https:\/\/api.w.org\/{rel}","templated":true}]}}