{"id":156,"date":"2020-01-10T08:09:40","date_gmt":"2020-01-10T07:09:40","guid":{"rendered":"http:\/\/people.unipi.it\/roberta_bracciale\/?page_id=156"},"modified":"2026-04-24T16:48:05","modified_gmt":"2026-04-24T14:48:05","slug":"ricevimento","status":"publish","type":"page","link":"https:\/\/people.unipi.it\/roberta-bracciale\/didattica\/ricevimento\/","title":{"rendered":"Ricevimento"},"content":{"rendered":"\n<div class=\"wp-block-columns is-layout-flex wp-container-core-columns-is-layout-9d6595d7 wp-block-columns-is-layout-flex\">\n<div class=\"wp-block-column is-layout-flow wp-block-column-is-layout-flow\"><div class=\"wp-block-unipi-people-sync-dynamic-wrapper\" data-unipi-ricevimento data-slug=\"roberta-bracciale-8885\" data-show-modalita=\"1\" data-show-luogo=\"1\" data-show-ore=\"1\" data-has-local-data=\"1\"><div class=\"wp-block-unipi-people-sync-rich-text-block wp-block-unipi-people-sync-ricevimento\"><p class=\"wp-block-unipi-people-sync-person-card__field\"><strong>Modalit\u00e0:<\/strong> Leggere con attenzione le istruzioni su https:\/\/people.unipi.it\/roberta_bracciale\/didattica\/ricevimento\/ per prenotarsi a un ricevimento online o in presenza.<\/p><p class=\"wp-block-unipi-people-sync-person-card__field\"><strong>Luogo:<\/strong> Online su MsTeams prenotandosi qui: https:\/\/agende.unipi.it\/xxc-gbp-lvc. \r\nIn presenza inviare una e-mail a roberta.bracciale@unipi.it per fissare un appuntamento.<\/p><p class=\"wp-block-unipi-people-sync-person-card__field\"><strong>Orari:<\/strong> Vedi disponibilit\u00e0 su https:\/\/agende.unipi.it\/xxc-gbp-lvc<\/p><\/div><\/div><\/div>\n<\/div>\n\n\n\n<h3 class=\"wp-block-heading\">Ricevimento online<\/h3>\n\n\n\n<p>I <strong>ricevimenti online<\/strong> si svolgeranno tramite la piattaforma Microsoft Teams. <strong>Per fissare un ricevimento, \u00e8 possibile prenotarsi qui<\/strong>: <strong><a href=\"https:\/\/agende.unipi.it\/xxc-gbp-lvc\" target=\"_blank\" rel=\"noreferrer noopener\">https:\/\/agende.unipi.it\/xxc-gbp-lvc<\/a><\/strong>.<\/p>\n\n\n\n<p>Nella pagina vedrete un calendario in cui sono presenti degli slot temporali in cui \u00e8 possibile <strong>prenotarsi<\/strong>. \u00c8 possibile scegliere uno slot purch\u00e9 ci siano ancora posti disponibili e lo slot non sia gi\u00e0 trascorso. Lo slot in cui vi sarete prenotat\u0259 \u00e8 evidenziato in giallo con un\u2019icona (la tabella seguente rappresenta un esempio delle modalit\u00e0 di prenotazione).&nbsp;<strong>Le prenotazioni chiudono 24 ore prima dell&#8217;inizio dello slot<\/strong> temporale e <strong>contestualmente vengono aperte le prenotazioni per lo slot temporale successivo. <\/strong><\/p>\n\n\n\n<p class=\"has-text-align-center\"><img loading=\"lazy\" decoding=\"async\" width=\"273\" height=\"188\" class=\"wp-image-377\" style=\"width: 200px\" src=\"http:\/\/people.unipi.it\/roberta_bracciale\/wp-content\/uploads\/sites\/177\/2023\/02\/Immagine1.png\" alt=\"\"><\/p>\n\n\n\n<p>Per <strong>annullare<\/strong> la prenotazione \u00e8 sufficiente un click sullo slot in cui siete gi\u00e0 prenotat\u0259. Si richiede la massima attenzione e collaborazione nel prenotare un solo slot per ogni data e nel <strong>cancellarsi in caso di impossibilit\u00e0 a essere presenti<\/strong>. \u00c8 possibile visualizzare la lista delle iscrizioni selezionando la modalit\u00e0 agenda dal men\u00f9 in alto a destra del calendario (la tabella seguente rappresenta un esempio della modalit\u00e0 di prenotazione).<\/p>\n\n\n\n<figure class=\"wp-block-image size-large\"><a href=\"https:\/\/people.unipi.it\/roberta_bracciale\/wp-content\/uploads\/sites\/177\/2023\/02\/MicrosoftTeams-image.jpg\"><img loading=\"lazy\" decoding=\"async\" width=\"1024\" height=\"417\" src=\"https:\/\/people.unipi.it\/roberta_bracciale\/wp-content\/uploads\/sites\/177\/2023\/02\/MicrosoftTeams-image-1024x417.jpg\" alt=\"\" class=\"wp-image-386\" srcset=\"https:\/\/people.unipi.it\/roberta-bracciale\/wp-content\/uploads\/sites\/177\/2023\/02\/MicrosoftTeams-image-1024x417.jpg 1024w, https:\/\/people.unipi.it\/roberta-bracciale\/wp-content\/uploads\/sites\/177\/2023\/02\/MicrosoftTeams-image-300x122.jpg 300w, https:\/\/people.unipi.it\/roberta-bracciale\/wp-content\/uploads\/sites\/177\/2023\/02\/MicrosoftTeams-image-768x313.jpg 768w, https:\/\/people.unipi.it\/roberta-bracciale\/wp-content\/uploads\/sites\/177\/2023\/02\/MicrosoftTeams-image.jpg 1145w\" sizes=\"auto, (max-width: 1024px) 100vw, 1024px\" \/><\/a><\/figure>\n\n\n\n<p>Una volta prenotat\u0259 dovete <strong>solo <\/strong>essere <strong>reperibili su Teams<\/strong> all\u2019orario di prenotazione e <strong>verrete chiamat\u0259 secondo l\u2019ordine di prenotazione<\/strong> (es. se siete le terze nello slot 17:00-18:00 verrete chiamat\u0259 presumibilmente verso la fine dello slot). Prima di chiamarvi, <strong>vi verr\u00e0 comunque inviato un messaggio<\/strong> <strong>nella chat di Teams<\/strong> per confermare la disponibilit\u00e0 alla connessione. Si prega di considerare un margine di posticipo sull\u2019orario di prenotazione.&nbsp;<\/p>\n\n\n\n<p>In caso di problematiche specifiche contattatemi via <strong>email<\/strong>, <strong>esclusivamente<\/strong> con l&#8217;indirizzo di posta istituzionale (nome@studenti.unipi.it). <\/p>\n\n\n\n<h3 class=\"wp-block-heading\">Ricevimento offline &#8211; in presenza<\/h3>\n\n\n\n<p>Il ricevimento si svolge presso lo <strong>studio della docente<\/strong>, situato al <strong>primo piano della Palazzina<\/strong> del Dipartimento di Scienze politiche (Via Serafini 3, 56126, Pisa).<\/p>\n\n\n\n<p><strong>Il ricevimento in presenza <\/strong>si svolge <strong>sempre su appuntamento<\/strong> per evitare assembramenti e lunghe attese. Per ottimizzare l\u2019organizzazione del lavoro, \u00e8 necessario fissare un appuntamento inviando una <strong><a href=\"mailto:roberta.bracciale@unipi.it\">email <\/a><\/strong>alla docente.<\/p>\n","protected":false},"excerpt":{"rendered":"<p>Ricevimento online I ricevimenti online si svolgeranno tramite la piattaforma Microsoft Teams. Per fissare un ricevimento, \u00e8 possibile prenotarsi qui:<\/p>\n","protected":false},"author":199,"featured_media":0,"parent":38,"menu_order":2,"comment_status":"closed","ping_status":"closed","template":"page-templates\/fullwidthpage.php","meta":{"_acf_changed":false,"footnotes":""},"class_list":["post-156","page","type-page","status-publish","hentry"],"acf":[],"featured_image_src":null,"yoast_head":"<!-- This site is optimized with the Yoast SEO plugin v27.5 - https:\/\/yoast.com\/product\/yoast-seo-wordpress\/ -->\n<title>Ricevimento - Roberta Bracciale<\/title>\n<meta name=\"robots\" content=\"index, follow, max-snippet:-1, max-image-preview:large, max-video-preview:-1\" \/>\n<link rel=\"canonical\" href=\"https:\/\/people.unipi.it\/roberta-bracciale\/didattica\/ricevimento\/\" \/>\n<meta property=\"og:locale\" content=\"it_IT\" \/>\n<meta property=\"og:type\" content=\"article\" \/>\n<meta property=\"og:title\" content=\"Ricevimento - Roberta Bracciale\" \/>\n<meta property=\"og:description\" content=\"Ricevimento online I ricevimenti online si svolgeranno tramite la piattaforma Microsoft Teams. Per fissare un ricevimento, \u00e8 possibile prenotarsi qui:\" \/>\n<meta property=\"og:url\" content=\"https:\/\/people.unipi.it\/roberta-bracciale\/didattica\/ricevimento\/\" \/>\n<meta property=\"og:site_name\" content=\"Roberta Bracciale\" \/>\n<meta property=\"article:modified_time\" content=\"2026-04-24T14:48:05+00:00\" \/>\n<meta property=\"og:image\" content=\"https:\/\/people.unipi.it\/roberta-bracciale\/wp-content\/uploads\/sites\/177\/2023\/02\/Immagine1.png\" \/>\n\t<meta property=\"og:image:width\" content=\"273\" \/>\n\t<meta property=\"og:image:height\" content=\"188\" \/>\n\t<meta property=\"og:image:type\" content=\"image\/png\" \/>\n<meta name=\"twitter:card\" content=\"summary_large_image\" \/>\n<meta name=\"twitter:label1\" content=\"Tempo di lettura stimato\" \/>\n\t<meta name=\"twitter:data1\" content=\"3 minuti\" \/>\n<script type=\"application\/ld+json\" class=\"yoast-schema-graph\">{\"@context\":\"https:\\\/\\\/schema.org\",\"@graph\":[{\"@type\":\"WebPage\",\"@id\":\"https:\\\/\\\/people.unipi.it\\\/roberta-bracciale\\\/didattica\\\/ricevimento\\\/\",\"url\":\"https:\\\/\\\/people.unipi.it\\\/roberta-bracciale\\\/didattica\\\/ricevimento\\\/\",\"name\":\"Ricevimento - Roberta Bracciale\",\"isPartOf\":{\"@id\":\"https:\\\/\\\/people.unipi.it\\\/roberta-bracciale\\\/#website\"},\"primaryImageOfPage\":{\"@id\":\"https:\\\/\\\/people.unipi.it\\\/roberta-bracciale\\\/didattica\\\/ricevimento\\\/#primaryimage\"},\"image\":{\"@id\":\"https:\\\/\\\/people.unipi.it\\\/roberta-bracciale\\\/didattica\\\/ricevimento\\\/#primaryimage\"},\"thumbnailUrl\":\"http:\\\/\\\/people.unipi.it\\\/roberta_bracciale\\\/wp-content\\\/uploads\\\/sites\\\/177\\\/2023\\\/02\\\/Immagine1.png\",\"datePublished\":\"2020-01-10T07:09:40+00:00\",\"dateModified\":\"2026-04-24T14:48:05+00:00\",\"breadcrumb\":{\"@id\":\"https:\\\/\\\/people.unipi.it\\\/roberta-bracciale\\\/didattica\\\/ricevimento\\\/#breadcrumb\"},\"inLanguage\":\"it-IT\",\"potentialAction\":[{\"@type\":\"ReadAction\",\"target\":[\"https:\\\/\\\/people.unipi.it\\\/roberta-bracciale\\\/didattica\\\/ricevimento\\\/\"]}]},{\"@type\":\"ImageObject\",\"inLanguage\":\"it-IT\",\"@id\":\"https:\\\/\\\/people.unipi.it\\\/roberta-bracciale\\\/didattica\\\/ricevimento\\\/#primaryimage\",\"url\":\"http:\\\/\\\/people.unipi.it\\\/roberta_bracciale\\\/wp-content\\\/uploads\\\/sites\\\/177\\\/2023\\\/02\\\/Immagine1.png\",\"contentUrl\":\"http:\\\/\\\/people.unipi.it\\\/roberta_bracciale\\\/wp-content\\\/uploads\\\/sites\\\/177\\\/2023\\\/02\\\/Immagine1.png\"},{\"@type\":\"BreadcrumbList\",\"@id\":\"https:\\\/\\\/people.unipi.it\\\/roberta-bracciale\\\/didattica\\\/ricevimento\\\/#breadcrumb\",\"itemListElement\":[{\"@type\":\"ListItem\",\"position\":1,\"name\":\"Home\",\"item\":\"https:\\\/\\\/people.unipi.it\\\/roberta-bracciale\\\/\"},{\"@type\":\"ListItem\",\"position\":2,\"name\":\"Didattica\",\"item\":\"https:\\\/\\\/people.unipi.it\\\/roberta-bracciale\\\/didattica\\\/\"},{\"@type\":\"ListItem\",\"position\":3,\"name\":\"Ricevimento\"}]},{\"@type\":\"WebSite\",\"@id\":\"https:\\\/\\\/people.unipi.it\\\/roberta-bracciale\\\/#website\",\"url\":\"https:\\\/\\\/people.unipi.it\\\/roberta-bracciale\\\/\",\"name\":\"Roberta Bracciale\",\"description\":\"Universit\u00e0 di Pisa\",\"publisher\":{\"@id\":\"https:\\\/\\\/people.unipi.it\\\/roberta-bracciale\\\/#organization\"},\"potentialAction\":[{\"@type\":\"SearchAction\",\"target\":{\"@type\":\"EntryPoint\",\"urlTemplate\":\"https:\\\/\\\/people.unipi.it\\\/roberta-bracciale\\\/?s={search_term_string}\"},\"query-input\":{\"@type\":\"PropertyValueSpecification\",\"valueRequired\":true,\"valueName\":\"search_term_string\"}}],\"inLanguage\":\"it-IT\"},{\"@type\":\"Organization\",\"@id\":\"https:\\\/\\\/people.unipi.it\\\/roberta-bracciale\\\/#organization\",\"name\":\"Roberta Bracciale\",\"url\":\"https:\\\/\\\/people.unipi.it\\\/roberta-bracciale\\\/\",\"logo\":{\"@type\":\"ImageObject\",\"inLanguage\":\"it-IT\",\"@id\":\"https:\\\/\\\/people.unipi.it\\\/roberta-bracciale\\\/#\\\/schema\\\/logo\\\/image\\\/\",\"url\":\"https:\\\/\\\/people.unipi.it\\\/roberta-bracciale\\\/wp-content\\\/uploads\\\/sites\\\/177\\\/2018\\\/07\\\/cropped-cropped-cropped-testata31.png\",\"contentUrl\":\"https:\\\/\\\/people.unipi.it\\\/roberta-bracciale\\\/wp-content\\\/uploads\\\/sites\\\/177\\\/2018\\\/07\\\/cropped-cropped-cropped-testata31.png\",\"width\":512,\"height\":512,\"caption\":\"Roberta Bracciale\"},\"image\":{\"@id\":\"https:\\\/\\\/people.unipi.it\\\/roberta-bracciale\\\/#\\\/schema\\\/logo\\\/image\\\/\"}}]}<\/script>\n<!-- \/ Yoast SEO plugin. -->","yoast_head_json":{"title":"Ricevimento - Roberta Bracciale","robots":{"index":"index","follow":"follow","max-snippet":"max-snippet:-1","max-image-preview":"max-image-preview:large","max-video-preview":"max-video-preview:-1"},"canonical":"https:\/\/people.unipi.it\/roberta-bracciale\/didattica\/ricevimento\/","og_locale":"it_IT","og_type":"article","og_title":"Ricevimento - Roberta Bracciale","og_description":"Ricevimento online I ricevimenti online si svolgeranno tramite la piattaforma Microsoft Teams. Per fissare un ricevimento, \u00e8 possibile prenotarsi qui:","og_url":"https:\/\/people.unipi.it\/roberta-bracciale\/didattica\/ricevimento\/","og_site_name":"Roberta Bracciale","article_modified_time":"2026-04-24T14:48:05+00:00","og_image":[{"width":273,"height":188,"url":"https:\/\/people.unipi.it\/roberta-bracciale\/wp-content\/uploads\/sites\/177\/2023\/02\/Immagine1.png","type":"image\/png"}],"twitter_card":"summary_large_image","twitter_misc":{"Tempo di lettura stimato":"3 minuti"},"schema":{"@context":"https:\/\/schema.org","@graph":[{"@type":"WebPage","@id":"https:\/\/people.unipi.it\/roberta-bracciale\/didattica\/ricevimento\/","url":"https:\/\/people.unipi.it\/roberta-bracciale\/didattica\/ricevimento\/","name":"Ricevimento - Roberta Bracciale","isPartOf":{"@id":"https:\/\/people.unipi.it\/roberta-bracciale\/#website"},"primaryImageOfPage":{"@id":"https:\/\/people.unipi.it\/roberta-bracciale\/didattica\/ricevimento\/#primaryimage"},"image":{"@id":"https:\/\/people.unipi.it\/roberta-bracciale\/didattica\/ricevimento\/#primaryimage"},"thumbnailUrl":"http:\/\/people.unipi.it\/roberta_bracciale\/wp-content\/uploads\/sites\/177\/2023\/02\/Immagine1.png","datePublished":"2020-01-10T07:09:40+00:00","dateModified":"2026-04-24T14:48:05+00:00","breadcrumb":{"@id":"https:\/\/people.unipi.it\/roberta-bracciale\/didattica\/ricevimento\/#breadcrumb"},"inLanguage":"it-IT","potentialAction":[{"@type":"ReadAction","target":["https:\/\/people.unipi.it\/roberta-bracciale\/didattica\/ricevimento\/"]}]},{"@type":"ImageObject","inLanguage":"it-IT","@id":"https:\/\/people.unipi.it\/roberta-bracciale\/didattica\/ricevimento\/#primaryimage","url":"http:\/\/people.unipi.it\/roberta_bracciale\/wp-content\/uploads\/sites\/177\/2023\/02\/Immagine1.png","contentUrl":"http:\/\/people.unipi.it\/roberta_bracciale\/wp-content\/uploads\/sites\/177\/2023\/02\/Immagine1.png"},{"@type":"BreadcrumbList","@id":"https:\/\/people.unipi.it\/roberta-bracciale\/didattica\/ricevimento\/#breadcrumb","itemListElement":[{"@type":"ListItem","position":1,"name":"Home","item":"https:\/\/people.unipi.it\/roberta-bracciale\/"},{"@type":"ListItem","position":2,"name":"Didattica","item":"https:\/\/people.unipi.it\/roberta-bracciale\/didattica\/"},{"@type":"ListItem","position":3,"name":"Ricevimento"}]},{"@type":"WebSite","@id":"https:\/\/people.unipi.it\/roberta-bracciale\/#website","url":"https:\/\/people.unipi.it\/roberta-bracciale\/","name":"Roberta Bracciale","description":"Universit\u00e0 di Pisa","publisher":{"@id":"https:\/\/people.unipi.it\/roberta-bracciale\/#organization"},"potentialAction":[{"@type":"SearchAction","target":{"@type":"EntryPoint","urlTemplate":"https:\/\/people.unipi.it\/roberta-bracciale\/?s={search_term_string}"},"query-input":{"@type":"PropertyValueSpecification","valueRequired":true,"valueName":"search_term_string"}}],"inLanguage":"it-IT"},{"@type":"Organization","@id":"https:\/\/people.unipi.it\/roberta-bracciale\/#organization","name":"Roberta Bracciale","url":"https:\/\/people.unipi.it\/roberta-bracciale\/","logo":{"@type":"ImageObject","inLanguage":"it-IT","@id":"https:\/\/people.unipi.it\/roberta-bracciale\/#\/schema\/logo\/image\/","url":"https:\/\/people.unipi.it\/roberta-bracciale\/wp-content\/uploads\/sites\/177\/2018\/07\/cropped-cropped-cropped-testata31.png","contentUrl":"https:\/\/people.unipi.it\/roberta-bracciale\/wp-content\/uploads\/sites\/177\/2018\/07\/cropped-cropped-cropped-testata31.png","width":512,"height":512,"caption":"Roberta Bracciale"},"image":{"@id":"https:\/\/people.unipi.it\/roberta-bracciale\/#\/schema\/logo\/image\/"}}]}},"_links":{"self":[{"href":"https:\/\/people.unipi.it\/roberta-bracciale\/wp-json\/wp\/v2\/pages\/156","targetHints":{"allow":["GET"]}}],"collection":[{"href":"https:\/\/people.unipi.it\/roberta-bracciale\/wp-json\/wp\/v2\/pages"}],"about":[{"href":"https:\/\/people.unipi.it\/roberta-bracciale\/wp-json\/wp\/v2\/types\/page"}],"author":[{"embeddable":true,"href":"https:\/\/people.unipi.it\/roberta-bracciale\/wp-json\/wp\/v2\/users\/199"}],"replies":[{"embeddable":true,"href":"https:\/\/people.unipi.it\/roberta-bracciale\/wp-json\/wp\/v2\/comments?post=156"}],"version-history":[{"count":32,"href":"https:\/\/people.unipi.it\/roberta-bracciale\/wp-json\/wp\/v2\/pages\/156\/revisions"}],"predecessor-version":[{"id":778,"href":"https:\/\/people.unipi.it\/roberta-bracciale\/wp-json\/wp\/v2\/pages\/156\/revisions\/778"}],"up":[{"embeddable":true,"href":"https:\/\/people.unipi.it\/roberta-bracciale\/wp-json\/wp\/v2\/pages\/38"}],"wp:attachment":[{"href":"https:\/\/people.unipi.it\/roberta-bracciale\/wp-json\/wp\/v2\/media?parent=156"}],"curies":[{"name":"wp","href":"https:\/\/api.w.org\/{rel}","templated":true}]}}