{"id":75,"date":"2023-06-25T09:45:07","date_gmt":"2023-06-25T07:45:07","guid":{"rendered":"https:\/\/people.unipi.it\/patrizio_malloggi\/?page_id=75"},"modified":"2023-06-25T09:54:32","modified_gmt":"2023-06-25T07:54:32","slug":"collaborazione-a-progetti-di-ricerca","status":"publish","type":"page","link":"https:\/\/people.unipi.it\/patrizio_malloggi\/collaborazione-a-progetti-di-ricerca\/","title":{"rendered":"Collaborazione a progetti di ricerca"},"content":{"rendered":"\n<p><strong>2022-2023<\/strong>\u00a0\u00a0\u00a0\u00a0\u00a0\u00a0\u00a0\u00a0\u00a0\u00a0 <\/p>\n\n\n\n<p>Progetto di Ricerca di Ateneo (PRA 2022): <em>Costruire la verit\u00e0<\/em>. <em>Testi, contesti, storie<\/em> (Dipartimento di Filologia, Letteratura e Linguistica \u2013 coordinatore scientifico: Prof. Raffaele Donnarumma), Universit\u00e0 di Pisa.<\/p>\n\n\n\n<p><strong>2022-oggi\u00a0\u00a0<\/strong>\u00a0\u00a0\u00a0\u00a0\u00a0\u00a0\u00a0\u00a0\u00a0\u00a0\u00a0\u00a0\u00a0\u00a0<\/p>\n\n\n\n<p>Progetto di Ateneo <em>Comunit\u00e0 di mentori a Pisa. Il percorso di formazione al mentoring<\/em>. Responsabile scientifico: Prof. Ettore Felisatti, Universit\u00e0 di Padova.<\/p>\n\n\n\n<p><strong>2020-2021\u00a0\u00a0<\/strong>\u00a0\u00a0\u00a0\u00a0\u00a0\u00a0\u00a0\u00a0 <\/p>\n\n\n\n<p>Progetto di Ricerca di Ateneo (PRA 2020): <em>Declinazioni europee del lessico religioso-politico di Lutero: Germania e Baltico, Francia e Russia<\/em> (Dipartimento di Filologia, Letteratura e Linguistica \u2013 coordinatore scientifico: Prof. Pietro Umberto Dini), Universit\u00e0 di Pisa.<\/p>\n\n\n\n<p><strong>2016-2018\u00a0\u00a0<\/strong>\u00a0\u00a0\u00a0\u00a0\u00a0\u00a0\u00a0\u00a0<\/p>\n\n\n\n<p> Progetto di ricerca <em>Lessico cromatico del tedesco dalle origini alla prima et\u00e0 moderna<\/em>. Direzione Scientifica: Simona Leonardi (Universit\u00e0 l\u2019Orientale Napoli), Istituto Italiano di Studi Germanici di Roma.<\/p>\n\n\n\n<p><strong>2014-2016\u00a0\u00a0\u00a0\u00a0<\/strong>\u00a0\u00a0\u00a0\u00a0\u00a0\u00a0 <\/p>\n\n\n\n<p>Progetto di ricerca <em>Terti\u00e4rsprachenforschung und Interkomprehension im<\/em> K<em>ontext der Mehrsprachigkeit<\/em>. Direzione Scientifica: Marianne Hepp (Universit\u00e0 di Pisa) \u2013 Martina Nied Curcio (Universit\u00e0 Roma Tre), Istituto Italiano di Studi Germanici di Roma (Ente pubblico nazionale di Ricerca accreditato MIUR).\u00a0\u00a0\u00a0\u00a0\u00a0\u00a0\u00a0 <\/p>\n\n\n\n<p>Progetto di ricerca <em>Tempusprojekt<\/em> CoMoLTE (Consortium for Modern Language Teaching Education). Direzione: J\u00f6rg Roche, Ludwig-Maximilians-Universit\u00e4t M\u00fcnchen.<\/p>\n\n\n\n<p><strong>Attivit\u00e0 redazionale<\/strong><\/p>\n\n\n\n<p>2021-oggi\u00a0\u00a0\u00a0<\/p>\n\n\n\n<p>Membro del comitato scientifico della rivista \u00bbZeitschrift f\u00fcr Interkulturellen Fremdsprachenunterricht\u00ab, Universit\u00e4ts- und Landesbibliothek Darmstadt.<\/p>\n","protected":false},"excerpt":{"rendered":"<p>2022-2023\u00a0\u00a0\u00a0\u00a0\u00a0\u00a0\u00a0\u00a0\u00a0\u00a0 Progetto di Ricerca di Ateneo (PRA 2022): Costruire la verit\u00e0. Testi, contesti, storie (Dipartimento di Filologia, Letteratura e Linguistica&hellip;<\/p>\n<p><a class=\"btn btn-dark btn-sm unipi-read-more-link\" href=\"https:\/\/people.unipi.it\/patrizio_malloggi\/collaborazione-a-progetti-di-ricerca\/\">Leggi tutto&#8230;<\/a><\/p>\n","protected":false},"author":675,"featured_media":0,"parent":0,"menu_order":0,"comment_status":"closed","ping_status":"closed","template":"","meta":{"_acf_changed":false,"footnotes":""},"class_list":["post-75","page","type-page","status-publish","hentry"],"acf":[],"featured_image_src":null,"yoast_head":"<!-- This site is optimized with the Yoast SEO plugin v27.6 - https:\/\/yoast.com\/product\/yoast-seo-wordpress\/ -->\n<title>Collaborazione a progetti di ricerca - Patrizio Malloggi<\/title>\n<meta name=\"robots\" content=\"index, follow, max-snippet:-1, max-image-preview:large, max-video-preview:-1\" \/>\n<link rel=\"canonical\" href=\"https:\/\/people.unipi.it\/patrizio_malloggi\/collaborazione-a-progetti-di-ricerca\/\" \/>\n<meta property=\"og:locale\" content=\"it_IT\" \/>\n<meta property=\"og:type\" content=\"article\" \/>\n<meta property=\"og:title\" content=\"Collaborazione a progetti di ricerca - Patrizio Malloggi\" \/>\n<meta property=\"og:description\" content=\"2022-2023\u00a0\u00a0\u00a0\u00a0\u00a0\u00a0\u00a0\u00a0\u00a0\u00a0 Progetto di Ricerca di Ateneo (PRA 2022): Costruire la verit\u00e0. Testi, contesti, storie (Dipartimento di Filologia, Letteratura e Linguistica&hellip;Leggi tutto...\" \/>\n<meta property=\"og:url\" content=\"https:\/\/people.unipi.it\/patrizio_malloggi\/collaborazione-a-progetti-di-ricerca\/\" \/>\n<meta property=\"og:site_name\" content=\"Patrizio Malloggi\" \/>\n<meta property=\"article:modified_time\" content=\"2023-06-25T07:54:32+00:00\" \/>\n<meta name=\"twitter:card\" content=\"summary_large_image\" \/>\n<meta name=\"twitter:label1\" content=\"Tempo di lettura stimato\" \/>\n\t<meta name=\"twitter:data1\" content=\"1 minuto\" \/>\n<script type=\"application\/ld+json\" class=\"yoast-schema-graph\">{\"@context\":\"https:\\\/\\\/schema.org\",\"@graph\":[{\"@type\":\"WebPage\",\"@id\":\"https:\\\/\\\/people.unipi.it\\\/patrizio_malloggi\\\/collaborazione-a-progetti-di-ricerca\\\/\",\"url\":\"https:\\\/\\\/people.unipi.it\\\/patrizio_malloggi\\\/collaborazione-a-progetti-di-ricerca\\\/\",\"name\":\"Collaborazione a progetti di ricerca - Patrizio Malloggi\",\"isPartOf\":{\"@id\":\"https:\\\/\\\/people.unipi.it\\\/patrizio_malloggi\\\/#website\"},\"datePublished\":\"2023-06-25T07:45:07+00:00\",\"dateModified\":\"2023-06-25T07:54:32+00:00\",\"breadcrumb\":{\"@id\":\"https:\\\/\\\/people.unipi.it\\\/patrizio_malloggi\\\/collaborazione-a-progetti-di-ricerca\\\/#breadcrumb\"},\"inLanguage\":\"it-IT\",\"potentialAction\":[{\"@type\":\"ReadAction\",\"target\":[\"https:\\\/\\\/people.unipi.it\\\/patrizio_malloggi\\\/collaborazione-a-progetti-di-ricerca\\\/\"]}]},{\"@type\":\"BreadcrumbList\",\"@id\":\"https:\\\/\\\/people.unipi.it\\\/patrizio_malloggi\\\/collaborazione-a-progetti-di-ricerca\\\/#breadcrumb\",\"itemListElement\":[{\"@type\":\"ListItem\",\"position\":1,\"name\":\"Home\",\"item\":\"https:\\\/\\\/people.unipi.it\\\/patrizio_malloggi\\\/\"},{\"@type\":\"ListItem\",\"position\":2,\"name\":\"Collaborazione a progetti di ricerca\"}]},{\"@type\":\"WebSite\",\"@id\":\"https:\\\/\\\/people.unipi.it\\\/patrizio_malloggi\\\/#website\",\"url\":\"https:\\\/\\\/people.unipi.it\\\/patrizio_malloggi\\\/\",\"name\":\"Patrizio Malloggi\",\"description\":\"\",\"potentialAction\":[{\"@type\":\"SearchAction\",\"target\":{\"@type\":\"EntryPoint\",\"urlTemplate\":\"https:\\\/\\\/people.unipi.it\\\/patrizio_malloggi\\\/?s={search_term_string}\"},\"query-input\":{\"@type\":\"PropertyValueSpecification\",\"valueRequired\":true,\"valueName\":\"search_term_string\"}}],\"inLanguage\":\"it-IT\"}]}<\/script>\n<!-- \/ Yoast SEO plugin. -->","yoast_head_json":{"title":"Collaborazione a progetti di ricerca - Patrizio Malloggi","robots":{"index":"index","follow":"follow","max-snippet":"max-snippet:-1","max-image-preview":"max-image-preview:large","max-video-preview":"max-video-preview:-1"},"canonical":"https:\/\/people.unipi.it\/patrizio_malloggi\/collaborazione-a-progetti-di-ricerca\/","og_locale":"it_IT","og_type":"article","og_title":"Collaborazione a progetti di ricerca - Patrizio Malloggi","og_description":"2022-2023\u00a0\u00a0\u00a0\u00a0\u00a0\u00a0\u00a0\u00a0\u00a0\u00a0 Progetto di Ricerca di Ateneo (PRA 2022): Costruire la verit\u00e0. Testi, contesti, storie (Dipartimento di Filologia, Letteratura e Linguistica&hellip;Leggi tutto...","og_url":"https:\/\/people.unipi.it\/patrizio_malloggi\/collaborazione-a-progetti-di-ricerca\/","og_site_name":"Patrizio Malloggi","article_modified_time":"2023-06-25T07:54:32+00:00","twitter_card":"summary_large_image","twitter_misc":{"Tempo di lettura stimato":"1 minuto"},"schema":{"@context":"https:\/\/schema.org","@graph":[{"@type":"WebPage","@id":"https:\/\/people.unipi.it\/patrizio_malloggi\/collaborazione-a-progetti-di-ricerca\/","url":"https:\/\/people.unipi.it\/patrizio_malloggi\/collaborazione-a-progetti-di-ricerca\/","name":"Collaborazione a progetti di ricerca - Patrizio Malloggi","isPartOf":{"@id":"https:\/\/people.unipi.it\/patrizio_malloggi\/#website"},"datePublished":"2023-06-25T07:45:07+00:00","dateModified":"2023-06-25T07:54:32+00:00","breadcrumb":{"@id":"https:\/\/people.unipi.it\/patrizio_malloggi\/collaborazione-a-progetti-di-ricerca\/#breadcrumb"},"inLanguage":"it-IT","potentialAction":[{"@type":"ReadAction","target":["https:\/\/people.unipi.it\/patrizio_malloggi\/collaborazione-a-progetti-di-ricerca\/"]}]},{"@type":"BreadcrumbList","@id":"https:\/\/people.unipi.it\/patrizio_malloggi\/collaborazione-a-progetti-di-ricerca\/#breadcrumb","itemListElement":[{"@type":"ListItem","position":1,"name":"Home","item":"https:\/\/people.unipi.it\/patrizio_malloggi\/"},{"@type":"ListItem","position":2,"name":"Collaborazione a progetti di ricerca"}]},{"@type":"WebSite","@id":"https:\/\/people.unipi.it\/patrizio_malloggi\/#website","url":"https:\/\/people.unipi.it\/patrizio_malloggi\/","name":"Patrizio Malloggi","description":"","potentialAction":[{"@type":"SearchAction","target":{"@type":"EntryPoint","urlTemplate":"https:\/\/people.unipi.it\/patrizio_malloggi\/?s={search_term_string}"},"query-input":{"@type":"PropertyValueSpecification","valueRequired":true,"valueName":"search_term_string"}}],"inLanguage":"it-IT"}]}},"_links":{"self":[{"href":"https:\/\/people.unipi.it\/patrizio_malloggi\/wp-json\/wp\/v2\/pages\/75","targetHints":{"allow":["GET"]}}],"collection":[{"href":"https:\/\/people.unipi.it\/patrizio_malloggi\/wp-json\/wp\/v2\/pages"}],"about":[{"href":"https:\/\/people.unipi.it\/patrizio_malloggi\/wp-json\/wp\/v2\/types\/page"}],"author":[{"embeddable":true,"href":"https:\/\/people.unipi.it\/patrizio_malloggi\/wp-json\/wp\/v2\/users\/675"}],"replies":[{"embeddable":true,"href":"https:\/\/people.unipi.it\/patrizio_malloggi\/wp-json\/wp\/v2\/comments?post=75"}],"version-history":[{"count":3,"href":"https:\/\/people.unipi.it\/patrizio_malloggi\/wp-json\/wp\/v2\/pages\/75\/revisions"}],"predecessor-version":[{"id":84,"href":"https:\/\/people.unipi.it\/patrizio_malloggi\/wp-json\/wp\/v2\/pages\/75\/revisions\/84"}],"wp:attachment":[{"href":"https:\/\/people.unipi.it\/patrizio_malloggi\/wp-json\/wp\/v2\/media?parent=75"}],"curies":[{"name":"wp","href":"https:\/\/api.w.org\/{rel}","templated":true}]}}