{"id":72,"date":"2023-06-25T09:40:21","date_gmt":"2023-06-25T07:40:21","guid":{"rendered":"https:\/\/people.unipi.it\/patrizio_malloggi\/?page_id=72"},"modified":"2025-12-31T15:03:41","modified_gmt":"2025-12-31T14:03:41","slug":"attivita-didattica-presso-universita-straniere","status":"publish","type":"page","link":"https:\/\/people.unipi.it\/patrizio_malloggi\/attivita-didattica-presso-universita-straniere\/","title":{"rendered":"Attivit\u00e0 didattica presso universit\u00e0 straniere"},"content":{"rendered":"\n<p><strong>2025\u00a0<\/strong>\u00a0\u00a0\u00a0\u00a0\u00a0\u00a0\u00a0\u00a0\u00a0\u00a0\u00a0\u00a0\u00a0\u00a0\u00a0\u00a0\u00a0\u00a0<\/p>\n\n\n\n<p> Kenyatta University Nairobi. Attivit\u00e0 di Mobilit\u00e0 dello Staff per docenza, <em>Erasmus+ Staff Mobility Teaching<\/em> (03-11 novembre)<\/p>\n\n\n\n<p><strong>2023\u00a0\u00a0\u00a0<\/strong>\u00a0\u00a0\u00a0\u00a0\u00a0\u00a0\u00a0\u00a0\u00a0\u00a0\u00a0\u00a0\u00a0\u00a0\u00a0\u00a0 <\/p>\n\n\n\n<p>Universit\u00e4t Regensburg (Germania) c\/o Prof. Dr. Maria Thurmair. Attivit\u00e0 di Mobilit\u00e0 dello Staff per docenza, <em>Erasmus+ Staff Mobility Teaching<\/em> (12-15 giugno)<\/p>\n\n\n\n<p><strong>2021\u00a0\u00a0<\/strong>\u00a0\u00a0\u00a0\u00a0\u00a0\u00a0\u00a0\u00a0\u00a0\u00a0\u00a0\u00a0\u00a0\u00a0\u00a0\u00a0\u00a0<\/p>\n\n\n\n<p> Universit\u00e0 di Graz, Institut f\u00fcr Romanistik (Austria). Seminario tenuto da remoto su: <em>Das Pr\u00e4adverb als neue Wortart des Deutschen. Pl\u00e4doyer f\u00fcr seine grammatische Etablierung<\/em> (15 giugno)<\/p>\n","protected":false},"excerpt":{"rendered":"<p>2025\u00a0\u00a0\u00a0\u00a0\u00a0\u00a0\u00a0\u00a0\u00a0\u00a0\u00a0\u00a0\u00a0\u00a0\u00a0\u00a0\u00a0\u00a0\u00a0 Kenyatta University Nairobi. Attivit\u00e0 di Mobilit\u00e0 dello Staff per docenza, Erasmus+ Staff Mobility Teaching (03-11 novembre) 2023\u00a0\u00a0\u00a0\u00a0\u00a0\u00a0\u00a0\u00a0\u00a0\u00a0\u00a0\u00a0\u00a0\u00a0\u00a0\u00a0\u00a0\u00a0\u00a0 Universit\u00e4t Regensburg&hellip;<\/p>\n<p><a class=\"btn btn-dark btn-sm unipi-read-more-link\" href=\"https:\/\/people.unipi.it\/patrizio_malloggi\/attivita-didattica-presso-universita-straniere\/\">Leggi tutto&#8230;<\/a><\/p>\n","protected":false},"author":675,"featured_media":0,"parent":0,"menu_order":0,"comment_status":"closed","ping_status":"closed","template":"","meta":{"_acf_changed":false,"footnotes":""},"class_list":["post-72","page","type-page","status-publish","hentry"],"acf":[],"featured_image_src":null,"yoast_head":"<!-- This site is optimized with the Yoast SEO plugin v27.6 - https:\/\/yoast.com\/product\/yoast-seo-wordpress\/ -->\n<title>Attivit\u00e0 didattica presso universit\u00e0 straniere - Patrizio Malloggi<\/title>\n<meta name=\"robots\" content=\"index, follow, max-snippet:-1, max-image-preview:large, max-video-preview:-1\" \/>\n<link rel=\"canonical\" href=\"https:\/\/people.unipi.it\/patrizio_malloggi\/attivita-didattica-presso-universita-straniere\/\" \/>\n<meta property=\"og:locale\" content=\"it_IT\" \/>\n<meta property=\"og:type\" content=\"article\" \/>\n<meta property=\"og:title\" content=\"Attivit\u00e0 didattica presso universit\u00e0 straniere - Patrizio Malloggi\" \/>\n<meta property=\"og:description\" content=\"2025\u00a0\u00a0\u00a0\u00a0\u00a0\u00a0\u00a0\u00a0\u00a0\u00a0\u00a0\u00a0\u00a0\u00a0\u00a0\u00a0\u00a0\u00a0\u00a0 Kenyatta University Nairobi. Attivit\u00e0 di Mobilit\u00e0 dello Staff per docenza, Erasmus+ Staff Mobility Teaching (03-11 novembre) 2023\u00a0\u00a0\u00a0\u00a0\u00a0\u00a0\u00a0\u00a0\u00a0\u00a0\u00a0\u00a0\u00a0\u00a0\u00a0\u00a0\u00a0\u00a0\u00a0 Universit\u00e4t Regensburg&hellip;Leggi tutto...\" \/>\n<meta property=\"og:url\" content=\"https:\/\/people.unipi.it\/patrizio_malloggi\/attivita-didattica-presso-universita-straniere\/\" \/>\n<meta property=\"og:site_name\" content=\"Patrizio Malloggi\" \/>\n<meta property=\"article:modified_time\" content=\"2025-12-31T14:03:41+00:00\" \/>\n<meta name=\"twitter:card\" content=\"summary_large_image\" \/>\n<meta name=\"twitter:label1\" content=\"Tempo di lettura stimato\" \/>\n\t<meta name=\"twitter:data1\" content=\"1 minuto\" \/>\n<script type=\"application\/ld+json\" class=\"yoast-schema-graph\">{\"@context\":\"https:\\\/\\\/schema.org\",\"@graph\":[{\"@type\":\"WebPage\",\"@id\":\"https:\\\/\\\/people.unipi.it\\\/patrizio_malloggi\\\/attivita-didattica-presso-universita-straniere\\\/\",\"url\":\"https:\\\/\\\/people.unipi.it\\\/patrizio_malloggi\\\/attivita-didattica-presso-universita-straniere\\\/\",\"name\":\"Attivit\u00e0 didattica presso universit\u00e0 straniere - Patrizio Malloggi\",\"isPartOf\":{\"@id\":\"https:\\\/\\\/people.unipi.it\\\/patrizio_malloggi\\\/#website\"},\"datePublished\":\"2023-06-25T07:40:21+00:00\",\"dateModified\":\"2025-12-31T14:03:41+00:00\",\"breadcrumb\":{\"@id\":\"https:\\\/\\\/people.unipi.it\\\/patrizio_malloggi\\\/attivita-didattica-presso-universita-straniere\\\/#breadcrumb\"},\"inLanguage\":\"it-IT\",\"potentialAction\":[{\"@type\":\"ReadAction\",\"target\":[\"https:\\\/\\\/people.unipi.it\\\/patrizio_malloggi\\\/attivita-didattica-presso-universita-straniere\\\/\"]}]},{\"@type\":\"BreadcrumbList\",\"@id\":\"https:\\\/\\\/people.unipi.it\\\/patrizio_malloggi\\\/attivita-didattica-presso-universita-straniere\\\/#breadcrumb\",\"itemListElement\":[{\"@type\":\"ListItem\",\"position\":1,\"name\":\"Home\",\"item\":\"https:\\\/\\\/people.unipi.it\\\/patrizio_malloggi\\\/\"},{\"@type\":\"ListItem\",\"position\":2,\"name\":\"Attivit\u00e0 didattica presso universit\u00e0 straniere\"}]},{\"@type\":\"WebSite\",\"@id\":\"https:\\\/\\\/people.unipi.it\\\/patrizio_malloggi\\\/#website\",\"url\":\"https:\\\/\\\/people.unipi.it\\\/patrizio_malloggi\\\/\",\"name\":\"Patrizio Malloggi\",\"description\":\"\",\"potentialAction\":[{\"@type\":\"SearchAction\",\"target\":{\"@type\":\"EntryPoint\",\"urlTemplate\":\"https:\\\/\\\/people.unipi.it\\\/patrizio_malloggi\\\/?s={search_term_string}\"},\"query-input\":{\"@type\":\"PropertyValueSpecification\",\"valueRequired\":true,\"valueName\":\"search_term_string\"}}],\"inLanguage\":\"it-IT\"}]}<\/script>\n<!-- \/ Yoast SEO plugin. -->","yoast_head_json":{"title":"Attivit\u00e0 didattica presso universit\u00e0 straniere - Patrizio Malloggi","robots":{"index":"index","follow":"follow","max-snippet":"max-snippet:-1","max-image-preview":"max-image-preview:large","max-video-preview":"max-video-preview:-1"},"canonical":"https:\/\/people.unipi.it\/patrizio_malloggi\/attivita-didattica-presso-universita-straniere\/","og_locale":"it_IT","og_type":"article","og_title":"Attivit\u00e0 didattica presso universit\u00e0 straniere - Patrizio Malloggi","og_description":"2025\u00a0\u00a0\u00a0\u00a0\u00a0\u00a0\u00a0\u00a0\u00a0\u00a0\u00a0\u00a0\u00a0\u00a0\u00a0\u00a0\u00a0\u00a0\u00a0 Kenyatta University Nairobi. Attivit\u00e0 di Mobilit\u00e0 dello Staff per docenza, Erasmus+ Staff Mobility Teaching (03-11 novembre) 2023\u00a0\u00a0\u00a0\u00a0\u00a0\u00a0\u00a0\u00a0\u00a0\u00a0\u00a0\u00a0\u00a0\u00a0\u00a0\u00a0\u00a0\u00a0\u00a0 Universit\u00e4t Regensburg&hellip;Leggi tutto...","og_url":"https:\/\/people.unipi.it\/patrizio_malloggi\/attivita-didattica-presso-universita-straniere\/","og_site_name":"Patrizio Malloggi","article_modified_time":"2025-12-31T14:03:41+00:00","twitter_card":"summary_large_image","twitter_misc":{"Tempo di lettura stimato":"1 minuto"},"schema":{"@context":"https:\/\/schema.org","@graph":[{"@type":"WebPage","@id":"https:\/\/people.unipi.it\/patrizio_malloggi\/attivita-didattica-presso-universita-straniere\/","url":"https:\/\/people.unipi.it\/patrizio_malloggi\/attivita-didattica-presso-universita-straniere\/","name":"Attivit\u00e0 didattica presso universit\u00e0 straniere - Patrizio Malloggi","isPartOf":{"@id":"https:\/\/people.unipi.it\/patrizio_malloggi\/#website"},"datePublished":"2023-06-25T07:40:21+00:00","dateModified":"2025-12-31T14:03:41+00:00","breadcrumb":{"@id":"https:\/\/people.unipi.it\/patrizio_malloggi\/attivita-didattica-presso-universita-straniere\/#breadcrumb"},"inLanguage":"it-IT","potentialAction":[{"@type":"ReadAction","target":["https:\/\/people.unipi.it\/patrizio_malloggi\/attivita-didattica-presso-universita-straniere\/"]}]},{"@type":"BreadcrumbList","@id":"https:\/\/people.unipi.it\/patrizio_malloggi\/attivita-didattica-presso-universita-straniere\/#breadcrumb","itemListElement":[{"@type":"ListItem","position":1,"name":"Home","item":"https:\/\/people.unipi.it\/patrizio_malloggi\/"},{"@type":"ListItem","position":2,"name":"Attivit\u00e0 didattica presso universit\u00e0 straniere"}]},{"@type":"WebSite","@id":"https:\/\/people.unipi.it\/patrizio_malloggi\/#website","url":"https:\/\/people.unipi.it\/patrizio_malloggi\/","name":"Patrizio Malloggi","description":"","potentialAction":[{"@type":"SearchAction","target":{"@type":"EntryPoint","urlTemplate":"https:\/\/people.unipi.it\/patrizio_malloggi\/?s={search_term_string}"},"query-input":{"@type":"PropertyValueSpecification","valueRequired":true,"valueName":"search_term_string"}}],"inLanguage":"it-IT"}]}},"_links":{"self":[{"href":"https:\/\/people.unipi.it\/patrizio_malloggi\/wp-json\/wp\/v2\/pages\/72","targetHints":{"allow":["GET"]}}],"collection":[{"href":"https:\/\/people.unipi.it\/patrizio_malloggi\/wp-json\/wp\/v2\/pages"}],"about":[{"href":"https:\/\/people.unipi.it\/patrizio_malloggi\/wp-json\/wp\/v2\/types\/page"}],"author":[{"embeddable":true,"href":"https:\/\/people.unipi.it\/patrizio_malloggi\/wp-json\/wp\/v2\/users\/675"}],"replies":[{"embeddable":true,"href":"https:\/\/people.unipi.it\/patrizio_malloggi\/wp-json\/wp\/v2\/comments?post=72"}],"version-history":[{"count":3,"href":"https:\/\/people.unipi.it\/patrizio_malloggi\/wp-json\/wp\/v2\/pages\/72\/revisions"}],"predecessor-version":[{"id":139,"href":"https:\/\/people.unipi.it\/patrizio_malloggi\/wp-json\/wp\/v2\/pages\/72\/revisions\/139"}],"wp:attachment":[{"href":"https:\/\/people.unipi.it\/patrizio_malloggi\/wp-json\/wp\/v2\/media?parent=72"}],"curies":[{"name":"wp","href":"https:\/\/api.w.org\/{rel}","templated":true}]}}