{"id":10,"date":"2015-04-08T11:14:27","date_gmt":"2015-04-08T09:14:27","guid":{"rendered":"http:\/\/people.unipi.it\/cloner\/?page_id=10"},"modified":"2024-08-27T14:31:08","modified_gmt":"2024-08-27T12:31:08","slug":"ricerca","status":"publish","type":"page","link":"https:\/\/people.unipi.it\/paolo_bugliani\/ricerca\/","title":{"rendered":"Ricerca"},"content":{"rendered":"<p style=\"font-weight: 400\"><strong><u>principali linee di ricerca<\/u><\/strong><\/p>\n<ol>\n<li>Teoria e storia del genere saggio in Inghilterra dal Settecento (Richard Steele, Joseph Addison, Samuel Johnson), al Romanticismo (Charles Lamb, William Hazlitt, Leigh Hunt, Thomas de Quincey, D. H. Thoreau), fino al Novecento (Virginia Woolf e H. Auden), con incursioni nel saggio americano (Nathaniel Hawthorne);<\/li>\n<li>Studio del <em>life-writing <\/em>,con particolare attenzione alle strategie di mascheramento dell\u2019identit\u00e0 biografica dell\u2019autore in testi saggistici e auto\/biografici, dal Seicento (Robert Burton, Thomas Browne) e tardo Ottocento (Oscar Wilde, Walter Pater), alla contemporaneit\u00e0 (D. F. Wallace);<\/li>\n<li>Analisi comparata della mediazione culturale anglo-italiana e anglo-francese, con particolare riguardo ai processi di mediazione (traduzioni, riscritture), alle figure di mediatori (Giuseppe Baretti, John Keats, William Hazlitt), alla traduzione dei classici (Dante, Montaigne) e ai meccanismi della loro diffusione all\u2019estero;<\/li>\n<li>Studio del simbolismo animale nella letteratura moderna e contemporanea inglese (Christopher Smart, Katherine Mansfield, Virginia Woolf e Mary Butts) e angloamericana (William Faulkner, E. B. White, Jonathan Franzen), con specifica attenzione alle interferenze tra <em>fiction<\/em> e <em>nonfiction<\/em> e alla forma della <em>short story<\/em>;<\/li>\n<li>Persistenza dell\u2019eredit\u00e0 romantica nel Modernismo inglese, in particolare la lezione di T.S. Eliot e le alternative letterarie all\u2019impersonalit\u00e0rintracciabili nelle opere di Virginia Woolf, E. M. Forster, James Joyce e Katherine Mansfield.<\/li>\n<\/ol>\n<p style=\"font-weight: 400\"><strong><u>partecipazione a gruppi di ricerca<\/u><\/strong><\/p>\n<ol>\n<li>(dal 22-12-2023 al 21-12-2026) Partecipazione al gruppo di ricerca internazionale EEB (\u201c<strong>Essays Beyond Borders<\/strong>\u201d). PI: Mario Aquilina (University of Malta). Altri partner: Dru\u0161tvo Slovenskih Pisateljev (Slovenia), Universita di Pisa, Rijksuniversiteit Groningen (Netherlands), Universiteit Gent (Belgium). Fondi ottenuti su Bando Erasmus + 400.000 euro. Scopo del progetto \u00e8 quello di diffondere la pratica di scrittura del saggio come mezzo per rafforzare l\u2019impegno civico.<\/li>\n<li>(dal 1\/3\/2024 ) Partecipazione al gruppo di ricerca nazionale <strong>PRIN 2022<\/strong> (Reviving \u201cThe Liberal\u201d: Literature and Politics between Britain and Italy, 1821-23) Project Code: 2022M3FK9C_002 (dal 17\/10\/2023 al 16\/10\/2025); CUP: J53D23013720006. PI: Diego Saglia (Universit\u00e0 di Parma). Altri partner: Sapienza Universit\u00e0 di Roma, Universit\u00e0 di Bologna, Universit\u00e0 di Firenze). Financed by the European Union &#8211; NextGenerationEU under PNRR &#8211; Mission 4 Component 2, Investment 1.1. Unit\u00e0 pisana coordinata da Roberta Ferrari.<\/li>\n<li>Dal 2023: Membro del Gruppo di ricerca <em>TrAdE<\/em> (<em>Translation and Adaptation from\/into English<\/em>), presso il Dipartimento di Storia, Patrimonio Culturale, Formazione e Societ\u00e0 dell\u2019Universit\u00e0 degli studi di Roma \u201cTor Vergata\u201d (Direttrice: Prof.ssa Elisabetta Marino). <a href=\"https:\/\/gruppotrade-2019.uniroma2.it\/\">https:\/\/gruppotrade-2019.uniroma2.it<\/a><\/li>\n<li>(2020-2021) partecipazione al progetto di ricerca di ateneo [PRA_2020_63] <em>Configurazioni del simulacro tra letteratura, arte, tecnologia e societ<\/em><em>\u00e0<\/em>. Responsabile Scientifico Prof. Francesco Rossi.<\/li>\n<li>(2017-2019) partecipazione al progetto di ricerca di ateneo [PRA_2017_01] <em>Mediazioni culturali: figure e pratiche della letterariet<\/em><em>\u00e0<\/em><em>transnazionale<\/em>. Resp. Scientifico: Prof. Enrico di Pastena.<\/li>\n<li>(2017-18): Membro del comitato editoriale del Progetto Internazionale <em>MetBib &#8211; Bibliography of Metaphor &amp; Metonymy<\/em> (John Benjamins). Coordinatori generali: Antonio Barcelona Sa\u0301nchez (Cordoba, Spain) e Francisco J. Ruiz de Mendoza Iba\u0301n\u0303ez (La Rioja, Spain). Referente scientifico per l\u2019Universit\u00e0 di Pisa: Prof.ssa Marcella Bertuccelli.<\/li>\n<li>(2015-2016) partecipazione al progetto di ricerca di ateneo [PRA_2015_0098] <em>Dislocations\/Dislocazioni: lingue e letterature in prospettiva transnazionale<\/em>. Responsabile Scientifico Prof.ssa Francesca Fedi.<\/li>\n<li>(2015-2016) partecipazione al gruppo di lavoro per la redazione di schede bio-bibliografiche della Banca Dati \u201cDante in Inghilterra\u201d nel database <em>Dislocazioni Transnazionali<\/em>. Scenari in movimento. Individui e comunit\u00e0, testi ed oggetti, idee critiche <a href=\"http:\/\/www.dislocazioni-transnazionali.it\/\">http:\/\/www.dislocazioni-transnazionali.it<\/a> Responsabile Scientifico Prof.ssa Carla Dente.<\/li>\n<\/ol>\n<p style=\"font-weight: 400\"><strong><u>attivit<\/u><\/strong><strong><u>\u00e0<\/u><\/strong><strong><u> di formazione o ricerca in ambito nazionale e internazionale<\/u><\/strong><\/p>\n<ol>\n<li>(dal 1\/10\/2021 al 30\/9\/2022) Titolare di un assegno di ricerca annuale presso il Dipartimento di Filologia, Letteratura e Linguistica (Universit\u00e0\u0300 di Pisa). Titolo: \u201cUn turista letterario: William Hazlitt, l\u2019odeporica romantica e il saggio\u201d<\/li>\n<li>(gennaio 2020 \u2013 dicembre 2020) Visiting Scholar presso l\u2019<strong>oxford centre for life-writing<\/strong> del Wolfson College (University of Oxford), Director Prof. Elleke Boehmer. Proposer: Dr. Kate Kennedy. Seconder: Professor Dame Hermione Lee. Titolo: \u201cA Romantic Modernist: The import of late 19th-century criticism on Virginia Woolf\u2019s circumventing of T. S. Eliot\u2019s anti-Romantic <em>Diktat<\/em>\u201d<\/li>\n<li>(dal 19\/2\/2018 al 18\/2\/2020) Titolare di un assegno di ricerca biennale presso il Dipartimento di Filologia, Letteratura e Linguistica (Universit\u00e0\u0300 di Pisa). Titolo: \u201cEsuli culturali, migranti letterari: \u2018l\u2019effetto Baretti\u2019 nella prosa di Leigh Hunt e William Hazlitt\u201d.<\/li>\n<li>(giugno 2018) Partecipazione alla SUMMER SCHOOL organizzata da AIA (Associazione Italiana Anglistica): <em>British Romanticism Then and Now: Poetics, Language(s), Translation and Culture<\/em>, Viareggio, Villa Paolina, 4-9 giugno 2018.<\/li>\n<\/ol>\n<p style=\"font-weight: 400\"><strong><u>partecipazione al collegio docenti nell<\/u><\/strong><strong><u>\u2019<\/u><\/strong><strong><u>ambito di dottorati di ricerca<\/u><\/strong><\/p>\n<p style=\"font-weight: 400\">Dall\u2019aa. 2023-24 [ciclo 39]: Membro del collegio docenti del DOTTORATO IN STUDI COMPARATI: LINGUE, LETTERATURE E ARTI &#8211; DOT1427899] dell\u2019Universit\u00e0 degli studi di Roma \u201cTor Vergata\u201d. Direttore Prof. Raffaele Manica. Indirizzo: Lingue e letterature straniere.<\/p>\n<ol>\n<li style=\"font-weight: 400\">2023-24 [ciclo 39]: Co-supervisione (assieme a Rossana Sebellin) del progetto di ricerca triennale della dott.ssa Eleonora Tarabella. Titolo del progetto: <em>Il tempo, la natura e la frammentazione del s\u00e9 nelle opere di Katherine Mansfield e Virginia Woolf. <\/em><\/li>\n<\/ol>\n<p style=\"font-weight: 400\"><strong><u>conseguimento di premi e riconoscimenti per l<\/u><\/strong><strong><u>\u2019<\/u><\/strong><strong><u>attivit<\/u><\/strong><strong><u>\u00e0<\/u><\/strong><strong><u> scientifica<\/u><\/strong><\/p>\n<p style=\"font-weight: 400\">Aprile 2018: Vincitore del premio alla migliore tesi di dottorato dell\u2019Associazione Italiana di Anglistica per il 2018 (AIA-Carocci PhD Dissertation Prize).<\/p>\n<p style=\"font-weight: 400\"><strong><u>affiliazione a centri di ricerca interuniversitari<\/u><\/strong><\/p>\n<ol>\n<li>Dal 2023: Membro del Centro di Ricerca Interuniversitario di Argomentazione, Pragmatica e Stilistica (Argo) presso Universit\u00e0 di Napoli \u201cL\u2019Orientale\u201d. Affiliazione al progetto di ricerca (direttrice Prof. Angela di Benedetto, \u201cArgomentazione e Pratiche Discorsive\u201d). <a href=\"https:\/\/www.unior.it\/ateneo\/19061\/1\/il-centro-di-ricerca.html\">https:\/\/www.unior.it\/ateneo\/19061\/1\/il-centro-di-ricerca.html<\/a><\/li>\n<li>Dal 2022: Membro del Centro di Ricerca Interuniversitario Foscolo (CRIF). <a href=\"https:\/\/www.centrofoscolo.org\/\">https:\/\/www.centrofoscolo.org<\/a><\/li>\n<li>Dal 2018: Membro del Centro Interuniversitario per lo Studio del Romanticismo (CISR) presso Alma Mater Studiorum \u2013 Universita\u0300 di Bologna (Direttore: Prof. Diego Saglia). <a href=\"https:\/\/site.unibo.it\/cisr\/it\">https:\/\/site.unibo.it\/cisr\/it<\/a><\/li>\n<\/ol>\n","protected":false},"excerpt":{"rendered":"<p>principali linee di ricerca Teoria e storia del genere saggio in Inghilterra dal Settecento (Richard Steele, Joseph Addison, Samuel Johnson), al Romanticismo (Charles Lamb, William Hazlitt, Leigh Hunt, Thomas de Quincey, D. H. Thoreau), fino al Novecento (Virginia Woolf e H. Auden), con incursioni nel saggio americano (Nathaniel Hawthorne); Studio del life-writing ,con particolare attenzione [&hellip;]<\/p>\n","protected":false},"author":1,"featured_media":0,"parent":0,"menu_order":0,"comment_status":"closed","ping_status":"closed","template":"","meta":{"_acf_changed":false,"footnotes":""},"class_list":["post-10","page","type-page","status-publish","hentry"],"acf":[],"featured_image_src":null,"yoast_head":"<!-- This site is optimized with the Yoast SEO plugin v27.5 - https:\/\/yoast.com\/product\/yoast-seo-wordpress\/ -->\n<title>Ricerca - PAOLO BUGLIANI<\/title>\n<meta name=\"robots\" content=\"index, follow, max-snippet:-1, max-image-preview:large, max-video-preview:-1\" \/>\n<link rel=\"canonical\" href=\"https:\/\/people.unipi.it\/paolo_bugliani\/ricerca\/\" \/>\n<meta property=\"og:locale\" content=\"it_IT\" \/>\n<meta property=\"og:type\" content=\"article\" \/>\n<meta property=\"og:title\" content=\"Ricerca - PAOLO BUGLIANI\" \/>\n<meta property=\"og:description\" content=\"principali linee di ricerca Teoria e storia del genere saggio in Inghilterra dal Settecento (Richard Steele, Joseph Addison, Samuel Johnson), al Romanticismo (Charles Lamb, William Hazlitt, Leigh Hunt, Thomas de Quincey, D. H. Thoreau), fino al Novecento (Virginia Woolf e H. Auden), con incursioni nel saggio americano (Nathaniel Hawthorne); Studio del life-writing ,con particolare attenzione [&hellip;]\" \/>\n<meta property=\"og:url\" content=\"https:\/\/people.unipi.it\/paolo_bugliani\/ricerca\/\" \/>\n<meta property=\"og:site_name\" content=\"PAOLO BUGLIANI\" \/>\n<meta property=\"article:modified_time\" content=\"2024-08-27T12:31:08+00:00\" \/>\n<meta name=\"twitter:card\" content=\"summary_large_image\" \/>\n<meta name=\"twitter:label1\" content=\"Tempo di lettura stimato\" \/>\n\t<meta name=\"twitter:data1\" content=\"4 minuti\" \/>\n<script type=\"application\/ld+json\" class=\"yoast-schema-graph\">{\"@context\":\"https:\\\/\\\/schema.org\",\"@graph\":[{\"@type\":\"WebPage\",\"@id\":\"https:\\\/\\\/people.unipi.it\\\/paolo_bugliani\\\/ricerca\\\/\",\"url\":\"https:\\\/\\\/people.unipi.it\\\/paolo_bugliani\\\/ricerca\\\/\",\"name\":\"Ricerca - PAOLO BUGLIANI\",\"isPartOf\":{\"@id\":\"https:\\\/\\\/people.unipi.it\\\/paolo_bugliani\\\/#website\"},\"datePublished\":\"2015-04-08T09:14:27+00:00\",\"dateModified\":\"2024-08-27T12:31:08+00:00\",\"breadcrumb\":{\"@id\":\"https:\\\/\\\/people.unipi.it\\\/paolo_bugliani\\\/ricerca\\\/#breadcrumb\"},\"inLanguage\":\"it-IT\",\"potentialAction\":[{\"@type\":\"ReadAction\",\"target\":[\"https:\\\/\\\/people.unipi.it\\\/paolo_bugliani\\\/ricerca\\\/\"]}]},{\"@type\":\"BreadcrumbList\",\"@id\":\"https:\\\/\\\/people.unipi.it\\\/paolo_bugliani\\\/ricerca\\\/#breadcrumb\",\"itemListElement\":[{\"@type\":\"ListItem\",\"position\":1,\"name\":\"Home\",\"item\":\"https:\\\/\\\/people.unipi.it\\\/paolo_bugliani\\\/\"},{\"@type\":\"ListItem\",\"position\":2,\"name\":\"Ricerca\"}]},{\"@type\":\"WebSite\",\"@id\":\"https:\\\/\\\/people.unipi.it\\\/paolo_bugliani\\\/#website\",\"url\":\"https:\\\/\\\/people.unipi.it\\\/paolo_bugliani\\\/\",\"name\":\"PAOLO BUGLIANI\",\"description\":\"\",\"potentialAction\":[{\"@type\":\"SearchAction\",\"target\":{\"@type\":\"EntryPoint\",\"urlTemplate\":\"https:\\\/\\\/people.unipi.it\\\/paolo_bugliani\\\/?s={search_term_string}\"},\"query-input\":{\"@type\":\"PropertyValueSpecification\",\"valueRequired\":true,\"valueName\":\"search_term_string\"}}],\"inLanguage\":\"it-IT\"}]}<\/script>\n<!-- \/ Yoast SEO plugin. -->","yoast_head_json":{"title":"Ricerca - PAOLO BUGLIANI","robots":{"index":"index","follow":"follow","max-snippet":"max-snippet:-1","max-image-preview":"max-image-preview:large","max-video-preview":"max-video-preview:-1"},"canonical":"https:\/\/people.unipi.it\/paolo_bugliani\/ricerca\/","og_locale":"it_IT","og_type":"article","og_title":"Ricerca - PAOLO BUGLIANI","og_description":"principali linee di ricerca Teoria e storia del genere saggio in Inghilterra dal Settecento (Richard Steele, Joseph Addison, Samuel Johnson), al Romanticismo (Charles Lamb, William Hazlitt, Leigh Hunt, Thomas de Quincey, D. H. Thoreau), fino al Novecento (Virginia Woolf e H. Auden), con incursioni nel saggio americano (Nathaniel Hawthorne); Studio del life-writing ,con particolare attenzione [&hellip;]","og_url":"https:\/\/people.unipi.it\/paolo_bugliani\/ricerca\/","og_site_name":"PAOLO BUGLIANI","article_modified_time":"2024-08-27T12:31:08+00:00","twitter_card":"summary_large_image","twitter_misc":{"Tempo di lettura stimato":"4 minuti"},"schema":{"@context":"https:\/\/schema.org","@graph":[{"@type":"WebPage","@id":"https:\/\/people.unipi.it\/paolo_bugliani\/ricerca\/","url":"https:\/\/people.unipi.it\/paolo_bugliani\/ricerca\/","name":"Ricerca - PAOLO BUGLIANI","isPartOf":{"@id":"https:\/\/people.unipi.it\/paolo_bugliani\/#website"},"datePublished":"2015-04-08T09:14:27+00:00","dateModified":"2024-08-27T12:31:08+00:00","breadcrumb":{"@id":"https:\/\/people.unipi.it\/paolo_bugliani\/ricerca\/#breadcrumb"},"inLanguage":"it-IT","potentialAction":[{"@type":"ReadAction","target":["https:\/\/people.unipi.it\/paolo_bugliani\/ricerca\/"]}]},{"@type":"BreadcrumbList","@id":"https:\/\/people.unipi.it\/paolo_bugliani\/ricerca\/#breadcrumb","itemListElement":[{"@type":"ListItem","position":1,"name":"Home","item":"https:\/\/people.unipi.it\/paolo_bugliani\/"},{"@type":"ListItem","position":2,"name":"Ricerca"}]},{"@type":"WebSite","@id":"https:\/\/people.unipi.it\/paolo_bugliani\/#website","url":"https:\/\/people.unipi.it\/paolo_bugliani\/","name":"PAOLO BUGLIANI","description":"","potentialAction":[{"@type":"SearchAction","target":{"@type":"EntryPoint","urlTemplate":"https:\/\/people.unipi.it\/paolo_bugliani\/?s={search_term_string}"},"query-input":{"@type":"PropertyValueSpecification","valueRequired":true,"valueName":"search_term_string"}}],"inLanguage":"it-IT"}]}},"_links":{"self":[{"href":"https:\/\/people.unipi.it\/paolo_bugliani\/wp-json\/wp\/v2\/pages\/10","targetHints":{"allow":["GET"]}}],"collection":[{"href":"https:\/\/people.unipi.it\/paolo_bugliani\/wp-json\/wp\/v2\/pages"}],"about":[{"href":"https:\/\/people.unipi.it\/paolo_bugliani\/wp-json\/wp\/v2\/types\/page"}],"author":[{"embeddable":true,"href":"https:\/\/people.unipi.it\/paolo_bugliani\/wp-json\/wp\/v2\/users\/1"}],"replies":[{"embeddable":true,"href":"https:\/\/people.unipi.it\/paolo_bugliani\/wp-json\/wp\/v2\/comments?post=10"}],"version-history":[{"count":10,"href":"https:\/\/people.unipi.it\/paolo_bugliani\/wp-json\/wp\/v2\/pages\/10\/revisions"}],"predecessor-version":[{"id":237,"href":"https:\/\/people.unipi.it\/paolo_bugliani\/wp-json\/wp\/v2\/pages\/10\/revisions\/237"}],"wp:attachment":[{"href":"https:\/\/people.unipi.it\/paolo_bugliani\/wp-json\/wp\/v2\/media?parent=10"}],"curies":[{"name":"wp","href":"https:\/\/api.w.org\/{rel}","templated":true}]}}