{"id":10,"date":"2015-04-08T11:14:27","date_gmt":"2015-04-08T09:14:27","guid":{"rendered":"http:\/\/people.unipi.it\/cloner\/?page_id=10"},"modified":"2024-01-24T23:29:58","modified_gmt":"2024-01-24T22:29:58","slug":"ricerca","status":"publish","type":"page","link":"https:\/\/people.unipi.it\/marina_foschi\/ricerca\/","title":{"rendered":"Ricerca"},"content":{"rendered":"<p>Ambiti di ricerca: identit\u00e0 e stile del testo; generi letterari e generi testuali; indicatori grammaticali di poeticit\u00e0; grammatica essenziale del tedesco; medialit\u00e0, testologia e grammatica contrastiva (tedesco-italiano; tedesco-inglese); storia delle lingua, storia delle idee, etimologia; storia della germanistica, politica linguistica.<\/p>\n<p>\u00a0<\/p>\n\n\n<div data-wp-interactive=\"core\/file\" class=\"wp-block-file\"><object data-wp-bind--hidden=\"!state.hasPdfPreview\" hidden class=\"wp-block-file__embed\" data=\"https:\/\/people.unipi.it\/marina_foschi\/wp-content\/uploads\/sites\/140\/2024\/01\/2020-Ancient-Magic-2.pdf\" type=\"application\/pdf\" style=\"width:100%;height:600px\" aria-label=\"Incorporamento di 2020-Ancient-Magic-2.\"><\/object><a id=\"wp-block-file--media-e6e3199a-a1b4-4c54-87f5-fb8a63005ba1\" href=\"https:\/\/people.unipi.it\/marina_foschi\/wp-content\/uploads\/sites\/140\/2024\/01\/2020-Ancient-Magic-2.pdf\">2020-Ancient-Magic-2<\/a><a href=\"https:\/\/people.unipi.it\/marina_foschi\/wp-content\/uploads\/sites\/140\/2024\/01\/2020-Ancient-Magic-2.pdf\" class=\"wp-block-file__button wp-element-button\" download aria-describedby=\"wp-block-file--media-e6e3199a-a1b4-4c54-87f5-fb8a63005ba1\">Download<\/a><\/div>\n\n\n\n<div data-wp-interactive=\"core\/file\" class=\"wp-block-file\"><object data-wp-bind--hidden=\"!state.hasPdfPreview\" hidden class=\"wp-block-file__embed\" data=\"https:\/\/people.unipi.it\/marina_foschi\/wp-content\/uploads\/sites\/140\/2024\/01\/2021-Attribution-1.pdf\" type=\"application\/pdf\" style=\"width:100%;height:600px\" aria-label=\"Incorporamento di 2021-Attribution-1.\"><\/object><a id=\"wp-block-file--media-651ed9c9-1d80-4a66-bea7-2d0cbb3d8f1f\" href=\"https:\/\/people.unipi.it\/marina_foschi\/wp-content\/uploads\/sites\/140\/2024\/01\/2021-Attribution-1.pdf\">2021-Attribution-1<\/a><a href=\"https:\/\/people.unipi.it\/marina_foschi\/wp-content\/uploads\/sites\/140\/2024\/01\/2021-Attribution-1.pdf\" class=\"wp-block-file__button wp-element-button\" download aria-describedby=\"wp-block-file--media-651ed9c9-1d80-4a66-bea7-2d0cbb3d8f1f\">Download<\/a><\/div>\n\n\n\n<div data-wp-interactive=\"core\/file\" class=\"wp-block-file\"><object data-wp-bind--hidden=\"!state.hasPdfPreview\" hidden class=\"wp-block-file__embed\" data=\"https:\/\/people.unipi.it\/marina_foschi\/wp-content\/uploads\/sites\/140\/2024\/01\/2021-Textarchitektur.pdf\" type=\"application\/pdf\" style=\"width:100%;height:600px\" aria-label=\"Incorporamento di 2021-Textarchitektur.\"><\/object><a id=\"wp-block-file--media-820d2c44-ccb9-41e4-aa82-e58f5b473ff3\" href=\"https:\/\/people.unipi.it\/marina_foschi\/wp-content\/uploads\/sites\/140\/2024\/01\/2021-Textarchitektur.pdf\">2021-Textarchitektur<\/a><a href=\"https:\/\/people.unipi.it\/marina_foschi\/wp-content\/uploads\/sites\/140\/2024\/01\/2021-Textarchitektur.pdf\" class=\"wp-block-file__button wp-element-button\" download aria-describedby=\"wp-block-file--media-820d2c44-ccb9-41e4-aa82-e58f5b473ff3\">Download<\/a><\/div>\n\n\n\n<div data-wp-interactive=\"core\/file\" class=\"wp-block-file\"><object data-wp-bind--hidden=\"!state.hasPdfPreview\" hidden class=\"wp-block-file__embed\" data=\"https:\/\/people.unipi.it\/marina_foschi\/wp-content\/uploads\/sites\/140\/2024\/01\/2022-I.-Bachmann-Il-caso-Montesi-e-il-caso-Franza-1.pdf\" type=\"application\/pdf\" style=\"width:100%;height:600px\" aria-label=\"Incorporamento di 2022-I.-Bachmann-Il-caso-Montesi-e-il-caso-Franza-1.\"><\/object><a id=\"wp-block-file--media-bbaf1807-df1d-49d0-9eb2-fc2a72c3b388\" href=\"https:\/\/people.unipi.it\/marina_foschi\/wp-content\/uploads\/sites\/140\/2024\/01\/2022-I.-Bachmann-Il-caso-Montesi-e-il-caso-Franza-1.pdf\">2022-I.-Bachmann-Il-caso-Montesi-e-il-caso-Franza-1<\/a><a href=\"https:\/\/people.unipi.it\/marina_foschi\/wp-content\/uploads\/sites\/140\/2024\/01\/2022-I.-Bachmann-Il-caso-Montesi-e-il-caso-Franza-1.pdf\" class=\"wp-block-file__button wp-element-button\" download aria-describedby=\"wp-block-file--media-bbaf1807-df1d-49d0-9eb2-fc2a72c3b388\">Download<\/a><\/div>\n\n\n\n<div data-wp-interactive=\"core\/file\" class=\"wp-block-file\"><object data-wp-bind--hidden=\"!state.hasPdfPreview\" hidden class=\"wp-block-file__embed\" data=\"https:\/\/people.unipi.it\/marina_foschi\/wp-content\/uploads\/sites\/140\/2024\/01\/2022-Tradurre-lo-stile.pdf\" type=\"application\/pdf\" style=\"width:100%;height:600px\" aria-label=\"Incorporamento di 2022-Tradurre-lo-stile.\"><\/object><a id=\"wp-block-file--media-4e81aef9-8ddc-4bb8-9ea2-1ee667a10a33\" href=\"https:\/\/people.unipi.it\/marina_foschi\/wp-content\/uploads\/sites\/140\/2024\/01\/2022-Tradurre-lo-stile.pdf\">2022-Tradurre-lo-stile<\/a><a href=\"https:\/\/people.unipi.it\/marina_foschi\/wp-content\/uploads\/sites\/140\/2024\/01\/2022-Tradurre-lo-stile.pdf\" class=\"wp-block-file__button wp-element-button\" download aria-describedby=\"wp-block-file--media-4e81aef9-8ddc-4bb8-9ea2-1ee667a10a33\">Download<\/a><\/div>\n\n\n\n<div data-wp-interactive=\"core\/file\" class=\"wp-block-file\"><object data-wp-bind--hidden=\"!state.hasPdfPreview\" hidden class=\"wp-block-file__embed\" data=\"https:\/\/people.unipi.it\/marina_foschi\/wp-content\/uploads\/sites\/140\/2024\/01\/2023-Lutero-Individuum.pdf\" type=\"application\/pdf\" style=\"width:100%;height:600px\" aria-label=\"Incorporamento di 2023-Lutero-Individuum.\"><\/object><a id=\"wp-block-file--media-30c59d6a-939d-4ceb-971c-5477ed2f729c\" href=\"https:\/\/people.unipi.it\/marina_foschi\/wp-content\/uploads\/sites\/140\/2024\/01\/2023-Lutero-Individuum.pdf\">2023-Lutero-Individuum<\/a><a href=\"https:\/\/people.unipi.it\/marina_foschi\/wp-content\/uploads\/sites\/140\/2024\/01\/2023-Lutero-Individuum.pdf\" class=\"wp-block-file__button wp-element-button\" download aria-describedby=\"wp-block-file--media-30c59d6a-939d-4ceb-971c-5477ed2f729c\">Download<\/a><\/div>\n\n\n\n<div data-wp-interactive=\"core\/file\" class=\"wp-block-file\"><object data-wp-bind--hidden=\"!state.hasPdfPreview\" hidden class=\"wp-block-file__embed\" data=\"https:\/\/people.unipi.it\/marina_foschi\/wp-content\/uploads\/sites\/140\/2024\/01\/2023-Nahe-und-Ferne-1.pdf\" type=\"application\/pdf\" style=\"width:100%;height:600px\" aria-label=\"Incorporamento di 2023-Nahe-und-Ferne-1.\"><\/object><a id=\"wp-block-file--media-4f5dfa2f-58a0-4b4e-8263-8edf7a8c4393\" href=\"https:\/\/people.unipi.it\/marina_foschi\/wp-content\/uploads\/sites\/140\/2024\/01\/2023-Nahe-und-Ferne-1.pdf\">2023-Nahe-und-Ferne-1<\/a><a href=\"https:\/\/people.unipi.it\/marina_foschi\/wp-content\/uploads\/sites\/140\/2024\/01\/2023-Nahe-und-Ferne-1.pdf\" class=\"wp-block-file__button wp-element-button\" download aria-describedby=\"wp-block-file--media-4f5dfa2f-58a0-4b4e-8263-8edf7a8c4393\">Download<\/a><\/div>\n\n\n\n<div data-wp-interactive=\"core\/file\" class=\"wp-block-file\"><object data-wp-bind--hidden=\"!state.hasPdfPreview\" hidden class=\"wp-block-file__embed\" data=\"https:\/\/people.unipi.it\/marina_foschi\/wp-content\/uploads\/sites\/140\/2024\/01\/2023-Stechlin-1.pdf\" type=\"application\/pdf\" style=\"width:100%;height:600px\" aria-label=\"Incorporamento di 2023-Stechlin-1.\"><\/object><a id=\"wp-block-file--media-a532ef27-9c59-4516-8db0-8162a2899ef5\" href=\"https:\/\/people.unipi.it\/marina_foschi\/wp-content\/uploads\/sites\/140\/2024\/01\/2023-Stechlin-1.pdf\">2023-Stechlin-1<\/a><a href=\"https:\/\/people.unipi.it\/marina_foschi\/wp-content\/uploads\/sites\/140\/2024\/01\/2023-Stechlin-1.pdf\" class=\"wp-block-file__button wp-element-button\" download aria-describedby=\"wp-block-file--media-a532ef27-9c59-4516-8db0-8162a2899ef5\">Download<\/a><\/div>\n\n\n\n<div data-wp-interactive=\"core\/file\" class=\"wp-block-file\"><object data-wp-bind--hidden=\"!state.hasPdfPreview\" hidden class=\"wp-block-file__embed\" data=\"https:\/\/people.unipi.it\/marina_foschi\/wp-content\/uploads\/sites\/140\/2024\/01\/2023_MOE-MUSIL-IN-ITALIENISCHER-UBERSETZUNG_FOSCHI_GRAZZINI-1.pdf\" type=\"application\/pdf\" style=\"width:100%;height:600px\" aria-label=\"Incorporamento di 2023_MOE-MUSIL-IN-ITALIENISCHER-UBERSETZUNG_FOSCHI_GRAZZINI-1.\"><\/object><a id=\"wp-block-file--media-5bd86440-f09b-45cc-9498-40235de51afd\" href=\"https:\/\/people.unipi.it\/marina_foschi\/wp-content\/uploads\/sites\/140\/2024\/01\/2023_MOE-MUSIL-IN-ITALIENISCHER-UBERSETZUNG_FOSCHI_GRAZZINI-1.pdf\">2023_MOE-MUSIL-IN-ITALIENISCHER-UBERSETZUNG_FOSCHI_GRAZZINI-1<\/a><a href=\"https:\/\/people.unipi.it\/marina_foschi\/wp-content\/uploads\/sites\/140\/2024\/01\/2023_MOE-MUSIL-IN-ITALIENISCHER-UBERSETZUNG_FOSCHI_GRAZZINI-1.pdf\" class=\"wp-block-file__button wp-element-button\" download aria-describedby=\"wp-block-file--media-5bd86440-f09b-45cc-9498-40235de51afd\">Download<\/a><\/div>\n","protected":false},"excerpt":{"rendered":"<p>Ambiti di ricerca: identit\u00e0 e stile del testo; generi letterari e generi testuali; indicatori grammaticali di poeticit\u00e0; grammatica essenziale del tedesco; medialit\u00e0, testologia e grammatica contrastiva (tedesco-italiano; tedesco-inglese); storia delle lingua, storia delle idee, etimologia; storia della germanistica, politica linguistica. \u00a0<\/p>\n","protected":false},"author":1,"featured_media":0,"parent":0,"menu_order":0,"comment_status":"closed","ping_status":"closed","template":"","meta":{"_acf_changed":false,"footnotes":""},"class_list":["post-10","page","type-page","status-publish","hentry"],"acf":[],"featured_image_src":null,"yoast_head":"<!-- This site is optimized with the Yoast SEO plugin v27.5 - https:\/\/yoast.com\/product\/yoast-seo-wordpress\/ -->\n<title>Ricerca - Marina Foschi<\/title>\n<meta name=\"robots\" content=\"index, follow, max-snippet:-1, max-image-preview:large, max-video-preview:-1\" \/>\n<link rel=\"canonical\" href=\"https:\/\/people.unipi.it\/marina_foschi\/ricerca\/\" \/>\n<meta property=\"og:locale\" content=\"it_IT\" \/>\n<meta property=\"og:type\" content=\"article\" \/>\n<meta property=\"og:title\" content=\"Ricerca - Marina Foschi\" \/>\n<meta property=\"og:description\" content=\"Ambiti di ricerca: identit\u00e0 e stile del testo; generi letterari e generi testuali; indicatori grammaticali di poeticit\u00e0; grammatica essenziale del tedesco; medialit\u00e0, testologia e grammatica contrastiva (tedesco-italiano; tedesco-inglese); storia delle lingua, storia delle idee, etimologia; storia della germanistica, politica linguistica. \u00a0\" \/>\n<meta property=\"og:url\" content=\"https:\/\/people.unipi.it\/marina_foschi\/ricerca\/\" \/>\n<meta property=\"og:site_name\" content=\"Marina Foschi\" \/>\n<meta property=\"article:modified_time\" content=\"2024-01-24T22:29:58+00:00\" \/>\n<meta name=\"twitter:card\" content=\"summary_large_image\" \/>\n<script type=\"application\/ld+json\" class=\"yoast-schema-graph\">{\"@context\":\"https:\\\/\\\/schema.org\",\"@graph\":[{\"@type\":\"WebPage\",\"@id\":\"https:\\\/\\\/people.unipi.it\\\/marina_foschi\\\/ricerca\\\/\",\"url\":\"https:\\\/\\\/people.unipi.it\\\/marina_foschi\\\/ricerca\\\/\",\"name\":\"Ricerca - Marina Foschi\",\"isPartOf\":{\"@id\":\"https:\\\/\\\/people.unipi.it\\\/marina_foschi\\\/#website\"},\"datePublished\":\"2015-04-08T09:14:27+00:00\",\"dateModified\":\"2024-01-24T22:29:58+00:00\",\"breadcrumb\":{\"@id\":\"https:\\\/\\\/people.unipi.it\\\/marina_foschi\\\/ricerca\\\/#breadcrumb\"},\"inLanguage\":\"it-IT\",\"potentialAction\":[{\"@type\":\"ReadAction\",\"target\":[\"https:\\\/\\\/people.unipi.it\\\/marina_foschi\\\/ricerca\\\/\"]}]},{\"@type\":\"BreadcrumbList\",\"@id\":\"https:\\\/\\\/people.unipi.it\\\/marina_foschi\\\/ricerca\\\/#breadcrumb\",\"itemListElement\":[{\"@type\":\"ListItem\",\"position\":1,\"name\":\"Home\",\"item\":\"https:\\\/\\\/people.unipi.it\\\/marina_foschi\\\/\"},{\"@type\":\"ListItem\",\"position\":2,\"name\":\"Ricerca\"}]},{\"@type\":\"WebSite\",\"@id\":\"https:\\\/\\\/people.unipi.it\\\/marina_foschi\\\/#website\",\"url\":\"https:\\\/\\\/people.unipi.it\\\/marina_foschi\\\/\",\"name\":\"Marina Foschi\",\"description\":\"Universit\u00e0 di Pisa\",\"potentialAction\":[{\"@type\":\"SearchAction\",\"target\":{\"@type\":\"EntryPoint\",\"urlTemplate\":\"https:\\\/\\\/people.unipi.it\\\/marina_foschi\\\/?s={search_term_string}\"},\"query-input\":{\"@type\":\"PropertyValueSpecification\",\"valueRequired\":true,\"valueName\":\"search_term_string\"}}],\"inLanguage\":\"it-IT\"}]}<\/script>\n<!-- \/ Yoast SEO plugin. -->","yoast_head_json":{"title":"Ricerca - Marina Foschi","robots":{"index":"index","follow":"follow","max-snippet":"max-snippet:-1","max-image-preview":"max-image-preview:large","max-video-preview":"max-video-preview:-1"},"canonical":"https:\/\/people.unipi.it\/marina_foschi\/ricerca\/","og_locale":"it_IT","og_type":"article","og_title":"Ricerca - Marina Foschi","og_description":"Ambiti di ricerca: identit\u00e0 e stile del testo; generi letterari e generi testuali; indicatori grammaticali di poeticit\u00e0; grammatica essenziale del tedesco; medialit\u00e0, testologia e grammatica contrastiva (tedesco-italiano; tedesco-inglese); storia delle lingua, storia delle idee, etimologia; storia della germanistica, politica linguistica. \u00a0","og_url":"https:\/\/people.unipi.it\/marina_foschi\/ricerca\/","og_site_name":"Marina Foschi","article_modified_time":"2024-01-24T22:29:58+00:00","twitter_card":"summary_large_image","schema":{"@context":"https:\/\/schema.org","@graph":[{"@type":"WebPage","@id":"https:\/\/people.unipi.it\/marina_foschi\/ricerca\/","url":"https:\/\/people.unipi.it\/marina_foschi\/ricerca\/","name":"Ricerca - Marina Foschi","isPartOf":{"@id":"https:\/\/people.unipi.it\/marina_foschi\/#website"},"datePublished":"2015-04-08T09:14:27+00:00","dateModified":"2024-01-24T22:29:58+00:00","breadcrumb":{"@id":"https:\/\/people.unipi.it\/marina_foschi\/ricerca\/#breadcrumb"},"inLanguage":"it-IT","potentialAction":[{"@type":"ReadAction","target":["https:\/\/people.unipi.it\/marina_foschi\/ricerca\/"]}]},{"@type":"BreadcrumbList","@id":"https:\/\/people.unipi.it\/marina_foschi\/ricerca\/#breadcrumb","itemListElement":[{"@type":"ListItem","position":1,"name":"Home","item":"https:\/\/people.unipi.it\/marina_foschi\/"},{"@type":"ListItem","position":2,"name":"Ricerca"}]},{"@type":"WebSite","@id":"https:\/\/people.unipi.it\/marina_foschi\/#website","url":"https:\/\/people.unipi.it\/marina_foschi\/","name":"Marina Foschi","description":"Universit\u00e0 di Pisa","potentialAction":[{"@type":"SearchAction","target":{"@type":"EntryPoint","urlTemplate":"https:\/\/people.unipi.it\/marina_foschi\/?s={search_term_string}"},"query-input":{"@type":"PropertyValueSpecification","valueRequired":true,"valueName":"search_term_string"}}],"inLanguage":"it-IT"}]}},"_links":{"self":[{"href":"https:\/\/people.unipi.it\/marina_foschi\/wp-json\/wp\/v2\/pages\/10","targetHints":{"allow":["GET"]}}],"collection":[{"href":"https:\/\/people.unipi.it\/marina_foschi\/wp-json\/wp\/v2\/pages"}],"about":[{"href":"https:\/\/people.unipi.it\/marina_foschi\/wp-json\/wp\/v2\/types\/page"}],"author":[{"embeddable":true,"href":"https:\/\/people.unipi.it\/marina_foschi\/wp-json\/wp\/v2\/users\/1"}],"replies":[{"embeddable":true,"href":"https:\/\/people.unipi.it\/marina_foschi\/wp-json\/wp\/v2\/comments?post=10"}],"version-history":[{"count":11,"href":"https:\/\/people.unipi.it\/marina_foschi\/wp-json\/wp\/v2\/pages\/10\/revisions"}],"predecessor-version":[{"id":179,"href":"https:\/\/people.unipi.it\/marina_foschi\/wp-json\/wp\/v2\/pages\/10\/revisions\/179"}],"wp:attachment":[{"href":"https:\/\/people.unipi.it\/marina_foschi\/wp-json\/wp\/v2\/media?parent=10"}],"curies":[{"name":"wp","href":"https:\/\/api.w.org\/{rel}","templated":true}]}}