{"id":6,"date":"2015-04-08T11:11:35","date_gmt":"2015-04-08T09:11:35","guid":{"rendered":"http:\/\/people.unipi.it\/cloner\/?page_id=6"},"modified":"2025-11-16T17:30:25","modified_gmt":"2025-11-16T16:30:25","slug":"teaching","status":"publish","type":"page","link":"https:\/\/people.unipi.it\/luca_sanguinetti\/teaching\/","title":{"rendered":"Teaching"},"content":{"rendered":"<p>I am currently teaching courses at the <a href=\"http:\/\/www.ing.unipi.it\/en\/\">School of Engineering<\/a> of University of Pisa.<\/p>\n<p><strong>Office hours<\/strong>: make an appointment <a href=\"mailto:luca.sanguinetti@unipi.it\">luca.sanguinetti@unipi.it<\/a><\/p>\n<div class=\"clear\"><\/div>\n<div class=\"boxhr\">\n<hr style=\"color: #003366\" \/>\n<\/div>\n<div class=\"clear\"><\/div>\n<h4><a href=\"https:\/\/unipi.coursecatalogue.cineca.it\/insegnamenti\/2026\/53303_703122_77179\/2025\/53303\/11562\">Intelligent Wireless Technologies<\/a> (Cod. 1037II)<\/h4>\n<p>Laurea Magistrale Degree in &#8220;<a href=\"https:\/\/www.tlc.ing.unipi.it\">Communications Engineering<\/a>&#8221;, School of Engineering.<\/p>\n<div class=\"clear\"><\/div>\n<div class=\"boxhr\">\n<hr style=\"color: #003366\" \/>\n<\/div>\n<div class=\"clear\"><\/div>\n<h4><a href=\"https:\/\/unipi.coursecatalogue.cineca.it\/insegnamenti\/2026\/53295_702861_64722\/2025\/53295\/11550\">Segnali e Sistemi<\/a> (Cod. 134II)<\/h4>\n<p>Laurea Triennale Degree in &#8220;<a href=\"https:\/\/www.tlc.ing.unipi.it\">Ingegneria Delle Telecomunicazioni<\/a>&#8221;, School of Engineering.<\/p>\n<p><strong>Textbook<\/strong>: M. Luise, G. Vitetta <a href=\"https:\/\/www.amazon.it\/Teoria-dei-segnali-Marco-Luise\/dp\/8838665834\">Teoria dei segnali<\/a>, McGraw Hill.<\/p>\n<div class=\"clear\"><\/div>\n<div class=\"boxhr\">\n<hr style=\"color: #003366\" \/>\n<\/div>\n<div class=\"clear\"><\/div>\n<h4><a href=\"https:\/\/unimap.unipi.it\/registri\/registri.php?ri=011448&amp;tmplt=principale.tpl&amp;aa=2019\">Comunicazioni Numeriche<\/a> (Cod. 075II)<\/h4>\n<p>Laurea Triennale Degree in &#8220;<a href=\"https:\/\/computer.ing.unipi.it\/inginf-l\">Ingegneria Informatica<\/a>&#8221;, School of Engineering..<br \/>\n<strong>Textbooks<\/strong>: *S. Haykin <a href=\"https:\/\/www.amazon.it\/Digital-Communication-Systems-Introduction-2013-04-05\/dp\/B01K0RRIS4\/ref=sr_1_2?__mk_it_IT=\u00c5M\u00c5\u017d\u00d5\u00d1&amp;keywords=Simon+hay+kin+digital+communications&amp;qid=1569175077&amp;s=books&amp;sr=1-2-spell\">Digital Communication Systems<\/a>, Wiley. *Leon Couch\u00a0<a href=\"https:\/\/www.amazon.it\/Digital-Communication-Systems-Introduction-2013-04-05\/dp\/B01K0RRIS4\/ref=sr_1_2?__mk_it_IT=\u00c5M\u00c5\u017d\u00d5\u00d1&amp;keywords=Simon+hay+kin+digital+communications&amp;qid=1569175077&amp;s=books&amp;sr=1-2-spell\">Analog and Digital Communication Systems<\/a>, Pearson.<\/p>\n<div class=\"clear\"><\/div>\n<div>\n<hr style=\"color: #003366\" \/>\n<\/div>\n<div class=\"boxhr\">\n<p><strong>Past classes<\/strong><\/p>\n<h4><a href=\"https:\/\/unimap.unipi.it\/registri\/registri.php?ri=011448&amp;tmplt=principale.tpl&amp;aa=2019\">5G and Beyond Communications<\/a>\u00a0(Cod. 1042II)<\/h4>\n<p>Laurea Magistrale Degree in &#8220;<a href=\"https:\/\/www.tlc.ing.unipi.it\">Ingegneria Delle Telecomunicazioni<\/a>&#8221;, School of Engineering.<\/p>\n<\/div>\n<h4><a href=\"https:\/\/unimap.unipi.it\/registri\/registri.php?ri=011448&amp;tmplt=principale.tpl&amp;aa=2019\">Comunicazioni Digitali<\/a> (Cod. 536II)<\/h4>\n<p>Laurea Magistrale Degree in &#8220;<a href=\"https:\/\/www.tlc.ing.unipi.it\/en\/\">Ingegneria Delle Telecomunicazioni<\/a>&#8221;, School of Engineering.<\/p>\n<h4><a href=\"https:\/\/unimap.unipi.it\/registri\/registri.php?ri=011448&amp;tmplt=principale.tpl&amp;aa=2019\">Fundamental Of Signals and Systems<\/a> (Cod. 919II)<\/h4>\n<p>Laurea Magistrale Degree in &#8220;<a href=\"https:\/\/www.di.unipi.it\/it\/didattica\/wtw-lm\">Informatica and Networking<\/a>&#8221;, Department of Computer Science.<br \/>\n<strong>Textbook<\/strong>: S. Haykin <a href=\"https:\/\/www.amazon.it\/Digital-Communication-Systems-Introduction-2013-04-05\/dp\/B01K0RRIS4\/ref=sr_1_2?__mk_it_IT=\u00c5M\u00c5\u017d\u00d5\u00d1&amp;keywords=Simon+hay+kin+digital+communications&amp;qid=1569175077&amp;s=books&amp;sr=1-2-spell\">Digital Communication Systems<\/a>, Wiley.<\/p>\n<h4><a href=\"https:\/\/unimap.unipi.it\/registri\/registri.php?ri=011448&amp;tmplt=principale.tpl&amp;aa=2019\">Analisi dei Segnali e Telemetria<\/a> (Cod. 725II)<\/h4>\n<p>Laurea Magistrale Degree in &#8220;<a href=\"http:\/\/www.veicoli.ing.unipi.it\">Ingegneria Dei Veicoli<\/a>&#8221;, School of Engineering.<\/p>\n<p><strong>Textbook<\/strong>: M. Luise, G. Vitetta <a href=\"https:\/\/www.amazon.it\/Teoria-dei-segnali-Marco-Luise\/dp\/8838665834\">Teoria dei segnali<\/a>, McGraw Hill.<\/p>\n","protected":false},"excerpt":{"rendered":"<p>I am currently teaching courses at the School of Engineering of University of Pisa. Office hours: make an appointment luca.sanguinetti@unipi.it&hellip;<\/p>\n<p><a class=\"btn btn-dark btn-sm unipi-read-more-link\" href=\"https:\/\/people.unipi.it\/luca_sanguinetti\/teaching\/\">Leggi tutto&#8230;<\/a><\/p>\n","protected":false},"author":1,"featured_media":0,"parent":0,"menu_order":0,"comment_status":"closed","ping_status":"closed","template":"","meta":{"_acf_changed":false,"footnotes":""},"class_list":["post-6","page","type-page","status-publish","hentry"],"acf":[],"featured_image_src":null,"yoast_head":"<!-- This site is optimized with the Yoast SEO plugin v27.6 - https:\/\/yoast.com\/product\/yoast-seo-wordpress\/ -->\n<title>Teaching - Luca Sanguinetti<\/title>\n<meta name=\"robots\" content=\"index, follow, max-snippet:-1, max-image-preview:large, max-video-preview:-1\" \/>\n<link rel=\"canonical\" href=\"https:\/\/people.unipi.it\/luca_sanguinetti\/teaching\/\" \/>\n<meta property=\"og:locale\" content=\"it_IT\" \/>\n<meta property=\"og:type\" content=\"article\" \/>\n<meta property=\"og:title\" content=\"Teaching - Luca Sanguinetti\" \/>\n<meta property=\"og:description\" content=\"I am currently teaching courses at the School of Engineering of University of Pisa. Office hours: make an appointment luca.sanguinetti@unipi.it&hellip;Leggi tutto...\" \/>\n<meta property=\"og:url\" content=\"https:\/\/people.unipi.it\/luca_sanguinetti\/teaching\/\" \/>\n<meta property=\"og:site_name\" content=\"Luca Sanguinetti\" \/>\n<meta property=\"article:modified_time\" content=\"2025-11-16T16:30:25+00:00\" \/>\n<meta name=\"twitter:card\" content=\"summary_large_image\" \/>\n<meta name=\"twitter:label1\" content=\"Tempo di lettura stimato\" \/>\n\t<meta name=\"twitter:data1\" content=\"1 minuto\" \/>\n<script type=\"application\/ld+json\" class=\"yoast-schema-graph\">{\"@context\":\"https:\\\/\\\/schema.org\",\"@graph\":[{\"@type\":\"WebPage\",\"@id\":\"https:\\\/\\\/people.unipi.it\\\/luca_sanguinetti\\\/teaching\\\/\",\"url\":\"https:\\\/\\\/people.unipi.it\\\/luca_sanguinetti\\\/teaching\\\/\",\"name\":\"Teaching - Luca Sanguinetti\",\"isPartOf\":{\"@id\":\"https:\\\/\\\/people.unipi.it\\\/luca_sanguinetti\\\/#website\"},\"datePublished\":\"2015-04-08T09:11:35+00:00\",\"dateModified\":\"2025-11-16T16:30:25+00:00\",\"breadcrumb\":{\"@id\":\"https:\\\/\\\/people.unipi.it\\\/luca_sanguinetti\\\/teaching\\\/#breadcrumb\"},\"inLanguage\":\"it-IT\",\"potentialAction\":[{\"@type\":\"ReadAction\",\"target\":[\"https:\\\/\\\/people.unipi.it\\\/luca_sanguinetti\\\/teaching\\\/\"]}]},{\"@type\":\"BreadcrumbList\",\"@id\":\"https:\\\/\\\/people.unipi.it\\\/luca_sanguinetti\\\/teaching\\\/#breadcrumb\",\"itemListElement\":[{\"@type\":\"ListItem\",\"position\":1,\"name\":\"Home\",\"item\":\"https:\\\/\\\/people.unipi.it\\\/luca_sanguinetti\\\/\"},{\"@type\":\"ListItem\",\"position\":2,\"name\":\"Teaching\"}]},{\"@type\":\"WebSite\",\"@id\":\"https:\\\/\\\/people.unipi.it\\\/luca_sanguinetti\\\/#website\",\"url\":\"https:\\\/\\\/people.unipi.it\\\/luca_sanguinetti\\\/\",\"name\":\"Luca Sanguinetti\",\"description\":\"\",\"potentialAction\":[{\"@type\":\"SearchAction\",\"target\":{\"@type\":\"EntryPoint\",\"urlTemplate\":\"https:\\\/\\\/people.unipi.it\\\/luca_sanguinetti\\\/?s={search_term_string}\"},\"query-input\":{\"@type\":\"PropertyValueSpecification\",\"valueRequired\":true,\"valueName\":\"search_term_string\"}}],\"inLanguage\":\"it-IT\"}]}<\/script>\n<!-- \/ Yoast SEO plugin. -->","yoast_head_json":{"title":"Teaching - Luca Sanguinetti","robots":{"index":"index","follow":"follow","max-snippet":"max-snippet:-1","max-image-preview":"max-image-preview:large","max-video-preview":"max-video-preview:-1"},"canonical":"https:\/\/people.unipi.it\/luca_sanguinetti\/teaching\/","og_locale":"it_IT","og_type":"article","og_title":"Teaching - Luca Sanguinetti","og_description":"I am currently teaching courses at the School of Engineering of University of Pisa. Office hours: make an appointment luca.sanguinetti@unipi.it&hellip;Leggi tutto...","og_url":"https:\/\/people.unipi.it\/luca_sanguinetti\/teaching\/","og_site_name":"Luca Sanguinetti","article_modified_time":"2025-11-16T16:30:25+00:00","twitter_card":"summary_large_image","twitter_misc":{"Tempo di lettura stimato":"1 minuto"},"schema":{"@context":"https:\/\/schema.org","@graph":[{"@type":"WebPage","@id":"https:\/\/people.unipi.it\/luca_sanguinetti\/teaching\/","url":"https:\/\/people.unipi.it\/luca_sanguinetti\/teaching\/","name":"Teaching - Luca Sanguinetti","isPartOf":{"@id":"https:\/\/people.unipi.it\/luca_sanguinetti\/#website"},"datePublished":"2015-04-08T09:11:35+00:00","dateModified":"2025-11-16T16:30:25+00:00","breadcrumb":{"@id":"https:\/\/people.unipi.it\/luca_sanguinetti\/teaching\/#breadcrumb"},"inLanguage":"it-IT","potentialAction":[{"@type":"ReadAction","target":["https:\/\/people.unipi.it\/luca_sanguinetti\/teaching\/"]}]},{"@type":"BreadcrumbList","@id":"https:\/\/people.unipi.it\/luca_sanguinetti\/teaching\/#breadcrumb","itemListElement":[{"@type":"ListItem","position":1,"name":"Home","item":"https:\/\/people.unipi.it\/luca_sanguinetti\/"},{"@type":"ListItem","position":2,"name":"Teaching"}]},{"@type":"WebSite","@id":"https:\/\/people.unipi.it\/luca_sanguinetti\/#website","url":"https:\/\/people.unipi.it\/luca_sanguinetti\/","name":"Luca Sanguinetti","description":"","potentialAction":[{"@type":"SearchAction","target":{"@type":"EntryPoint","urlTemplate":"https:\/\/people.unipi.it\/luca_sanguinetti\/?s={search_term_string}"},"query-input":{"@type":"PropertyValueSpecification","valueRequired":true,"valueName":"search_term_string"}}],"inLanguage":"it-IT"}]}},"_links":{"self":[{"href":"https:\/\/people.unipi.it\/luca_sanguinetti\/wp-json\/wp\/v2\/pages\/6","targetHints":{"allow":["GET"]}}],"collection":[{"href":"https:\/\/people.unipi.it\/luca_sanguinetti\/wp-json\/wp\/v2\/pages"}],"about":[{"href":"https:\/\/people.unipi.it\/luca_sanguinetti\/wp-json\/wp\/v2\/types\/page"}],"author":[{"embeddable":true,"href":"https:\/\/people.unipi.it\/luca_sanguinetti\/wp-json\/wp\/v2\/users\/1"}],"replies":[{"embeddable":true,"href":"https:\/\/people.unipi.it\/luca_sanguinetti\/wp-json\/wp\/v2\/comments?post=6"}],"version-history":[{"count":37,"href":"https:\/\/people.unipi.it\/luca_sanguinetti\/wp-json\/wp\/v2\/pages\/6\/revisions"}],"predecessor-version":[{"id":809,"href":"https:\/\/people.unipi.it\/luca_sanguinetti\/wp-json\/wp\/v2\/pages\/6\/revisions\/809"}],"wp:attachment":[{"href":"https:\/\/people.unipi.it\/luca_sanguinetti\/wp-json\/wp\/v2\/media?parent=6"}],"curies":[{"name":"wp","href":"https:\/\/api.w.org\/{rel}","templated":true}]}}