{"id":239,"date":"2023-03-19T15:48:30","date_gmt":"2023-03-19T14:48:30","guid":{"rendered":"https:\/\/people.unipi.it\/luca_mori\/?page_id=239"},"modified":"2023-04-20T15:55:07","modified_gmt":"2023-04-20T13:55:07","slug":"filosofia-per-adolescenti","status":"publish","type":"page","link":"https:\/\/people.unipi.it\/luca_mori\/filosofia-per-adolescenti\/","title":{"rendered":"Filosofia per adolescenti: l&#8217;arte della cura di s\u00e9 e delle relazioni"},"content":{"rendered":"\n<figure class=\"wp-block-image size-full is-resized is-style-default\"><a href=\"https:\/\/people.unipi.it\/luca_mori\/wp-content\/uploads\/sites\/632\/2023\/03\/loghidipcfs.png\"><img loading=\"lazy\" decoding=\"async\" src=\"https:\/\/people.unipi.it\/luca_mori\/wp-content\/uploads\/sites\/632\/2023\/03\/loghidipcfs.png\" alt=\"\" class=\"wp-image-242\" width=\"271\" height=\"171\" srcset=\"https:\/\/people.unipi.it\/luca_mori\/wp-content\/uploads\/sites\/632\/2023\/03\/loghidipcfs.png 542w, https:\/\/people.unipi.it\/luca_mori\/wp-content\/uploads\/sites\/632\/2023\/03\/loghidipcfs-300x189.png 300w\" sizes=\"auto, (max-width: 271px) 100vw, 271px\" \/><\/a><figcaption class=\"wp-element-caption\"><em>Dipartimento di Eccellenza 2022-2027<\/em><\/figcaption><\/figure>\n\n\n\n<p class=\"has-vivid-red-color has-text-color\"><strong>Incontro gratuito<\/strong><\/p>\n\n\n\n<p style=\"font-size:18px\"><strong>Formatore: <\/strong>Luca Mori (vedi a fondo pagina il profilo del formatore). Per info: luca.mori@unipi.it<\/p>\n\n\n\n<p style=\"font-size:18px\"><strong>Destinatari:<\/strong> Insegnanti della scuola secondaria di primo grado e delle classi V della scuola primaria<\/p>\n\n\n\n<p style=\"font-size:18px\"><strong>Quando e Dove:<\/strong> Giovedi 4 maggio ore 17:00-19:30 su piattaforma Teams dell&#8217;Universit\u00e0 di Pisa<\/p>\n\n\n\n<p class=\"has-vivid-red-color has-text-color\" style=\"font-size:18px\"><strong>Modalit\u00e0 di partecipazione e iscrizione: ISCRIZIONI CHIUSE. <\/strong>Agli iscritti verr\u00e0 inviato il link per partecipare all&#8217;incontro online.<\/p>\n\n\n\n<p style=\"font-size:18px\"><strong>Attestato di partecipazione: <\/strong>A chi ne far\u00e0 richiesta verr\u00e0 rilasciato un attestato di partecipazione. Per averlo, sar\u00e0 necessario compilare il Questionario di valutazione dell&#8217;incontro. <\/p>\n\n\n\n<hr class=\"wp-block-separator has-alpha-channel-opacity\" \/>\n\n\n\n<p class=\"has-vivid-cyan-blue-color has-text-color has-large-font-size\"><strong>Descrizione<\/strong> <strong>dell&#8217;incontro<\/strong><\/p>\n\n\n\n<p style=\"font-size:18px\">Attraversando la storia della filosofia si incontrano pensatori che hanno elaborato metodi ed esercizi per la \u201ccura di s\u00e9\u201d, nei quali sono sempre in gioco l\u2019autoconsapevolezza, il senso dei propri limiti, la cura di s\u00e9 attraverso la cura delle relazioni, la capacit\u00e0 di cambiare il modo di guardare alle circostanze e l\u2019arte di \u201ctrattare\u201d le emozioni e le passioni. <\/p>\n\n\n\n<p style=\"font-size:18px\">Quasi vent\u2019anni di laboratori sperimentali condotti in diverse regioni d\u2019Italia testimoniano che pu\u00f2 essere sorprendentemente utile accompagnare gruppi di adolescenti nel ragionare, conversando, sulle strategie \u201cfilosofiche\u201d per affrontare le difficolt\u00e0 della \u201cnavigazione della vita\u201d, prendendo come punti di riferimento le diagnosi e le tecniche elaborate in luoghi ed epoche lontane da filosofi e scienziati della mente <em>ante litteram<\/em>. <\/p>\n\n\n\n<p style=\"font-size:18px\">L\u2019esito tipico \u00e8 quello di ampliare la capacit\u00e0 di esprimersi e di riflettere sulla molteplicit\u00e0 di strategie adottabili in ogni situazione, per non farsi \u201ctrascinare\u201d da rappresentazioni ingannevoli degli altri e della realt\u00e0 e per vivere relazioni pi\u00f9 consapevoli e serene con se stessi e con gli altri.<\/p>\n\n\n\n<p style=\"font-size:18px\"><\/p>\n\n\n\n<p class=\"has-background\" style=\"background-color:#fffd5c;font-size:18px\">Ai partecipanti verranno forniti materiali utili a fare sperimentazioni e ad elaborare i propri progetti.<\/p>\n\n\n\n<p class=\"has-vivid-cyan-blue-color has-text-color has-large-font-size\"><strong>Mappatura delle competenze<\/strong><\/p>\n\n\n\n<p style=\"font-size:18px\">I partecipanti all&#8217;incontro hanno l&#8217;opportunit\u00e0 di aggiornarsi con idee, esempi e materiali utili a guidare le classi della scuola secondaria di primo grado in appassionanti e coinvolgenti conversazioni sull&#8217;arte del limite e della cura di s\u00e9, mettendo in gioco in modo diretto e &#8220;allenando&#8221; le competenze di cittadinanza. <\/p>\n\n\n\n<p class=\"has-vivid-cyan-blue-color has-text-color has-large-font-size\"><strong>Valutazione finale<\/strong> <\/p>\n\n\n\n<p style=\"font-size:18px\">Al termine dell&#8217;incontro verr\u00e0 richiesta la compilazione di un <strong>Modulo di valutazione online<\/strong>, che varr\u00e0 anche come attestazione di presenza per chi vorr\u00e0 richiedere l&#8217;<strong>Attestato di partecipazione<\/strong>.<\/p>\n\n\n\n<hr class=\"wp-block-separator has-alpha-channel-opacity\" \/>\n\n\n\n<p><strong><br>Profilo del formatore<\/strong><\/p>\n\n\n\n<p>Luca Mori \u00e8 Ricercatore&nbsp;di&nbsp;Storia&nbsp;della&nbsp;Filosofia presso l&#8217;Universit\u00e0&nbsp;di&nbsp;Pisa. Progetta e conduce da quasi vent&#8217;anni anni, in tutta&nbsp;Italia,&nbsp;laboratori&nbsp;di&nbsp;filosofia con bambini e adolescenti, nelle scuole dell&#8217;infanzia, primarie e secondarie. Tra i suoi progetti, un viaggio&nbsp;di&nbsp;oltre 10.000 km per proporre l\u2019esperimento mentale dell\u2019utopia a bambini tra i 5 e gli 11 anni, in diverse regioni italiane. Il suo volume&nbsp;<em>Giochi filosofici<\/em>&nbsp;(Edizioni Erickson, per classi della scuola primaria dagli 8 anni in su),&nbsp;ha vinto nel 2019 il Premio Speciale BELMA (<em>Best European Learning Materials Awards<\/em>) alla Fiera del libro&nbsp;di&nbsp;Francoforte. Con le Edizioni Erickson ha pubblicato anche&nbsp;<em>Educazione all\u2019aperto con filosofia<\/em>&nbsp;(in uscita, 2023),&nbsp;<em>Meraviglie filosofiche&nbsp;<\/em>(2021),&nbsp;<em>Genitori con filosofia&nbsp;<\/em>(2021) e&nbsp;<em>Sfide filosofiche<\/em>&nbsp;(2020).<\/p>\n","protected":false},"excerpt":{"rendered":"<p>Incontro gratuito Formatore: Luca Mori (vedi a fondo pagina il profilo del formatore). Per info: luca.mori@unipi.it Destinatari: Insegnanti della scuola&hellip;<\/p>\n<p><a class=\"btn btn-dark btn-sm unipi-read-more-link\" href=\"https:\/\/people.unipi.it\/luca_mori\/filosofia-per-adolescenti\/\">Leggi tutto&#8230;<\/a><\/p>\n","protected":false},"author":667,"featured_media":0,"parent":0,"menu_order":0,"comment_status":"closed","ping_status":"closed","template":"","meta":{"_acf_changed":false,"footnotes":""},"class_list":["post-239","page","type-page","status-publish","hentry"],"acf":[],"featured_image_src":null,"yoast_head":"<!-- This site is optimized with the Yoast SEO plugin v27.6 - https:\/\/yoast.com\/product\/yoast-seo-wordpress\/ -->\n<title>Filosofia per adolescenti: l&#039;arte della cura di s\u00e9 e delle relazioni - Luca Mori<\/title>\n<meta name=\"robots\" content=\"index, follow, max-snippet:-1, max-image-preview:large, max-video-preview:-1\" \/>\n<link rel=\"canonical\" href=\"https:\/\/people.unipi.it\/luca_mori\/filosofia-per-adolescenti\/\" \/>\n<meta property=\"og:locale\" content=\"it_IT\" \/>\n<meta property=\"og:type\" content=\"article\" \/>\n<meta property=\"og:title\" content=\"Filosofia per adolescenti: l&#039;arte della cura di s\u00e9 e delle relazioni - Luca Mori\" \/>\n<meta property=\"og:description\" content=\"Incontro gratuito Formatore: Luca Mori (vedi a fondo pagina il profilo del formatore). Per info: luca.mori@unipi.it Destinatari: Insegnanti della scuola&hellip;Leggi tutto...\" \/>\n<meta property=\"og:url\" content=\"https:\/\/people.unipi.it\/luca_mori\/filosofia-per-adolescenti\/\" \/>\n<meta property=\"og:site_name\" content=\"Luca Mori\" \/>\n<meta property=\"article:modified_time\" content=\"2023-04-20T13:55:07+00:00\" \/>\n<meta property=\"og:image\" content=\"https:\/\/people.unipi.it\/luca_mori\/wp-content\/uploads\/sites\/632\/2023\/03\/loghidipcfs.png\" \/>\n\t<meta property=\"og:image:width\" content=\"542\" \/>\n\t<meta property=\"og:image:height\" content=\"342\" \/>\n\t<meta property=\"og:image:type\" content=\"image\/png\" \/>\n<meta name=\"twitter:card\" content=\"summary_large_image\" \/>\n<meta name=\"twitter:label1\" content=\"Tempo di lettura stimato\" \/>\n\t<meta name=\"twitter:data1\" content=\"3 minuti\" \/>\n<script type=\"application\/ld+json\" class=\"yoast-schema-graph\">{\"@context\":\"https:\\\/\\\/schema.org\",\"@graph\":[{\"@type\":\"WebPage\",\"@id\":\"https:\\\/\\\/people.unipi.it\\\/luca_mori\\\/filosofia-per-adolescenti\\\/\",\"url\":\"https:\\\/\\\/people.unipi.it\\\/luca_mori\\\/filosofia-per-adolescenti\\\/\",\"name\":\"Filosofia per adolescenti: l'arte della cura di s\u00e9 e delle relazioni - Luca Mori\",\"isPartOf\":{\"@id\":\"https:\\\/\\\/people.unipi.it\\\/luca_mori\\\/#website\"},\"primaryImageOfPage\":{\"@id\":\"https:\\\/\\\/people.unipi.it\\\/luca_mori\\\/filosofia-per-adolescenti\\\/#primaryimage\"},\"image\":{\"@id\":\"https:\\\/\\\/people.unipi.it\\\/luca_mori\\\/filosofia-per-adolescenti\\\/#primaryimage\"},\"thumbnailUrl\":\"https:\\\/\\\/people.unipi.it\\\/luca_mori\\\/wp-content\\\/uploads\\\/sites\\\/632\\\/2023\\\/03\\\/loghidipcfs.png\",\"datePublished\":\"2023-03-19T14:48:30+00:00\",\"dateModified\":\"2023-04-20T13:55:07+00:00\",\"breadcrumb\":{\"@id\":\"https:\\\/\\\/people.unipi.it\\\/luca_mori\\\/filosofia-per-adolescenti\\\/#breadcrumb\"},\"inLanguage\":\"it-IT\",\"potentialAction\":[{\"@type\":\"ReadAction\",\"target\":[\"https:\\\/\\\/people.unipi.it\\\/luca_mori\\\/filosofia-per-adolescenti\\\/\"]}]},{\"@type\":\"ImageObject\",\"inLanguage\":\"it-IT\",\"@id\":\"https:\\\/\\\/people.unipi.it\\\/luca_mori\\\/filosofia-per-adolescenti\\\/#primaryimage\",\"url\":\"https:\\\/\\\/people.unipi.it\\\/luca_mori\\\/wp-content\\\/uploads\\\/sites\\\/632\\\/2023\\\/03\\\/loghidipcfs.png\",\"contentUrl\":\"https:\\\/\\\/people.unipi.it\\\/luca_mori\\\/wp-content\\\/uploads\\\/sites\\\/632\\\/2023\\\/03\\\/loghidipcfs.png\"},{\"@type\":\"BreadcrumbList\",\"@id\":\"https:\\\/\\\/people.unipi.it\\\/luca_mori\\\/filosofia-per-adolescenti\\\/#breadcrumb\",\"itemListElement\":[{\"@type\":\"ListItem\",\"position\":1,\"name\":\"Home\",\"item\":\"https:\\\/\\\/people.unipi.it\\\/luca_mori\\\/\"},{\"@type\":\"ListItem\",\"position\":2,\"name\":\"Filosofia per adolescenti: l&#8217;arte della cura di s\u00e9 e delle relazioni\"}]},{\"@type\":\"WebSite\",\"@id\":\"https:\\\/\\\/people.unipi.it\\\/luca_mori\\\/#website\",\"url\":\"https:\\\/\\\/people.unipi.it\\\/luca_mori\\\/\",\"name\":\"Luca Mori\",\"description\":\"\",\"potentialAction\":[{\"@type\":\"SearchAction\",\"target\":{\"@type\":\"EntryPoint\",\"urlTemplate\":\"https:\\\/\\\/people.unipi.it\\\/luca_mori\\\/?s={search_term_string}\"},\"query-input\":{\"@type\":\"PropertyValueSpecification\",\"valueRequired\":true,\"valueName\":\"search_term_string\"}}],\"inLanguage\":\"it-IT\"}]}<\/script>\n<!-- \/ Yoast SEO plugin. -->","yoast_head_json":{"title":"Filosofia per adolescenti: l'arte della cura di s\u00e9 e delle relazioni - Luca Mori","robots":{"index":"index","follow":"follow","max-snippet":"max-snippet:-1","max-image-preview":"max-image-preview:large","max-video-preview":"max-video-preview:-1"},"canonical":"https:\/\/people.unipi.it\/luca_mori\/filosofia-per-adolescenti\/","og_locale":"it_IT","og_type":"article","og_title":"Filosofia per adolescenti: l'arte della cura di s\u00e9 e delle relazioni - Luca Mori","og_description":"Incontro gratuito Formatore: Luca Mori (vedi a fondo pagina il profilo del formatore). Per info: luca.mori@unipi.it Destinatari: Insegnanti della scuola&hellip;Leggi tutto...","og_url":"https:\/\/people.unipi.it\/luca_mori\/filosofia-per-adolescenti\/","og_site_name":"Luca Mori","article_modified_time":"2023-04-20T13:55:07+00:00","og_image":[{"width":542,"height":342,"url":"https:\/\/people.unipi.it\/luca_mori\/wp-content\/uploads\/sites\/632\/2023\/03\/loghidipcfs.png","type":"image\/png"}],"twitter_card":"summary_large_image","twitter_misc":{"Tempo di lettura stimato":"3 minuti"},"schema":{"@context":"https:\/\/schema.org","@graph":[{"@type":"WebPage","@id":"https:\/\/people.unipi.it\/luca_mori\/filosofia-per-adolescenti\/","url":"https:\/\/people.unipi.it\/luca_mori\/filosofia-per-adolescenti\/","name":"Filosofia per adolescenti: l'arte della cura di s\u00e9 e delle relazioni - Luca Mori","isPartOf":{"@id":"https:\/\/people.unipi.it\/luca_mori\/#website"},"primaryImageOfPage":{"@id":"https:\/\/people.unipi.it\/luca_mori\/filosofia-per-adolescenti\/#primaryimage"},"image":{"@id":"https:\/\/people.unipi.it\/luca_mori\/filosofia-per-adolescenti\/#primaryimage"},"thumbnailUrl":"https:\/\/people.unipi.it\/luca_mori\/wp-content\/uploads\/sites\/632\/2023\/03\/loghidipcfs.png","datePublished":"2023-03-19T14:48:30+00:00","dateModified":"2023-04-20T13:55:07+00:00","breadcrumb":{"@id":"https:\/\/people.unipi.it\/luca_mori\/filosofia-per-adolescenti\/#breadcrumb"},"inLanguage":"it-IT","potentialAction":[{"@type":"ReadAction","target":["https:\/\/people.unipi.it\/luca_mori\/filosofia-per-adolescenti\/"]}]},{"@type":"ImageObject","inLanguage":"it-IT","@id":"https:\/\/people.unipi.it\/luca_mori\/filosofia-per-adolescenti\/#primaryimage","url":"https:\/\/people.unipi.it\/luca_mori\/wp-content\/uploads\/sites\/632\/2023\/03\/loghidipcfs.png","contentUrl":"https:\/\/people.unipi.it\/luca_mori\/wp-content\/uploads\/sites\/632\/2023\/03\/loghidipcfs.png"},{"@type":"BreadcrumbList","@id":"https:\/\/people.unipi.it\/luca_mori\/filosofia-per-adolescenti\/#breadcrumb","itemListElement":[{"@type":"ListItem","position":1,"name":"Home","item":"https:\/\/people.unipi.it\/luca_mori\/"},{"@type":"ListItem","position":2,"name":"Filosofia per adolescenti: l&#8217;arte della cura di s\u00e9 e delle relazioni"}]},{"@type":"WebSite","@id":"https:\/\/people.unipi.it\/luca_mori\/#website","url":"https:\/\/people.unipi.it\/luca_mori\/","name":"Luca Mori","description":"","potentialAction":[{"@type":"SearchAction","target":{"@type":"EntryPoint","urlTemplate":"https:\/\/people.unipi.it\/luca_mori\/?s={search_term_string}"},"query-input":{"@type":"PropertyValueSpecification","valueRequired":true,"valueName":"search_term_string"}}],"inLanguage":"it-IT"}]}},"_links":{"self":[{"href":"https:\/\/people.unipi.it\/luca_mori\/wp-json\/wp\/v2\/pages\/239","targetHints":{"allow":["GET"]}}],"collection":[{"href":"https:\/\/people.unipi.it\/luca_mori\/wp-json\/wp\/v2\/pages"}],"about":[{"href":"https:\/\/people.unipi.it\/luca_mori\/wp-json\/wp\/v2\/types\/page"}],"author":[{"embeddable":true,"href":"https:\/\/people.unipi.it\/luca_mori\/wp-json\/wp\/v2\/users\/667"}],"replies":[{"embeddable":true,"href":"https:\/\/people.unipi.it\/luca_mori\/wp-json\/wp\/v2\/comments?post=239"}],"version-history":[{"count":14,"href":"https:\/\/people.unipi.it\/luca_mori\/wp-json\/wp\/v2\/pages\/239\/revisions"}],"predecessor-version":[{"id":359,"href":"https:\/\/people.unipi.it\/luca_mori\/wp-json\/wp\/v2\/pages\/239\/revisions\/359"}],"wp:attachment":[{"href":"https:\/\/people.unipi.it\/luca_mori\/wp-json\/wp\/v2\/media?parent=239"}],"curies":[{"name":"wp","href":"https:\/\/api.w.org\/{rel}","templated":true}]}}