{"id":2,"date":"2015-04-08T09:07:42","date_gmt":"2015-04-08T09:07:42","guid":{"rendered":"http:\/\/people.unipi.it\/luca_mori\/?page_id=2"},"modified":"2023-10-06T23:01:28","modified_gmt":"2023-10-06T21:01:28","slug":"home","status":"publish","type":"page","link":"https:\/\/people.unipi.it\/luca_mori\/","title":{"rendered":"Profilo"},"content":{"rendered":"\n<div class=\"wp-block-media-text alignwide is-stacked-on-mobile\" style=\"grid-template-columns:36% auto\"><figure class=\"wp-block-media-text__media\"><img loading=\"lazy\" decoding=\"async\" width=\"493\" height=\"459\" src=\"https:\/\/people.unipi.it\/luca_mori\/wp-content\/uploads\/sites\/632\/2023\/02\/fototessera-Luca-Mori.png\" alt=\"\" class=\"wp-image-55 size-full\" srcset=\"https:\/\/people.unipi.it\/luca_mori\/wp-content\/uploads\/sites\/632\/2023\/02\/fototessera-Luca-Mori.png 493w, https:\/\/people.unipi.it\/luca_mori\/wp-content\/uploads\/sites\/632\/2023\/02\/fototessera-Luca-Mori-300x279.png 300w\" sizes=\"auto, (max-width: 493px) 100vw, 493px\" \/><\/figure><div class=\"wp-block-media-text__content\">\n<p>Luca Mori \u00e8 <strong>Ricercatore di Storia della Filosofia<\/strong> presso il Dipartimento di Civilt\u00e0 e Forme del Sapere.<\/p>\n\n\n\n<p><\/p>\n\n\n\n<p>Ha conseguito la Laurea in Filosofia (2000), il Dottorato di ricerca in Discipline filosofiche (2005) ed un Master di II livello in Economia aziendale e Management (2006) presso l&#8217;Universit\u00e0 di Pisa.<\/p>\n<\/div><\/div>\n\n\n\n<hr class=\"wp-block-separator has-alpha-channel-opacity\" \/>\n\n\n\n<p>Ha ideato e dirige la collana <a rel=\"noreferrer noopener\" href=\"https:\/\/www.edizioniets.com\/view-collana.asp?col=Filosofie%20dell%27esercizio\" data-type=\"link\" data-id=\"https:\/\/www.edizioniets.com\/view-collana.asp?col=Filosofie%20dell%27esercizio\" target=\"_blank\"><strong>&#8220;Filosofie dell&#8217;esercizio&#8221;<\/strong><\/a>, pubblicata dalle Edizioni ETS di Pisa. \u00c8 membro dell&#8217;Advisory Committee della <strong><a rel=\"noreferrer noopener\" href=\"https:\/\/www.mulino.it\/riviste\/issn\/1122-7893\" data-type=\"URL\" data-id=\"https:\/\/www.mulino.it\/riviste\/issn\/1122-7893\" target=\"_blank\">rivista &#8220;Iride&#8221;<\/a> <\/strong>e del Comitato scientifico della <strong><a rel=\"noreferrer noopener\" href=\"https:\/\/books.fupress.com\/scientific-board\/teorie-pratiche-storie-del-lavoro-e-dellidea-di-ozio--histories-theories-and-practices-of-labour-and\/62\" data-type=\"URL\" data-id=\"https:\/\/books.fupress.com\/scientific-board\/teorie-pratiche-storie-del-lavoro-e-dellidea-di-ozio--histories-theories-and-practices-of-labour-and\/62\" target=\"_blank\">collana &#8220;Teorie, pratiche, storie del lavoro e dell&#8217;idea di ozio&#8221;<\/a> <\/strong>della Firenze University Press. \u00c8 socio <strong><a rel=\"noreferrer noopener\" href=\"https:\/\/www.storicidellafilosofia.it\/\" data-type=\"URL\" data-id=\"https:\/\/www.storicidellafilosofia.it\/\" target=\"_blank\">SISF<\/a><\/strong> (Societ\u00e0 Italiana Storia della Filosofia). Fa parte del coordinamento scientifico del <strong><a rel=\"noreferrer noopener\" href=\"https:\/\/www.cafoscarichallengeschool.it\/master\/yoga-studies-corpo-e-meditazione-nelle-tradizioni-dellasia\/\" data-type=\"URL\" data-id=\"https:\/\/www.cafoscarichallengeschool.it\/master\/yoga-studies-corpo-e-meditazione-nelle-tradizioni-dellasia\/\" target=\"_blank\">Master in Yoga Studies (Corpo e meditazione nelle tradizioni dell&#8217;Asia)<\/a><\/strong> dell&#8217;Universit\u00e0 Ca&#8217; Foscari di Venezia (Challenge School). \u00c8 membro del Comitato Scientifico del <strong><a rel=\"noreferrer noopener\" href=\"https:\/\/riabilitazioneneurocognitiva.it\/\" data-type=\"URL\" data-id=\"https:\/\/riabilitazioneneurocognitiva.it\/\" target=\"_blank\">Centro Studi Riabilitazione Neurocognitiva di Villa Miari<\/a> <\/strong>(Santorso, Vicenza)<strong>. <\/strong>\u00c8 membro del collegio dei probiviri di <strong><a rel=\"noreferrer noopener\" href=\"https:\/\/www.insegnantiyoga.it\/\" data-type=\"URL\" data-id=\"https:\/\/www.insegnantiyoga.it\/\" target=\"_blank\">YANI<\/a><\/strong>, Associazione Nazionale Insegnanti Yoga.<\/p>\n\n\n\n<p>Presso l&#8217;Universit\u00e0 di Pisa \u00e8 stato <strong>professore a contratto<\/strong> <strong>di<\/strong> <strong>Storia della Filosofia<\/strong>, nell\u2019ambito del Corso di Laurea in <em>Scienze e Tecniche di Psicologia Clinica e della Salute<\/em> (2019-2022) e di <strong>Teoria e modelli di comunicazione<\/strong> per il Corso di Laurea specialistica in <em>Sistemi e Progetti di Comunicazione<\/em> (2008-2010). Fa parte del corpo docenti del <strong>Master in Neuroscienze, Mindfulness e Pratiche Contemplative<\/strong>. Ha collaborato come docente con il <strong><a rel=\"noreferrer noopener\" href=\"http:\/\/contaminationlab.unipi.it\/\" data-type=\"URL\" data-id=\"http:\/\/contaminationlab.unipi.it\/\" target=\"_blank\">Contamination Lab<\/a><\/strong>. \u00c8 membro della Commissione per il <em><strong>Centro per le attivit\u00e0 di Terza Missione<\/strong><\/em> del Dipartimento di Civilt\u00e0 e Forme del Sapere dell&#8217;Universit\u00e0 di Pisa (<a rel=\"noreferrer noopener\" href=\"https:\/\/www.cfs.unipi.it\/dipartimento\/dipartimento-di-eccellenza\/progetto-di-eccellenza-2022-2027\/\" data-type=\"URL\" data-id=\"https:\/\/www.cfs.unipi.it\/dipartimento\/dipartimento-di-eccellenza\/progetto-di-eccellenza-2022-2027\/\" target=\"_blank\">progetto Dipartimento di eccellenza 2022\/2027<\/a>). <\/p>\n\n\n\n<p>Ha tenuto singole lezioni o seminari presso le Universit\u00e0 di Firenze, Bergamo, Venezia, Bolzano, Padova, Napoli, Bari, presso il <em>Vidzeme University College<\/em> di Valmiera (Lettonia) e presso l&#8217;<em>\u00c9cole sup\u00e9rieure du professorat et de l&#8217;\u00e9ducation<\/em> di Lille (Francia). Collabora come docente e membro di commissioni d&#8217;esame con il <strong><a rel=\"noreferrer noopener\" href=\"http:\/\/www.italicon.education\/it\/il-consorzio-icon\" data-type=\"URL\" data-id=\"http:\/\/www.italicon.education\/it\/il-consorzio-icon\" target=\"_blank\">Consorzio inter-universitario ICoN<\/a><\/strong>.<\/p>\n\n\n\n<p>Collabora occasionalmente come consulente con organizzazioni operanti in diversi settori, tra cui <strong><a rel=\"noreferrer noopener\" href=\"https:\/\/www.tsm.tn.it\/\" data-type=\"URL\" data-id=\"https:\/\/www.tsm.tn.it\/\" target=\"_blank\">tsm-step, Scuola per il governo del territorio e del paesaggio della Provincia autonoma di Trento<\/a><\/strong>, <strong><a rel=\"noreferrer noopener\" href=\"https:\/\/www.muse.it\/\" data-type=\"URL\" data-id=\"https:\/\/www.muse.it\/\" target=\"_blank\">MUSE-Museo delle Scienze di Trento<\/a> <\/strong>e <strong><a rel=\"noreferrer noopener\" href=\"https:\/\/www.fondazionesancarlo.it\/\" data-type=\"URL\" data-id=\"https:\/\/www.fondazionesancarlo.it\/\" target=\"_blank\">Fondazione Collegio San Carlo di Modena<\/a><\/strong>. A partire dal 2005 ha progettato e condotto centinaia di interventi formativi presso Scuole di ogni ordine e grado, nonch\u00e9 presso aziende, cooperative e organizzazioni (in genere, utilizzando strumenti della conversazione e dell&#8217;analisi filosofica come punto di partenza per &#8220;allenare&#8221; il pensiero critico, la creativit\u00e0 di gruppo, le Life\/Soft Skills). Per la didattica della filosofia al di fuori dell&#8217;Universit\u00e0 ha messo a punto un metodo descritto in vari libri pubblicati con le Edizioni Erickson, a partire dal libro <em>Giochi filosofici<\/em>, che ha ottenuto il <strong><a rel=\"noreferrer noopener\" href=\"https:\/\/www.belma-award.eu\/index.php?id=7a1aaf3db0ed15d9890800154aaf4a41\" target=\"_blank\">PREMIO SPECIALE DELLA GIURIA INTERNAZIONALE BELMA 2019<\/a> (Best European Learning Material Awards)<\/strong>&nbsp;assegnato presso la Fiera del Libro di Francoforte. Con Alfonso Maurizio Iacono dirige la collana <a rel=\"noreferrer noopener\" href=\"https:\/\/www.edizioniets.com\/view-collana.asp?col=Le%20Tartarughe.%20Filosofie%20in%20gioco%20con%20i%20bambini\" data-type=\"URL\" data-id=\"https:\/\/www.edizioniets.com\/view-collana.asp?col=Le%20Tartarughe.%20Filosofie%20in%20gioco%20con%20i%20bambini\" target=\"_blank\"><em>Le tartarughe. Filosofie in gioco con i bambini<\/em> <\/a>(Edizioni ETS di Pisa). <\/p>\n\n\n\n<p>Tra le case editrici con cui collabora maggiormente ci sono le <a rel=\"noreferrer noopener\" href=\"https:\/\/www.erickson.it\/it\/autori\/luca-mori\" data-type=\"URL\" data-id=\"https:\/\/www.erickson.it\/it\/autori\/luca-mori\" target=\"_blank\"><strong>Edizioni Erickson di Trento<\/strong><\/a> e le <a href=\"https:\/\/www.edizioniets.com\/ricerca_out.asp?ricerca=3&amp;Criterio=Luca%20Mori&amp;OkCriterio=Cerca\" data-type=\"URL\" data-id=\"https:\/\/www.edizioniets.com\/ricerca_out.asp?ricerca=3&amp;Criterio=Luca%20Mori&amp;OkCriterio=Cerca\" target=\"_blank\" rel=\"noreferrer noopener\"><strong>Edizioni ETS di Pisa<\/strong><\/a>. <\/p>\n\n\n\n<p><\/p>\n","protected":false},"excerpt":{"rendered":"<p>Luca Mori \u00e8 Ricercatore di Storia della Filosofia presso il Dipartimento di Civilt\u00e0 e Forme del Sapere. Ha conseguito la&hellip;<\/p>\n<p><a class=\"btn btn-dark btn-sm unipi-read-more-link\" href=\"https:\/\/people.unipi.it\/luca_mori\/\">Leggi tutto&#8230;<\/a><\/p>\n","protected":false},"author":1,"featured_media":0,"parent":0,"menu_order":0,"comment_status":"closed","ping_status":"closed","template":"","meta":{"_acf_changed":false,"footnotes":""},"class_list":["post-2","page","type-page","status-publish","hentry"],"acf":[],"featured_image_src":null,"yoast_head":"<!-- This site is optimized with the Yoast SEO plugin v27.5 - https:\/\/yoast.com\/product\/yoast-seo-wordpress\/ -->\n<title>Profilo - Luca Mori<\/title>\n<meta name=\"robots\" content=\"index, follow, max-snippet:-1, max-image-preview:large, max-video-preview:-1\" \/>\n<link rel=\"canonical\" href=\"https:\/\/people.unipi.it\/luca_mori\/\" \/>\n<meta property=\"og:locale\" content=\"it_IT\" \/>\n<meta property=\"og:type\" content=\"article\" \/>\n<meta property=\"og:title\" content=\"Profilo - Luca Mori\" \/>\n<meta property=\"og:description\" content=\"Luca Mori \u00e8 Ricercatore di Storia della Filosofia presso il Dipartimento di Civilt\u00e0 e Forme del Sapere. Ha conseguito la&hellip;Leggi tutto...\" \/>\n<meta property=\"og:url\" content=\"https:\/\/people.unipi.it\/luca_mori\/\" \/>\n<meta property=\"og:site_name\" content=\"Luca Mori\" \/>\n<meta property=\"article:modified_time\" content=\"2023-10-06T21:01:28+00:00\" \/>\n<meta property=\"og:image\" content=\"https:\/\/people.unipi.it\/luca_mori\/wp-content\/uploads\/sites\/632\/2023\/02\/fototessera-Luca-Mori.png\" \/>\n\t<meta property=\"og:image:width\" content=\"493\" \/>\n\t<meta property=\"og:image:height\" content=\"459\" \/>\n\t<meta property=\"og:image:type\" content=\"image\/png\" \/>\n<meta name=\"twitter:card\" content=\"summary_large_image\" \/>\n<meta name=\"twitter:label1\" content=\"Tempo di lettura stimato\" \/>\n\t<meta name=\"twitter:data1\" content=\"2 minuti\" \/>\n<script type=\"application\/ld+json\" class=\"yoast-schema-graph\">{\"@context\":\"https:\\\/\\\/schema.org\",\"@graph\":[{\"@type\":\"WebPage\",\"@id\":\"https:\\\/\\\/people.unipi.it\\\/luca_mori\\\/\",\"url\":\"https:\\\/\\\/people.unipi.it\\\/luca_mori\\\/\",\"name\":\"Profilo - Luca Mori\",\"isPartOf\":{\"@id\":\"https:\\\/\\\/people.unipi.it\\\/luca_mori\\\/#website\"},\"primaryImageOfPage\":{\"@id\":\"https:\\\/\\\/people.unipi.it\\\/luca_mori\\\/#primaryimage\"},\"image\":{\"@id\":\"https:\\\/\\\/people.unipi.it\\\/luca_mori\\\/#primaryimage\"},\"thumbnailUrl\":\"https:\\\/\\\/people.unipi.it\\\/luca_mori\\\/wp-content\\\/uploads\\\/sites\\\/632\\\/2023\\\/02\\\/fototessera-Luca-Mori.png\",\"datePublished\":\"2015-04-08T09:07:42+00:00\",\"dateModified\":\"2023-10-06T21:01:28+00:00\",\"breadcrumb\":{\"@id\":\"https:\\\/\\\/people.unipi.it\\\/luca_mori\\\/#breadcrumb\"},\"inLanguage\":\"it-IT\",\"potentialAction\":[{\"@type\":\"ReadAction\",\"target\":[\"https:\\\/\\\/people.unipi.it\\\/luca_mori\\\/\"]}]},{\"@type\":\"ImageObject\",\"inLanguage\":\"it-IT\",\"@id\":\"https:\\\/\\\/people.unipi.it\\\/luca_mori\\\/#primaryimage\",\"url\":\"https:\\\/\\\/people.unipi.it\\\/luca_mori\\\/wp-content\\\/uploads\\\/sites\\\/632\\\/2023\\\/02\\\/fototessera-Luca-Mori.png\",\"contentUrl\":\"https:\\\/\\\/people.unipi.it\\\/luca_mori\\\/wp-content\\\/uploads\\\/sites\\\/632\\\/2023\\\/02\\\/fototessera-Luca-Mori.png\",\"width\":493,\"height\":459},{\"@type\":\"BreadcrumbList\",\"@id\":\"https:\\\/\\\/people.unipi.it\\\/luca_mori\\\/#breadcrumb\",\"itemListElement\":[{\"@type\":\"ListItem\",\"position\":1,\"name\":\"Home\",\"item\":\"https:\\\/\\\/people.unipi.it\\\/luca_mori\\\/\"},{\"@type\":\"ListItem\",\"position\":2,\"name\":\"Profilo\"}]},{\"@type\":\"WebSite\",\"@id\":\"https:\\\/\\\/people.unipi.it\\\/luca_mori\\\/#website\",\"url\":\"https:\\\/\\\/people.unipi.it\\\/luca_mori\\\/\",\"name\":\"Luca Mori\",\"description\":\"\",\"potentialAction\":[{\"@type\":\"SearchAction\",\"target\":{\"@type\":\"EntryPoint\",\"urlTemplate\":\"https:\\\/\\\/people.unipi.it\\\/luca_mori\\\/?s={search_term_string}\"},\"query-input\":{\"@type\":\"PropertyValueSpecification\",\"valueRequired\":true,\"valueName\":\"search_term_string\"}}],\"inLanguage\":\"it-IT\"}]}<\/script>\n<!-- \/ Yoast SEO plugin. -->","yoast_head_json":{"title":"Profilo - Luca Mori","robots":{"index":"index","follow":"follow","max-snippet":"max-snippet:-1","max-image-preview":"max-image-preview:large","max-video-preview":"max-video-preview:-1"},"canonical":"https:\/\/people.unipi.it\/luca_mori\/","og_locale":"it_IT","og_type":"article","og_title":"Profilo - Luca Mori","og_description":"Luca Mori \u00e8 Ricercatore di Storia della Filosofia presso il Dipartimento di Civilt\u00e0 e Forme del Sapere. Ha conseguito la&hellip;Leggi tutto...","og_url":"https:\/\/people.unipi.it\/luca_mori\/","og_site_name":"Luca Mori","article_modified_time":"2023-10-06T21:01:28+00:00","og_image":[{"width":493,"height":459,"url":"https:\/\/people.unipi.it\/luca_mori\/wp-content\/uploads\/sites\/632\/2023\/02\/fototessera-Luca-Mori.png","type":"image\/png"}],"twitter_card":"summary_large_image","twitter_misc":{"Tempo di lettura stimato":"2 minuti"},"schema":{"@context":"https:\/\/schema.org","@graph":[{"@type":"WebPage","@id":"https:\/\/people.unipi.it\/luca_mori\/","url":"https:\/\/people.unipi.it\/luca_mori\/","name":"Profilo - Luca Mori","isPartOf":{"@id":"https:\/\/people.unipi.it\/luca_mori\/#website"},"primaryImageOfPage":{"@id":"https:\/\/people.unipi.it\/luca_mori\/#primaryimage"},"image":{"@id":"https:\/\/people.unipi.it\/luca_mori\/#primaryimage"},"thumbnailUrl":"https:\/\/people.unipi.it\/luca_mori\/wp-content\/uploads\/sites\/632\/2023\/02\/fototessera-Luca-Mori.png","datePublished":"2015-04-08T09:07:42+00:00","dateModified":"2023-10-06T21:01:28+00:00","breadcrumb":{"@id":"https:\/\/people.unipi.it\/luca_mori\/#breadcrumb"},"inLanguage":"it-IT","potentialAction":[{"@type":"ReadAction","target":["https:\/\/people.unipi.it\/luca_mori\/"]}]},{"@type":"ImageObject","inLanguage":"it-IT","@id":"https:\/\/people.unipi.it\/luca_mori\/#primaryimage","url":"https:\/\/people.unipi.it\/luca_mori\/wp-content\/uploads\/sites\/632\/2023\/02\/fototessera-Luca-Mori.png","contentUrl":"https:\/\/people.unipi.it\/luca_mori\/wp-content\/uploads\/sites\/632\/2023\/02\/fototessera-Luca-Mori.png","width":493,"height":459},{"@type":"BreadcrumbList","@id":"https:\/\/people.unipi.it\/luca_mori\/#breadcrumb","itemListElement":[{"@type":"ListItem","position":1,"name":"Home","item":"https:\/\/people.unipi.it\/luca_mori\/"},{"@type":"ListItem","position":2,"name":"Profilo"}]},{"@type":"WebSite","@id":"https:\/\/people.unipi.it\/luca_mori\/#website","url":"https:\/\/people.unipi.it\/luca_mori\/","name":"Luca Mori","description":"","potentialAction":[{"@type":"SearchAction","target":{"@type":"EntryPoint","urlTemplate":"https:\/\/people.unipi.it\/luca_mori\/?s={search_term_string}"},"query-input":{"@type":"PropertyValueSpecification","valueRequired":true,"valueName":"search_term_string"}}],"inLanguage":"it-IT"}]}},"_links":{"self":[{"href":"https:\/\/people.unipi.it\/luca_mori\/wp-json\/wp\/v2\/pages\/2","targetHints":{"allow":["GET"]}}],"collection":[{"href":"https:\/\/people.unipi.it\/luca_mori\/wp-json\/wp\/v2\/pages"}],"about":[{"href":"https:\/\/people.unipi.it\/luca_mori\/wp-json\/wp\/v2\/types\/page"}],"author":[{"embeddable":true,"href":"https:\/\/people.unipi.it\/luca_mori\/wp-json\/wp\/v2\/users\/1"}],"replies":[{"embeddable":true,"href":"https:\/\/people.unipi.it\/luca_mori\/wp-json\/wp\/v2\/comments?post=2"}],"version-history":[{"count":44,"href":"https:\/\/people.unipi.it\/luca_mori\/wp-json\/wp\/v2\/pages\/2\/revisions"}],"predecessor-version":[{"id":462,"href":"https:\/\/people.unipi.it\/luca_mori\/wp-json\/wp\/v2\/pages\/2\/revisions\/462"}],"wp:attachment":[{"href":"https:\/\/people.unipi.it\/luca_mori\/wp-json\/wp\/v2\/media?parent=2"}],"curies":[{"name":"wp","href":"https:\/\/api.w.org\/{rel}","templated":true}]}}