{"id":198,"date":"2023-03-19T11:30:11","date_gmt":"2023-03-19T10:30:11","guid":{"rendered":"https:\/\/people.unipi.it\/luca_mori\/?page_id=198"},"modified":"2023-03-22T05:50:11","modified_gmt":"2023-03-22T04:50:11","slug":"soft-skills-con-filosofia","status":"publish","type":"page","link":"https:\/\/people.unipi.it\/luca_mori\/soft-skills-con-filosofia\/","title":{"rendered":"Sviluppare le soft skills in azienda, con filosofia"},"content":{"rendered":"\n<figure class=\"wp-block-image size-full is-resized\"><a href=\"https:\/\/people.unipi.it\/luca_mori\/wp-content\/uploads\/sites\/632\/2023\/03\/loghidipcfs.png\"><img loading=\"lazy\" decoding=\"async\" src=\"https:\/\/people.unipi.it\/luca_mori\/wp-content\/uploads\/sites\/632\/2023\/03\/loghidipcfs.png\" alt=\"\" class=\"wp-image-242\" width=\"271\" height=\"171\" srcset=\"https:\/\/people.unipi.it\/luca_mori\/wp-content\/uploads\/sites\/632\/2023\/03\/loghidipcfs.png 542w, https:\/\/people.unipi.it\/luca_mori\/wp-content\/uploads\/sites\/632\/2023\/03\/loghidipcfs-300x189.png 300w\" sizes=\"auto, (max-width: 271px) 100vw, 271px\" \/><\/a><figcaption class=\"wp-element-caption\"><em>Dipartimento di Eccellenza 2022-2027<\/em><\/figcaption><\/figure>\n\n\n\n<p class=\"has-vivid-red-color has-text-color has-medium-font-size\"><strong>11 maggio, 22 maggio e 7 giugno 2023, ore 15:00-17:30<\/strong><\/p>\n\n\n\n<p class=\"has-background\" style=\"background-color:#fbf83a;font-size:16px\"><em>Ciclo di incontri gratuito nell&#8217;ambito delle iniziative di Terza Missione del Dipartimento: i tre incontri possono essere seguiti sia separatamente (in quanto autonomi), sia come parti di un percorso unico integrato<\/em><\/p>\n\n\n\n<p class=\"has-black-color has-text-color\" style=\"font-size:18px\"><strong>DESTINATARI: <\/strong>HR manager, responsabili di gruppi di lavoro\/<em>team leader<\/em> in aziende private, cooperative, societ\u00e0 e amministrazioni pubbliche<\/p>\n\n\n\n<p class=\"has-black-color has-text-color\" style=\"font-size:18px\"><strong>DOVE: <\/strong>online, su piattaforma TEAMS dell\u2019Universit\u00e0 di Pisa (il link verr\u00e0 inviato a chi si iscrive compilando il <a href=\"https:\/\/forms.gle\/HKmq2wrUjAm2uoer7\" target=\"_blank\" rel=\"noreferrer noopener\"><strong>MODULO DI ISCRIZIONE<\/strong> raggiungibile tramite questo link<\/a>)<\/p>\n\n\n\n<p class=\"has-black-color has-text-color\" style=\"font-size:18px\"><strong>INFO: <\/strong>Per informazioni, scrivere a luca.mori@unipi.it<\/p>\n\n\n\n<p class=\"has-black-color has-text-color\" style=\"font-size:18px\"><strong>VALUTAZIONE FINALE: <\/strong>A chi ne far\u00e0 richiesta verr\u00e0 rilasciato un <strong>attestato di partecipazione<\/strong>. Per averlo, sar\u00e0 necessario compilare il <strong>Questionario di valutazione<\/strong> dell\u2019incontro.<\/p>\n\n\n\n<p class=\"has-black-color has-text-color\" style=\"font-size:18px\"><img loading=\"lazy\" decoding=\"async\" width=\"224\" height=\"148\" class=\"wp-image-215\" style=\"width: 30px\" src=\"https:\/\/people.unipi.it\/luca_mori\/wp-content\/uploads\/sites\/632\/2023\/03\/Schermata-2023-03-19-alle-11.37.49.png\" alt=\"\"> <em>Ai partecipanti saranno forniti molti materiali per l\u2019approfondimento dei temi trattati.<\/em><\/p>\n\n\n\n<hr class=\"wp-block-separator has-alpha-channel-opacity\" \/>\n\n\n\n<p class=\"has-vivid-red-color has-text-color has-medium-font-size\"><strong>Presentazione del percorso<\/strong><\/p>\n\n\n\n<p class=\"has-black-color has-text-color\" style=\"font-size:16px\">Una formazione aziendale all\u2019altezza delle sfide del XXI secolo non pu\u00f2 essere soltanto \u201ctecnica\u201d.<\/p>\n\n\n\n<p class=\"has-black-color has-text-color\" style=\"font-size:16px\">Da anni ricerche ed organizzazioni internazionali (a partire dal <em>World Economic Forum<\/em> per arrivare, ad esempio, alle linee guida sul \u201cnuovo umanesimo\u201d di Federmeccanica), sottolineano l\u2019importanza delle <em>soft skills<\/em>, cio\u00e8 di competenze trasversali ai livelli e ai ruoli, la cui carenza implica rilevanti \u201ccosti nascosti\u201d per qualsiasi azienda.<\/p>\n\n\n\n<p class=\"has-black-color has-text-color\" style=\"font-size:16px\">Come tutte le competenze, anche le <em>soft skills<\/em> sono composte di abilit\u00e0 e di saperi: abilit\u00e0 che possono essere allenate (<em>pensiero analitico e critico, creativit\u00e0 di gruppo, leadership, gestione dei conflitti, problem-solving e ragionamento di gruppo, team working<\/em> ecc.) e saperi che possono essere alimentati dal concorso di filosofia e scienze umane (<em>psicologia<\/em>, <em>sociologia<\/em>, <em>pensiero organizzativo<\/em>).<\/p>\n\n\n\n<p class=\"has-black-color has-text-color\" style=\"font-size:16px\">Questo ciclo di tre incontri intende introdurre ad un buon numero di idee e di strumenti rilevanti per aggiornarsi sul tema e per progettare interventi formativi ed azioni trasformative, con particolare attenzione alla prospettiva del \u201cmiglioramento continuo\u201d, individuale e organizzativo.<\/p>\n\n\n\n<p class=\"has-black-color has-text-color\" style=\"font-size:16px\">Il riferimento a casi di studio ed esempi concreti permetter\u00e0 di coniugare sempre in modo stretto teorie e pratiche, con l\u2019obiettivo di ispirare azioni e sperimentazioni nei contesti di riferimento dei partecipanti.<\/p>\n\n\n\n<p class=\"has-black-color has-text-color\" style=\"font-size:16px\"><em>Il percorso \u00e8 articolato in tre incontri, fruibili sia singolarmente (in quanto autonomi), sia come parti di un unico percorso integrato (in quanto, di fatto, correlati). Ai partecipanti saranno fornite dispense e materiale didattico per l\u2019approfondimento dei temi trattati.<\/em><\/p>\n\n\n\n<hr class=\"wp-block-separator has-alpha-channel-opacity\" \/>\n\n\n\n<p class=\"has-vivid-red-color has-text-color has-medium-font-size\"><strong>Incontro 1. Soft skills e margini di miglioramento organizzativo: idee e strumenti di intervento<\/strong> (gioved\u00ec 11 maggio 2023, 15:00-17:30)<\/p>\n\n\n\n<p class=\"has-black-color has-light-green-cyan-background-color has-text-color has-background\" style=\"font-size:16px\">Si parler\u00e0 di spazi e relazioni aziendali, di come migliorare la qualit\u00e0 delle riunioni, di gestione degli errori e dei <em>feedback <\/em>positivi e negativi, di strumenti per l\u2019esplorazione sistematica dei margini di miglioramento aziendali, di promozione dell\u2019<em>engagement<\/em> dei lavoratori e di sviluppo delle competenze relazionali fondamentali per un <em>team working<\/em> di qualit\u00e0.<\/p>\n\n\n\n<p class=\"has-vivid-red-color has-text-color has-medium-font-size\"><strong>Incontro 2. Miti della leadership e leader mitici <\/strong>(luned\u00ec 22 maggio 2023, 15:00-17:30) <\/p>\n\n\n\n<p class=\"has-black-color has-pale-cyan-blue-background-color has-text-color has-background\" style=\"font-size:16px\">Prendendo spunto da casi di studio aziendali \u2013 ma anche dalle sorprendenti chiavi di lettura rinvenibili nei classici del mito e della filosofia sul <em>potere<\/em> e sulle sue dinamiche (salutari o patologiche) \u2013 si parler\u00e0 di forme e stili di <em>leadership<\/em>, degli ingredienti pi\u00f9 tipici di successi e fallimenti nell\u2019esercizio di una buona <em>leadership, <\/em>di come riconoscere e gestire i <em>bias <\/em>cognitivi propri e altrui e di come affrontare i problemi ricorrenti nella comunicazione tra colleghi e tra posizioni gerarchiche distinte.<\/p>\n\n\n\n<p class=\"has-vivid-red-color has-text-color has-medium-font-size\"><strong>Incontro 3. Soft skills per l\u2019innovazione, la creativit\u00e0 e la buona gestione del know-how aziendale: idee e strumenti di intervento<\/strong> (mercoled\u00ec 7 giugno 2023, 15:00-17:30)<\/p>\n\n\n\n<p class=\"has-black-color has-luminous-vivid-amber-background-color has-text-color has-background\" style=\"font-size:16px\">Si parler\u00e0 di cambiamenti e di resistenza ai cambiamenti (endogeni o esogeni); delle variabili che rendono un ambiente di lavoro favorevole o sfavorevole all\u2019apprendimento; di come esercitare la creativit\u00e0 di gruppo e di come realizzare ambienti cognitivi e relazionali stimolanti alla condivisione e alla cooperazione, per la buona trasmissione ed evoluzione del <em>know-how <\/em>aziendale.<\/p>\n\n\n\n<hr class=\"wp-block-separator has-alpha-channel-opacity\" \/>\n\n\n\n<p class=\"has-vivid-red-color has-white-background-color has-text-color has-background has-medium-font-size\"><strong>IL FORMATORE<\/strong><\/p>\n\n\n\n<p style=\"font-size:16px\">Luca Mori ha conseguito il Dottorato di ricerca in Discipline Filosofiche (2005) e un Master univer\u00adsitario di II livello in Economia Aziendale e Management (2006) presso l\u2019Universit\u00e0 di Pisa, dove ora lavora come ricercatore di Storia della filosofia. \u00c8 membro del comitato scientifico internazionale della collana <em>Teorie, pratiche, storie del lavoro e dell\u2019idea di ozio<\/em> della Firenze University Press, che mette a disposizione i libri in <em>open access<\/em> (<a href=\"https:\/\/books.fupress.com\/scientific-board\/teorie-pratiche-storie-del-lavoro-e-dellidea-di-ozio--histories-theories-and-practices-of-labour-and\/62\" target=\"_blank\" rel=\"noreferrer noopener\">https:\/\/books.fupress.com\/scientific-board\/teorie-pratiche-storie-del-lavoro-e-dellidea-di-ozio&#8211;histories-theories-and-practices-of-labour-and\/62<\/a>). Svolge da anni attivit\u00e0 di formazione e consulenza organizzativa in diverse Regioni italiane, in particolare in Trentino, Lombardia, Emilia Romagna e Toscana (con scuole di management, aziende, cooperative, fondazioni e amministrazioni pubbliche). Ha ideato il modello formativo orientato al miglioramento organizzativo denominato \u201cUtopia in azienda\u201d, sperimentato per la prima volta (a partire dal 2017) nell\u2019azienda metalmeccanica Record Spa (prov. Bergamo: <a href=\"https:\/\/www.recordspa.it\/utopia-record-creativita-di-gruppo-cambiamento-e-gestione-del-conflitto\" target=\"_blank\" rel=\"noreferrer noopener\">https:\/\/www.recordspa.it\/utopia-record-creativita-di-gruppo-cambiamento-e-gestione-del-conflitto<\/a>). \u00c8 stato professore a contratto di <em>Teoria e modelli di comunicazione<\/em> per il Corso di laurea in Sistemi e progetti di comunicazione dell&#8217;Universit\u00e0 di Pisa (2008-2010) e docente responsabile del laboratorio &#8220;Emozioni e organizzazioni&#8221; nell&#8217;ambito del Corso di Psicologia del lavoro e delle organizzazioni all&#8217;Universit\u00e0 di Bergamo (2014). Con Giuseppe Varchetta (gi\u00e0 responsabile dello sviluppo organizzativo di Unilever Italia) ha curato il volume <em>Cura e formazione. Le organizzazioni che curano<\/em>, Franco Angeli, Milano 2012; con Gianluca Cepollaro (vicedirettore di tsm-Trentino School of Management e direttore della Scuola per il governo del territorio e del paesaggio della Provincia Autonoma di Trento) ha scritto tra l&#8217;altro <em>La leadership e la cura delle connessioni di senso<\/em>, in M.E. Salati &amp; A. Leoni (a cura di), <em>Neuroscienze e management. Nuovi strumenti per la professione manageriale<\/em>, collana AIDP (Associazione Italiana Direzione del Personale), Guerini e Associati, Milano 2015, pp. 195-215. Ha scritto di <em>soft skills<\/em> e formazione aziendale per il progetto editoriale su abbonamento SKILLE (La bussola per chi fa impresa) dell\u2019Eco di Bergamo (<a href=\"http:\/\/skille.ecodibergamo.it\" target=\"_blank\" rel=\"noreferrer noopener\">http:\/\/skille.ecodibergamo.it<\/a>). <\/p>\n","protected":false},"excerpt":{"rendered":"<p>11 maggio, 22 maggio e 7 giugno 2023, ore 15:00-17:30 Ciclo di incontri gratuito nell&#8217;ambito delle iniziative di Terza Missione&hellip;<\/p>\n<p><a class=\"btn btn-dark btn-sm unipi-read-more-link\" href=\"https:\/\/people.unipi.it\/luca_mori\/soft-skills-con-filosofia\/\">Leggi tutto&#8230;<\/a><\/p>\n","protected":false},"author":667,"featured_media":0,"parent":0,"menu_order":0,"comment_status":"closed","ping_status":"closed","template":"","meta":{"_acf_changed":false,"footnotes":""},"class_list":["post-198","page","type-page","status-publish","hentry"],"acf":[],"featured_image_src":null,"yoast_head":"<!-- This site is optimized with the Yoast SEO plugin v27.6 - https:\/\/yoast.com\/product\/yoast-seo-wordpress\/ -->\n<title>Sviluppare le soft skills in azienda, con filosofia - Luca Mori<\/title>\n<meta name=\"robots\" content=\"index, follow, max-snippet:-1, max-image-preview:large, max-video-preview:-1\" \/>\n<link rel=\"canonical\" href=\"https:\/\/people.unipi.it\/luca_mori\/soft-skills-con-filosofia\/\" \/>\n<meta property=\"og:locale\" content=\"it_IT\" \/>\n<meta property=\"og:type\" content=\"article\" \/>\n<meta property=\"og:title\" content=\"Sviluppare le soft skills in azienda, con filosofia - Luca Mori\" \/>\n<meta property=\"og:description\" content=\"11 maggio, 22 maggio e 7 giugno 2023, ore 15:00-17:30 Ciclo di incontri gratuito nell&#8217;ambito delle iniziative di Terza Missione&hellip;Leggi tutto...\" \/>\n<meta property=\"og:url\" content=\"https:\/\/people.unipi.it\/luca_mori\/soft-skills-con-filosofia\/\" \/>\n<meta property=\"og:site_name\" content=\"Luca Mori\" \/>\n<meta property=\"article:modified_time\" content=\"2023-03-22T04:50:11+00:00\" \/>\n<meta property=\"og:image\" content=\"https:\/\/people.unipi.it\/luca_mori\/wp-content\/uploads\/sites\/632\/2023\/03\/loghidipcfs.png\" \/>\n\t<meta property=\"og:image:width\" content=\"542\" \/>\n\t<meta property=\"og:image:height\" content=\"342\" \/>\n\t<meta property=\"og:image:type\" content=\"image\/png\" \/>\n<meta name=\"twitter:card\" content=\"summary_large_image\" \/>\n<meta name=\"twitter:label1\" content=\"Tempo di lettura stimato\" \/>\n\t<meta name=\"twitter:data1\" content=\"5 minuti\" \/>\n<script type=\"application\/ld+json\" class=\"yoast-schema-graph\">{\"@context\":\"https:\\\/\\\/schema.org\",\"@graph\":[{\"@type\":\"WebPage\",\"@id\":\"https:\\\/\\\/people.unipi.it\\\/luca_mori\\\/soft-skills-con-filosofia\\\/\",\"url\":\"https:\\\/\\\/people.unipi.it\\\/luca_mori\\\/soft-skills-con-filosofia\\\/\",\"name\":\"Sviluppare le soft skills in azienda, con filosofia - Luca Mori\",\"isPartOf\":{\"@id\":\"https:\\\/\\\/people.unipi.it\\\/luca_mori\\\/#website\"},\"primaryImageOfPage\":{\"@id\":\"https:\\\/\\\/people.unipi.it\\\/luca_mori\\\/soft-skills-con-filosofia\\\/#primaryimage\"},\"image\":{\"@id\":\"https:\\\/\\\/people.unipi.it\\\/luca_mori\\\/soft-skills-con-filosofia\\\/#primaryimage\"},\"thumbnailUrl\":\"https:\\\/\\\/people.unipi.it\\\/luca_mori\\\/wp-content\\\/uploads\\\/sites\\\/632\\\/2023\\\/03\\\/loghidipcfs.png\",\"datePublished\":\"2023-03-19T10:30:11+00:00\",\"dateModified\":\"2023-03-22T04:50:11+00:00\",\"breadcrumb\":{\"@id\":\"https:\\\/\\\/people.unipi.it\\\/luca_mori\\\/soft-skills-con-filosofia\\\/#breadcrumb\"},\"inLanguage\":\"it-IT\",\"potentialAction\":[{\"@type\":\"ReadAction\",\"target\":[\"https:\\\/\\\/people.unipi.it\\\/luca_mori\\\/soft-skills-con-filosofia\\\/\"]}]},{\"@type\":\"ImageObject\",\"inLanguage\":\"it-IT\",\"@id\":\"https:\\\/\\\/people.unipi.it\\\/luca_mori\\\/soft-skills-con-filosofia\\\/#primaryimage\",\"url\":\"https:\\\/\\\/people.unipi.it\\\/luca_mori\\\/wp-content\\\/uploads\\\/sites\\\/632\\\/2023\\\/03\\\/loghidipcfs.png\",\"contentUrl\":\"https:\\\/\\\/people.unipi.it\\\/luca_mori\\\/wp-content\\\/uploads\\\/sites\\\/632\\\/2023\\\/03\\\/loghidipcfs.png\"},{\"@type\":\"BreadcrumbList\",\"@id\":\"https:\\\/\\\/people.unipi.it\\\/luca_mori\\\/soft-skills-con-filosofia\\\/#breadcrumb\",\"itemListElement\":[{\"@type\":\"ListItem\",\"position\":1,\"name\":\"Home\",\"item\":\"https:\\\/\\\/people.unipi.it\\\/luca_mori\\\/\"},{\"@type\":\"ListItem\",\"position\":2,\"name\":\"Sviluppare le soft skills in azienda, con filosofia\"}]},{\"@type\":\"WebSite\",\"@id\":\"https:\\\/\\\/people.unipi.it\\\/luca_mori\\\/#website\",\"url\":\"https:\\\/\\\/people.unipi.it\\\/luca_mori\\\/\",\"name\":\"Luca Mori\",\"description\":\"\",\"potentialAction\":[{\"@type\":\"SearchAction\",\"target\":{\"@type\":\"EntryPoint\",\"urlTemplate\":\"https:\\\/\\\/people.unipi.it\\\/luca_mori\\\/?s={search_term_string}\"},\"query-input\":{\"@type\":\"PropertyValueSpecification\",\"valueRequired\":true,\"valueName\":\"search_term_string\"}}],\"inLanguage\":\"it-IT\"}]}<\/script>\n<!-- \/ Yoast SEO plugin. -->","yoast_head_json":{"title":"Sviluppare le soft skills in azienda, con filosofia - Luca Mori","robots":{"index":"index","follow":"follow","max-snippet":"max-snippet:-1","max-image-preview":"max-image-preview:large","max-video-preview":"max-video-preview:-1"},"canonical":"https:\/\/people.unipi.it\/luca_mori\/soft-skills-con-filosofia\/","og_locale":"it_IT","og_type":"article","og_title":"Sviluppare le soft skills in azienda, con filosofia - Luca Mori","og_description":"11 maggio, 22 maggio e 7 giugno 2023, ore 15:00-17:30 Ciclo di incontri gratuito nell&#8217;ambito delle iniziative di Terza Missione&hellip;Leggi tutto...","og_url":"https:\/\/people.unipi.it\/luca_mori\/soft-skills-con-filosofia\/","og_site_name":"Luca Mori","article_modified_time":"2023-03-22T04:50:11+00:00","og_image":[{"width":542,"height":342,"url":"https:\/\/people.unipi.it\/luca_mori\/wp-content\/uploads\/sites\/632\/2023\/03\/loghidipcfs.png","type":"image\/png"}],"twitter_card":"summary_large_image","twitter_misc":{"Tempo di lettura stimato":"5 minuti"},"schema":{"@context":"https:\/\/schema.org","@graph":[{"@type":"WebPage","@id":"https:\/\/people.unipi.it\/luca_mori\/soft-skills-con-filosofia\/","url":"https:\/\/people.unipi.it\/luca_mori\/soft-skills-con-filosofia\/","name":"Sviluppare le soft skills in azienda, con filosofia - Luca Mori","isPartOf":{"@id":"https:\/\/people.unipi.it\/luca_mori\/#website"},"primaryImageOfPage":{"@id":"https:\/\/people.unipi.it\/luca_mori\/soft-skills-con-filosofia\/#primaryimage"},"image":{"@id":"https:\/\/people.unipi.it\/luca_mori\/soft-skills-con-filosofia\/#primaryimage"},"thumbnailUrl":"https:\/\/people.unipi.it\/luca_mori\/wp-content\/uploads\/sites\/632\/2023\/03\/loghidipcfs.png","datePublished":"2023-03-19T10:30:11+00:00","dateModified":"2023-03-22T04:50:11+00:00","breadcrumb":{"@id":"https:\/\/people.unipi.it\/luca_mori\/soft-skills-con-filosofia\/#breadcrumb"},"inLanguage":"it-IT","potentialAction":[{"@type":"ReadAction","target":["https:\/\/people.unipi.it\/luca_mori\/soft-skills-con-filosofia\/"]}]},{"@type":"ImageObject","inLanguage":"it-IT","@id":"https:\/\/people.unipi.it\/luca_mori\/soft-skills-con-filosofia\/#primaryimage","url":"https:\/\/people.unipi.it\/luca_mori\/wp-content\/uploads\/sites\/632\/2023\/03\/loghidipcfs.png","contentUrl":"https:\/\/people.unipi.it\/luca_mori\/wp-content\/uploads\/sites\/632\/2023\/03\/loghidipcfs.png"},{"@type":"BreadcrumbList","@id":"https:\/\/people.unipi.it\/luca_mori\/soft-skills-con-filosofia\/#breadcrumb","itemListElement":[{"@type":"ListItem","position":1,"name":"Home","item":"https:\/\/people.unipi.it\/luca_mori\/"},{"@type":"ListItem","position":2,"name":"Sviluppare le soft skills in azienda, con filosofia"}]},{"@type":"WebSite","@id":"https:\/\/people.unipi.it\/luca_mori\/#website","url":"https:\/\/people.unipi.it\/luca_mori\/","name":"Luca Mori","description":"","potentialAction":[{"@type":"SearchAction","target":{"@type":"EntryPoint","urlTemplate":"https:\/\/people.unipi.it\/luca_mori\/?s={search_term_string}"},"query-input":{"@type":"PropertyValueSpecification","valueRequired":true,"valueName":"search_term_string"}}],"inLanguage":"it-IT"}]}},"_links":{"self":[{"href":"https:\/\/people.unipi.it\/luca_mori\/wp-json\/wp\/v2\/pages\/198","targetHints":{"allow":["GET"]}}],"collection":[{"href":"https:\/\/people.unipi.it\/luca_mori\/wp-json\/wp\/v2\/pages"}],"about":[{"href":"https:\/\/people.unipi.it\/luca_mori\/wp-json\/wp\/v2\/types\/page"}],"author":[{"embeddable":true,"href":"https:\/\/people.unipi.it\/luca_mori\/wp-json\/wp\/v2\/users\/667"}],"replies":[{"embeddable":true,"href":"https:\/\/people.unipi.it\/luca_mori\/wp-json\/wp\/v2\/comments?post=198"}],"version-history":[{"count":42,"href":"https:\/\/people.unipi.it\/luca_mori\/wp-json\/wp\/v2\/pages\/198\/revisions"}],"predecessor-version":[{"id":340,"href":"https:\/\/people.unipi.it\/luca_mori\/wp-json\/wp\/v2\/pages\/198\/revisions\/340"}],"wp:attachment":[{"href":"https:\/\/people.unipi.it\/luca_mori\/wp-json\/wp\/v2\/media?parent=198"}],"curies":[{"name":"wp","href":"https:\/\/api.w.org\/{rel}","templated":true}]}}