{"id":6,"date":"2015-04-08T11:11:35","date_gmt":"2015-04-08T09:11:35","guid":{"rendered":"http:\/\/people.unipi.it\/cloner\/?page_id=6"},"modified":"2023-01-16T16:45:23","modified_gmt":"2023-01-16T15:45:23","slug":"curriculum","status":"publish","type":"page","link":"https:\/\/people.unipi.it\/leonardo_bertini\/curriculum\/","title":{"rendered":"Curriculum vitae (Italiano)"},"content":{"rendered":"<h1><strong>ATTIVITA&#8217;\u00a0 FORMATIVE E PROFESSIONALI<\/strong><\/h1>\n<p>Il Prof. Leonardo BERTINI si \u00e8 laureato con lode in Ingegneria Nucleare presso la facolt\u00e0 di Ingegneria dell&#8217;Universit\u00e0 di Pisa il 28 Luglio 1980.<\/p>\n<p>Nel periodo immediatamente successivo alla laurea, <strong>ha operato per circa tre anni, in qualit\u00e0 di ingegnere, presso gli uffici tecnici di due aziende nazionali<\/strong> operanti nel settore meccanico: la Nuovo Pignone di Firenze (dal Dicembre 1980 al Settembre 1981) e la Costruzioni Metalliche FINSIDER (CMF) di Livorno (dal Settembre 1981 al Febbraio 1984).<\/p>\n<p>Nel periodo trascorso presso la &#8220;Nuovo Pignone&#8221;, il Prof. Bertini si \u00e8 occupato principalmente delle problematiche connesse con l&#8217;integrit\u00e0 strutturale di alcune componenti delle turbine a vapore, con particolare riguardo per le vibrazioni degli stadi di bassa pressione e per le rotture provocate da fenomeni di corrosione-fatica. Presso la CMF, che opera nel settore della costruzione di strutture metalliche di grandi dimensioni, il Prof. Bertini si invece occupato di &#8220;Computer Aided Engineering&#8221;, sviluppando, tra l&#8217;altro, un programma dedicato all&#8217;automazione della progettazione di tralicci per elettrodotti.<\/p>\n<p>Dal Marzo 1984 al Novembre 1986 il Prof. Bertini ha seguito il corso di Dottorato di Ricerca in &#8220;Meccanica dei Materiali&#8221;, svolgendo una ricerca nel campo della corrosione-fatica di acciai strutturali in ambiente marino.<\/p>\n<p>Dal 1988 si \u00e8 inserito nel personale di ruolo dell&#8217;Universit\u00e0 di Pisa, dove ha ricoperto dal 1 novembre 1992 al 31 dicembre 1999 il ruolo di <strong>Professore Associato<\/strong> nel SSD &#8220;Progettazione Meccanica e Costruzione di Macchine&#8221;. Dal 1 gennaio 2000 \u00e8 infine divenuto <strong>Professore Ordinario<\/strong> nello stesso SSD, ed \u00e8 stato confermato in ruolo nel giugno 2003.<\/p>\n<p>Il Prof. Bertini ha fatto parte del <strong>Comitato Scientifico<\/strong> di numerosi Convegni Nazionali ed Internazionali, in alcuni dei quali ha anche presentato relazioni invitate. Egli svolge inoltre opera di &#8220;<strong>referee<\/strong>&#8221; per alcune riviste internazionali, tra cui:<\/p>\n<p>&#8211; Engineering Fracture Mechanics<\/p>\n<p>&#8211; International Journal of fatigue<\/p>\n<p>&#8211; Fatigue and Fracture of Engineering Materials and Structures<\/p>\n<p>Dal 1993 al 2000 ha fatto parte del <strong>Consiglio Direttivo<\/strong> dell&#8217;Associazione Italiana per l&#8217;Analisi delle Sollecitazioni, svolgendo anche dal 1993 al 1997, le funzioni <strong>Segretario Amministrativo e<\/strong> <strong>Tesoriere<\/strong>. Dal 2005 al 2007 \u00e8 stato infine <strong>Presidente<\/strong> della stessa associazione.<\/p>\n<p>Dal 1984, sua data di ingresso nello staff dell&#8217;Universit\u00e0 di Pisa, il Prof. Bertini ha collaborato allo svolgimento di numerosi programmi di ricerca finanziati da Enti pubblici e privati, curando in prima persona <strong>l&#8217;organizzazione<\/strong> di parti rilevanti delle ricerche stesse e la <strong>gestione del personale<\/strong> tecnico coinvolto (studenti, laureandi, professionisti, tecnici di laboratorio).<\/p>\n<p>Dal 1992, dopo la nomina a Professore Associato, ha assunto in prima persona la <strong>direzione<\/strong> di numerosi programmi di ricerca, generalmente con importanti aziende nazionali ed internazionali, alcuni dei quali di notevole complessit\u00e0, che hanno implicato complessivamente finanziamenti di diversi M\u20ac ed hanno richiesto il coordinamento di gruppi di lavoro numerosi ed articolati, il mantenimento di contatti continui con i partner industriali e l&#8217;organizzazione di attivit\u00e0 sperimentali e teoriche particolarmente complesse.<\/p>\n<p>Nel 2011 ha fondato, insieme ai Proff. Marco BEGHINI e Renzo VALENTINI, la spin-off Letomec s.r.l., operante nel settore della ricerca scientifica e tecnologica nel campo dell\u2019ingegneria meccanica e industriale.<\/p>\n<p><strong>\u00a0<\/strong><\/p>\n<h1><strong>ATTIVITA&#8217; DI RICERCA SCIENTIFICA<\/strong><\/h1>\n<p>L&#8217;attivit\u00e0 di ricerca del Prof. Bertini ha complessivamente prodotto circa 130 memorie, molte delle quali pubblicate sulle pi\u00f9 prestigiose riviste internazionali del settore. Le principali attivit\u00e0 sono indicate nella pagina specifica del presente sito web.<\/p>\n<h2>Parametri bibliometrici legati alle pubblicazioni:<\/h2>\n<ul>\n<li>Scopus:\n<ul>\n<li>Documents=110<\/li>\n<li>h-index = 24 (periodo 2008-2023)<\/li>\n<li>h-index (autocitazioni escluse): 21<\/li>\n<li>n\u00b0 citazioni (autocitazioni escluse) = 1422<\/li>\n<li>n\u00b0 medio citazioni per lavoro (autocitazioni escluse) = 12.8<\/li>\n<\/ul>\n<\/li>\n<\/ul>\n<h2><strong>ATTIVITA&#8217; DIDATTICA<\/strong><\/h2>\n<p>Il Prof. Leonardo BERTINI ha tenuto presso l&#8217;Universit\u00e0 di Pisa, negli anni accademici che vanno dal 1992 alla data odierna,\u00a0 i seguenti Corsi:<\/p>\n<ul>\n<li>Costruzione di Macchine, 1 annualit\u00e0, fondamentale, V anno del C.L. in Ing. Elettrica (V.O.)<\/li>\n<li>Progettazione Assistita delle Strutture Meccaniche, 1 annualit\u00e0, indirizzo, V anno del C.L. Ing. Meccanica (V.O.)<\/li>\n<li>Tecnica delle Costruzioni Meccaniche, \u00bd annualit\u00e0, fondamentale, II anno del C.L. in Ing. Meccanica (V.O., a.a. 1999-2000)<\/li>\n<li>Meccanica e Tecnica delle Costruzioni Meccaniche, 12 CFU, fondamentale, II anno del C.L. in Ing. Elettrica (N.O.)<\/li>\n<li>Progettazione Assistita delle Strutture Meccaniche I, 6 CFU, fondamentale, I anno del C.L. Specialistica in Ing. Meccanica (N.O.)<\/li>\n<li>Progettazione Assistita delle Strutture Meccaniche II, 6 CFU, opzionale, II anno del C.L. Specialistica in Ing. Meccanica (N.O.)<\/li>\n<li>Costruzioni Meccaniche II, 6 CFU, fondamentale, I anno del C.L. Specialistica in Ing. Elettrica (N.O.)<\/li>\n<li>Costruzione di Apparecchiature Chimiche, 9 CFU, fondamentale, I anno del C.L. Magistrale in Ing. Chimica<\/li>\n<\/ul>\n<p>Egli ha inoltre tenuto per diversi anni il seguente corso presso la Facolt\u00e0 di Ingegneria dell&#8217;Universit\u00e0 degli Studi di Trento:<\/p>\n<ul>\n<li>Costruzione di Macchine, 1 annualit\u00e0, fondamentale, V anno del C.L. in Ing. dei Materiali (V.O.)<\/li>\n<\/ul>\n<p>ed il seguente corso (in codocenza) del Master in Progettazione Impianti Oil &amp; Gas organizzato dall\u2019Universit\u00e0 di Bologna:<\/p>\n<ul>\n<li>Progettazione Meccanica<\/li>\n<\/ul>\n<p>Nel periodo dal 1 gennaio 2000 al 31 dicembre 2002 il Prof. BERTINI ha fatto parte, oltre a quelle da lui presiedute, di numerose altre commissioni di esame relative a corsi appartenenti al SSD ING-IND\/14, quali &#8220;Costruzione di Macchine&#8221; per i CL in Ing. Meccanica, Nucleare e Chimica (V.O.), &#8220;Comportamento Meccanico del Materiali&#8221; per il CL in Ing. Meccanica (V.O.) e &#8220;Tecnica delle Costruzioni Meccaniche&#8221; per il CL in Ing. Meccanica (N.O.).<\/p>\n<p>Nello stesso periodo ha seguito, in qualit\u00e0 di relatore, numerose Tesi di Laurea in Ingegneria Meccanica, Chimica ed Aerospaziale, ha <strong>presieduto varie Commissioni di Laurea in Ingegneria Meccanica<\/strong> ed \u00e8 stato membro dei Collegi dei Docenti dei Corsi di Dottorato di Ricerca in Ingegneria Meccanica ed in Ingegneria dei Veicoli Terrestri dell&#8217;Universit\u00e0 di Pisa.<\/p>\n<h2>CARICHE ACCADEMICHE<\/h2>\n<p>Il Prof. Leonardo BERTINI ha ricoperto, presso l&#8217;Universit\u00e0 di Pisa, le seguenti cariche accademiche:<\/p>\n<ul>\n<li>Presidente del Consiglio di Corso di Laurea Specialistica in Ing. Meccanica, a partire dal 16 gennaio 2003 sino al 31 ottobre 2008<\/li>\n<li>Direttore della Scuola di Dottorato in Ingegneria \u201cLeonardo da Vinci\u201d, a partire dal 29 giugno 2005 sino al 2 febbraio 2009<\/li>\n<li>Vice-Preside della Facolt\u00e0 di Ingegneria, a partire dal 2 febbraio 2009 sino al 31\/10 2012<\/li>\n<li>Membro esperto e poi effettivo della Commissione Brevetti dell\u2019Universit\u00e0 di Pisa<\/li>\n<\/ul>\n<ul>\n<li>Vicepresidente del Consiglio di Corso di Laurea in Ingegneria Meccanica dal 2000 al 2002<\/li>\n<li>Presidente del Consiglio di Corso di Laurea Specialistica in Ingegneria Meccanica dal gennaio 2003 al 31 ottobre 2008<\/li>\n<\/ul>\n<h2>PREMI<\/h2>\n<p>Il Prof. Leonardo BERTINI ha ottenuto i seguenti principali riconoscimenti:<\/p>\n<ul>\n<li>Premio AIAS (Associazione Italiana per l&#8217;Analisi delle Sollecitazioni) per l&#8217;anno 1992, assegnato al lavoro &#8220;Rilievo di stati di autotensione prodotti da procedimenti di &#8216;cladding&#8217; utilizzati per la fabbricazione di recipienti in pressione&#8221;, autori: Marco Beghini e Leonardo Bertini<\/li>\n<li>Premio AIAS (Associazione Italiana per l&#8217;Analisi delle Sollecitazioni) per l&#8217;anno 2000, assegnato al lavoro &#8220;Una macchina a risonanza per prove di fatica su particolari cilindrici in piena scala&#8221;, autori: Marco Beghini, Leonardo Bertini, Francesco Frendo e Massimo Storai<\/li>\n<li>Premio CEGB (Central Electricity Generating Board )2010 dall\u2019Editorial Board del Journal of Strain Analysis for Engineering Design, per il lavoro: \u201cA procedure for evaluating high residual stresses using the blind hole drilling method, including the effect of plasticity\u201d, autori: Marco Beghini, Leonardo Bertini e Ciro Santus<\/li>\n<li>Premio SMAU per l\u2019Innovazione 2016, attribuito all\u2019attivit\u00e0 di ricerca condotta da un gruppo formato dall\u2019azienda spin off dell\u2019Universit\u00e0 di Pisa Letomec unitamente alla Electrolux, nel campo della qualifica degli acciai da smaltatura rispetto al rischio di infragilimento da idrogeno e di \u201cfish scaling\u201d<\/li>\n<li>CAE Conference Best Poster Award 2016<\/li>\n<li>AIAS Simulation Award 2017.<\/li>\n<\/ul>\n<h2><strong>\u00a0<\/strong><strong>BREVETTI<\/strong><\/h2>\n<p><strong>\u00a0<\/strong>Il Prof. Leonardo BERTINI \u00e8 cointestatario dei seguenti brevetti:<\/p>\n<ul>\n<li>Dispositivo per la rilevazione di caratteristiche meccaniche di materiali, in particolare materiali metallici. TO2004A000535 depositato nel 2004 e successivamente acquistato dalla societ\u00e0 Scienzia Machinale Srl e da questa esteso a livello internazionale nel 2009 . (Method for detecting mechanical features of a material and apparatus that carries out this method. US7,480,575 B2, S.M. Scienzia Machinale Srl (Navacchio-Pisa)) . Scienza Machinale ha nel frattempo realizzato il prodotto che \u00e8 attualmente in fase di commercializzazione.<\/li>\n<\/ul>\n<ul>\n<li>Helios: Tecnica innovativa per la misura automatizzata del contenuto di idrogeno e del relativo coefficiente di diffusione nei materiali e relativo strumento di misura, 2012, (appartenente alla spin-off Letomec<\/li>\n<\/ul>\n","protected":false},"excerpt":{"rendered":"<p>ATTIVITA&#8217;\u00a0 FORMATIVE E PROFESSIONALI Il Prof. Leonardo BERTINI si \u00e8 laureato con lode in Ingegneria Nucleare presso la facolt\u00e0 di&hellip;<\/p>\n<p><a class=\"btn btn-dark btn-sm unipi-read-more-link\" href=\"https:\/\/people.unipi.it\/leonardo_bertini\/curriculum\/\">Leggi tutto&#8230;<\/a><\/p>\n","protected":false},"author":1,"featured_media":0,"parent":0,"menu_order":0,"comment_status":"closed","ping_status":"closed","template":"","meta":{"_acf_changed":false,"footnotes":""},"class_list":["post-6","page","type-page","status-publish","hentry"],"acf":[],"featured_image_src":null,"yoast_head":"<!-- This site is optimized with the Yoast SEO plugin v27.5 - https:\/\/yoast.com\/product\/yoast-seo-wordpress\/ -->\n<title>Curriculum vitae (Italiano) - Leonardo Bertini<\/title>\n<meta name=\"robots\" content=\"index, follow, max-snippet:-1, max-image-preview:large, max-video-preview:-1\" \/>\n<link rel=\"canonical\" href=\"https:\/\/people.unipi.it\/leonardo_bertini\/curriculum\/\" \/>\n<meta property=\"og:locale\" content=\"it_IT\" \/>\n<meta property=\"og:type\" content=\"article\" \/>\n<meta property=\"og:title\" content=\"Curriculum vitae (Italiano) - Leonardo Bertini\" \/>\n<meta property=\"og:description\" content=\"ATTIVITA&#8217;\u00a0 FORMATIVE E PROFESSIONALI Il Prof. Leonardo BERTINI si \u00e8 laureato con lode in Ingegneria Nucleare presso la facolt\u00e0 di&hellip;Leggi tutto...\" \/>\n<meta property=\"og:url\" content=\"https:\/\/people.unipi.it\/leonardo_bertini\/curriculum\/\" \/>\n<meta property=\"og:site_name\" content=\"Leonardo Bertini\" \/>\n<meta property=\"article:modified_time\" content=\"2023-01-16T15:45:23+00:00\" \/>\n<meta name=\"twitter:card\" content=\"summary_large_image\" \/>\n<meta name=\"twitter:label1\" content=\"Tempo di lettura stimato\" \/>\n\t<meta name=\"twitter:data1\" content=\"6 minuti\" \/>\n<script type=\"application\/ld+json\" class=\"yoast-schema-graph\">{\"@context\":\"https:\\\/\\\/schema.org\",\"@graph\":[{\"@type\":\"WebPage\",\"@id\":\"https:\\\/\\\/people.unipi.it\\\/leonardo_bertini\\\/curriculum\\\/\",\"url\":\"https:\\\/\\\/people.unipi.it\\\/leonardo_bertini\\\/curriculum\\\/\",\"name\":\"Curriculum vitae (Italiano) - Leonardo Bertini\",\"isPartOf\":{\"@id\":\"https:\\\/\\\/people.unipi.it\\\/leonardo_bertini\\\/#website\"},\"datePublished\":\"2015-04-08T09:11:35+00:00\",\"dateModified\":\"2023-01-16T15:45:23+00:00\",\"breadcrumb\":{\"@id\":\"https:\\\/\\\/people.unipi.it\\\/leonardo_bertini\\\/curriculum\\\/#breadcrumb\"},\"inLanguage\":\"it-IT\",\"potentialAction\":[{\"@type\":\"ReadAction\",\"target\":[\"https:\\\/\\\/people.unipi.it\\\/leonardo_bertini\\\/curriculum\\\/\"]}]},{\"@type\":\"BreadcrumbList\",\"@id\":\"https:\\\/\\\/people.unipi.it\\\/leonardo_bertini\\\/curriculum\\\/#breadcrumb\",\"itemListElement\":[{\"@type\":\"ListItem\",\"position\":1,\"name\":\"Home\",\"item\":\"https:\\\/\\\/people.unipi.it\\\/leonardo_bertini\\\/\"},{\"@type\":\"ListItem\",\"position\":2,\"name\":\"Curriculum vitae (Italiano)\"}]},{\"@type\":\"WebSite\",\"@id\":\"https:\\\/\\\/people.unipi.it\\\/leonardo_bertini\\\/#website\",\"url\":\"https:\\\/\\\/people.unipi.it\\\/leonardo_bertini\\\/\",\"name\":\"Leonardo Bertini\",\"description\":\"Non rinnegate la vostra semenza, fattinon foste a viver come bruti, ma per seguir virtute e canoscenza\",\"potentialAction\":[{\"@type\":\"SearchAction\",\"target\":{\"@type\":\"EntryPoint\",\"urlTemplate\":\"https:\\\/\\\/people.unipi.it\\\/leonardo_bertini\\\/?s={search_term_string}\"},\"query-input\":{\"@type\":\"PropertyValueSpecification\",\"valueRequired\":true,\"valueName\":\"search_term_string\"}}],\"inLanguage\":\"it-IT\"}]}<\/script>\n<!-- \/ Yoast SEO plugin. -->","yoast_head_json":{"title":"Curriculum vitae (Italiano) - Leonardo Bertini","robots":{"index":"index","follow":"follow","max-snippet":"max-snippet:-1","max-image-preview":"max-image-preview:large","max-video-preview":"max-video-preview:-1"},"canonical":"https:\/\/people.unipi.it\/leonardo_bertini\/curriculum\/","og_locale":"it_IT","og_type":"article","og_title":"Curriculum vitae (Italiano) - Leonardo Bertini","og_description":"ATTIVITA&#8217;\u00a0 FORMATIVE E PROFESSIONALI Il Prof. Leonardo BERTINI si \u00e8 laureato con lode in Ingegneria Nucleare presso la facolt\u00e0 di&hellip;Leggi tutto...","og_url":"https:\/\/people.unipi.it\/leonardo_bertini\/curriculum\/","og_site_name":"Leonardo Bertini","article_modified_time":"2023-01-16T15:45:23+00:00","twitter_card":"summary_large_image","twitter_misc":{"Tempo di lettura stimato":"6 minuti"},"schema":{"@context":"https:\/\/schema.org","@graph":[{"@type":"WebPage","@id":"https:\/\/people.unipi.it\/leonardo_bertini\/curriculum\/","url":"https:\/\/people.unipi.it\/leonardo_bertini\/curriculum\/","name":"Curriculum vitae (Italiano) - Leonardo Bertini","isPartOf":{"@id":"https:\/\/people.unipi.it\/leonardo_bertini\/#website"},"datePublished":"2015-04-08T09:11:35+00:00","dateModified":"2023-01-16T15:45:23+00:00","breadcrumb":{"@id":"https:\/\/people.unipi.it\/leonardo_bertini\/curriculum\/#breadcrumb"},"inLanguage":"it-IT","potentialAction":[{"@type":"ReadAction","target":["https:\/\/people.unipi.it\/leonardo_bertini\/curriculum\/"]}]},{"@type":"BreadcrumbList","@id":"https:\/\/people.unipi.it\/leonardo_bertini\/curriculum\/#breadcrumb","itemListElement":[{"@type":"ListItem","position":1,"name":"Home","item":"https:\/\/people.unipi.it\/leonardo_bertini\/"},{"@type":"ListItem","position":2,"name":"Curriculum vitae (Italiano)"}]},{"@type":"WebSite","@id":"https:\/\/people.unipi.it\/leonardo_bertini\/#website","url":"https:\/\/people.unipi.it\/leonardo_bertini\/","name":"Leonardo Bertini","description":"Non rinnegate la vostra semenza, fattinon foste a viver come bruti, ma per seguir virtute e canoscenza","potentialAction":[{"@type":"SearchAction","target":{"@type":"EntryPoint","urlTemplate":"https:\/\/people.unipi.it\/leonardo_bertini\/?s={search_term_string}"},"query-input":{"@type":"PropertyValueSpecification","valueRequired":true,"valueName":"search_term_string"}}],"inLanguage":"it-IT"}]}},"_links":{"self":[{"href":"https:\/\/people.unipi.it\/leonardo_bertini\/wp-json\/wp\/v2\/pages\/6","targetHints":{"allow":["GET"]}}],"collection":[{"href":"https:\/\/people.unipi.it\/leonardo_bertini\/wp-json\/wp\/v2\/pages"}],"about":[{"href":"https:\/\/people.unipi.it\/leonardo_bertini\/wp-json\/wp\/v2\/types\/page"}],"author":[{"embeddable":true,"href":"https:\/\/people.unipi.it\/leonardo_bertini\/wp-json\/wp\/v2\/users\/1"}],"replies":[{"embeddable":true,"href":"https:\/\/people.unipi.it\/leonardo_bertini\/wp-json\/wp\/v2\/comments?post=6"}],"version-history":[{"count":9,"href":"https:\/\/people.unipi.it\/leonardo_bertini\/wp-json\/wp\/v2\/pages\/6\/revisions"}],"predecessor-version":[{"id":147,"href":"https:\/\/people.unipi.it\/leonardo_bertini\/wp-json\/wp\/v2\/pages\/6\/revisions\/147"}],"wp:attachment":[{"href":"https:\/\/people.unipi.it\/leonardo_bertini\/wp-json\/wp\/v2\/media?parent=6"}],"curies":[{"name":"wp","href":"https:\/\/api.w.org\/{rel}","templated":true}]}}