{"id":8,"date":"2015-04-08T11:14:00","date_gmt":"2015-04-08T09:14:00","guid":{"rendered":"http:\/\/people.unipi.it\/cloner\/?page_id=8"},"modified":"2026-04-15T21:33:26","modified_gmt":"2026-04-15T19:33:26","slug":"pubblicazioni","status":"publish","type":"page","link":"https:\/\/people.unipi.it\/gloria_cappelli\/pubblicazioni\/","title":{"rendered":"Pubblicazioni"},"content":{"rendered":"<h3>ARTICOLI IN VOLUMI<\/h3>\n<p>(2024) &#8220;The language of accessible adventure tourism&#8221;, in Dur\u00e1n-Mu\u00f1oz, I. and Jim\u00e9nez-Navarro, E.L. (Eds.), <em>Exploring the language of adventure tourism, <\/em>Bern, Peter Lang, pp. 35-54.<\/p>\n<p>(2022) (with F. Bianchi, S. Bruti &amp; E. Manca) (eds) &#8220;Popularizing, Disseminating and Rewriting for Young Audiences&#8221;, Special Issue of <em>TOKEN &#8211; A Journal of English Linguistics<\/em>, 15.<\/p>\n<p>(2022) (with F. Bianchi, S. Bruti &amp; E. Manca) &#8220;Introduction&#8221;, Special Issueo of TOKEN &#8211; A Journal of English Linguistics, 15, pp. 5-18.<\/p>\n<p>(2022) &#8220;Linguistics for children: The intermodal presentation of English grammar metalanguage in materials for young learners&#8221;, <em>TOKEN &#8211; A Journal of English Linguistics<\/em>, 15, pp. 287-317.<\/p>\n<p>(2022) (with S. Noccetti &amp; N. Simi) (eds) &#8220;Pragmatic efficiency and text comprehension in L1 and L2 spoken and written communication&#8221;, <em>Special Issue of Lingue e Linguaggi<\/em>, 54, pp. 1-326.<\/p>\n<p>(2022) (with S. Noccetti &amp; N. Simi) &#8220;Preface to the Special Issue of Lingue e Linguaggi &#8220;Pragmatic efficiency and text comprehension in L1 and L2 spoken and written communication&#8221;, <em>Lingue e Linguaggi<\/em>, 54, pp. 5-13.<\/p>\n<p>(2022) &#8220;Reading Comprehension in Young Adult Learners of English with and without Dyslexia&#8221;, <em>Lingue e<\/em> <em>Linguaggi,<\/em> 54, pp. 223-251.<\/p>\n<p>(2022) (with S. Noccetti) &#8220;Dyslexia and vocabulary depth in EFL text comprehension&#8221;, <em>Lingue e Linguaggi,<\/em> 54, pp. 195-222.<\/p>\n<p>(2022) (with S. Noccetti) (eds.) <em>A Linguistic Approach to the Study of Dyslexia<\/em>, Multilingual Matters, Bristol, with &#8220;Introduction by the Editors&#8221; (pp. 1-18).<\/p>\n<p>(2022) &#8220;The Impact of Dyslexia on Lexico-Semantic Abilities&#8221;, in G. Cappelli e S. Noccetti (eds), <em>A Linguistic Approach to the Study of Dyslexia<\/em>, Bristol, Multilingual Matters, pp. 211-239.<\/p>\n<p>(2022) (con Sabrina Noccetti, Nicoletta Simi, Giorgio Arcara &amp; Valentina Bambini), &#8220;Dyslexia and Pragmatic Skills&#8221;, in G. Capelli &amp; S. Noccetti (eds), <em>A Linguistic Approach to the Study of Dyslexia<\/em>, Bristol, Multilingual Matters, pp. 240-262.<\/p>\n<p>(2021) (con Veronica Bonsignori), &#8220;Developing strategies for conceptual accessibility through multimodal literacy in the English for tourism classroom&#8221;, <em>Multimodal Communication, <a href=\"https:\/\/dx.doi.org\/10.1515\/mc-2020-0026\">https:\/\/dx.doi.org\/10.1515\/mc-2020-0026<\/a>.<\/em><\/p>\n<p>(2020) (con Veronica Bonsignori), &#8220;Specialized and culture-bound knowledge dissemination through spoken tourism discourse: Multimodal strategies in guided tours and documentaries&#8221;, <em>Lingue e<\/em> <em>Linguaggi,<\/em> 40, pp. 213-239.<\/p>\n<p>(2019) (con Veronica Bonsignori ed Elisa Mattielo), \u201cPreface\u201d, in Bonsignori, V., Cappelli, G. and Mattiello, E. (eds.), <em>Worlds of Words: Complexity, Creativity, and Conventionality in English Language, Literature and Culture (Volume 1)<\/em>, Pisa, Pisa University Press, pp. 11-19.<\/p>\n<p>(2019), \u201cPragmatic and lexical skills of learners with dyslexia and EFL learning\u201d, in Coppola M.M., Di Blasio F., Francesconi S. (eds.), <em>Contact Zones: Cultural, Linguistic and Literary Connections in English<\/em>, Trento, Trento University Press, pp. 55-74.<\/p>\n<p>(2019) (con Silvia Masi) \u201cKnowledge dissemination through tourist guidebooks: Popularization strategies in English and Italian guidebooks for adults and for children\u201d, in M. Bondi, S. Cacchiani e S. Cavalieri (eds), <em>Communicating Specialized Knowledge Old Genres and New Media<\/em>, Cambridge Scholars Publishing, pp. 124-161.<\/p>\n<p>(2018) (con Sabrina Noccetti) \u201cBlended learning and memory-training techniques for specialised vocabulary learning in adult EFL learners with dyslexia.\u201d, in B. Garzelli e E. Ghia (a cura di), <em>Le lingue dei centri linguistici nelle sfide europee e internazionali: formazione e mercato del lavoro<\/em>, Pisa, ETS, pp. 181-198.<\/p>\n<p>(2018) (con Sabrina Noccetti) \u201cRicerca e didattica speciale per l\u2019inclusione. L\u2019esperienza del corso di lingua inglese per studenti con dislessia evolutiva del Centro Linguistico dell\u2019Universit\u00e0 di Pisa.\u201d, in G. Guaraldi, A. Valenti, e E. Genovese (eds.), <em>Dalla scuola secondaria all\u2019Universit\u00e0. Percorsi per il successo formativo<\/em>, Erikson.<\/p>\n<p>(2017) \u201cForeword\u201d, in R. Raus, G. Cappelli e C. Flinz, <em>La guida turistica: luogo d&#8217;incontro tra lessico e immagini dei Beni Culturali<\/em>, Firenze University Press, XVII-XX.<\/p>\n<p>(2016) (con Sabrina Noccetti) \u201cTeaching specialized vocabulary to dyslexic adult second-language learners: A proposal for multimodal lexical input enhancement\u201d, in V. Bonsignori e B. Crawford Camiciottoli (eds.), <em>Multimodality Across Communicative Settings, Discourse Domains and Genres<\/em>, Cambridge Scholars Publishing, 37-64.<\/p>\n<p>(2015) (con Daniele Franceschi e Maria Ivana Lorenzetti), \u201cInsights into the Lexicon of Vision in Domain-Specific English\u201d, in E. Carpi (ed), <em>Prospettive plurilingui e interdisciplinari nel discorso specialistico<\/em>, Pisa: Pisa University Press, 135-161.<\/p>\n<p>(2013) \u201cTravelling words: Languaging in English tourism discourse\u201d, in A. Yarrington, S. Villani and J. Kelly (eds.), <em>Travels and Translations<\/em>, Amsterdam, New York: Rodopi, p.353-374.<\/p>\n<p>(2010) \u201cLexical Complexity. Theoretical and Empirical Aspects\u201d, in L. Pinnavaia e N. Brownlees, <em>Insights into English and Germanic lexicology and lexicography: past and present perspectives<\/em>, Monza: Polimetrica International Publishers, 115-127.<\/p>\n<p>(2008) \u201cAntonymy and verbs of cognitive attitude: When know is the opposite of think and believe\u201c, in Bertuccelli Papi, M., Bruti, S., Bertacca, A. (eds.), <em>Threads in the complex fabric of language. Linguistic and literary studies in honour of Lavinia Merlini<\/em>, Pisa: Felici Editore, 529-546.<\/p>\n<p>(2008) \u201cLet\u2019s assume it is both conceptual and procedural\u2026 A hypothesis about the information encoded by verbs of cognitive attitude\u201d. In: R. Mairal (ed.), <em>Actas del XXIV Congreso Internacional AESLA. Aprendizaje de lenguas, uso del lenguaje y modelaci\u00f3n cognitiva: perspectivas aplicadas entre disciplina<\/em>, Madrid: UNED, 1213-1219.<\/p>\n<p>(2007) \u201cThe translation of tourism-related websites and localization: problems and perspectives\u201d, in A. Baicchi (ed.),<em>Voices on Translation, RILA Rassegna Italiana di Linguistica Applicata<\/em>, 97-115.<\/p>\n<p>(2007)(con M. Bertuccelli Papi e S. Masi), \u201cIntroduction\u201d. In: M. Bertuccelli Papi, G. Cappelli, e S. Masi (eds), <em>Lexical complexity: theoretical assessment and translational perspectives<\/em>, Pisa: Plus Pisa University Press, 7-11.<\/p>\n<p>(2007) \u201cTranslating English verbs of cognitive attitude into Italian: the difficulties of mapping two apparently equivalent complex systems\u201d, In: M. Bertuccelli Papi, G. Cappelli, e S. Masi (eds), <em>Lexical complexity: theoretical assessment and translational perspectives<\/em>, Pisa: Plus Pisa University Press, 177-201.<\/p>\n<p>(2005) \u201cModulating Attitudes via Adverbs: a cognitive-pragmatic approach to the lexicalisation of epistemological evaluation\u201d. In M. Bertuccelli Papi (ed.), <em>Studies in the semantics of Lexical combinatory patterns<\/em>, Pisa: Plus Pisa University Press, 213-278.<\/p>\n<h3>ARTICOLI IN RIVISTE<\/h3>\n<p>(2026) &#8220;Procedural Meaning in Multimodal Pragmatics: How Emojis Modulate Epistemic Interpretation&#8221;, <em>Textus,<\/em> 39(1), 201-220.<\/p>\n<p>(2025) &#8220;<a href=\"https:\/\/iperstoria.it\/article\/view\/1666\/1601\" target=\"_blank\" rel=\"noopener\">From Protest to Criminal Disruption. A Diachronic Investigation into the Framing of Climate Activism in the UK<\/a>&#8220;, <em>Iperstoria<\/em>, 26, 141-163.<\/p>\n<p>(2025) (with Frau et al.) &#8220;Ten years of using the APACS test: a multistudy cross-diagnostic analysis of pragmatic profiles and their relationship with Theory of Mind&#8221;, <em><span class=\"me-1\">Philosophical Transaction &#8211; Royal Society. Biological Sciences<\/span><\/em><span class=\"me-1\">, Vol. 380, 20230495.<\/span><\/p>\n<p>(2024) (with N. Simi) &#8220;<a href=\"https:\/\/www.researchgate.net\/profile\/Gloria-Cappelli-2\/publication\/387502529_Instagram_English_microlessons_A_new_genre_for_nonformal_EFL_learning\/links\/67712723fb9aff6eaaf3e754\/Instagram-English-microlessons-A-new-genre-for-nonformal-EFL-learning.pdf?_tp=eyJjb250ZXh0Ijp7ImZpcnN0UGFnZSI6InB1YmxpY2F0aW9uIiwicGFnZSI6InB1YmxpY2F0aW9uIn19\">Instagram English microlessons.<\/a> A new genre for nonformal EFL learning&#8221;, <em>Lingue e Linguaggi<\/em>, Vol. 66, 185-218.<\/p>\n<p>(2022) &#8220;<a href=\"https:\/\/bibliotekacyfrowa.ujk.edu.pl\/dlibra\/publication\/9754\/edition\/12861?language=en\">Linguistics for children:<\/a> The intermodal presentation of English grammar metalanguage in materials for young learners\u201d, <em>Token<\/em>, Vol. 15, 287-317.<\/p>\n<p>(2022) (with S. Noccetti and N. Simi) &#8220;<a href=\"http:\/\/siba-ese.unisalento.it\/index.php\/linguelinguaggi\/article\/view\/26385\" target=\"_blank\" rel=\"noopener\">Preface<\/a>&#8220;, in G. Cappelli <em>et al.<\/em>, special issue of <em>Lingue e Linguaggi<\/em>, Vol. 54, 5-13.<\/p>\n<p>(2022) \u201c<a href=\"http:\/\/siba-ese.unisalento.it\/index.php\/linguelinguaggi\/article\/view\/26395\" target=\"_blank\" rel=\"noopener\">Reading comprehension in young adult learners of English with and without dyslexia<\/a>\u201d, in G.<br \/>Cappelli <em>et al.<\/em>, special issue of <em>Lingue e Linguaggi<\/em>, Vol. 54, 195-222.<\/p>\n<p>(2022) (with S. Noccetti) &#8220;<a href=\"http:\/\/siba-ese.unisalento.it\/index.php\/linguelinguaggi\/article\/view\/26396\" target=\"_blank\" rel=\"noopener\">Dyslexia and vocabulary depth in EFL text comprehension<\/a>&#8220;, in G. Cappelli <em>et al.<\/em>, special issue of <em>Lingue e Linguaggi<\/em>, Vol. 54, 223-251.<\/p>\n<p>(2021) (with V. Bonsignori) \u201c<a href=\"https:\/\/www.degruyter.com\/document\/doi\/10.1515\/mc-2020-0026\/html\" target=\"_blank\" rel=\"noopener noreferrer\">Developing accessibility strategies through multimodal literacy in the English for Tourism classroom\u201d, <em>Multimodal Communication<\/em>.<\/a><\/p>\n<p>(2020) (con Veronica Bonsignori) \u201cSpecialized and Culture-Bound Knowledge Dissemination through Spoken Tourism Discourse: Multimodal Strategies in Guided Tours and Documentaries\u201d, in Bianchi, F. and Manca, E. (Eds), <em>Lingue e Linguaggi<\/em>, 40, pp. 213-239.<\/p>\n<p>(2018) (con Sabrina Noccetti, Giorgio Arcara e Valentina Bambini) \u201cPragmatic competence and its relationship with the linguistic and cognitive profile of young adults with dyslexia\u201d, <em>Dyslexia,<\/em> 24, 209-306.<\/p>\n<p>(2016) \u201cPopularization and accessibility in travel guidebooks for children in English\u201d, <em>Cultus: the Journal of Intercultural Mediation and Communication<\/em>, 68-89.<\/p>\n<p>(2016) \u201cEnglish for Tourism: Using translated texts in the classroom to improve writing skills\u201d, <em>Lingue e linguaggi<\/em>, 17, 21-38.<\/p>\n<p>(2013) \u201c\u2018A perfect Tuscan experience\u2019: Destination image and Cultural expectations in positive travel reviews in English and Italian\u201d, in S. Bruti (ed), <em>Investigating the language-culture interface: English vis-\u00e0-vis Italian, RILA Rassegna Italiana di Linguistica Applicata<\/em>, Roma: Bulzoni Editore, 59-86.<\/p>\n<p>(2012) \u201cTravelling in space: Spatial Representation in English and Italian Tourism Discourse\u201d, <em>Textus<\/em>, 1\/2012, Special Issue on Tourism and Tourists in Language and Linguistics, edited by Luisanna Fodde and Georges Van Den Abbeele, 17-34.<\/p>\n<p>(2008) \u201cExpats\u2019 Talk: Humour and irony in an expatriate\u2019s travel blog\u201d, <em>Textus,<\/em> XXI, Special Issue on Humour, edited by Delia Chiaro and Neal Norrick, 9-26.<\/p>\n<p>(2006) \u201cTranslation as a vantage point for the linguist: a case study from the investigation of lexical complexity\u201d<em>, Translation Studies in the New Millennium: An International Journal of Translation and Interpreting<\/em>, 4, 47-58.<\/p>\n<h3>MONOGRAFIE<\/h3>\n<p>(2007), <em>Sun, Sea, Sex and the Unspoilt Countryside. How the English language makes tourists out of readers<\/em>, 2nd Edition, Pari: Pari Publishing.<\/p>\n<p>(2007), \u201cI reckon I know how Leonardo da Vinci must have felt\u2026\u201d <em>Epistemicity, evidentiality and English verbs of cognitive attitude<\/em>, Pari: Pari Publishing.<\/p>\n<p>(2023) <em>New Sun, Sea, Sex and the Unspoilt Countryside. How the English language makes tourists out of readers<\/em>\u00a0(Revised and Updated Edition), Pari, Pari Publishing.<\/p>\n<h3>TRADUZIONI<\/h3>\n<p>(2009) Introduzione e Traduzione di Crystal, D. (2002), <em>L\u2019inglese come lingua globale<\/em>, Pari: Pari Publishing.<\/p>\n<h3>VOLUMI CURATI<\/h3>\n<p>(2022) (con F. Bianchi, S. Bruti e E. Manca), numero monotematico della rivista <em>Token,<\/em> &#8220;Popularizing, Disseminating and Rewriting for Young Audiences&#8221;.<\/p>\n<p>(2022) (with S. Noccetti and N. Simi) (eds.), <em>Pragmatic efficiency and text comprehension in L1 and L2 spoken and written communication, <\/em>Vol. 54,\u00a0special issue of <em>Lingue e Linguaggi.<\/em><\/p>\n<p>(2022) (con Sabrina Noccetti), <em>A Linguistic Approach to the Study of Dyslexia<\/em>, Bristol, Multilingual Matters.<\/p>\n<p>(2019) (con Veronica Bonsignori e Elisa Mattiello), <em>Worlds of Words: Complexity, Creativity, and Conventionality in English Language, Literature and Culture (Volume 1),<\/em> Pisa University Press.<em>\u00a0\u00a0\u00a0\u00a0\u00a0\u00a0\u00a0\u00a0\u00a0\u00a0 <\/em><\/p>\n<p>(2017) (con Rachele Raus e Carolina Flinz), <em>La guida turistica: luogo d&#8217;incontro tra lessico e immagini dei Beni Culturali<\/em>, Firenze University Press.<\/p>\n<p>(2007) (con Marcella Bertuccelli Papi e Silvia Masi), <em>Lexical complexity: theoretical assessment and translational perspectives<\/em>, Pisa: Plus Pisa University Press.<\/p>\n<h3>RECENSIONI<\/h3>\n<p>(2015) Recensione di Zheng, Y. (2012), Dynamic Vocabulary Development in a Foreign Language \u2013 The LINGUIST List, Vol-26-645, ISSN: 1068 \u2013 4875.<\/p>\n<p>(2011) Recensione di Bednarek, M.(2008), Emotion Talk across Corpora. \u2013 The LINGUIST List, Vol-22-87, ISSN: 1068 \u2013 4875.<\/p>\n<p>(2004) Recensione di Jaszczolt, K. (2002), Semantics and Pragmatics. Meaning in Language and Discourse. \u2013 The LINGUIST List 15.2397, ISSN: 1068 \u2013 4875.<\/p>\n<p>(2003) Recensione di Carston, R. (2002), Thoughts and Utterances: The Pragmatics of Explicit Communication \u2013 The LINGUIST List 14.1934, ISSN: 1068 \u2013 4875.<\/p>\n<h3>ALTRI LAVORI<\/h3>\n<p>(2019) (con Veronica Bonsignori), &#8220;Teaching spoken English for tourism through project work and authentic clips: A pilot study&#8221;. In Danjo, C., Meddegama, I., O\u2019Brien, D., Prudhoe, J., Walz, L. and Wicaksono, R. (Eds.), <em>Taking Risks in Applied Linguistics: Online Proceedings of the 51st Annual Meeting of the British Association for Applied Linguistics<\/em>, York St John University, 6-8 September 2018 (pp. page numbers). Retrieved from BAAL 2018 https:\/\/custom.cvent.com\/01664CE00C344F7BA62E39C4CFE91FA8\/files\/9ca6ae69cce340158f53b42eaaf2566f.pdf<\/p>\n\n\n<p><\/p>\n","protected":false},"excerpt":{"rendered":"<p>ARTICOLI IN VOLUMI (2024) &#8220;The language of accessible adventure tourism&#8221;, in Dur\u00e1n-Mu\u00f1oz, I. and Jim\u00e9nez-Navarro, E.L. (Eds.), Exploring the language&hellip;<\/p>\n<p><a class=\"btn btn-dark btn-sm unipi-read-more-link\" href=\"https:\/\/people.unipi.it\/gloria_cappelli\/pubblicazioni\/\">Leggi tutto&#8230;<\/a><\/p>\n","protected":false},"author":1,"featured_media":0,"parent":0,"menu_order":0,"comment_status":"closed","ping_status":"closed","template":"","meta":{"_acf_changed":false,"footnotes":""},"class_list":["post-8","page","type-page","status-publish","hentry"],"acf":[],"featured_image_src":null,"yoast_head":"<!-- This site is optimized with the Yoast SEO plugin v27.5 - https:\/\/yoast.com\/product\/yoast-seo-wordpress\/ -->\n<title>Pubblicazioni - Gloria Cappelli<\/title>\n<meta name=\"robots\" content=\"index, follow, max-snippet:-1, max-image-preview:large, max-video-preview:-1\" \/>\n<link rel=\"canonical\" href=\"https:\/\/people.unipi.it\/gloria_cappelli\/pubblicazioni\/\" \/>\n<meta property=\"og:locale\" content=\"it_IT\" \/>\n<meta property=\"og:type\" content=\"article\" \/>\n<meta property=\"og:title\" content=\"Pubblicazioni - Gloria Cappelli\" \/>\n<meta property=\"og:description\" content=\"ARTICOLI IN VOLUMI (2024) &#8220;The language of accessible adventure tourism&#8221;, in Dur\u00e1n-Mu\u00f1oz, I. and Jim\u00e9nez-Navarro, E.L. (Eds.), Exploring the language&hellip;Leggi tutto...\" \/>\n<meta property=\"og:url\" content=\"https:\/\/people.unipi.it\/gloria_cappelli\/pubblicazioni\/\" \/>\n<meta property=\"og:site_name\" content=\"Gloria Cappelli\" \/>\n<meta property=\"article:modified_time\" content=\"2026-04-15T19:33:26+00:00\" \/>\n<meta name=\"twitter:card\" content=\"summary_large_image\" \/>\n<meta name=\"twitter:label1\" content=\"Tempo di lettura stimato\" \/>\n\t<meta name=\"twitter:data1\" content=\"10 minuti\" \/>\n<script type=\"application\/ld+json\" class=\"yoast-schema-graph\">{\"@context\":\"https:\\\/\\\/schema.org\",\"@graph\":[{\"@type\":\"WebPage\",\"@id\":\"https:\\\/\\\/people.unipi.it\\\/gloria_cappelli\\\/pubblicazioni\\\/\",\"url\":\"https:\\\/\\\/people.unipi.it\\\/gloria_cappelli\\\/pubblicazioni\\\/\",\"name\":\"Pubblicazioni - Gloria Cappelli\",\"isPartOf\":{\"@id\":\"https:\\\/\\\/people.unipi.it\\\/gloria_cappelli\\\/#website\"},\"datePublished\":\"2015-04-08T09:14:00+00:00\",\"dateModified\":\"2026-04-15T19:33:26+00:00\",\"breadcrumb\":{\"@id\":\"https:\\\/\\\/people.unipi.it\\\/gloria_cappelli\\\/pubblicazioni\\\/#breadcrumb\"},\"inLanguage\":\"it-IT\",\"potentialAction\":[{\"@type\":\"ReadAction\",\"target\":[\"https:\\\/\\\/people.unipi.it\\\/gloria_cappelli\\\/pubblicazioni\\\/\"]}]},{\"@type\":\"BreadcrumbList\",\"@id\":\"https:\\\/\\\/people.unipi.it\\\/gloria_cappelli\\\/pubblicazioni\\\/#breadcrumb\",\"itemListElement\":[{\"@type\":\"ListItem\",\"position\":1,\"name\":\"Home\",\"item\":\"https:\\\/\\\/people.unipi.it\\\/gloria_cappelli\\\/\"},{\"@type\":\"ListItem\",\"position\":2,\"name\":\"Pubblicazioni\"}]},{\"@type\":\"WebSite\",\"@id\":\"https:\\\/\\\/people.unipi.it\\\/gloria_cappelli\\\/#website\",\"url\":\"https:\\\/\\\/people.unipi.it\\\/gloria_cappelli\\\/\",\"name\":\"Gloria Cappelli\",\"description\":\"Universit\u00e0 di Pisa\",\"potentialAction\":[{\"@type\":\"SearchAction\",\"target\":{\"@type\":\"EntryPoint\",\"urlTemplate\":\"https:\\\/\\\/people.unipi.it\\\/gloria_cappelli\\\/?s={search_term_string}\"},\"query-input\":{\"@type\":\"PropertyValueSpecification\",\"valueRequired\":true,\"valueName\":\"search_term_string\"}}],\"inLanguage\":\"it-IT\"}]}<\/script>\n<!-- \/ Yoast SEO plugin. -->","yoast_head_json":{"title":"Pubblicazioni - Gloria Cappelli","robots":{"index":"index","follow":"follow","max-snippet":"max-snippet:-1","max-image-preview":"max-image-preview:large","max-video-preview":"max-video-preview:-1"},"canonical":"https:\/\/people.unipi.it\/gloria_cappelli\/pubblicazioni\/","og_locale":"it_IT","og_type":"article","og_title":"Pubblicazioni - Gloria Cappelli","og_description":"ARTICOLI IN VOLUMI (2024) &#8220;The language of accessible adventure tourism&#8221;, in Dur\u00e1n-Mu\u00f1oz, I. and Jim\u00e9nez-Navarro, E.L. (Eds.), Exploring the language&hellip;Leggi tutto...","og_url":"https:\/\/people.unipi.it\/gloria_cappelli\/pubblicazioni\/","og_site_name":"Gloria Cappelli","article_modified_time":"2026-04-15T19:33:26+00:00","twitter_card":"summary_large_image","twitter_misc":{"Tempo di lettura stimato":"10 minuti"},"schema":{"@context":"https:\/\/schema.org","@graph":[{"@type":"WebPage","@id":"https:\/\/people.unipi.it\/gloria_cappelli\/pubblicazioni\/","url":"https:\/\/people.unipi.it\/gloria_cappelli\/pubblicazioni\/","name":"Pubblicazioni - Gloria Cappelli","isPartOf":{"@id":"https:\/\/people.unipi.it\/gloria_cappelli\/#website"},"datePublished":"2015-04-08T09:14:00+00:00","dateModified":"2026-04-15T19:33:26+00:00","breadcrumb":{"@id":"https:\/\/people.unipi.it\/gloria_cappelli\/pubblicazioni\/#breadcrumb"},"inLanguage":"it-IT","potentialAction":[{"@type":"ReadAction","target":["https:\/\/people.unipi.it\/gloria_cappelli\/pubblicazioni\/"]}]},{"@type":"BreadcrumbList","@id":"https:\/\/people.unipi.it\/gloria_cappelli\/pubblicazioni\/#breadcrumb","itemListElement":[{"@type":"ListItem","position":1,"name":"Home","item":"https:\/\/people.unipi.it\/gloria_cappelli\/"},{"@type":"ListItem","position":2,"name":"Pubblicazioni"}]},{"@type":"WebSite","@id":"https:\/\/people.unipi.it\/gloria_cappelli\/#website","url":"https:\/\/people.unipi.it\/gloria_cappelli\/","name":"Gloria Cappelli","description":"Universit\u00e0 di Pisa","potentialAction":[{"@type":"SearchAction","target":{"@type":"EntryPoint","urlTemplate":"https:\/\/people.unipi.it\/gloria_cappelli\/?s={search_term_string}"},"query-input":{"@type":"PropertyValueSpecification","valueRequired":true,"valueName":"search_term_string"}}],"inLanguage":"it-IT"}]}},"_links":{"self":[{"href":"https:\/\/people.unipi.it\/gloria_cappelli\/wp-json\/wp\/v2\/pages\/8","targetHints":{"allow":["GET"]}}],"collection":[{"href":"https:\/\/people.unipi.it\/gloria_cappelli\/wp-json\/wp\/v2\/pages"}],"about":[{"href":"https:\/\/people.unipi.it\/gloria_cappelli\/wp-json\/wp\/v2\/types\/page"}],"author":[{"embeddable":true,"href":"https:\/\/people.unipi.it\/gloria_cappelli\/wp-json\/wp\/v2\/users\/1"}],"replies":[{"embeddable":true,"href":"https:\/\/people.unipi.it\/gloria_cappelli\/wp-json\/wp\/v2\/comments?post=8"}],"version-history":[{"count":30,"href":"https:\/\/people.unipi.it\/gloria_cappelli\/wp-json\/wp\/v2\/pages\/8\/revisions"}],"predecessor-version":[{"id":149,"href":"https:\/\/people.unipi.it\/gloria_cappelli\/wp-json\/wp\/v2\/pages\/8\/revisions\/149"}],"wp:attachment":[{"href":"https:\/\/people.unipi.it\/gloria_cappelli\/wp-json\/wp\/v2\/media?parent=8"}],"curies":[{"name":"wp","href":"https:\/\/api.w.org\/{rel}","templated":true}]}}