{"id":8,"date":"2015-04-08T11:14:00","date_gmt":"2015-04-08T09:14:00","guid":{"rendered":"http:\/\/people.unipi.it\/cloner\/?page_id=8"},"modified":"2020-10-26T09:34:21","modified_gmt":"2020-10-26T08:34:21","slug":"pubblicazioni","status":"publish","type":"page","link":"https:\/\/people.unipi.it\/giovanni_paoletti\/pubblicazioni\/","title":{"rendered":"Pubblicazioni"},"content":{"rendered":"<p style=\"text-align: center\"><strong>Principali pubblicazioni<\/strong><\/p>\n<ul>\n<li><em>Benjamin Constant et les Anciens. Politique, religion, histoire<\/em>, Champion, Paris, 2006, \u00abTravaux et recherches de l\u2019Institut Benjamin Constant\u00bb.<\/li>\n<li><em>Durkheim et la philosophie. Repr\u00e9sentation, r\u00e9alit\u00e9 et lien social<\/em>, Classiques Garnier, Paris, 2012, \u00abBiblioth\u00e8que des sciences sociales\u00bb.<\/li>\n<li><em>Que faire de l&#8217;histoire? Philosophie et conscience historique au si\u00e8cle des Lumi\u00e8res <\/em>(a cura di G. Paoletti), Vrin-Ets, Paris-Pisa 2015<\/li>\n<li>B. Constant, <em>La libert\u00e0 degli antichi, paragonata a quella dei moderni<\/em>, traduzione, introduzione e note di G. Paoletti, Einaudi, Torino 2001.<\/li>\n<li>\u00c9. Durkheim, <em>Il dualismo della natura umana e le sue condizioni sociali<\/em>, ETS, Pisa, 2009, traduzione, introduzione e note di G. Paoletti (coll. \u201cBifronti\u201d).<\/li>\n<li>B. Constant, <em>Breve storia dell\u2019uguaglianza e altri scritti sulla storia<\/em>, a cura di G. Paoletti, ETS, Pisa, 2013.<\/li>\n<li><em>Pensare la Rivoluzione. Benjamin Constant e il Gruppo di Coppet<\/em>, Ets, Pisa, 2017.<\/li>\n<\/ul>\n<p style=\"text-align: center\"><strong>Lavori recenti o in corso di stampa<\/strong><\/p>\n<ul>\n<li><em>Vox populi et opinion publique, \u00e0 partir d&#8217;une maxime de Machiavel (Discours sur Tite-Live, I, 58)<\/em>, in Bertrand Binoche et Alain J. Lema\u00eetre (\u00e9ds.), <em>L&#8217;opinion publique dans l&#8217;Europe des Lumi\u00e8res. Strat\u00e9gies et concepts<\/em>, Colin, Paris, 2013, pp. 167-189.<\/li>\n<li><em>Solidarity as a social relation: history of Durkheim&#8217;s project. Some remarks about solidarity and &#8220;lien social&#8221; in Durkheim&#8217;s works. <\/em>\u00abEuropeana\u00bb, 3, 2014, p. 115-130.<\/li>\n<li><em>Despotisme et terreur: le groupe de Coppet et l&#8217;h\u00e9ritage de Montesquieu<\/em>, \u00abCahiers Sta\u00ebliens\u00bb, 65, 2015, pp. 11-38.<\/li>\n<li><em>Primus in orbe deos fecit timor: religion, temporalit\u00e9 et histoire chez Vico et Hobbes<\/em>, in G. Paoletti (a cura di), <em>Que faire de l&#8217;histoire? Philosophie et conscience historique au si\u00e8cle des Lumi\u00e8res<\/em>, Vrin-Ets, Paris-Pisa 2015, pp. 93-116.<\/li>\n<li><em>Anciens et modernes<\/em>, in B. Baczko, M. Porret, F. Rosset (\u00e9ds.), <em>Dictionnaire critique de l&#8217;utopie au temps de Lumi\u00e8res<\/em>, Georg, Ch\u00eane-Bourg, Suisse, 2016, pp. 75-98.<\/li>\n<li><em>Peur, indignation et pouvoir: la place des <\/em>R\u00e9flexions sur les constitutions <em>dans la pens\u00e9e politique de Benjamin Constant<\/em>, in L. Burnand &#8211; G. Poisson (dir. par), <em>Comment sortir de l&#8217;Empire? Le Groupe de Coppet face \u00e0 la chute de Napol\u00e9on<\/em>, actes du Xe Colloque de Coppet, Slatkine, Gen\u00e8ve 2016,\u00a0pp. 145-165.<\/li>\n<li><em>Libert\u00e9 des anciens, libert\u00e9 des modernes<\/em>, in Burnand L., Genand S., Seth C. (\u00e9ds.), <em>Germaine de Sta\u00ebl et Benjamin Constant, l&#8217;esprit de la libert\u00e9<\/em>, Perrin, Paris 2017, pp. 101-107.<\/li>\n<li><em>La doctrine politique, Introduction \u00e0 <\/em>B. Constant<em>, Lectures \u00e0 l&#8217;Ath\u00e9n\u00e9e Royal sur la Constitution anglaise<\/em>, Oeuvres compl\u00e8tes de Benjamin Constant, t. XV, <em>Brochures politiques (1819-1821)<\/em>, De Gruyter, Berlin 2017, pp. 199-208.<\/li>\n<li><em>Il sacro in Durkheim e le sue definizioni<\/em>, \u00abSOCIET\u00c0MUTAMENTOPOLITICA\u00bb, 8, 2017, pp. 93-114.<\/li>\n<li><em>Les Lumi\u00e8res et l\u2019art de tromper: le cas de Condorcet<\/em>, in Franck Sala\u00fcn et Jean-Pierre Schandeler (\u00e9ds.), <em>Enqu\u00eate sur la construction des Lumi\u00e8res<\/em>, Centre International d\u2019\u00c9tude du XVIIIe si\u00e8cle, Ferney-Voltaire, 2018, pp. 79-97.<\/li>\n<li><em>I fantasmi di Hobbes. Ragione, religione e pau\u00adra in alcune voci dell\u2019<\/em>Encyclop\u00e9die, in S. Bassi (a cura di), <em>Costellazioni concettuali tra Cinquecento e Settecento. Filosofia, religione, politica<\/em>, Olschki, Firenze 2019, \u201cQuaderni di Rinascimento n. 52\u201d, pp. 137-160.<\/li>\n<li><em>Nietzsche 1873: finzione, storia e verit\u00e0<\/em>, in G. Paoletti, L. Mori, F. Marchesi (a cura di), <em>L\u2019esercizio della meraviglia. Studi in onore di Alfonso M. Iacono<\/em>, ETS, Pisa 2019, pp. 529-549.<\/li>\n<\/ul>\n<p><strong>\u00a0\u00a0\u00a0\u00a0\u00a0\u00a0 Lavori in corso<\/strong><\/p>\n<ul>\n<li><em>Metafisica e immaginazione. Da Su\u00e1rez a Vico <\/em>(a cura di), ETS, Pisa in corso di stampa.<\/li>\n<li><em>Emile Durkheim: Sociology as an Open Science<\/em> (curatore con Massimo Pendenza), Brill, in corso di stampa<\/li>\n<li>La passione del tempo. Origine della religione, esperienza della temporalit\u00e0 e teorie della storia da Thomas Hobbes al secolo dei Lumi (ricerca in corso)<\/li>\n<\/ul>\n<p>\u00c8 possibile consultare l&#8217;elenco completo delle pubblicazioni tramite il sito unimap (Giovanni Paoletti &#8211; Attivit\u00e0 di ricerca): https:\/\/unimap.unipi.it\/cercapersone\/dettaglio.php?ri=2147&amp;template=dett_pubblicazioni.tpl<\/p>\n<p>Ottobre 2020<\/p>\n","protected":false},"excerpt":{"rendered":"<p>Principali pubblicazioni Benjamin Constant et les Anciens. Politique, religion, histoire, Champion, Paris, 2006, \u00abTravaux et recherches de l\u2019Institut Benjamin Constant\u00bb.&hellip;<\/p>\n<p><a class=\"btn btn-dark btn-sm unipi-read-more-link\" href=\"https:\/\/people.unipi.it\/giovanni_paoletti\/pubblicazioni\/\">Leggi tutto&#8230;<\/a><\/p>\n","protected":false},"author":1,"featured_media":0,"parent":0,"menu_order":0,"comment_status":"closed","ping_status":"closed","template":"","meta":{"_acf_changed":false,"footnotes":""},"class_list":["post-8","page","type-page","status-publish","hentry"],"acf":[],"featured_image_src":null,"yoast_head":"<!-- This site is optimized with the Yoast SEO plugin v27.6 - https:\/\/yoast.com\/product\/yoast-seo-wordpress\/ -->\n<title>Pubblicazioni - Giovanni Paoletti<\/title>\n<meta name=\"robots\" content=\"index, follow, max-snippet:-1, max-image-preview:large, max-video-preview:-1\" \/>\n<link rel=\"canonical\" href=\"https:\/\/people.unipi.it\/giovanni_paoletti\/pubblicazioni\/\" \/>\n<meta property=\"og:locale\" content=\"it_IT\" \/>\n<meta property=\"og:type\" content=\"article\" \/>\n<meta property=\"og:title\" content=\"Pubblicazioni - Giovanni Paoletti\" \/>\n<meta property=\"og:description\" content=\"Principali pubblicazioni Benjamin Constant et les Anciens. Politique, religion, histoire, Champion, Paris, 2006, \u00abTravaux et recherches de l\u2019Institut Benjamin Constant\u00bb.&hellip;Leggi tutto...\" \/>\n<meta property=\"og:url\" content=\"https:\/\/people.unipi.it\/giovanni_paoletti\/pubblicazioni\/\" \/>\n<meta property=\"og:site_name\" content=\"Giovanni Paoletti\" \/>\n<meta property=\"article:modified_time\" content=\"2020-10-26T08:34:21+00:00\" \/>\n<meta name=\"twitter:card\" content=\"summary_large_image\" \/>\n<meta name=\"twitter:label1\" content=\"Tempo di lettura stimato\" \/>\n\t<meta name=\"twitter:data1\" content=\"3 minuti\" \/>\n<script type=\"application\/ld+json\" class=\"yoast-schema-graph\">{\"@context\":\"https:\\\/\\\/schema.org\",\"@graph\":[{\"@type\":\"WebPage\",\"@id\":\"https:\\\/\\\/people.unipi.it\\\/giovanni_paoletti\\\/pubblicazioni\\\/\",\"url\":\"https:\\\/\\\/people.unipi.it\\\/giovanni_paoletti\\\/pubblicazioni\\\/\",\"name\":\"Pubblicazioni - Giovanni Paoletti\",\"isPartOf\":{\"@id\":\"https:\\\/\\\/people.unipi.it\\\/giovanni_paoletti\\\/#website\"},\"datePublished\":\"2015-04-08T09:14:00+00:00\",\"dateModified\":\"2020-10-26T08:34:21+00:00\",\"breadcrumb\":{\"@id\":\"https:\\\/\\\/people.unipi.it\\\/giovanni_paoletti\\\/pubblicazioni\\\/#breadcrumb\"},\"inLanguage\":\"it-IT\",\"potentialAction\":[{\"@type\":\"ReadAction\",\"target\":[\"https:\\\/\\\/people.unipi.it\\\/giovanni_paoletti\\\/pubblicazioni\\\/\"]}]},{\"@type\":\"BreadcrumbList\",\"@id\":\"https:\\\/\\\/people.unipi.it\\\/giovanni_paoletti\\\/pubblicazioni\\\/#breadcrumb\",\"itemListElement\":[{\"@type\":\"ListItem\",\"position\":1,\"name\":\"Home\",\"item\":\"https:\\\/\\\/people.unipi.it\\\/giovanni_paoletti\\\/\"},{\"@type\":\"ListItem\",\"position\":2,\"name\":\"Pubblicazioni\"}]},{\"@type\":\"WebSite\",\"@id\":\"https:\\\/\\\/people.unipi.it\\\/giovanni_paoletti\\\/#website\",\"url\":\"https:\\\/\\\/people.unipi.it\\\/giovanni_paoletti\\\/\",\"name\":\"Giovanni Paoletti\",\"description\":\"Universit\u00e0 di Pisa\",\"potentialAction\":[{\"@type\":\"SearchAction\",\"target\":{\"@type\":\"EntryPoint\",\"urlTemplate\":\"https:\\\/\\\/people.unipi.it\\\/giovanni_paoletti\\\/?s={search_term_string}\"},\"query-input\":{\"@type\":\"PropertyValueSpecification\",\"valueRequired\":true,\"valueName\":\"search_term_string\"}}],\"inLanguage\":\"it-IT\"}]}<\/script>\n<!-- \/ Yoast SEO plugin. -->","yoast_head_json":{"title":"Pubblicazioni - Giovanni Paoletti","robots":{"index":"index","follow":"follow","max-snippet":"max-snippet:-1","max-image-preview":"max-image-preview:large","max-video-preview":"max-video-preview:-1"},"canonical":"https:\/\/people.unipi.it\/giovanni_paoletti\/pubblicazioni\/","og_locale":"it_IT","og_type":"article","og_title":"Pubblicazioni - Giovanni Paoletti","og_description":"Principali pubblicazioni Benjamin Constant et les Anciens. Politique, religion, histoire, Champion, Paris, 2006, \u00abTravaux et recherches de l\u2019Institut Benjamin Constant\u00bb.&hellip;Leggi tutto...","og_url":"https:\/\/people.unipi.it\/giovanni_paoletti\/pubblicazioni\/","og_site_name":"Giovanni Paoletti","article_modified_time":"2020-10-26T08:34:21+00:00","twitter_card":"summary_large_image","twitter_misc":{"Tempo di lettura stimato":"3 minuti"},"schema":{"@context":"https:\/\/schema.org","@graph":[{"@type":"WebPage","@id":"https:\/\/people.unipi.it\/giovanni_paoletti\/pubblicazioni\/","url":"https:\/\/people.unipi.it\/giovanni_paoletti\/pubblicazioni\/","name":"Pubblicazioni - Giovanni Paoletti","isPartOf":{"@id":"https:\/\/people.unipi.it\/giovanni_paoletti\/#website"},"datePublished":"2015-04-08T09:14:00+00:00","dateModified":"2020-10-26T08:34:21+00:00","breadcrumb":{"@id":"https:\/\/people.unipi.it\/giovanni_paoletti\/pubblicazioni\/#breadcrumb"},"inLanguage":"it-IT","potentialAction":[{"@type":"ReadAction","target":["https:\/\/people.unipi.it\/giovanni_paoletti\/pubblicazioni\/"]}]},{"@type":"BreadcrumbList","@id":"https:\/\/people.unipi.it\/giovanni_paoletti\/pubblicazioni\/#breadcrumb","itemListElement":[{"@type":"ListItem","position":1,"name":"Home","item":"https:\/\/people.unipi.it\/giovanni_paoletti\/"},{"@type":"ListItem","position":2,"name":"Pubblicazioni"}]},{"@type":"WebSite","@id":"https:\/\/people.unipi.it\/giovanni_paoletti\/#website","url":"https:\/\/people.unipi.it\/giovanni_paoletti\/","name":"Giovanni Paoletti","description":"Universit\u00e0 di Pisa","potentialAction":[{"@type":"SearchAction","target":{"@type":"EntryPoint","urlTemplate":"https:\/\/people.unipi.it\/giovanni_paoletti\/?s={search_term_string}"},"query-input":{"@type":"PropertyValueSpecification","valueRequired":true,"valueName":"search_term_string"}}],"inLanguage":"it-IT"}]}},"_links":{"self":[{"href":"https:\/\/people.unipi.it\/giovanni_paoletti\/wp-json\/wp\/v2\/pages\/8","targetHints":{"allow":["GET"]}}],"collection":[{"href":"https:\/\/people.unipi.it\/giovanni_paoletti\/wp-json\/wp\/v2\/pages"}],"about":[{"href":"https:\/\/people.unipi.it\/giovanni_paoletti\/wp-json\/wp\/v2\/types\/page"}],"author":[{"embeddable":true,"href":"https:\/\/people.unipi.it\/giovanni_paoletti\/wp-json\/wp\/v2\/users\/1"}],"replies":[{"embeddable":true,"href":"https:\/\/people.unipi.it\/giovanni_paoletti\/wp-json\/wp\/v2\/comments?post=8"}],"version-history":[{"count":12,"href":"https:\/\/people.unipi.it\/giovanni_paoletti\/wp-json\/wp\/v2\/pages\/8\/revisions"}],"predecessor-version":[{"id":85,"href":"https:\/\/people.unipi.it\/giovanni_paoletti\/wp-json\/wp\/v2\/pages\/8\/revisions\/85"}],"wp:attachment":[{"href":"https:\/\/people.unipi.it\/giovanni_paoletti\/wp-json\/wp\/v2\/media?parent=8"}],"curies":[{"name":"wp","href":"https:\/\/api.w.org\/{rel}","templated":true}]}}