{"id":10,"date":"2015-04-08T11:14:27","date_gmt":"2015-04-08T09:14:27","guid":{"rendered":"http:\/\/people.unipi.it\/cloner\/?page_id=10"},"modified":"2023-11-20T16:08:10","modified_gmt":"2023-11-20T15:08:10","slug":"ricerca","status":"publish","type":"page","link":"https:\/\/people.unipi.it\/francesca_gallina\/ricerca\/","title":{"rendered":"Progetti di ricerca"},"content":{"rendered":"<ul>\n<li>novembre-dicembre 1999\u00a0Collaborazione ad un progetto universitario di indagine sociologica sulle \u201cIdentit\u00e0 regionali\u201d per conto del Dipartimento di Scienze dell\u2019Uomo, Universit\u00e0 degli Studi di Trieste.<\/li>\n<\/ul>\n<ul>\n<li>dal 1 giugno 2004 al 31 maggio 2005 Assegnista\u00a0di ricerca presso l\u2019Universit\u00e0 per Stranieri di Siena per la collaborazione al progetto di ricerca su \u201c<em>Bibliografia ragionata sul plurilinguismo di lingue immigrate \u2013 usi di strumentazione informatica<\/em>\u201d, Settore Scientifico \u2013 Disciplinare L-LIN\/02 (responsabile scientifico Prof. Vedovelli).<\/li>\n<\/ul>\n<ul>\n<li>dal 1 agosto al 31 ottobre 2005\u00a0Collaborazione al progetto PRIN 2004 \u201c<em>Il parlato in italiano L2: input e strategie di interazione in contesti di apprendimento spontaneo e formale<\/em>\u201d dell\u2019Unit\u00e0 di Ricerca dell\u2019Universit\u00e0 per Stranieri di Siena (responsabile scientifico Prof. Vedovelli), per l\u2019implementazione e la trascrizione del corpus LIPS-Lessico Italiano Parlato da Stranieri.<\/li>\n<\/ul>\n<ul>\n<li>2005\/2006 Membro del gruppo di ricerca \u201c<em>Lingue immigrate in provincia di Siena<\/em>\u201d del Centro di Eccellenza della ricerca &#8211; <em>Osservatorio permanente dell\u2019italiano diffuso fra stranieri e delle lingue immigrate in Italia<\/em> dell\u2019Universit\u00e0 per Stranieri di Siena (responsabile scientifico Prof. Vedovelli).<\/li>\n<li>2006\/2008 Membro del gruppo di ricerca del progetto PRIN 2006 \u201c<em>Il parlato in italiano L2: l\u2019apprendimento del lessico da livelli iniziali a livelli avanzati e gli strumenti per il suo insegnamento<\/em>\u201d dell\u2019Unit\u00e0 di Ricerca dell\u2019Universit\u00e0 per Stranieri di Siena (responsabile scientifico Prof. Vedovelli).<\/li>\n<li>da maggio 2007\u00a0Membro del gruppo di ricerca della linea di ricerca \u201c<em>Lingue Immigrate<\/em>\u201d del Centro di Eccellenza della Ricerca \u2013 <em>Osservatorio permanente dell\u2019italiano diffuso fra stranieri e delle lingue immigrate in Italia<\/em> dell\u2019Universit\u00e0 per Stranieri di Siena.<\/li>\n<\/ul>\n<ul>\n<li>dal 13 luglio 2009 al 12 luglio 2012\u00a0Giovane Ricercatore FIRB dell\u2019unit\u00e0 di ricerca dell\u2019Universit\u00e0 per Stranieri di Siena del progetto FIRB (MIUR) 2009-2012 \u201c<em>Perdita, mantenimento e recupero dello spazio linguistico e culturale nella II e III generazione di emigrati italiani nel mondo: lingua, lingue, identit\u00e0. La lingua e cultura italiana come valore e patrimonio per nuove professionalit\u00e0 nelle comunit\u00e0 emigrate<\/em>\u201d (responsabile scientifico Prof. Vedovelli).<\/li>\n<\/ul>\n<ul>\n<li>2011 Membro del gruppo di ricerca del Progetto \u201c<em>Di.Com<\/em> <em>&#8211; Uguaglianza, diversit\u00e0, comunit\u00e0 \u2013 Percorsi formativi per una scuola antirazzista e dell\u2019inclusione<\/em><em>\u201d <\/em>per la realizzazione di attivit\u00e0 di formazione per dirigenti, insegnanti, personale ATA per l\u2019elaborazione del \u201cPiano di Gestione delle Diversit\u00e0\u201d.<\/li>\n<li>2010\/2012 Membro\u00a0del gruppo di ricerca del Progetto <em>Vinolingua<\/em> 2010-2012 per lo sviluppo di un programma di apprendimento linguistico di base in 4 lingue (italiano, tedesco, francese, spagnolo) destinato agli addetti del mondo del vino, composto da: Universit\u00e0 per Stranieri Siena, <em>Universit\u00e0 di Innsbruck, linguistics_innovation e.U Wien, Weinbaufachschule Krems, Autonome Prov. Bozen, Fachschule f\u00fcr Wein-, Obst- und Gartenbau Laimburg, Universit\u00e4t Valladolid, Sprachschule ToLingua Toro, Universit\u00e4t Burgund Dijon, Centre de Formation Professionnelle et de Promotion Agricole de Beaune.<\/em><\/li>\n<li>2011 \u00a0Membro del gruppo di lavoro <em>Superdivers<\/em> per la creazione di un network di ricerca su <em>Language and Superdiversity in Europe<\/em>, composto da: Universit\u00e0 per Stranieri di Siena, University of Copenhagen, University of Birmingham, King\u2019s College London, University of Tilburg, Max Plank Institute, University of Jyv\u00e4skyl\u00e4.<\/li>\n<li>da giugno 2011 a giugno 2012\u00a0Membro del gruppo di ricerca dell\u2019Universit\u00e0 per Stranieri di Siena (responsabile scientifica Prof. Monica Barni) del Progetto \u201c<em>Language Rich Europe<\/em>\u201d coordinato dal British Council per l\u2019analisi delle politiche e delle pratiche in materia di multilinguismo nell\u2019Unione Europea.<\/li>\n<\/ul>\n<ul>\n<li>2012\u00a0Membro del gruppo di ricerca del progetto ex quota 60% \u201c<em>Italiano e altre lingue in contatto nei panorami linguistici urbani<\/em>\u201d (responsabile scientifico Prof. Vedovelli) dell\u2019Universit\u00e0 per Stranieri di Siena.<\/li>\n<li>dal 16 luglio 2012 al 3 novembre 2012\u00a0Assegnista di ricerca nel progetto \u201c<em>Le lingue straniere come strumento per sostenere il sistema economico e produttivo della Regione Toscana LSECON<\/em>\u201d (responsabile scientifico Prof. Vedovelli) dell\u2019Universit\u00e0 per Stranieri di Siena.<\/li>\n<\/ul>\n<ul>\n<li>da novembre 2012 a febbraio 2017\u00a0Assegnista di ricerca nel progetto \u201c<em>Integra Lingue \u2013 Certificare le competenze linguistiche per l\u2019integrazione<\/em>\u201d (responsabile scientifica Prof.ssa Monica Barni) presso l\u2019Universit\u00e0 per Stranieri di Siena. Da agosto 2015 la responsabile scientifica del progetto \u00e8 la Prof.ssa Sabrina Machetti.<\/li>\n<\/ul>\n<ul>\n<li>2012\/2013 Stesura della proposta progettuale <em>EU &#8211; Multiligualism, Opportunities and REsources for citizens in EUrope<\/em> nell\u2019ambito del 7\u00b0 PROGRAMMA QUADRO, TOPIC SSH.2013.5.2-1 (capofila Centro CILS dell\u2019Universit\u00e0 per Stranieri di Siena).<\/li>\n<li>2013 Collaborazione al gruppo di ricerca del progetto FIRB 2009-2013 \u201cVIVIT \u2013 Vivi l\u2019italiano\u201d per la redazione dei seguenti contributi: <em>Chi parla e studia l\u2019italiano nel mondo, Italiano e dialetti fuori d\u2019Italia, L\u2019italiano degli immigrati, Lo studio dell\u2019italiano<\/em> <em>nel mondo<\/em> per conto dell\u2019Accademia della Crusca.<\/li>\n<li>2013\u00a0Membro del gruppo di ricerca del progetto ex quota 60% \u201c<em>Italiano e altre lingue in contatto nei panorami linguistici urbani<\/em>\u201d (responsabile scientifico Prof. Vedovelli) e del progetto ex quota 60% \u201c<em>Test di italiano per l\u2019integrazione<\/em>\u201d (responsabile scientifico Monica Barni) dell\u2019Universit\u00e0 per Stranieri di Siena.<\/li>\n<li>da maggio 2013 a marzo 2014 direzione e coordinamento \u201c<em>Progetto ITALIANO 2014 per le competenze linguistico comunicative in italiano degli studenti di oggi e cittadini di domani\u201d<\/em> in collaborazione con la casa editrice Pearson per l\u2019elaborazione di un quadro di riferimento dei descrittori della competenza linguistico-comunicativa per l\u2019italiano degli studenti delle scuole secondarie di primo e secondo grado.<\/li>\n<li>marzo-novembre 2014 direzione e coordinamento \u201c<em>Progetto Fu-Hua<\/em>\u201d di Siena Italtech s.r.l. per la realizzazione a Shanghai di un corso di italiano per studenti cinesi da inserire nel progetto di mobilit\u00e0 internazionale Marco Polo \u2013 Turandot.<\/li>\n<li>2014 Membro del gruppo di ricerca del progetto ex quota 60% \u201c<em>Italiano e altre lingue in contatto nei panorami linguistici urbani del mondo: l\u2019Asia, l\u2019Africa<\/em>\u201d (responsabile scientifico Prof. Vedovelli) e del progetto ex quota 60% \u201c<em>Test di italiano per l\u2019integrazione<\/em>\u201d (responsabile scientifico Monica Barni) dell\u2019Universit\u00e0 per Stranieri di Siena.<\/li>\n<li>maggio-luglio 2015 direzione e coordinamento \u201c<em>Progetto EXHIBITION PLUS\u201d<\/em> POR FESR Lazio 2007-2013 in collaborazione con CoopCulture di Roma per l\u2019elaborazione di Linee Guida per favorire l\u2019accessibilit\u00e0 a contenuti culturali e per la semplificazione dei testi di ambito museale per web, applicazioni e chioschi digitali.<\/li>\n<li>2015\u00a0Membro del gruppo di ricerca del progetto ex quota 60% \u201c<em>Italiano e altre lingue in contatto nei panorami linguistici urbani del mondo: l\u2019Asia, l\u2019Africa<\/em>\u201d (responsabile scientifico Prof. Vedovelli) e del progetto ex quota 60% \u201c<em>Nuovi strumenti per la verifica, la misurazione, la valutazione della competenza linguistico-comunicativa in italiano L2: i test on line<\/em>\u201d (responsabile scientifico Sabrina Machetti) dell\u2019Universit\u00e0 per Stranieri di Siena.<\/li>\n<li>2016\u00a0Membro del gruppo di ricerca del progetto ex quota 60% \u201c<em>Italiano e altre lingue in contatto nei panorami linguistici urbani del mondo: USA, Canada, America Latina<\/em>\u201d (responsabile scientifico Prof. Vedovelli) e del progetto ex quota 60% \u201c<em>Nuovi strumenti per la verifica, la misurazione, la valutazione della competenza linguistico-comunicativa in italiano L2: i test on line<\/em>\u201d (responsabile scientifico Sabrina Machetti) dell\u2019Universit\u00e0 per Stranieri di Siena.<\/li>\n<li>2016 coordinamento Progetto \u201c<em>La situazione attuale dell\u2019insegnamento del cinese in Italia alla luce delle politiche e delle pratiche relative all\u2019insegnamento delle lingue straniere in Italia<\/em>\u201d promosso dall\u2019Istituto Confucio di Pisa e sostenuto da Hanban.<\/li>\n<li>dal 2019 Membro del Comitato direttivo del Centro di eccellenza della ricerca \u2013 Osservatorio linguistico permanente dell\u2019italiano diffuso fra stranieri e delle lingue immigrate in Italia dell\u2019Universit\u00e0 per Stranieri di Siena.<\/li>\n<li>dal 2019 Responsabile dell\u2019Unit\u00e0 di ricerca dell\u2019Universit\u00e0 di Pisa del progetto PRIN \u201c<em>L\u2019italiano scritto degli studenti universitari: quadro sociolinguistico, tendenze tipologiche, implicazioni didattiche<\/em>\u201d (cod. 2017LAP429, coordinatore prof. Nicola Grandi, Universit\u00e0 di Bologna).<\/li>\n<li>dal 2021 Membro dell\u2019Unit\u00e0 di ricerca dell\u2019Universit\u00e0 di Pisa del progetto PRIN \u201cGeografia e storia delle Grammatiche dell\u2019Italiano (GeoStoGrammIt)\u201d (cod. 2020RB8MT9, coordinatore prof. Massimo Palermo, Universit\u00e0 per Stranieri di Siena).<\/li>\n<li>dal 2023 Membro dell\u2019Unit\u00e0 di ricerca dell\u2019Universit\u00e0 di Pisa del progetto PRIN \u201cMinEdu \u2013 Supporting minority languages in educational context\u201d (coordinatrice prof.ssa Ilaria Fiorentino, Universit\u00e0 di Pavia).<\/li>\n<\/ul>\n","protected":false},"excerpt":{"rendered":"<p>novembre-dicembre 1999\u00a0Collaborazione ad un progetto universitario di indagine sociologica sulle \u201cIdentit\u00e0 regionali\u201d per conto del Dipartimento di Scienze dell\u2019Uomo, Universit\u00e0&hellip;<\/p>\n<p><a class=\"btn btn-dark btn-sm unipi-read-more-link\" href=\"https:\/\/people.unipi.it\/francesca_gallina\/ricerca\/\">Leggi tutto&#8230;<\/a><\/p>\n","protected":false},"author":1,"featured_media":0,"parent":0,"menu_order":0,"comment_status":"closed","ping_status":"closed","template":"","meta":{"_acf_changed":false,"footnotes":""},"class_list":["post-10","page","type-page","status-publish","hentry"],"acf":[],"featured_image_src":null,"yoast_head":"<!-- This site is optimized with the Yoast SEO plugin v27.6 - https:\/\/yoast.com\/product\/yoast-seo-wordpress\/ -->\n<title>Progetti di ricerca - Francesca Gallina<\/title>\n<meta name=\"robots\" content=\"index, follow, max-snippet:-1, max-image-preview:large, max-video-preview:-1\" \/>\n<link rel=\"canonical\" href=\"https:\/\/people.unipi.it\/francesca_gallina\/ricerca\/\" \/>\n<meta property=\"og:locale\" content=\"it_IT\" \/>\n<meta property=\"og:type\" content=\"article\" \/>\n<meta property=\"og:title\" content=\"Progetti di ricerca - Francesca Gallina\" \/>\n<meta property=\"og:description\" content=\"novembre-dicembre 1999\u00a0Collaborazione ad un progetto universitario di indagine sociologica sulle \u201cIdentit\u00e0 regionali\u201d per conto del Dipartimento di Scienze dell\u2019Uomo, Universit\u00e0&hellip;Leggi tutto...\" \/>\n<meta property=\"og:url\" content=\"https:\/\/people.unipi.it\/francesca_gallina\/ricerca\/\" \/>\n<meta property=\"og:site_name\" content=\"Francesca Gallina\" \/>\n<meta property=\"article:modified_time\" content=\"2023-11-20T15:08:10+00:00\" \/>\n<meta name=\"twitter:card\" content=\"summary_large_image\" \/>\n<meta name=\"twitter:label1\" content=\"Tempo di lettura stimato\" \/>\n\t<meta name=\"twitter:data1\" content=\"6 minuti\" \/>\n<script type=\"application\/ld+json\" class=\"yoast-schema-graph\">{\"@context\":\"https:\\\/\\\/schema.org\",\"@graph\":[{\"@type\":\"WebPage\",\"@id\":\"https:\\\/\\\/people.unipi.it\\\/francesca_gallina\\\/ricerca\\\/\",\"url\":\"https:\\\/\\\/people.unipi.it\\\/francesca_gallina\\\/ricerca\\\/\",\"name\":\"Progetti di ricerca - Francesca Gallina\",\"isPartOf\":{\"@id\":\"https:\\\/\\\/people.unipi.it\\\/francesca_gallina\\\/#website\"},\"datePublished\":\"2015-04-08T09:14:27+00:00\",\"dateModified\":\"2023-11-20T15:08:10+00:00\",\"breadcrumb\":{\"@id\":\"https:\\\/\\\/people.unipi.it\\\/francesca_gallina\\\/ricerca\\\/#breadcrumb\"},\"inLanguage\":\"it-IT\",\"potentialAction\":[{\"@type\":\"ReadAction\",\"target\":[\"https:\\\/\\\/people.unipi.it\\\/francesca_gallina\\\/ricerca\\\/\"]}]},{\"@type\":\"BreadcrumbList\",\"@id\":\"https:\\\/\\\/people.unipi.it\\\/francesca_gallina\\\/ricerca\\\/#breadcrumb\",\"itemListElement\":[{\"@type\":\"ListItem\",\"position\":1,\"name\":\"Home\",\"item\":\"https:\\\/\\\/people.unipi.it\\\/francesca_gallina\\\/\"},{\"@type\":\"ListItem\",\"position\":2,\"name\":\"Progetti di ricerca\"}]},{\"@type\":\"WebSite\",\"@id\":\"https:\\\/\\\/people.unipi.it\\\/francesca_gallina\\\/#website\",\"url\":\"https:\\\/\\\/people.unipi.it\\\/francesca_gallina\\\/\",\"name\":\"Francesca Gallina\",\"description\":\"\",\"potentialAction\":[{\"@type\":\"SearchAction\",\"target\":{\"@type\":\"EntryPoint\",\"urlTemplate\":\"https:\\\/\\\/people.unipi.it\\\/francesca_gallina\\\/?s={search_term_string}\"},\"query-input\":{\"@type\":\"PropertyValueSpecification\",\"valueRequired\":true,\"valueName\":\"search_term_string\"}}],\"inLanguage\":\"it-IT\"}]}<\/script>\n<!-- \/ Yoast SEO plugin. -->","yoast_head_json":{"title":"Progetti di ricerca - Francesca Gallina","robots":{"index":"index","follow":"follow","max-snippet":"max-snippet:-1","max-image-preview":"max-image-preview:large","max-video-preview":"max-video-preview:-1"},"canonical":"https:\/\/people.unipi.it\/francesca_gallina\/ricerca\/","og_locale":"it_IT","og_type":"article","og_title":"Progetti di ricerca - Francesca Gallina","og_description":"novembre-dicembre 1999\u00a0Collaborazione ad un progetto universitario di indagine sociologica sulle \u201cIdentit\u00e0 regionali\u201d per conto del Dipartimento di Scienze dell\u2019Uomo, Universit\u00e0&hellip;Leggi tutto...","og_url":"https:\/\/people.unipi.it\/francesca_gallina\/ricerca\/","og_site_name":"Francesca Gallina","article_modified_time":"2023-11-20T15:08:10+00:00","twitter_card":"summary_large_image","twitter_misc":{"Tempo di lettura stimato":"6 minuti"},"schema":{"@context":"https:\/\/schema.org","@graph":[{"@type":"WebPage","@id":"https:\/\/people.unipi.it\/francesca_gallina\/ricerca\/","url":"https:\/\/people.unipi.it\/francesca_gallina\/ricerca\/","name":"Progetti di ricerca - Francesca Gallina","isPartOf":{"@id":"https:\/\/people.unipi.it\/francesca_gallina\/#website"},"datePublished":"2015-04-08T09:14:27+00:00","dateModified":"2023-11-20T15:08:10+00:00","breadcrumb":{"@id":"https:\/\/people.unipi.it\/francesca_gallina\/ricerca\/#breadcrumb"},"inLanguage":"it-IT","potentialAction":[{"@type":"ReadAction","target":["https:\/\/people.unipi.it\/francesca_gallina\/ricerca\/"]}]},{"@type":"BreadcrumbList","@id":"https:\/\/people.unipi.it\/francesca_gallina\/ricerca\/#breadcrumb","itemListElement":[{"@type":"ListItem","position":1,"name":"Home","item":"https:\/\/people.unipi.it\/francesca_gallina\/"},{"@type":"ListItem","position":2,"name":"Progetti di ricerca"}]},{"@type":"WebSite","@id":"https:\/\/people.unipi.it\/francesca_gallina\/#website","url":"https:\/\/people.unipi.it\/francesca_gallina\/","name":"Francesca Gallina","description":"","potentialAction":[{"@type":"SearchAction","target":{"@type":"EntryPoint","urlTemplate":"https:\/\/people.unipi.it\/francesca_gallina\/?s={search_term_string}"},"query-input":{"@type":"PropertyValueSpecification","valueRequired":true,"valueName":"search_term_string"}}],"inLanguage":"it-IT"}]}},"_links":{"self":[{"href":"https:\/\/people.unipi.it\/francesca_gallina\/wp-json\/wp\/v2\/pages\/10","targetHints":{"allow":["GET"]}}],"collection":[{"href":"https:\/\/people.unipi.it\/francesca_gallina\/wp-json\/wp\/v2\/pages"}],"about":[{"href":"https:\/\/people.unipi.it\/francesca_gallina\/wp-json\/wp\/v2\/types\/page"}],"author":[{"embeddable":true,"href":"https:\/\/people.unipi.it\/francesca_gallina\/wp-json\/wp\/v2\/users\/1"}],"replies":[{"embeddable":true,"href":"https:\/\/people.unipi.it\/francesca_gallina\/wp-json\/wp\/v2\/comments?post=10"}],"version-history":[{"count":6,"href":"https:\/\/people.unipi.it\/francesca_gallina\/wp-json\/wp\/v2\/pages\/10\/revisions"}],"predecessor-version":[{"id":73,"href":"https:\/\/people.unipi.it\/francesca_gallina\/wp-json\/wp\/v2\/pages\/10\/revisions\/73"}],"wp:attachment":[{"href":"https:\/\/people.unipi.it\/francesca_gallina\/wp-json\/wp\/v2\/media?parent=10"}],"curies":[{"name":"wp","href":"https:\/\/api.w.org\/{rel}","templated":true}]}}