{"id":8,"date":"2015-04-08T11:14:00","date_gmt":"2015-04-08T09:14:00","guid":{"rendered":"http:\/\/people.unipi.it\/cloner\/?page_id=8"},"modified":"2016-12-04T21:03:03","modified_gmt":"2016-12-04T20:03:03","slug":"pubblicazioni","status":"publish","type":"page","link":"https:\/\/people.unipi.it\/francesca_daldegan\/pubblicazioni\/","title":{"rendered":"Pubblicazioni"},"content":{"rendered":"<p>(2016), L\u2019organizzazione sociale e i cerchi concentrici\u00a0: Sismondi e la scienza fondata sui \u00ab\u00a0Principes\u00a0\u00bb, Edizioni ETS, in press.<\/p>\n<p>(2016), Review\u00a0: S. Cesaratto, Sei lezioni di economia, Imprimatur editore, 2016, in press.<\/p>\n<p>(2016), \u201cAntonio Genovesi and the transcendence capacity of human beings at the core of social interactions\u201d, <em>European Journal of History of Economic Thought<\/em> (EJHET), submitted.<\/p>\n<p>(2016) \u201cSismondi\u201d in G. Faccarello and H. Kurz, eds, <em>The Handbook of the History of Economic Thought<\/em>, Cheltenham, Edward Elgar.<\/p>\n<p>(2015), <em>The Birth of Economics as a Social Science: Sismondi\u2019s Political Economy<\/em>, Routledge, under contract.<\/p>\n<p>(2015) J. C. L. Sismondi<strong><em>, <\/em><\/strong><em>Oeuvres \u00e9conomiques compl\u00e8tes<\/em>, <em>Nouveaux principes d\u2019\u00e9conomie politique<\/em>, with Pascal Bridel et Nicolas Eyguesier (eds), Economica, Paris.<\/p>\n<p>(2015) J. C. L. Sismondi<em>, <\/em><em>Oeuvres \u00e9conomiques compl\u00e8tes<\/em>, <em>\u00c8crits d\u2019\u00e9conomie politique<\/em>, 1816-1842, with Pascal Bridel et Nicolas Eyguesier (eds), Economica, Paris.<\/p>\n<p>(2014) <em>Sismondi &#8211; Che cos\u2019\u00e8 l\u2019economia<\/em>, Donzelli, Roma.<\/p>\n<p>(2014) \u201cBenjamin Constant as a reader of Sismondi\u201d, with Francesca Sofia, in Allisson F. and Baranzini R. (edd.), <em>Economics and other branches in the shade of the oak tree\u00a0: essays in honour of Pascal Bridel\u00a0<\/em>, Pickering &amp; Chatto, London, pp. 135-147.<\/p>\n<p>(2014) <em>Review<\/em>: Giuseppe Argiolas, <em>Il valore dei valori \u2013 La governance dell\u2019impresa socialmente orientata<\/em>, <em>Nuova Umanit\u00e0<\/em>.<\/p>\n<p>(2013) A. Genovesi<em>, Lezioni di economia civile<\/em>, with Luigino Bruni et Stefano Zamagni (eds)\u00a0,Vita e pensiero, Milano.<\/p>\n<p>(2013) \u00ab\u00a0L\u2019\u00e9conomie comme espace de participation\u00a0: le regard de Sismondi\u00a0\u00bb, in <em>Sismondi, Modern Republicanism and Critical Liberalism<\/em>, Kapossy B. and Bridel P. eds., Slatkine, Geneva, p. 145-163.<\/p>\n<p>(2012) J. C. L. Sismondi<em>, <\/em><em>Oeuvres \u00e9conomiques compl\u00e8tes<\/em> &#8211; <em>De la Richesse commerciale ou Principes d&#8217;\u00e9conomie politique appliqu\u00e9s \u00e0 la l\u00e9gislation du commerce<\/em>, with Pascal Bridel et Nicolas Eyguesier (eds), Economica, Paris.<\/p>\n<p>(2012) J. C. L. Sismondi<em>, <\/em><em>Oeuvres \u00e9conomiques compl\u00e8tes<\/em> &#8211; <em>Ecrits d&#8217;\u00e9conomie politique 1799-1815<\/em>, with Pascal Bridel et Nicolas Eyguesier (eds), Economica, Paris.<\/p>\n<p>(2011) <em>\u201c<\/em>L\u2019economia e gli interessi <em>vivants<\/em> nel pensiero di Jean Charles L\u00e9onard Sismondi<em>\u201d\u00a0<\/em>, <em>Il pensiero Economico Italiano<\/em>, PEI, XIX, 2, pp. 53-66.<\/p>\n<p>(2009) \u00ab\u00a0J. C. L. Sismondi, L&#8217;Economie politique consid\u00e9r\u00e9e dans ses rapports avec la L\u00e8gislation des douanes<em>\u00a0\u00bb<\/em>, with Nicolas Eyguesier, <em>Cahier d&#8217;\u00e9conomie politique<\/em>, 57, L&#8217;Harmattan, Paris, pp. 146-147.<\/p>\n<p>(2007) \u00a0\u201cI due sistemi di economia politica di Sismondi (1805). Una nuova traduzione del manoscritto inedito\u201d, <em>Pensiero Economico Italiano<\/em>, PEI, XV, 2, p. 172 et ss.<\/p>\n<p>(2005) <em>Review<\/em>: A. G. Ricci (a cura di), La &#8220;Revue Mensuelle d&#8217;economie politique&#8221; nelle lettere di Th. Fix a J. C. L. Simonde de Sismondi, Quaderni della Rassegna Archivi di Stato, 1999, Sismondiana, 1, ed. Letizia Pagliai, Firenze Polistampa.<\/p>\n<p>(2005) \u201cRicchezza e felicit\u00e0 nella prospettiva dell\u2019economista sociale\u201d, in <em>Sismondiana 1<\/em>, Firenze, Polistampa, p. 221-236.<\/p>\n<p>(2005) <em>Sismondi nei diari della madre, 1792-1794, 1809<\/em>, with an introduction by Francesca Sofia and a biography of J. C. L. Sismondi, P\u00e0tron Editore, Bologna.<\/p>\n<p>(2004) Ph. D Thesis: <em>Economia e Societ\u00e0 nel pensiero di J. C. L. Sismondi<\/em>, University of Florence<\/p>\n<p>(2003) \u201cLa permanenza della natura e la &#8216;scoperta&#8217; della forma istituzionale nell&#8217;analisi economico-sociale di Sismondi: racconto di un inizio\u201d, <em>Storia del Pensiero economico<\/em>, n. 43.<\/p>\n<p>(2003) (with P. L. Porta), \u201cMoneta e Banca nel pensiero di E. Cernuschi\u201d, <em>Atti della giornata di Studi su \u00ab\u00a0Enrico Cernuschi (1821-1896), milanese e cosmopolita &#8211; Politica, Economia e collezionismo in un protagonista del Risorgimento<\/em>, Milan, 19 giugno 2003.<\/p>\n<p>(2002) \u201cLa voce Sismondi in alcuni dizionari dell&#8217;Ottocento\u201d, <em>Storia del Pensiero Economico<\/em>\u00a0, n. 42.<\/p>\n<p>(2001) <em>Review<\/em>: M. M. Augello e M. E. L. Guidi, Associazionismo economico e diffusione dell&#8217;economia politica nell&#8217;Italia dell&#8217;Ottocento, <em>Storia del Pensiero Economico<\/em>, n. 39.<\/p>\n","protected":false},"excerpt":{"rendered":"<p>(2016), L\u2019organizzazione sociale e i cerchi concentrici\u00a0: Sismondi e la scienza fondata sui \u00ab\u00a0Principes\u00a0\u00bb, Edizioni ETS, in press. (2016), Review\u00a0: S. Cesaratto, Sei lezioni di economia, Imprimatur editore, 2016, in press. (2016), \u201cAntonio Genovesi and the transcendence capacity of human beings at the core of social interactions\u201d, European Journal of History of Economic Thought (EJHET), [&hellip;]<\/p>\n","protected":false},"author":1,"featured_media":0,"parent":0,"menu_order":0,"comment_status":"closed","ping_status":"closed","template":"","meta":{"_acf_changed":false,"footnotes":""},"class_list":["post-8","page","type-page","status-publish","hentry"],"acf":[],"featured_image_src":null,"yoast_head":"<!-- This site is optimized with the Yoast SEO plugin v27.6 - https:\/\/yoast.com\/product\/yoast-seo-wordpress\/ -->\n<title>Pubblicazioni - FRANCESCA DAL DEGAN<\/title>\n<meta name=\"robots\" content=\"index, follow, max-snippet:-1, max-image-preview:large, max-video-preview:-1\" \/>\n<link rel=\"canonical\" href=\"https:\/\/people.unipi.it\/francesca_daldegan\/pubblicazioni\/\" \/>\n<meta property=\"og:locale\" content=\"it_IT\" \/>\n<meta property=\"og:type\" content=\"article\" \/>\n<meta property=\"og:title\" content=\"Pubblicazioni - FRANCESCA DAL DEGAN\" \/>\n<meta property=\"og:description\" content=\"(2016), L\u2019organizzazione sociale e i cerchi concentrici\u00a0: Sismondi e la scienza fondata sui \u00ab\u00a0Principes\u00a0\u00bb, Edizioni ETS, in press. (2016), Review\u00a0: S. Cesaratto, Sei lezioni di economia, Imprimatur editore, 2016, in press. (2016), \u201cAntonio Genovesi and the transcendence capacity of human beings at the core of social interactions\u201d, European Journal of History of Economic Thought (EJHET), [&hellip;]\" \/>\n<meta property=\"og:url\" content=\"https:\/\/people.unipi.it\/francesca_daldegan\/pubblicazioni\/\" \/>\n<meta property=\"og:site_name\" content=\"FRANCESCA DAL DEGAN\" \/>\n<meta property=\"article:modified_time\" content=\"2016-12-04T20:03:03+00:00\" \/>\n<meta name=\"twitter:card\" content=\"summary_large_image\" \/>\n<meta name=\"twitter:label1\" content=\"Tempo di lettura stimato\" \/>\n\t<meta name=\"twitter:data1\" content=\"3 minuti\" \/>\n<script type=\"application\/ld+json\" class=\"yoast-schema-graph\">{\"@context\":\"https:\\\/\\\/schema.org\",\"@graph\":[{\"@type\":\"WebPage\",\"@id\":\"https:\\\/\\\/people.unipi.it\\\/francesca_daldegan\\\/pubblicazioni\\\/\",\"url\":\"https:\\\/\\\/people.unipi.it\\\/francesca_daldegan\\\/pubblicazioni\\\/\",\"name\":\"Pubblicazioni - FRANCESCA DAL DEGAN\",\"isPartOf\":{\"@id\":\"https:\\\/\\\/people.unipi.it\\\/francesca_daldegan\\\/#website\"},\"datePublished\":\"2015-04-08T09:14:00+00:00\",\"dateModified\":\"2016-12-04T20:03:03+00:00\",\"breadcrumb\":{\"@id\":\"https:\\\/\\\/people.unipi.it\\\/francesca_daldegan\\\/pubblicazioni\\\/#breadcrumb\"},\"inLanguage\":\"it-IT\",\"potentialAction\":[{\"@type\":\"ReadAction\",\"target\":[\"https:\\\/\\\/people.unipi.it\\\/francesca_daldegan\\\/pubblicazioni\\\/\"]}]},{\"@type\":\"BreadcrumbList\",\"@id\":\"https:\\\/\\\/people.unipi.it\\\/francesca_daldegan\\\/pubblicazioni\\\/#breadcrumb\",\"itemListElement\":[{\"@type\":\"ListItem\",\"position\":1,\"name\":\"Home\",\"item\":\"https:\\\/\\\/people.unipi.it\\\/francesca_daldegan\\\/\"},{\"@type\":\"ListItem\",\"position\":2,\"name\":\"Pubblicazioni\"}]},{\"@type\":\"WebSite\",\"@id\":\"https:\\\/\\\/people.unipi.it\\\/francesca_daldegan\\\/#website\",\"url\":\"https:\\\/\\\/people.unipi.it\\\/francesca_daldegan\\\/\",\"name\":\"FRANCESCA DAL DEGAN\",\"description\":\"\",\"potentialAction\":[{\"@type\":\"SearchAction\",\"target\":{\"@type\":\"EntryPoint\",\"urlTemplate\":\"https:\\\/\\\/people.unipi.it\\\/francesca_daldegan\\\/?s={search_term_string}\"},\"query-input\":{\"@type\":\"PropertyValueSpecification\",\"valueRequired\":true,\"valueName\":\"search_term_string\"}}],\"inLanguage\":\"it-IT\"}]}<\/script>\n<!-- \/ Yoast SEO plugin. -->","yoast_head_json":{"title":"Pubblicazioni - FRANCESCA DAL DEGAN","robots":{"index":"index","follow":"follow","max-snippet":"max-snippet:-1","max-image-preview":"max-image-preview:large","max-video-preview":"max-video-preview:-1"},"canonical":"https:\/\/people.unipi.it\/francesca_daldegan\/pubblicazioni\/","og_locale":"it_IT","og_type":"article","og_title":"Pubblicazioni - FRANCESCA DAL DEGAN","og_description":"(2016), L\u2019organizzazione sociale e i cerchi concentrici\u00a0: Sismondi e la scienza fondata sui \u00ab\u00a0Principes\u00a0\u00bb, Edizioni ETS, in press. (2016), Review\u00a0: S. Cesaratto, Sei lezioni di economia, Imprimatur editore, 2016, in press. (2016), \u201cAntonio Genovesi and the transcendence capacity of human beings at the core of social interactions\u201d, European Journal of History of Economic Thought (EJHET), [&hellip;]","og_url":"https:\/\/people.unipi.it\/francesca_daldegan\/pubblicazioni\/","og_site_name":"FRANCESCA DAL DEGAN","article_modified_time":"2016-12-04T20:03:03+00:00","twitter_card":"summary_large_image","twitter_misc":{"Tempo di lettura stimato":"3 minuti"},"schema":{"@context":"https:\/\/schema.org","@graph":[{"@type":"WebPage","@id":"https:\/\/people.unipi.it\/francesca_daldegan\/pubblicazioni\/","url":"https:\/\/people.unipi.it\/francesca_daldegan\/pubblicazioni\/","name":"Pubblicazioni - FRANCESCA DAL DEGAN","isPartOf":{"@id":"https:\/\/people.unipi.it\/francesca_daldegan\/#website"},"datePublished":"2015-04-08T09:14:00+00:00","dateModified":"2016-12-04T20:03:03+00:00","breadcrumb":{"@id":"https:\/\/people.unipi.it\/francesca_daldegan\/pubblicazioni\/#breadcrumb"},"inLanguage":"it-IT","potentialAction":[{"@type":"ReadAction","target":["https:\/\/people.unipi.it\/francesca_daldegan\/pubblicazioni\/"]}]},{"@type":"BreadcrumbList","@id":"https:\/\/people.unipi.it\/francesca_daldegan\/pubblicazioni\/#breadcrumb","itemListElement":[{"@type":"ListItem","position":1,"name":"Home","item":"https:\/\/people.unipi.it\/francesca_daldegan\/"},{"@type":"ListItem","position":2,"name":"Pubblicazioni"}]},{"@type":"WebSite","@id":"https:\/\/people.unipi.it\/francesca_daldegan\/#website","url":"https:\/\/people.unipi.it\/francesca_daldegan\/","name":"FRANCESCA DAL DEGAN","description":"","potentialAction":[{"@type":"SearchAction","target":{"@type":"EntryPoint","urlTemplate":"https:\/\/people.unipi.it\/francesca_daldegan\/?s={search_term_string}"},"query-input":{"@type":"PropertyValueSpecification","valueRequired":true,"valueName":"search_term_string"}}],"inLanguage":"it-IT"}]}},"_links":{"self":[{"href":"https:\/\/people.unipi.it\/francesca_daldegan\/wp-json\/wp\/v2\/pages\/8","targetHints":{"allow":["GET"]}}],"collection":[{"href":"https:\/\/people.unipi.it\/francesca_daldegan\/wp-json\/wp\/v2\/pages"}],"about":[{"href":"https:\/\/people.unipi.it\/francesca_daldegan\/wp-json\/wp\/v2\/types\/page"}],"author":[{"embeddable":true,"href":"https:\/\/people.unipi.it\/francesca_daldegan\/wp-json\/wp\/v2\/users\/1"}],"replies":[{"embeddable":true,"href":"https:\/\/people.unipi.it\/francesca_daldegan\/wp-json\/wp\/v2\/comments?post=8"}],"version-history":[{"count":2,"href":"https:\/\/people.unipi.it\/francesca_daldegan\/wp-json\/wp\/v2\/pages\/8\/revisions"}],"predecessor-version":[{"id":49,"href":"https:\/\/people.unipi.it\/francesca_daldegan\/wp-json\/wp\/v2\/pages\/8\/revisions\/49"}],"wp:attachment":[{"href":"https:\/\/people.unipi.it\/francesca_daldegan\/wp-json\/wp\/v2\/media?parent=8"}],"curies":[{"name":"wp","href":"https:\/\/api.w.org\/{rel}","templated":true}]}}