{"id":89,"date":"2019-02-06T19:32:08","date_gmt":"2019-02-06T18:32:08","guid":{"rendered":"http:\/\/people.unipi.it\/filippo_lipparini\/?page_id=89"},"modified":"2023-11-01T09:26:45","modified_gmt":"2023-11-01T08:26:45","slug":"collaborations","status":"publish","type":"page","link":"https:\/\/people.unipi.it\/filippo_lipparini\/collaborations\/","title":{"rendered":"Collaborations"},"content":{"rendered":"<h2>Collaborations<\/h2>\n<p><strong>Italy<\/strong><\/p>\n<p><a href=\"https:\/\/molecolab.dcci.unipi.it\/prof-benedetta-mennucci\/\">Benedetta Mennucci<\/a>, Pisa<\/p>\n<p><a href=\"https:\/\/site.unibo.it\/rotational-computational-spectroscopy\/en\">Cristina Puzzarini<\/a>, Bologna<\/p>\n<p><a href=\"https:\/\/www.sns.it\/it\/persona\/julien-roland-michel-bloino\">Julien Bloino<\/a>, Pisa<\/p>\n<p><strong>Europe<\/strong><\/p>\n<p><a href=\"https:\/\/cermics.enpc.fr\/~cances\/\">Eric Canc\u00e8s<\/a>, Paris, France<\/p>\n<p><a href=\"https:\/\/gdusson.perso.math.cnrs.fr\/\">Genevi\u00e8ve Dusson<\/a>, Besan\u00e7on, France<\/p>\n<p><a href=\"https:\/\/www.januseriksen.com\/\">Janus Juul Eriksen<\/a>, Copenhagen, Denmark<\/p>\n<p><a href=\"https:\/\/www.tc.uni-mainz.de\/prof-dr-juergen-gauss\/\">J\u00fcrgen Gauss<\/a>, Mainz, Germany<\/p>\n<p><a href=\"https:\/\/www.univ-nantes.fr\/denis-jacquemin-1\">Denis Jacquemin<\/a>, Nantes, France<\/p>\n<p><a href=\"https:\/\/www.ljll.math.upmc.fr\/membres\/fiches\/maday.html\">Yvon Maday<\/a>, Paris, France<\/p>\n<p><a href=\"http:\/\/piquemalresearch.com\/\">Jean-Philip Piquemal<\/a>, Paris, France<\/p>\n<p><a href=\"https:\/\/www.ians.uni-stuttgart.de\/institute\/team\/Stamm\/\">Benjamin Stamm<\/a>, Stuttgart, Germany<\/p>\n<p><a href=\"https:\/\/www.uni-saarland.de\/en\/lehrstuhl\/stopkowicz.html\">Stella Stopkowicz<\/a>, Saarbr\u00fccken, Germany<\/p>\n<p><strong>World<\/strong><\/p>\n<p><a href=\"http:\/\/depts.washington.edu\/ligroup\/\">Xiaosong Li<\/a>, Seattle (WA), U.S.<\/p>\n<p><a href=\"https:\/\/gaussian.com\/g_scalmani\/\">Giovanni Scalmani<\/a>, Wallingford (CT), U.S.<\/p>\n<p><a href=\"https:\/\/gaussian.com\/\">Gaussian, inc.<\/a>, Wallingford (CT), U.S.<\/p>\n<p><strong>&#8230; a successful international collaboration in action on a very tough Quantum<br \/>\nChemistry problem at Rifugio Son Forca,\u00a0Mt. Cristallo, Italy!<\/strong><\/p>\n<p><a href=\"http:\/\/people.unipi.it\/filippo_lipparini\/wp-content\/uploads\/sites\/443\/2019\/02\/P1010492.jpg\"><img loading=\"lazy\" decoding=\"async\" class=\"alignnone wp-image-88\" src=\"http:\/\/people.unipi.it\/filippo_lipparini\/wp-content\/uploads\/sites\/443\/2019\/02\/P1010492-300x225.jpg\" alt=\"\" width=\"623\" height=\"467\" srcset=\"https:\/\/people.unipi.it\/filippo_lipparini\/wp-content\/uploads\/sites\/443\/2019\/02\/P1010492-300x225.jpg 300w, https:\/\/people.unipi.it\/filippo_lipparini\/wp-content\/uploads\/sites\/443\/2019\/02\/P1010492-768x576.jpg 768w, https:\/\/people.unipi.it\/filippo_lipparini\/wp-content\/uploads\/sites\/443\/2019\/02\/P1010492-1024x768.jpg 1024w\" sizes=\"auto, (max-width: 623px) 100vw, 623px\" \/><\/a><\/p>\n<p>From left to right: Stella Stopkowicz, J\u00fcrgen Gauss, Filippo Lipparini, Cristina Puzzarini<\/p>\n","protected":false},"excerpt":{"rendered":"<p>Collaborations Italy Benedetta Mennucci, Pisa Cristina Puzzarini, Bologna Julien Bloino, Pisa Europe Eric Canc\u00e8s, Paris, France Genevi\u00e8ve Dusson, Besan\u00e7on, France&hellip;<\/p>\n<p><a class=\"btn btn-dark btn-sm unipi-read-more-link\" href=\"https:\/\/people.unipi.it\/filippo_lipparini\/collaborations\/\">Leggi tutto&#8230;<\/a><\/p>\n","protected":false},"author":466,"featured_media":0,"parent":0,"menu_order":0,"comment_status":"closed","ping_status":"closed","template":"","meta":{"_acf_changed":false,"footnotes":""},"class_list":["post-89","page","type-page","status-publish","hentry"],"acf":[],"featured_image_src":null,"yoast_head":"<!-- This site is optimized with the Yoast SEO plugin v27.5 - https:\/\/yoast.com\/product\/yoast-seo-wordpress\/ -->\n<title>Collaborations - Filippo Lipparini<\/title>\n<meta name=\"robots\" content=\"index, follow, max-snippet:-1, max-image-preview:large, max-video-preview:-1\" \/>\n<link rel=\"canonical\" href=\"https:\/\/people.unipi.it\/filippo_lipparini\/collaborations\/\" \/>\n<meta property=\"og:locale\" content=\"it_IT\" \/>\n<meta property=\"og:type\" content=\"article\" \/>\n<meta property=\"og:title\" content=\"Collaborations - Filippo Lipparini\" \/>\n<meta property=\"og:description\" content=\"Collaborations Italy Benedetta Mennucci, Pisa Cristina Puzzarini, Bologna Julien Bloino, Pisa Europe Eric Canc\u00e8s, Paris, France Genevi\u00e8ve Dusson, Besan\u00e7on, France&hellip;Leggi tutto...\" \/>\n<meta property=\"og:url\" content=\"https:\/\/people.unipi.it\/filippo_lipparini\/collaborations\/\" \/>\n<meta property=\"og:site_name\" content=\"Filippo Lipparini\" \/>\n<meta property=\"article:modified_time\" content=\"2023-11-01T08:26:45+00:00\" \/>\n<meta property=\"og:image\" content=\"http:\/\/people.unipi.it\/filippo_lipparini\/wp-content\/uploads\/sites\/443\/2019\/02\/P1010492-300x225.jpg\" \/>\n<meta name=\"twitter:card\" content=\"summary_large_image\" \/>\n<meta name=\"twitter:label1\" content=\"Tempo di lettura stimato\" \/>\n\t<meta name=\"twitter:data1\" content=\"1 minuto\" \/>\n<script type=\"application\/ld+json\" class=\"yoast-schema-graph\">{\"@context\":\"https:\\\/\\\/schema.org\",\"@graph\":[{\"@type\":\"WebPage\",\"@id\":\"https:\\\/\\\/people.unipi.it\\\/filippo_lipparini\\\/collaborations\\\/\",\"url\":\"https:\\\/\\\/people.unipi.it\\\/filippo_lipparini\\\/collaborations\\\/\",\"name\":\"Collaborations - Filippo Lipparini\",\"isPartOf\":{\"@id\":\"https:\\\/\\\/people.unipi.it\\\/filippo_lipparini\\\/#website\"},\"primaryImageOfPage\":{\"@id\":\"https:\\\/\\\/people.unipi.it\\\/filippo_lipparini\\\/collaborations\\\/#primaryimage\"},\"image\":{\"@id\":\"https:\\\/\\\/people.unipi.it\\\/filippo_lipparini\\\/collaborations\\\/#primaryimage\"},\"thumbnailUrl\":\"http:\\\/\\\/people.unipi.it\\\/filippo_lipparini\\\/wp-content\\\/uploads\\\/sites\\\/443\\\/2019\\\/02\\\/P1010492-300x225.jpg\",\"datePublished\":\"2019-02-06T18:32:08+00:00\",\"dateModified\":\"2023-11-01T08:26:45+00:00\",\"breadcrumb\":{\"@id\":\"https:\\\/\\\/people.unipi.it\\\/filippo_lipparini\\\/collaborations\\\/#breadcrumb\"},\"inLanguage\":\"it-IT\",\"potentialAction\":[{\"@type\":\"ReadAction\",\"target\":[\"https:\\\/\\\/people.unipi.it\\\/filippo_lipparini\\\/collaborations\\\/\"]}]},{\"@type\":\"ImageObject\",\"inLanguage\":\"it-IT\",\"@id\":\"https:\\\/\\\/people.unipi.it\\\/filippo_lipparini\\\/collaborations\\\/#primaryimage\",\"url\":\"https:\\\/\\\/people.unipi.it\\\/filippo_lipparini\\\/wp-content\\\/uploads\\\/sites\\\/443\\\/2019\\\/02\\\/P1010492.jpg\",\"contentUrl\":\"https:\\\/\\\/people.unipi.it\\\/filippo_lipparini\\\/wp-content\\\/uploads\\\/sites\\\/443\\\/2019\\\/02\\\/P1010492.jpg\",\"width\":4896,\"height\":3672},{\"@type\":\"BreadcrumbList\",\"@id\":\"https:\\\/\\\/people.unipi.it\\\/filippo_lipparini\\\/collaborations\\\/#breadcrumb\",\"itemListElement\":[{\"@type\":\"ListItem\",\"position\":1,\"name\":\"Home\",\"item\":\"https:\\\/\\\/people.unipi.it\\\/filippo_lipparini\\\/\"},{\"@type\":\"ListItem\",\"position\":2,\"name\":\"Collaborations\"}]},{\"@type\":\"WebSite\",\"@id\":\"https:\\\/\\\/people.unipi.it\\\/filippo_lipparini\\\/#website\",\"url\":\"https:\\\/\\\/people.unipi.it\\\/filippo_lipparini\\\/\",\"name\":\"Filippo Lipparini\",\"description\":\"\",\"potentialAction\":[{\"@type\":\"SearchAction\",\"target\":{\"@type\":\"EntryPoint\",\"urlTemplate\":\"https:\\\/\\\/people.unipi.it\\\/filippo_lipparini\\\/?s={search_term_string}\"},\"query-input\":{\"@type\":\"PropertyValueSpecification\",\"valueRequired\":true,\"valueName\":\"search_term_string\"}}],\"inLanguage\":\"it-IT\"}]}<\/script>\n<!-- \/ Yoast SEO plugin. -->","yoast_head_json":{"title":"Collaborations - Filippo Lipparini","robots":{"index":"index","follow":"follow","max-snippet":"max-snippet:-1","max-image-preview":"max-image-preview:large","max-video-preview":"max-video-preview:-1"},"canonical":"https:\/\/people.unipi.it\/filippo_lipparini\/collaborations\/","og_locale":"it_IT","og_type":"article","og_title":"Collaborations - Filippo Lipparini","og_description":"Collaborations Italy Benedetta Mennucci, Pisa Cristina Puzzarini, Bologna Julien Bloino, Pisa Europe Eric Canc\u00e8s, Paris, France Genevi\u00e8ve Dusson, Besan\u00e7on, France&hellip;Leggi tutto...","og_url":"https:\/\/people.unipi.it\/filippo_lipparini\/collaborations\/","og_site_name":"Filippo Lipparini","article_modified_time":"2023-11-01T08:26:45+00:00","og_image":[{"url":"http:\/\/people.unipi.it\/filippo_lipparini\/wp-content\/uploads\/sites\/443\/2019\/02\/P1010492-300x225.jpg","type":"","width":"","height":""}],"twitter_card":"summary_large_image","twitter_misc":{"Tempo di lettura stimato":"1 minuto"},"schema":{"@context":"https:\/\/schema.org","@graph":[{"@type":"WebPage","@id":"https:\/\/people.unipi.it\/filippo_lipparini\/collaborations\/","url":"https:\/\/people.unipi.it\/filippo_lipparini\/collaborations\/","name":"Collaborations - Filippo Lipparini","isPartOf":{"@id":"https:\/\/people.unipi.it\/filippo_lipparini\/#website"},"primaryImageOfPage":{"@id":"https:\/\/people.unipi.it\/filippo_lipparini\/collaborations\/#primaryimage"},"image":{"@id":"https:\/\/people.unipi.it\/filippo_lipparini\/collaborations\/#primaryimage"},"thumbnailUrl":"http:\/\/people.unipi.it\/filippo_lipparini\/wp-content\/uploads\/sites\/443\/2019\/02\/P1010492-300x225.jpg","datePublished":"2019-02-06T18:32:08+00:00","dateModified":"2023-11-01T08:26:45+00:00","breadcrumb":{"@id":"https:\/\/people.unipi.it\/filippo_lipparini\/collaborations\/#breadcrumb"},"inLanguage":"it-IT","potentialAction":[{"@type":"ReadAction","target":["https:\/\/people.unipi.it\/filippo_lipparini\/collaborations\/"]}]},{"@type":"ImageObject","inLanguage":"it-IT","@id":"https:\/\/people.unipi.it\/filippo_lipparini\/collaborations\/#primaryimage","url":"https:\/\/people.unipi.it\/filippo_lipparini\/wp-content\/uploads\/sites\/443\/2019\/02\/P1010492.jpg","contentUrl":"https:\/\/people.unipi.it\/filippo_lipparini\/wp-content\/uploads\/sites\/443\/2019\/02\/P1010492.jpg","width":4896,"height":3672},{"@type":"BreadcrumbList","@id":"https:\/\/people.unipi.it\/filippo_lipparini\/collaborations\/#breadcrumb","itemListElement":[{"@type":"ListItem","position":1,"name":"Home","item":"https:\/\/people.unipi.it\/filippo_lipparini\/"},{"@type":"ListItem","position":2,"name":"Collaborations"}]},{"@type":"WebSite","@id":"https:\/\/people.unipi.it\/filippo_lipparini\/#website","url":"https:\/\/people.unipi.it\/filippo_lipparini\/","name":"Filippo Lipparini","description":"","potentialAction":[{"@type":"SearchAction","target":{"@type":"EntryPoint","urlTemplate":"https:\/\/people.unipi.it\/filippo_lipparini\/?s={search_term_string}"},"query-input":{"@type":"PropertyValueSpecification","valueRequired":true,"valueName":"search_term_string"}}],"inLanguage":"it-IT"}]}},"_links":{"self":[{"href":"https:\/\/people.unipi.it\/filippo_lipparini\/wp-json\/wp\/v2\/pages\/89","targetHints":{"allow":["GET"]}}],"collection":[{"href":"https:\/\/people.unipi.it\/filippo_lipparini\/wp-json\/wp\/v2\/pages"}],"about":[{"href":"https:\/\/people.unipi.it\/filippo_lipparini\/wp-json\/wp\/v2\/types\/page"}],"author":[{"embeddable":true,"href":"https:\/\/people.unipi.it\/filippo_lipparini\/wp-json\/wp\/v2\/users\/466"}],"replies":[{"embeddable":true,"href":"https:\/\/people.unipi.it\/filippo_lipparini\/wp-json\/wp\/v2\/comments?post=89"}],"version-history":[{"count":5,"href":"https:\/\/people.unipi.it\/filippo_lipparini\/wp-json\/wp\/v2\/pages\/89\/revisions"}],"predecessor-version":[{"id":110,"href":"https:\/\/people.unipi.it\/filippo_lipparini\/wp-json\/wp\/v2\/pages\/89\/revisions\/110"}],"wp:attachment":[{"href":"https:\/\/people.unipi.it\/filippo_lipparini\/wp-json\/wp\/v2\/media?parent=89"}],"curies":[{"name":"wp","href":"https:\/\/api.w.org\/{rel}","templated":true}]}}