{"id":74,"date":"2016-11-09T12:08:22","date_gmt":"2016-11-09T11:08:22","guid":{"rendered":"http:\/\/people.unipi.it\/fabio_marchetti1974\/?page_id=74"},"modified":"2026-04-23T14:08:00","modified_gmt":"2026-04-23T12:08:00","slug":"argomenti-tesi","status":"publish","type":"page","link":"https:\/\/people.unipi.it\/fabio_marchetti\/argomenti-tesi\/","title":{"rendered":"Argomenti per Tesi di Laurea"},"content":{"rendered":"<p style=\"text-align: justify\"><em>Possibili argomenti per Tesi di Laurea (tirocinio triennale o magistrale)<\/em><\/p>\n<p style=\"text-align: justify\">Le attivit\u00e0 di tesi riguardano la sintesi, la caratterizzazione e lo studio della reattivit\u00e0 e delle propriet\u00e0 di sistemi molecolari a base di metalli di transizione di interesse farmacologico, catalitico ed energetico. Esploriamo inoltre nuove vie di reazione e trasformazioni inusuali di sintoni organici promosse da effetti cooperativi in complessi dimetallici. Gli studenti saranno inseriti in un contesto di ricerca attivo, supportato da collaborazioni con <a href=\"https:\/\/people.unipi.it\/fabio_marchetti\/scientific-collaborations-in-alphabetical-order\/\">gruppi di ricerca nazionali e internazionali<\/a>.<\/p>\n<ul style=\"text-align: justify\">\n<li><strong>Nuovi elettro-catalizzatori stabili e mimetici dell\u2019enzima [FeFe]-idrogenasi per la produzione di idrogeno (sintesi, purificazione, caratterizzazione strutturale e spettroscopica, studio elettrochimico)<\/strong><\/li>\n<li><strong>Progettazione e sintesi di complessi dinucleari di ferro funzionalizzati con inibitori enzimatici per lo studio della citotossicit\u00e0 in modelli cellulari e del meccanismo di azione (sintesi di leganti e complessi, purificazione, caratterizzazione strutturale, studio del comportamento in ambiente acquoso e fisiologico)<\/strong><\/li>\n<li><strong> Progettazione e sintesi di complessi dinucleari di ferro funzionalizzati come agenti anti-malarici (sintesi di leganti e complessi, purificazione, caratterizzazione strutturale, studio del comportamento in ambiente acquoso e fisiologico)<\/strong><\/li>\n<li><strong>Esplorazione di nuove vie di reattivit\u00e0 in sistemi organometallici dinucleari di ferro, con particolare attenzione alla sintesi metallo-guidata di nuove classi di ferroceni multi-funzionalizzati su singolo anello (sintesi e caratterizzazione strutturale e spettroscopica)<\/strong><\/li>\n<li><strong> Complessi di cobalto con propriet\u00e0 chirottiche (sintesi e caratterizzazione strutturale e spettroscopica, in collaborazione con gruppi del DCCI)<\/strong><\/li>\n<\/ul>\n<p style=\"text-align: justify\"><u>\u00a0<\/u><u>Abilit\u00e0 che potranno essere acquisite<\/u>:<\/p>\n<ul>\n<li style=\"text-align: justify\">Sintesi di leganti e complessi metallici in diverse condizioni<\/li>\n<li style=\"text-align: justify\">Sintesi in atmosfera inerte mediante tecnica Schlenk<\/li>\n<li style=\"text-align: justify\">Manipolazione e conservazione di prodotti sensibili all\u2019aria<\/li>\n<li style=\"text-align: justify\">Purificazione di solventi e reagenti inorganici e organici<\/li>\n<li style=\"text-align: justify\">Tecniche di analisi elementare<\/li>\n<li style=\"text-align: justify\">Tecniche di separazione cromatografica<\/li>\n<li style=\"text-align: justify\">Spettroscopia IR, NMR multinucleare, UV-Vis<\/li>\n<li style=\"text-align: justify\">Gascromatografia-spettrometria\u00a0di massa<\/li>\n<li style=\"text-align: justify\">Interpretazione di dati cristallografici (diffrazione di raggi X su cristallo singolo)<\/li>\n<li style=\"text-align: justify\">Utilizzo di software per ricerca bibliografica, disegno molecolare e analisi di spettri (IR, NMR, UV-Vis) e strutture cristallografiche<\/li>\n<\/ul>\n","protected":false},"excerpt":{"rendered":"<p>Possibili argomenti per Tesi di Laurea (tirocinio triennale o magistrale) Le attivit\u00e0 di tesi riguardano la sintesi, la caratterizzazione e&hellip;<\/p>\n<p><a class=\"btn btn-dark btn-sm unipi-read-more-link\" href=\"https:\/\/people.unipi.it\/fabio_marchetti\/argomenti-tesi\/\">Leggi tutto&#8230;<\/a><\/p>\n","protected":false},"author":251,"featured_media":0,"parent":0,"menu_order":0,"comment_status":"closed","ping_status":"closed","template":"","meta":{"_acf_changed":false,"footnotes":""},"class_list":["post-74","page","type-page","status-publish","hentry"],"acf":[],"featured_image_src":null,"yoast_head":"<!-- This site is optimized with the Yoast SEO plugin v27.5 - https:\/\/yoast.com\/product\/yoast-seo-wordpress\/ -->\n<title>Argomenti per Tesi di Laurea - Fabio Marchetti<\/title>\n<meta name=\"robots\" content=\"index, follow, max-snippet:-1, max-image-preview:large, max-video-preview:-1\" \/>\n<link rel=\"canonical\" href=\"https:\/\/people.unipi.it\/fabio_marchetti\/argomenti-tesi\/\" \/>\n<meta property=\"og:locale\" content=\"it_IT\" \/>\n<meta property=\"og:type\" content=\"article\" \/>\n<meta property=\"og:title\" content=\"Argomenti per Tesi di Laurea - Fabio Marchetti\" \/>\n<meta property=\"og:description\" content=\"Possibili argomenti per Tesi di Laurea (tirocinio triennale o magistrale) Le attivit\u00e0 di tesi riguardano la sintesi, la caratterizzazione e&hellip;Leggi tutto...\" \/>\n<meta property=\"og:url\" content=\"https:\/\/people.unipi.it\/fabio_marchetti\/argomenti-tesi\/\" \/>\n<meta property=\"og:site_name\" content=\"Fabio Marchetti\" \/>\n<meta property=\"article:modified_time\" content=\"2026-04-23T12:08:00+00:00\" \/>\n<meta name=\"twitter:card\" content=\"summary_large_image\" \/>\n<meta name=\"twitter:label1\" content=\"Tempo di lettura stimato\" \/>\n\t<meta name=\"twitter:data1\" content=\"2 minuti\" \/>\n<script type=\"application\/ld+json\" class=\"yoast-schema-graph\">{\"@context\":\"https:\\\/\\\/schema.org\",\"@graph\":[{\"@type\":\"WebPage\",\"@id\":\"https:\\\/\\\/people.unipi.it\\\/fabio_marchetti\\\/argomenti-tesi\\\/\",\"url\":\"https:\\\/\\\/people.unipi.it\\\/fabio_marchetti\\\/argomenti-tesi\\\/\",\"name\":\"Argomenti per Tesi di Laurea - Fabio Marchetti\",\"isPartOf\":{\"@id\":\"https:\\\/\\\/people.unipi.it\\\/fabio_marchetti\\\/#website\"},\"datePublished\":\"2016-11-09T11:08:22+00:00\",\"dateModified\":\"2026-04-23T12:08:00+00:00\",\"breadcrumb\":{\"@id\":\"https:\\\/\\\/people.unipi.it\\\/fabio_marchetti\\\/argomenti-tesi\\\/#breadcrumb\"},\"inLanguage\":\"it-IT\",\"potentialAction\":[{\"@type\":\"ReadAction\",\"target\":[\"https:\\\/\\\/people.unipi.it\\\/fabio_marchetti\\\/argomenti-tesi\\\/\"]}]},{\"@type\":\"BreadcrumbList\",\"@id\":\"https:\\\/\\\/people.unipi.it\\\/fabio_marchetti\\\/argomenti-tesi\\\/#breadcrumb\",\"itemListElement\":[{\"@type\":\"ListItem\",\"position\":1,\"name\":\"Home\",\"item\":\"https:\\\/\\\/people.unipi.it\\\/fabio_marchetti\\\/\"},{\"@type\":\"ListItem\",\"position\":2,\"name\":\"Argomenti per Tesi di Laurea\"}]},{\"@type\":\"WebSite\",\"@id\":\"https:\\\/\\\/people.unipi.it\\\/fabio_marchetti\\\/#website\",\"url\":\"https:\\\/\\\/people.unipi.it\\\/fabio_marchetti\\\/\",\"name\":\"Fabio Marchetti\",\"description\":\"Universit\u00e0 di Pisa\",\"potentialAction\":[{\"@type\":\"SearchAction\",\"target\":{\"@type\":\"EntryPoint\",\"urlTemplate\":\"https:\\\/\\\/people.unipi.it\\\/fabio_marchetti\\\/?s={search_term_string}\"},\"query-input\":{\"@type\":\"PropertyValueSpecification\",\"valueRequired\":true,\"valueName\":\"search_term_string\"}}],\"inLanguage\":\"it-IT\"}]}<\/script>\n<!-- \/ Yoast SEO plugin. -->","yoast_head_json":{"title":"Argomenti per Tesi di Laurea - Fabio Marchetti","robots":{"index":"index","follow":"follow","max-snippet":"max-snippet:-1","max-image-preview":"max-image-preview:large","max-video-preview":"max-video-preview:-1"},"canonical":"https:\/\/people.unipi.it\/fabio_marchetti\/argomenti-tesi\/","og_locale":"it_IT","og_type":"article","og_title":"Argomenti per Tesi di Laurea - Fabio Marchetti","og_description":"Possibili argomenti per Tesi di Laurea (tirocinio triennale o magistrale) Le attivit\u00e0 di tesi riguardano la sintesi, la caratterizzazione e&hellip;Leggi tutto...","og_url":"https:\/\/people.unipi.it\/fabio_marchetti\/argomenti-tesi\/","og_site_name":"Fabio Marchetti","article_modified_time":"2026-04-23T12:08:00+00:00","twitter_card":"summary_large_image","twitter_misc":{"Tempo di lettura stimato":"2 minuti"},"schema":{"@context":"https:\/\/schema.org","@graph":[{"@type":"WebPage","@id":"https:\/\/people.unipi.it\/fabio_marchetti\/argomenti-tesi\/","url":"https:\/\/people.unipi.it\/fabio_marchetti\/argomenti-tesi\/","name":"Argomenti per Tesi di Laurea - Fabio Marchetti","isPartOf":{"@id":"https:\/\/people.unipi.it\/fabio_marchetti\/#website"},"datePublished":"2016-11-09T11:08:22+00:00","dateModified":"2026-04-23T12:08:00+00:00","breadcrumb":{"@id":"https:\/\/people.unipi.it\/fabio_marchetti\/argomenti-tesi\/#breadcrumb"},"inLanguage":"it-IT","potentialAction":[{"@type":"ReadAction","target":["https:\/\/people.unipi.it\/fabio_marchetti\/argomenti-tesi\/"]}]},{"@type":"BreadcrumbList","@id":"https:\/\/people.unipi.it\/fabio_marchetti\/argomenti-tesi\/#breadcrumb","itemListElement":[{"@type":"ListItem","position":1,"name":"Home","item":"https:\/\/people.unipi.it\/fabio_marchetti\/"},{"@type":"ListItem","position":2,"name":"Argomenti per Tesi di Laurea"}]},{"@type":"WebSite","@id":"https:\/\/people.unipi.it\/fabio_marchetti\/#website","url":"https:\/\/people.unipi.it\/fabio_marchetti\/","name":"Fabio Marchetti","description":"Universit\u00e0 di Pisa","potentialAction":[{"@type":"SearchAction","target":{"@type":"EntryPoint","urlTemplate":"https:\/\/people.unipi.it\/fabio_marchetti\/?s={search_term_string}"},"query-input":{"@type":"PropertyValueSpecification","valueRequired":true,"valueName":"search_term_string"}}],"inLanguage":"it-IT"}]}},"_links":{"self":[{"href":"https:\/\/people.unipi.it\/fabio_marchetti\/wp-json\/wp\/v2\/pages\/74","targetHints":{"allow":["GET"]}}],"collection":[{"href":"https:\/\/people.unipi.it\/fabio_marchetti\/wp-json\/wp\/v2\/pages"}],"about":[{"href":"https:\/\/people.unipi.it\/fabio_marchetti\/wp-json\/wp\/v2\/types\/page"}],"author":[{"embeddable":true,"href":"https:\/\/people.unipi.it\/fabio_marchetti\/wp-json\/wp\/v2\/users\/251"}],"replies":[{"embeddable":true,"href":"https:\/\/people.unipi.it\/fabio_marchetti\/wp-json\/wp\/v2\/comments?post=74"}],"version-history":[{"count":82,"href":"https:\/\/people.unipi.it\/fabio_marchetti\/wp-json\/wp\/v2\/pages\/74\/revisions"}],"predecessor-version":[{"id":1070,"href":"https:\/\/people.unipi.it\/fabio_marchetti\/wp-json\/wp\/v2\/pages\/74\/revisions\/1070"}],"wp:attachment":[{"href":"https:\/\/people.unipi.it\/fabio_marchetti\/wp-json\/wp\/v2\/media?parent=74"}],"curies":[{"name":"wp","href":"https:\/\/api.w.org\/{rel}","templated":true}]}}