{"id":6,"date":"2015-04-08T11:11:35","date_gmt":"2015-04-08T09:11:35","guid":{"rendered":"http:\/\/people.unipi.it\/cloner\/?page_id=6"},"modified":"2025-05-07T21:30:03","modified_gmt":"2025-05-07T19:30:03","slug":"biografia","status":"publish","type":"page","link":"https:\/\/people.unipi.it\/fabio_marchetti\/biografia\/","title":{"rendered":"Biografia"},"content":{"rendered":"<p style=\"text-align: justify\"><span style=\"color: #000000\">Fabio Marchetti si laurea (con lode) in Chimica Industriale presso l&#8217;Universit\u00e0 di Bologna nel 1999, e consegue il Dottorato di Ricerca in Scienze Chimiche presso la medesima Universit\u00e0 nel 2003, sotto la supervisione del Prof. Luigi Busetto e del Prof. Valerio Zanotti. Trascorre un periodo di post-dottorato (2003-2006) presso l&#8217;Universit\u00e0 di Bologna, occupandosi della sintesi e della funzionalizzazione di composti organometallici dinucleari di ferro. <\/span><span style=\"color: #000000\">Trascorre inoltre periodi di formazione presso Seabo spa (attualmente <\/span><span style=\"color: #575454\"><a style=\"color: #575454\" href=\"http:\/\/www.gruppohera.it\/\" target=\"_blank\" rel=\"noopener noreferrer\">Gruppo Hera<\/a><\/span><span style=\"color: #000000\">) a Bologna (1999), e presso le <\/span><span style=\"color: #575454\"><a style=\"color: #575454\" href=\"http:\/\/www.bris.ac.uk\/chemistry\/\" target=\"_blank\" rel=\"noopener noreferrer\">Universit\u00e0 di Bristol<\/a><\/span><span style=\"color: #000000\"> (1999) e <\/span><span style=\"color: #575454\"><a style=\"color: #575454\" href=\"https:\/\/ciencias.unizar.es\/\" target=\"_blank\" rel=\"noopener noreferrer\">Saragozza<\/a><\/span><span style=\"color: #000000\"> (borsa &#8220;Marie Curie&#8221;, 2001-2002).<\/span><\/p>\n<p style=\"text-align: justify\"><span style=\"color: #000000\">Nel 2006, diventa ricercatore a tempo indeterminato presso l&#8217;Universit\u00e0 di Pisa, afferendo cos\u00ec al gruppo di ricerca del Prof. Fausto Calderazzo e iniziando a collaborare con il Prof. Guido Pampaloni. <\/span><\/p>\n<p style=\"text-align: justify\"><span style=\"color: #000000\">Dal 2014 al 2018, \u00e8 Professore Associato presso la medesima Universit\u00e0, e da Ottobre 2018 Professore Ordinario. Ha trascorso periodi di ricerca presso l<\/span><span style=\"color: #808080\">&#8216;<span style=\"color: #575454\"><a style=\"color: #575454\" href=\"http:\/\/www.helsinki.fi\/kemia\/english\/\">Universit\u00e0 di<\/a><a style=\"color: #575454\" href=\"http:\/\/www.helsinki.fi\/kemia\/english\/\"> Helsi<\/a><a style=\"color: #575454\" href=\"http:\/\/www.helsinki.fi\/kemia\/english\/\">nki <\/a><\/span><\/span><span style=\"color: #000000\"><span style=\"text-decoration: underline;color: #808080\">(<\/span>2006) e l&#8217;<\/span><span style=\"color: #575454\"><a style=\"color: #575454\" href=\"http:\/\/lcom.epfl.ch\/dyson\" target=\"_blank\" rel=\"noopener noreferrer\">EPFL<\/a><\/span><span style=\"color: #000000\">\u00a0di Losanna (2012).<\/span><\/p>\n<p style=\"text-align: justify\"><span style=\"color: #000000\">Fabio Marchetti \u00e8 co-autore di oltre 250 <span style=\"color: #575454\"><a style=\"color: #575454\" href=\"https:\/\/people.unipi.it\/fabio_marchetti1974\/publications\/\" target=\"_blank\" rel=\"noopener noreferrer\">pubblicazioni scientifiche<\/a> <\/span>(articoli, comunicazioni e review) su riviste internazionali con sistema di revisione <em>peer reviewed<\/em>, due capitoli di libro e due brevetti internazionali. I suoi interessi di ricerca riguardano la sintesi e lo studio delle propriet\u00e0 di complessi di metalli di transizione, e l\u2019esplorazione di nuovi modi di attivazione di piccole molecole. Dal 2025, \u00e8 membro dell&#8217;Editorial Board di <em>European Journal of Inorganic Chemistry<\/em>.<\/span><\/p>\n<p style=\"text-align: justify\"><span style=\"color: #000000\">Ha tenuto seminari presso Universit\u00e0 italiane e straniere ed \u00e8 co-autore di oltre 100 contributi in congressi italiani e internazionali. <\/span><\/p>\n<p style=\"text-align: justify\"><span style=\"color: #000000\">Nel 2014, ha ricevuto il\u00a0<\/span><span style=\"color: #575454\"><a style=\"color: #575454\" href=\"http:\/\/www.inorg.it\/awards.html\" target=\"_blank\" rel=\"noopener noreferrer\">premio &#8220;Raffaello Nasini&#8221;<\/a> <\/span><span style=\"color: #000000\">dalla Divisione di Chimica Inorganica della Societ\u00e0 Chimica Italiana, per il suo contributo allo sviluppo della chimica dei composti dei metalli del V e VI gruppo e alla sintesi di nuovi composti organometallici attraverso inedite reazioni di formazione di legami carbonio-carbonio. <\/span><\/p>\n<p style=\"text-align: justify\"><span style=\"color: #000000\">Fabio Marchetti \u00e8 attualmente docente presso l&#8217;Universit\u00e0 di Pisa dei seguenti corsi: Chimica Inorganica I, Chimica Organometallica, Chimica Bioinorganica. \u00c9 stato relatore di oltre 40 tesi di laurea triennale e 37 tesi di Laurea Magistrale in Chimica o Chimica Industriale, e supervisore di 12 tesi di Dottorato di Ricerca in Scienze Chimiche. \u00c8 stato revisore di tesi di Dottorato in Chimica svolte presso altre Universit\u00e0 italiane e straniere. <\/span><span style=\"color: #000000\">\u00c8 stato vice-direttore del <a style=\"color: #000000\" href=\"https:\/\/www.dcci.unipi.it\/dipartimento.html\">Dipartimento di Chimica e Chimica Industriale<\/a> (2018-2022), ed \u00e8 membro del Consiglio di <\/span><span style=\"color: #575454\"><a style=\"color: #575454\" href=\"https:\/\/www.dcci.unipi.it\/consiglio-dottorato-chimica-materiali.html\" target=\"_blank\" rel=\"noopener noreferrer\">Dottorato in Scienze Chimiche e dei Materiali<\/a>.<\/span><\/p>\n\n\n<p><\/p>\n","protected":false},"excerpt":{"rendered":"<p>Fabio Marchetti si laurea (con lode) in Chimica Industriale presso l&#8217;Universit\u00e0 di Bologna nel 1999, e consegue il Dottorato di&hellip;<\/p>\n<p><a class=\"btn btn-dark btn-sm unipi-read-more-link\" href=\"https:\/\/people.unipi.it\/fabio_marchetti\/biografia\/\">Leggi tutto&#8230;<\/a><\/p>\n","protected":false},"author":1,"featured_media":0,"parent":0,"menu_order":0,"comment_status":"closed","ping_status":"closed","template":"","meta":{"_acf_changed":false,"footnotes":""},"class_list":["post-6","page","type-page","status-publish","hentry"],"acf":[],"featured_image_src":null,"yoast_head":"<!-- This site is optimized with the Yoast SEO plugin v27.5 - https:\/\/yoast.com\/product\/yoast-seo-wordpress\/ -->\n<title>Biografia - Fabio Marchetti<\/title>\n<meta name=\"robots\" content=\"index, follow, max-snippet:-1, max-image-preview:large, max-video-preview:-1\" \/>\n<link rel=\"canonical\" href=\"https:\/\/people.unipi.it\/fabio_marchetti\/biografia\/\" \/>\n<meta property=\"og:locale\" content=\"it_IT\" \/>\n<meta property=\"og:type\" content=\"article\" \/>\n<meta property=\"og:title\" content=\"Biografia - Fabio Marchetti\" \/>\n<meta property=\"og:description\" content=\"Fabio Marchetti si laurea (con lode) in Chimica Industriale presso l&#8217;Universit\u00e0 di Bologna nel 1999, e consegue il Dottorato di&hellip;Leggi tutto...\" \/>\n<meta property=\"og:url\" content=\"https:\/\/people.unipi.it\/fabio_marchetti\/biografia\/\" \/>\n<meta property=\"og:site_name\" content=\"Fabio Marchetti\" \/>\n<meta property=\"article:modified_time\" content=\"2025-05-07T19:30:03+00:00\" \/>\n<meta name=\"twitter:card\" content=\"summary_large_image\" \/>\n<meta name=\"twitter:label1\" content=\"Tempo di lettura stimato\" \/>\n\t<meta name=\"twitter:data1\" content=\"3 minuti\" \/>\n<script type=\"application\/ld+json\" class=\"yoast-schema-graph\">{\"@context\":\"https:\\\/\\\/schema.org\",\"@graph\":[{\"@type\":\"WebPage\",\"@id\":\"https:\\\/\\\/people.unipi.it\\\/fabio_marchetti\\\/biografia\\\/\",\"url\":\"https:\\\/\\\/people.unipi.it\\\/fabio_marchetti\\\/biografia\\\/\",\"name\":\"Biografia - Fabio Marchetti\",\"isPartOf\":{\"@id\":\"https:\\\/\\\/people.unipi.it\\\/fabio_marchetti\\\/#website\"},\"datePublished\":\"2015-04-08T09:11:35+00:00\",\"dateModified\":\"2025-05-07T19:30:03+00:00\",\"breadcrumb\":{\"@id\":\"https:\\\/\\\/people.unipi.it\\\/fabio_marchetti\\\/biografia\\\/#breadcrumb\"},\"inLanguage\":\"it-IT\",\"potentialAction\":[{\"@type\":\"ReadAction\",\"target\":[\"https:\\\/\\\/people.unipi.it\\\/fabio_marchetti\\\/biografia\\\/\"]}]},{\"@type\":\"BreadcrumbList\",\"@id\":\"https:\\\/\\\/people.unipi.it\\\/fabio_marchetti\\\/biografia\\\/#breadcrumb\",\"itemListElement\":[{\"@type\":\"ListItem\",\"position\":1,\"name\":\"Home\",\"item\":\"https:\\\/\\\/people.unipi.it\\\/fabio_marchetti\\\/\"},{\"@type\":\"ListItem\",\"position\":2,\"name\":\"Biografia\"}]},{\"@type\":\"WebSite\",\"@id\":\"https:\\\/\\\/people.unipi.it\\\/fabio_marchetti\\\/#website\",\"url\":\"https:\\\/\\\/people.unipi.it\\\/fabio_marchetti\\\/\",\"name\":\"Fabio Marchetti\",\"description\":\"Universit\u00e0 di Pisa\",\"potentialAction\":[{\"@type\":\"SearchAction\",\"target\":{\"@type\":\"EntryPoint\",\"urlTemplate\":\"https:\\\/\\\/people.unipi.it\\\/fabio_marchetti\\\/?s={search_term_string}\"},\"query-input\":{\"@type\":\"PropertyValueSpecification\",\"valueRequired\":true,\"valueName\":\"search_term_string\"}}],\"inLanguage\":\"it-IT\"}]}<\/script>\n<!-- \/ Yoast SEO plugin. -->","yoast_head_json":{"title":"Biografia - Fabio Marchetti","robots":{"index":"index","follow":"follow","max-snippet":"max-snippet:-1","max-image-preview":"max-image-preview:large","max-video-preview":"max-video-preview:-1"},"canonical":"https:\/\/people.unipi.it\/fabio_marchetti\/biografia\/","og_locale":"it_IT","og_type":"article","og_title":"Biografia - Fabio Marchetti","og_description":"Fabio Marchetti si laurea (con lode) in Chimica Industriale presso l&#8217;Universit\u00e0 di Bologna nel 1999, e consegue il Dottorato di&hellip;Leggi tutto...","og_url":"https:\/\/people.unipi.it\/fabio_marchetti\/biografia\/","og_site_name":"Fabio Marchetti","article_modified_time":"2025-05-07T19:30:03+00:00","twitter_card":"summary_large_image","twitter_misc":{"Tempo di lettura stimato":"3 minuti"},"schema":{"@context":"https:\/\/schema.org","@graph":[{"@type":"WebPage","@id":"https:\/\/people.unipi.it\/fabio_marchetti\/biografia\/","url":"https:\/\/people.unipi.it\/fabio_marchetti\/biografia\/","name":"Biografia - Fabio Marchetti","isPartOf":{"@id":"https:\/\/people.unipi.it\/fabio_marchetti\/#website"},"datePublished":"2015-04-08T09:11:35+00:00","dateModified":"2025-05-07T19:30:03+00:00","breadcrumb":{"@id":"https:\/\/people.unipi.it\/fabio_marchetti\/biografia\/#breadcrumb"},"inLanguage":"it-IT","potentialAction":[{"@type":"ReadAction","target":["https:\/\/people.unipi.it\/fabio_marchetti\/biografia\/"]}]},{"@type":"BreadcrumbList","@id":"https:\/\/people.unipi.it\/fabio_marchetti\/biografia\/#breadcrumb","itemListElement":[{"@type":"ListItem","position":1,"name":"Home","item":"https:\/\/people.unipi.it\/fabio_marchetti\/"},{"@type":"ListItem","position":2,"name":"Biografia"}]},{"@type":"WebSite","@id":"https:\/\/people.unipi.it\/fabio_marchetti\/#website","url":"https:\/\/people.unipi.it\/fabio_marchetti\/","name":"Fabio Marchetti","description":"Universit\u00e0 di Pisa","potentialAction":[{"@type":"SearchAction","target":{"@type":"EntryPoint","urlTemplate":"https:\/\/people.unipi.it\/fabio_marchetti\/?s={search_term_string}"},"query-input":{"@type":"PropertyValueSpecification","valueRequired":true,"valueName":"search_term_string"}}],"inLanguage":"it-IT"}]}},"_links":{"self":[{"href":"https:\/\/people.unipi.it\/fabio_marchetti\/wp-json\/wp\/v2\/pages\/6","targetHints":{"allow":["GET"]}}],"collection":[{"href":"https:\/\/people.unipi.it\/fabio_marchetti\/wp-json\/wp\/v2\/pages"}],"about":[{"href":"https:\/\/people.unipi.it\/fabio_marchetti\/wp-json\/wp\/v2\/types\/page"}],"author":[{"embeddable":true,"href":"https:\/\/people.unipi.it\/fabio_marchetti\/wp-json\/wp\/v2\/users\/1"}],"replies":[{"embeddable":true,"href":"https:\/\/people.unipi.it\/fabio_marchetti\/wp-json\/wp\/v2\/comments?post=6"}],"version-history":[{"count":52,"href":"https:\/\/people.unipi.it\/fabio_marchetti\/wp-json\/wp\/v2\/pages\/6\/revisions"}],"predecessor-version":[{"id":981,"href":"https:\/\/people.unipi.it\/fabio_marchetti\/wp-json\/wp\/v2\/pages\/6\/revisions\/981"}],"wp:attachment":[{"href":"https:\/\/people.unipi.it\/fabio_marchetti\/wp-json\/wp\/v2\/media?parent=6"}],"curies":[{"name":"wp","href":"https:\/\/api.w.org\/{rel}","templated":true}]}}