{"id":8,"date":"2015-04-08T11:14:00","date_gmt":"2015-04-08T09:14:00","guid":{"rendered":"http:\/\/people.unipi.it\/claudia_cinelli\/?page_id=8"},"modified":"2022-06-14T23:29:36","modified_gmt":"2022-06-14T21:29:36","slug":"pubblicazioni","status":"publish","type":"page","link":"https:\/\/people.unipi.it\/claudia_cinelli\/pubblicazioni\/","title":{"rendered":"Recenti Pubblicazioni"},"content":{"rendered":"<p><strong>Articoli e contributi in volumi<\/strong><\/p>\n<p>2022. The International Seabed Authority\u2019s Contribution to Human Security Standard-Setting. pp.1-21. In FEDERALISMI.IT &#8211; ISSN:1826-3534 vol. 2<\/p>\n<p>2021. Il diritto del bambino con autismo ad una educazione inclusiva. In ORDINE INTERNAZIONALE E DIRITTI UMANI vol. 1<\/p>\n<p>2021. La posici\u00f3n de la Uni\u00f3n Europea con respecto a la regi\u00f3n del \u00c1rtico. pp.481-505. In La contribuci\u00f3n de la Uni\u00f3n Europea a la protecci\u00f3n de los recursos biol\u00f3gicos en espacios marinos de inter\u00e9s internacional &#8211; ISBN:9788413975269<\/p>\n<p>2021. Concluding Reflections: What Is the Role of the State in Enhancing Human Security in Navigable Spaces?. pp.293-297. In Sicurezza umana negli spazi navigabili: sfide comuni e nuove tendenze &#8211; ISBN:979-12-5976-142-2.<\/p>\n<ul>\n<li><strong>Monografia<\/strong><\/li>\n<\/ul>\n<p>2020. La disciplina degli spazi internazionali e le sfide poste dal progresso tecnico-scientifico. pp.1-212 &#8211; ISBN:978-88-921-3549-9<\/p>\n<p><strong><em>Per elenco completo delle pubblicazioni: https:\/\/arpi.unipi.it<\/em> <\/strong><\/p>\n","protected":false},"excerpt":{"rendered":"<p>Articoli e contributi in volumi 2022. The International Seabed Authority\u2019s Contribution to Human Security Standard-Setting. pp.1-21. In FEDERALISMI.IT &#8211; ISSN:1826-3534&hellip;<\/p>\n<p><a class=\"btn btn-dark btn-sm unipi-read-more-link\" href=\"https:\/\/people.unipi.it\/claudia_cinelli\/pubblicazioni\/\">Leggi tutto&#8230;<\/a><\/p>\n","protected":false},"author":1,"featured_media":0,"parent":0,"menu_order":0,"comment_status":"closed","ping_status":"closed","template":"","meta":{"_acf_changed":false,"footnotes":""},"class_list":["post-8","page","type-page","status-publish","hentry"],"acf":[],"featured_image_src":null,"yoast_head":"<!-- This site is optimized with the Yoast SEO plugin v27.5 - https:\/\/yoast.com\/product\/yoast-seo-wordpress\/ -->\n<title>Recenti Pubblicazioni - Claudia Cinelli<\/title>\n<meta name=\"robots\" content=\"index, follow, max-snippet:-1, max-image-preview:large, max-video-preview:-1\" \/>\n<link rel=\"canonical\" href=\"https:\/\/people.unipi.it\/claudia_cinelli\/pubblicazioni\/\" \/>\n<meta property=\"og:locale\" content=\"it_IT\" \/>\n<meta property=\"og:type\" content=\"article\" \/>\n<meta property=\"og:title\" content=\"Recenti Pubblicazioni - Claudia Cinelli\" \/>\n<meta property=\"og:description\" content=\"Articoli e contributi in volumi 2022. The International Seabed Authority\u2019s Contribution to Human Security Standard-Setting. pp.1-21. In FEDERALISMI.IT &#8211; ISSN:1826-3534&hellip;Leggi tutto...\" \/>\n<meta property=\"og:url\" content=\"https:\/\/people.unipi.it\/claudia_cinelli\/pubblicazioni\/\" \/>\n<meta property=\"og:site_name\" content=\"Claudia Cinelli\" \/>\n<meta property=\"article:modified_time\" content=\"2022-06-14T21:29:36+00:00\" \/>\n<meta name=\"twitter:card\" content=\"summary_large_image\" \/>\n<meta name=\"twitter:label1\" content=\"Tempo di lettura stimato\" \/>\n\t<meta name=\"twitter:data1\" content=\"1 minuto\" \/>\n<script type=\"application\/ld+json\" class=\"yoast-schema-graph\">{\"@context\":\"https:\\\/\\\/schema.org\",\"@graph\":[{\"@type\":\"WebPage\",\"@id\":\"https:\\\/\\\/people.unipi.it\\\/claudia_cinelli\\\/pubblicazioni\\\/\",\"url\":\"https:\\\/\\\/people.unipi.it\\\/claudia_cinelli\\\/pubblicazioni\\\/\",\"name\":\"Recenti Pubblicazioni - Claudia Cinelli\",\"isPartOf\":{\"@id\":\"https:\\\/\\\/people.unipi.it\\\/claudia_cinelli\\\/#website\"},\"datePublished\":\"2015-04-08T09:14:00+00:00\",\"dateModified\":\"2022-06-14T21:29:36+00:00\",\"breadcrumb\":{\"@id\":\"https:\\\/\\\/people.unipi.it\\\/claudia_cinelli\\\/pubblicazioni\\\/#breadcrumb\"},\"inLanguage\":\"it-IT\",\"potentialAction\":[{\"@type\":\"ReadAction\",\"target\":[\"https:\\\/\\\/people.unipi.it\\\/claudia_cinelli\\\/pubblicazioni\\\/\"]}]},{\"@type\":\"BreadcrumbList\",\"@id\":\"https:\\\/\\\/people.unipi.it\\\/claudia_cinelli\\\/pubblicazioni\\\/#breadcrumb\",\"itemListElement\":[{\"@type\":\"ListItem\",\"position\":1,\"name\":\"Home\",\"item\":\"https:\\\/\\\/people.unipi.it\\\/claudia_cinelli\\\/\"},{\"@type\":\"ListItem\",\"position\":2,\"name\":\"Recenti Pubblicazioni\"}]},{\"@type\":\"WebSite\",\"@id\":\"https:\\\/\\\/people.unipi.it\\\/claudia_cinelli\\\/#website\",\"url\":\"https:\\\/\\\/people.unipi.it\\\/claudia_cinelli\\\/\",\"name\":\"Claudia Cinelli\",\"description\":\"\",\"potentialAction\":[{\"@type\":\"SearchAction\",\"target\":{\"@type\":\"EntryPoint\",\"urlTemplate\":\"https:\\\/\\\/people.unipi.it\\\/claudia_cinelli\\\/?s={search_term_string}\"},\"query-input\":{\"@type\":\"PropertyValueSpecification\",\"valueRequired\":true,\"valueName\":\"search_term_string\"}}],\"inLanguage\":\"it-IT\"}]}<\/script>\n<!-- \/ Yoast SEO plugin. -->","yoast_head_json":{"title":"Recenti Pubblicazioni - Claudia Cinelli","robots":{"index":"index","follow":"follow","max-snippet":"max-snippet:-1","max-image-preview":"max-image-preview:large","max-video-preview":"max-video-preview:-1"},"canonical":"https:\/\/people.unipi.it\/claudia_cinelli\/pubblicazioni\/","og_locale":"it_IT","og_type":"article","og_title":"Recenti Pubblicazioni - Claudia Cinelli","og_description":"Articoli e contributi in volumi 2022. The International Seabed Authority\u2019s Contribution to Human Security Standard-Setting. pp.1-21. In FEDERALISMI.IT &#8211; ISSN:1826-3534&hellip;Leggi tutto...","og_url":"https:\/\/people.unipi.it\/claudia_cinelli\/pubblicazioni\/","og_site_name":"Claudia Cinelli","article_modified_time":"2022-06-14T21:29:36+00:00","twitter_card":"summary_large_image","twitter_misc":{"Tempo di lettura stimato":"1 minuto"},"schema":{"@context":"https:\/\/schema.org","@graph":[{"@type":"WebPage","@id":"https:\/\/people.unipi.it\/claudia_cinelli\/pubblicazioni\/","url":"https:\/\/people.unipi.it\/claudia_cinelli\/pubblicazioni\/","name":"Recenti Pubblicazioni - Claudia Cinelli","isPartOf":{"@id":"https:\/\/people.unipi.it\/claudia_cinelli\/#website"},"datePublished":"2015-04-08T09:14:00+00:00","dateModified":"2022-06-14T21:29:36+00:00","breadcrumb":{"@id":"https:\/\/people.unipi.it\/claudia_cinelli\/pubblicazioni\/#breadcrumb"},"inLanguage":"it-IT","potentialAction":[{"@type":"ReadAction","target":["https:\/\/people.unipi.it\/claudia_cinelli\/pubblicazioni\/"]}]},{"@type":"BreadcrumbList","@id":"https:\/\/people.unipi.it\/claudia_cinelli\/pubblicazioni\/#breadcrumb","itemListElement":[{"@type":"ListItem","position":1,"name":"Home","item":"https:\/\/people.unipi.it\/claudia_cinelli\/"},{"@type":"ListItem","position":2,"name":"Recenti Pubblicazioni"}]},{"@type":"WebSite","@id":"https:\/\/people.unipi.it\/claudia_cinelli\/#website","url":"https:\/\/people.unipi.it\/claudia_cinelli\/","name":"Claudia Cinelli","description":"","potentialAction":[{"@type":"SearchAction","target":{"@type":"EntryPoint","urlTemplate":"https:\/\/people.unipi.it\/claudia_cinelli\/?s={search_term_string}"},"query-input":{"@type":"PropertyValueSpecification","valueRequired":true,"valueName":"search_term_string"}}],"inLanguage":"it-IT"}]}},"_links":{"self":[{"href":"https:\/\/people.unipi.it\/claudia_cinelli\/wp-json\/wp\/v2\/pages\/8","targetHints":{"allow":["GET"]}}],"collection":[{"href":"https:\/\/people.unipi.it\/claudia_cinelli\/wp-json\/wp\/v2\/pages"}],"about":[{"href":"https:\/\/people.unipi.it\/claudia_cinelli\/wp-json\/wp\/v2\/types\/page"}],"author":[{"embeddable":true,"href":"https:\/\/people.unipi.it\/claudia_cinelli\/wp-json\/wp\/v2\/users\/1"}],"replies":[{"embeddable":true,"href":"https:\/\/people.unipi.it\/claudia_cinelli\/wp-json\/wp\/v2\/comments?post=8"}],"version-history":[{"count":6,"href":"https:\/\/people.unipi.it\/claudia_cinelli\/wp-json\/wp\/v2\/pages\/8\/revisions"}],"predecessor-version":[{"id":85,"href":"https:\/\/people.unipi.it\/claudia_cinelli\/wp-json\/wp\/v2\/pages\/8\/revisions\/85"}],"wp:attachment":[{"href":"https:\/\/people.unipi.it\/claudia_cinelli\/wp-json\/wp\/v2\/media?parent=8"}],"curies":[{"name":"wp","href":"https:\/\/api.w.org\/{rel}","templated":true}]}}