{"id":6,"date":"2015-04-08T11:11:35","date_gmt":"2015-04-08T09:11:35","guid":{"rendered":"http:\/\/people.unipi.it\/cloner\/?page_id=6"},"modified":"2022-01-19T23:42:33","modified_gmt":"2022-01-19T22:42:33","slug":"curriculum","status":"publish","type":"page","link":"https:\/\/people.unipi.it\/barbara_sommovigo\/curriculum\/","title":{"rendered":"Curriculum"},"content":{"rendered":"\n<div class=\"wp-block-columns is-layout-flex wp-container-core-columns-is-layout-9d6595d7 wp-block-columns-is-layout-flex\">\n<div class=\"wp-block-column is-layout-flow wp-block-column-is-layout-flow\" style=\"flex-basis:50%\">\n<figure class=\"wp-block-image size-full\"><a href=\"https:\/\/people.unipi.it\/barbara_sommovigo\/wp-content\/uploads\/sites\/265\/2022\/01\/WIN_20210702_15_35_06_Pro-1.jpg\"><img loading=\"lazy\" decoding=\"async\" width=\"876\" height=\"673\" src=\"https:\/\/people.unipi.it\/barbara_sommovigo\/wp-content\/uploads\/sites\/265\/2022\/01\/WIN_20210702_15_35_06_Pro-1.jpg\" alt=\"\" class=\"wp-image-126\" srcset=\"https:\/\/people.unipi.it\/barbara_sommovigo\/wp-content\/uploads\/sites\/265\/2022\/01\/WIN_20210702_15_35_06_Pro-1.jpg 876w, https:\/\/people.unipi.it\/barbara_sommovigo\/wp-content\/uploads\/sites\/265\/2022\/01\/WIN_20210702_15_35_06_Pro-1-300x230.jpg 300w, https:\/\/people.unipi.it\/barbara_sommovigo\/wp-content\/uploads\/sites\/265\/2022\/01\/WIN_20210702_15_35_06_Pro-1-768x590.jpg 768w\" sizes=\"auto, (max-width: 876px) 100vw, 876px\" \/><\/a><\/figure>\n<\/div>\n\n\n\n<div class=\"wp-block-column is-layout-flow wp-block-column-is-layout-flow\" style=\"flex-basis:50%\">\n<div class=\"wp-block-group\"><div class=\"wp-block-group__inner-container is-layout-flow wp-block-group-is-layout-flow\">\n<p class=\"has-text-align-left\">Dopo aver conseguito la laurea in Lingue e Letterature straniere presso l\u2019Universit\u00e0 di Pisa (1992) con una testi intitolata \u201cLe Prince Corsaire di Paul Scarron e la sua traduzione italiana. Edizione critica\u201d e il titolo di dottore di ricerca in francesistica, Universit\u00e0 degli Studi di Roma &#8220;La Sapienza&#8221;, VIII ciclo (1997) con una tesi intitolata Da Moli\u00e8re a Marivaux: continuit\u00e0 e innovazioni nelle forme e nei temi del teatro comico, seguita da Edizione critica e glossario del Th\u00e9\u00e2tre complet di Michel Baron, <\/p>\n<\/div><\/div>\n<\/div>\n<\/div>\n\n\n\n<p>ho ottenuto un assegno di ricerca biennale per la collaborazione all&#8217;attivit\u00e0 di ricerca denominata \u201cLa Commedia francese tra Moli\u00e8re e Marivaux: Studi, Edizioni critiche, Costituzione di un Corpus ipertestuale\u201d , assegno che \u00e8 stato rinnovato per altri due anni (1999-2003).<\/p>\n\n\n\n<div class=\"wp-block-group\"><div class=\"wp-block-group__inner-container is-layout-flow wp-block-group-is-layout-flow\">\n<p>Dopo aver ottenuto un contratto di collaborazione coordinata e continuativa, un altro successivo di prestazione occasionale per la preparazione del materiale destinato ad essere messo on-line (catalogo Brenner) e un altro di collaborazione coordinata e continuativa nel luglio 2005 ho vinto la selezione per il reclutamento di un Ricercatore in Formazione presso il Dipartimento di lingue e letterature romanze dell\u2019Universit\u00e0 di Pisa.<\/p>\n<\/div><\/div>\n\n\n\n<p>Nel dicembre del 2008 ho vinto il concorso per ricercatore per il settore scientifico disciplinare L-LIN\/03.<\/p>\n\n\n\n<p>Nel frattempo ho collaborato con il gruppo di ricerca ARTLF (American and French Research on the French Language), attualmente composto da Laboratoire ATILF (Analyse et Traitement Informatique de la Langue Fran\u00e7aise) del CNRS e da Division of Humanities, Division of Social Sciences e Electronic Services (ETS) della University of Chicago. Il gruppo ARTLF, per agevolare le fasi di interrogazione e di ricerca di corpora testuali di grandi dimensioni, ha sviluppato il software Philologic di cui mi sono avvalsa per l&#8217;edizione critica di &#8220;Les petites inventions&#8221; di R\u00e9my Belleau.<\/p>\n\n\n\n<p>Le mie ricerche proseguono nell\u2019ambito del teatro comico francese del Sei-Settecento, cercando di coniugare l&#8217;approccio tradizionale dello studio umanistico con quello innovativo offerto dalle moderne tecnologie informatiche &#8211; creazione di ipertesti, cataloghi bibliografici on-line, banche dati&#8230; In questo ambito si collocano gli studi su Michel Baron, sia l\u2019edizione critica del <em>Th\u00e9\u00e2tre complet<\/em> sia l\u2019articolo sulle sue traduzioni terenziane, l\u2019articolo sugli epigoni di Paul Scarron, il progetto della piccola Biblioteca Digitale Romanza nonch\u00e9 l&#8217;edizione critica digitale del <em>Th\u00e9\u00e2tre Italien<\/em> di Evaristo Gherardi (1700).<br>L\u2019impegno didattico si \u00e8 rivelato ricco e stimolante, in particolare i tirocini interni con gli allievi del Corso di laurea in informatica umanistica dell\u2019Universit\u00e0 di Pisa costituiscono un ulteriore e importante momento di riflessione sui problemi (non solo teorici) dell\u2019edizione digitale dei testi e sulle potenzialit\u00e0 che la disciplina pu\u00f2 offrire in ambito didattico.<\/p>\n\n\n\n<p>In un&#8217;ottica interdisciplinare si inserisce la mia partecipazione al progetto europeo EET &#8211; Economics e-Translations into and from European Languages &#8211; diretto dal prof. M. Guidi dell\u2019Universit\u00e0 di Pisa, nel cui ambiro mi occupo di testi economici francesi del XIX secolo.<\/p>\n\n\n\n<p>Ho altres\u00ec allargato il mio campo di ricerca &#8211;&nbsp; forte dell&#8217;interesse riscontrato anche nella mia attivit\u00e0 didattica (corsi, laboratori, eventi)&nbsp; &#8211; volgendomi al settore delle letterature di espressione francese, in particolare a quelle dell&#8217;area del Maghreb.<\/p>\n\n\n\n<p><\/p>\n","protected":false},"excerpt":{"rendered":"<p>Dopo aver conseguito la laurea in Lingue e Letterature straniere presso l\u2019Universit\u00e0 di Pisa (1992) con una testi intitolata \u201cLe&hellip;<\/p>\n<p><a class=\"btn btn-dark btn-sm unipi-read-more-link\" href=\"https:\/\/people.unipi.it\/barbara_sommovigo\/curriculum\/\">Leggi tutto&#8230;<\/a><\/p>\n","protected":false},"author":1,"featured_media":0,"parent":0,"menu_order":2,"comment_status":"closed","ping_status":"closed","template":"","meta":{"_acf_changed":false,"footnotes":""},"class_list":["post-6","page","type-page","status-publish","hentry"],"acf":[],"featured_image_src":null,"yoast_head":"<!-- This site is optimized with the Yoast SEO plugin v27.6 - https:\/\/yoast.com\/product\/yoast-seo-wordpress\/ -->\n<title>Curriculum - Barbara Sommovigo<\/title>\n<meta name=\"robots\" content=\"index, follow, max-snippet:-1, max-image-preview:large, max-video-preview:-1\" \/>\n<link rel=\"canonical\" href=\"https:\/\/people.unipi.it\/barbara_sommovigo\/curriculum\/\" \/>\n<meta property=\"og:locale\" content=\"it_IT\" \/>\n<meta property=\"og:type\" content=\"article\" \/>\n<meta property=\"og:title\" content=\"Curriculum - Barbara Sommovigo\" \/>\n<meta property=\"og:description\" content=\"Dopo aver conseguito la laurea in Lingue e Letterature straniere presso l\u2019Universit\u00e0 di Pisa (1992) con una testi intitolata \u201cLe&hellip;Leggi tutto...\" \/>\n<meta property=\"og:url\" content=\"https:\/\/people.unipi.it\/barbara_sommovigo\/curriculum\/\" \/>\n<meta property=\"og:site_name\" content=\"Barbara Sommovigo\" \/>\n<meta property=\"article:modified_time\" content=\"2022-01-19T22:42:33+00:00\" \/>\n<meta property=\"og:image\" content=\"https:\/\/people.unipi.it\/barbara_sommovigo\/wp-content\/uploads\/sites\/265\/2022\/01\/WIN_20210702_15_35_06_Pro-1.jpg\" \/>\n\t<meta property=\"og:image:width\" content=\"876\" \/>\n\t<meta property=\"og:image:height\" content=\"673\" \/>\n\t<meta property=\"og:image:type\" content=\"image\/jpeg\" \/>\n<meta name=\"twitter:card\" content=\"summary_large_image\" \/>\n<meta name=\"twitter:label1\" content=\"Tempo di lettura stimato\" \/>\n\t<meta name=\"twitter:data1\" content=\"3 minuti\" \/>\n<script type=\"application\/ld+json\" class=\"yoast-schema-graph\">{\"@context\":\"https:\\\/\\\/schema.org\",\"@graph\":[{\"@type\":\"WebPage\",\"@id\":\"https:\\\/\\\/people.unipi.it\\\/barbara_sommovigo\\\/curriculum\\\/\",\"url\":\"https:\\\/\\\/people.unipi.it\\\/barbara_sommovigo\\\/curriculum\\\/\",\"name\":\"Curriculum - Barbara Sommovigo\",\"isPartOf\":{\"@id\":\"https:\\\/\\\/people.unipi.it\\\/barbara_sommovigo\\\/#website\"},\"primaryImageOfPage\":{\"@id\":\"https:\\\/\\\/people.unipi.it\\\/barbara_sommovigo\\\/curriculum\\\/#primaryimage\"},\"image\":{\"@id\":\"https:\\\/\\\/people.unipi.it\\\/barbara_sommovigo\\\/curriculum\\\/#primaryimage\"},\"thumbnailUrl\":\"https:\\\/\\\/people.unipi.it\\\/barbara_sommovigo\\\/wp-content\\\/uploads\\\/sites\\\/265\\\/2022\\\/01\\\/WIN_20210702_15_35_06_Pro-1.jpg\",\"datePublished\":\"2015-04-08T09:11:35+00:00\",\"dateModified\":\"2022-01-19T22:42:33+00:00\",\"breadcrumb\":{\"@id\":\"https:\\\/\\\/people.unipi.it\\\/barbara_sommovigo\\\/curriculum\\\/#breadcrumb\"},\"inLanguage\":\"it-IT\",\"potentialAction\":[{\"@type\":\"ReadAction\",\"target\":[\"https:\\\/\\\/people.unipi.it\\\/barbara_sommovigo\\\/curriculum\\\/\"]}]},{\"@type\":\"ImageObject\",\"inLanguage\":\"it-IT\",\"@id\":\"https:\\\/\\\/people.unipi.it\\\/barbara_sommovigo\\\/curriculum\\\/#primaryimage\",\"url\":\"https:\\\/\\\/people.unipi.it\\\/barbara_sommovigo\\\/wp-content\\\/uploads\\\/sites\\\/265\\\/2022\\\/01\\\/WIN_20210702_15_35_06_Pro-1.jpg\",\"contentUrl\":\"https:\\\/\\\/people.unipi.it\\\/barbara_sommovigo\\\/wp-content\\\/uploads\\\/sites\\\/265\\\/2022\\\/01\\\/WIN_20210702_15_35_06_Pro-1.jpg\"},{\"@type\":\"BreadcrumbList\",\"@id\":\"https:\\\/\\\/people.unipi.it\\\/barbara_sommovigo\\\/curriculum\\\/#breadcrumb\",\"itemListElement\":[{\"@type\":\"ListItem\",\"position\":1,\"name\":\"Home\",\"item\":\"https:\\\/\\\/people.unipi.it\\\/barbara_sommovigo\\\/\"},{\"@type\":\"ListItem\",\"position\":2,\"name\":\"Curriculum\"}]},{\"@type\":\"WebSite\",\"@id\":\"https:\\\/\\\/people.unipi.it\\\/barbara_sommovigo\\\/#website\",\"url\":\"https:\\\/\\\/people.unipi.it\\\/barbara_sommovigo\\\/\",\"name\":\"Barbara Sommovigo\",\"description\":\"Universit\u00e0 di Pisa\",\"potentialAction\":[{\"@type\":\"SearchAction\",\"target\":{\"@type\":\"EntryPoint\",\"urlTemplate\":\"https:\\\/\\\/people.unipi.it\\\/barbara_sommovigo\\\/?s={search_term_string}\"},\"query-input\":{\"@type\":\"PropertyValueSpecification\",\"valueRequired\":true,\"valueName\":\"search_term_string\"}}],\"inLanguage\":\"it-IT\"}]}<\/script>\n<!-- \/ Yoast SEO plugin. -->","yoast_head_json":{"title":"Curriculum - Barbara Sommovigo","robots":{"index":"index","follow":"follow","max-snippet":"max-snippet:-1","max-image-preview":"max-image-preview:large","max-video-preview":"max-video-preview:-1"},"canonical":"https:\/\/people.unipi.it\/barbara_sommovigo\/curriculum\/","og_locale":"it_IT","og_type":"article","og_title":"Curriculum - Barbara Sommovigo","og_description":"Dopo aver conseguito la laurea in Lingue e Letterature straniere presso l\u2019Universit\u00e0 di Pisa (1992) con una testi intitolata \u201cLe&hellip;Leggi tutto...","og_url":"https:\/\/people.unipi.it\/barbara_sommovigo\/curriculum\/","og_site_name":"Barbara Sommovigo","article_modified_time":"2022-01-19T22:42:33+00:00","og_image":[{"width":876,"height":673,"url":"https:\/\/people.unipi.it\/barbara_sommovigo\/wp-content\/uploads\/sites\/265\/2022\/01\/WIN_20210702_15_35_06_Pro-1.jpg","type":"image\/jpeg"}],"twitter_card":"summary_large_image","twitter_misc":{"Tempo di lettura stimato":"3 minuti"},"schema":{"@context":"https:\/\/schema.org","@graph":[{"@type":"WebPage","@id":"https:\/\/people.unipi.it\/barbara_sommovigo\/curriculum\/","url":"https:\/\/people.unipi.it\/barbara_sommovigo\/curriculum\/","name":"Curriculum - Barbara Sommovigo","isPartOf":{"@id":"https:\/\/people.unipi.it\/barbara_sommovigo\/#website"},"primaryImageOfPage":{"@id":"https:\/\/people.unipi.it\/barbara_sommovigo\/curriculum\/#primaryimage"},"image":{"@id":"https:\/\/people.unipi.it\/barbara_sommovigo\/curriculum\/#primaryimage"},"thumbnailUrl":"https:\/\/people.unipi.it\/barbara_sommovigo\/wp-content\/uploads\/sites\/265\/2022\/01\/WIN_20210702_15_35_06_Pro-1.jpg","datePublished":"2015-04-08T09:11:35+00:00","dateModified":"2022-01-19T22:42:33+00:00","breadcrumb":{"@id":"https:\/\/people.unipi.it\/barbara_sommovigo\/curriculum\/#breadcrumb"},"inLanguage":"it-IT","potentialAction":[{"@type":"ReadAction","target":["https:\/\/people.unipi.it\/barbara_sommovigo\/curriculum\/"]}]},{"@type":"ImageObject","inLanguage":"it-IT","@id":"https:\/\/people.unipi.it\/barbara_sommovigo\/curriculum\/#primaryimage","url":"https:\/\/people.unipi.it\/barbara_sommovigo\/wp-content\/uploads\/sites\/265\/2022\/01\/WIN_20210702_15_35_06_Pro-1.jpg","contentUrl":"https:\/\/people.unipi.it\/barbara_sommovigo\/wp-content\/uploads\/sites\/265\/2022\/01\/WIN_20210702_15_35_06_Pro-1.jpg"},{"@type":"BreadcrumbList","@id":"https:\/\/people.unipi.it\/barbara_sommovigo\/curriculum\/#breadcrumb","itemListElement":[{"@type":"ListItem","position":1,"name":"Home","item":"https:\/\/people.unipi.it\/barbara_sommovigo\/"},{"@type":"ListItem","position":2,"name":"Curriculum"}]},{"@type":"WebSite","@id":"https:\/\/people.unipi.it\/barbara_sommovigo\/#website","url":"https:\/\/people.unipi.it\/barbara_sommovigo\/","name":"Barbara Sommovigo","description":"Universit\u00e0 di Pisa","potentialAction":[{"@type":"SearchAction","target":{"@type":"EntryPoint","urlTemplate":"https:\/\/people.unipi.it\/barbara_sommovigo\/?s={search_term_string}"},"query-input":{"@type":"PropertyValueSpecification","valueRequired":true,"valueName":"search_term_string"}}],"inLanguage":"it-IT"}]}},"_links":{"self":[{"href":"https:\/\/people.unipi.it\/barbara_sommovigo\/wp-json\/wp\/v2\/pages\/6","targetHints":{"allow":["GET"]}}],"collection":[{"href":"https:\/\/people.unipi.it\/barbara_sommovigo\/wp-json\/wp\/v2\/pages"}],"about":[{"href":"https:\/\/people.unipi.it\/barbara_sommovigo\/wp-json\/wp\/v2\/types\/page"}],"author":[{"embeddable":true,"href":"https:\/\/people.unipi.it\/barbara_sommovigo\/wp-json\/wp\/v2\/users\/1"}],"replies":[{"embeddable":true,"href":"https:\/\/people.unipi.it\/barbara_sommovigo\/wp-json\/wp\/v2\/comments?post=6"}],"version-history":[{"count":13,"href":"https:\/\/people.unipi.it\/barbara_sommovigo\/wp-json\/wp\/v2\/pages\/6\/revisions"}],"predecessor-version":[{"id":132,"href":"https:\/\/people.unipi.it\/barbara_sommovigo\/wp-json\/wp\/v2\/pages\/6\/revisions\/132"}],"wp:attachment":[{"href":"https:\/\/people.unipi.it\/barbara_sommovigo\/wp-json\/wp\/v2\/media?parent=6"}],"curies":[{"name":"wp","href":"https:\/\/api.w.org\/{rel}","templated":true}]}}