{"id":151,"date":"2017-09-22T20:20:09","date_gmt":"2017-09-22T18:20:09","guid":{"rendered":"http:\/\/people.unipi.it\/antonio_aiello\/?page_id=151"},"modified":"2025-12-03T02:58:29","modified_gmt":"2025-12-03T01:58:29","slug":"didattica-teaching-courses","status":"publish","type":"page","link":"https:\/\/people.unipi.it\/antonio_aiello\/didattica-teaching-courses\/","title":{"rendered":"Didattica (teaching courses)"},"content":{"rendered":"<h2><strong>a.a. 2025\/2026 PRIMO SEMESTRE avvio 15 settembre 2025<\/strong><\/h2>\n<p style=\"text-align: center\"><a href=\"http:\/\/people.unipi.it\/antonio_aiello\/wp-content\/uploads\/sites\/291\/2025\/07\/Prof-A-Aiello-orari-lezioni-Primo-Semestre-2025_26.pdf\"><strong>Prof A. Aiello orari e aule lezioni Primo Semestre 2025_26<\/strong><\/a><\/p>\n<blockquote>\n<p><strong>Psic<\/strong><strong>ologia del Lavoro per le Nuove Organizzazioni (9 CFU) <\/strong>CdS LM-59<strong> a.a. 2025\/26 <\/strong><\/p>\n<p><strong>Psicologia del Lavoro<\/strong> Scuole di Specializzazione di Area Medica (a.a. <strong>2024\/25<\/strong>).<\/p>\n<p><strong>Pubblicato il nuovo programma 2025\/26 (9 CFU) su GDA &#8211; Syllabus Unipi<\/strong>\u00a0completo delle variazioni e nuove indicazioni dei testi di studio, ora richiesti per l&#8217;esame orale:<\/p>\n<\/blockquote>\n<p>I testi di studio obbligatori:<\/p>\n<p>\u2022 M. Asleigh, A. Mansi, G. Di Stefano: Psicologia del lavoro e delle organizzazioni (2014) Pearson Ed. (intero volume, tranne i cap. 4 e 5)<\/p>\n<p>\u2022 S. Robbins, T. Judge, D. Bodega: Comportamento Organizzativo (2016) Pearson Ed. (limitatamente ai capp. 1 e 2 del volume)<\/p>\n<p>\u2022 A. Aiello, P. Deitinger, C. Nardella: Il modello \u00abValutazione dei Rischi Psicosociali\u00bb \u201cVARP\u201d. Metodologia e strumenti per una gestione sostenibile nelle Organizzazioni: dallo stress lavoro-correlato al mobbing. Franco Angeli, Ed. (2012). (limitatamente ai capp. 1, 2, 3 e 5 del volume)<\/p>\n<p><strong>Per gli studenti di anni accademici precedenti (esame di Psicologia del Lavoro e delle Organizzazioni, 150MM, 6 CFU) \u00e8 valido il programma di studio a.a. 2023\/24 (e aa.aa. precedenti), con i relativi 2 testi per l&#8217;esame, consultabili, in questo caso, dal portale &#8220;Valutami Unipi&#8221;.<\/strong><\/p>\n<blockquote>\n<p><strong>Psicologia Sociale CORSO A<\/strong> (L 39) &#8211; Social Psycholog<strong>y 6 CFU, \u00a0<\/strong>mutuato con CdS Magistrale in Filosofia.<\/p>\n<\/blockquote>\n<p>Pubblicato il <strong>programma<\/strong> (con i relativi testi di studio)<strong> a.a. 2025\/26 (9 CFU)<\/strong> su <strong>GDA &#8211; Syllabus<\/strong>\u00a0<\/p>\n<p><strong>AVVISO PARTECIPAZIONE A UNA &#8220;RICERCA LONGITUDINALE&#8221;.<\/strong><\/p>\n<p>Per le studentesse e studenti del Corso di &#8220;Psicologia Sociale A&#8221;\u00a0 (e &#8220;Psicologia Sociale B&#8221; del Prof. A. Tesi), la <strong>prima<\/strong> somministrazione del <strong>questionario<\/strong> avr\u00e0 luogo in data <strong>22 settembre 2025; la seconda somministrazione <\/strong>avr\u00e0 luogo in data <strong>26 novembre 2025<\/strong>.<\/p>\n<p>Con la partecipazione <strong>al totale delle due somministrazioni<\/strong> previste si conferma il conseguimento di +1 punto sul risultato in trentesimi alla prova di esame, se sostenuta entro l&#8217;a.a. 2024\/25.<\/p>\n<h2><strong>a.a. 2025\/2026 SECONDO SEMESTRE<\/strong><\/h2>\n<blockquote>\n<p><strong>AVVISO Psicologia Politica (L-39) <\/strong>&#8211; Political Psychology (<strong>6 CFU<\/strong>), per l&#8217;a.a. 2025\/26 sar\u00e0 tenuto dalla Prof.ssa D. Di Santo (aggiornamenti a breve). Gli esami avranno avvio dalla sessione estiva, in poi.\u00a0<\/p>\n<\/blockquote>\n<p><a href=\"http:\/\/dottorato.unipi.it\/index.php\/en\/component\/k2\/item\/188.html\">Dottorato di Ricerca in\u00a0<\/a>Scienze Politiche<\/p>\n<p><strong>Per gli &#8220;esami singoli di transizione&#8221; o i &#8220;corsi singoli&#8221;: \u00a0nessuna variazione sui programmi <\/strong>e sulle modalit\u00e0 d&#8217;esame.\u00a0<\/p>\n<h4>Appelli a.a.2025\/26: pubblicati su &#8220;Valutami&#8221;<\/h4>\n<p><strong>Appelli riservati esclusivamente alle categorie aventi diritto<u> data del Novembre 2025 e aprile 2026 pubblicati su &#8220;Valutami&#8221;<\/u><\/strong><strong><br \/>Importante: consultare e attenersi per quanto specificato nell'&#8221;AVVISO SULLE SESSIONI RISERVATE&#8221; <em>collocato pi\u00f9 in avanti<\/em> in questa pagina.<\/strong><\/p>\n<h3><strong>TUTTI GLI ESAMI SONO PREVISTI IN MODALIT\u00c0 ORDINARIA SOLTANTO IN PRESENZA\u00a0\u00a0<\/strong><\/h3>\n<div>\n<div><strong>A chiusura delle prenotazioni (obbligatorie), entro 48 ore dalla data dell&#8217;esame, viene generalmente comunicato dal Docente verso la mail individuale dei prenotati (casella di posta &#8220;@studenti.unipi.it&#8221;) l&#8217;orario definitivo di avvio dell&#8217;esame nella giornata.\u00a0 <\/strong><\/div>\n<\/div>\n<div>\u00a0<\/div>\n<div>Gli e<strong>sami di Psicologia del Lavoro (<\/strong>6 CFU Vecchio Ordinamento) e<strong> Psicologia del Lavoro per le Nuove Organizzazioni\u00a0 <\/strong>(9 CFU Nuovo Ordinamento)<strong> si avvarranno di un colloquio orale<\/strong><strong>\u00a0in presenza<\/strong>, tuttavia se con numero superiorie a 15 prenotati, si potr\u00e0 procedere anche con un preaccertamento scritto, con modalit\u00e0 descritta come negli altri esami qui a seguire, e previo avviso (48 ore prima, verificato il numero di prenotati\/e), inviato per email ai singoli iscrittoi a sostenere l&#8217;esame<strong>. <br \/><\/strong><\/div>\n<div>\u00a0<\/div>\n<p>Per gli esami V.O. di\u00a0 <strong>Psicologia Sociale (6 CFU<\/strong> V.O.) e di <strong>Psicologia Politica e di Comunit\u00e0 (6 CFU<\/strong> V.O.):\u00a0 <strong>vi sar\u00e0 un pre-accertamento che potr\u00e0 avvenire (1) in modalit\u00e0 &#8220;cartacea&#8221; (3 oppure 5 domande aperte)\u00a0 oppure (2)\u00a0 &#8220;via telematica&#8221; (15 domande con risposta su una di tre alternative).\u00a0<\/strong><\/p>\n<p>L\u2019esame \u00e8 solo in presenza e consiste nel suddetto preaccertamento scritto il cui esito viene comunicato sul sito web del dipartimento con apposito avviso, dopo sette giorni lavorativi e, a seguire, facoltativamente, potr\u00e0 esser svolta la prova orale (sede\/orari e date da definire), prevista secondo i criteri definiti dall\u2019art. 23 del Regolamento didattico di Ateneo.<\/p>\n<p><strong>Per gli esami di\u00a0 &#8220;Psicologia Sociale Corso A&#8221; (9 CFU N.O.), il pre-accertamento sar\u00e0 composto da un primo blocco di domande con formato di risposta &#8220;chiuso&#8221; (scelta multipla) e un secondo blocco con due (o pi\u00f9) domande con formato di risposta &#8220;aperto&#8221; (il compito \u00e8 somministrato con accurate istruzioni).\u00a0<\/strong><\/p>\n<p>In tutti\u00a0 casi, \u00e8 possibile sostenere l\u2019esame <strong>orale<\/strong> solo <strong>avendo ottenuto almeno 18\/30 al preaccertamento scritto;<\/strong> gli studenti, se se lo desiderano, avranno possibilit\u00e0 di registrare il voto ottenuto al preaccertamento scritto.\u00a0<\/p>\n<p><strong>Gli esami delle &#8220;sessioni riservate&#8221; alle specifiche categorie di studenti previste saranno esclusivamente orali, per tutti gli Insegnamenti di Psicologia impartiti dal Docente.<\/strong><\/p>\n<p>I risultati al preaccertamento scritto verranno comunicati entro 7 giorni lavorativi tramite un &#8220;<strong>avviso risultati esami&#8221;, pubblicato sul sito WEB del Dipartimento di Scienze Politiche (sezione &#8220;news didattica&#8221;).<\/strong><\/p>\n<div>\n<p><strong>Un colloquio orale individuale potr\u00e0 essere calendarizzato in un giorno seguente (che verr\u00e0 comunicato in sede di avviso pubblicazione dei risultati del preaccertamento scritto), su (1) richiesta del docente oppure (2) dello studente\/della studentessa.<\/strong><\/p>\n<p>Si prega di non chiedere preventivamente la data del colloquio orale che sar\u00e0 comunicata nell\u2019avviso con i risultati degli esami che verr\u00e0 pubblicato sul sito WEB del Dipartimento (sezione &#8220;news didattica&#8221;).<\/p>\n<\/div>\n<div>\n<div>\u00a0<\/div>\n<\/div>\n<div>\u00a0<\/div>\n<h2><strong>AVVISO SULLE SESSIONI RISERVATE:<\/strong><\/h2>\n<h2>Si ricorda che la &#8220;sessione riservata&#8221; \u00e8 destinata solo agli aventi diritto a norma dell&#8217;art. 23 del Regolamento di Ateneo: (i) l<span class=\"\">avoratori (cfr. art. 27 R.d&#8217;A.)<\/span>; (ii) <span class=\"\">iscritti da un numero di anni superiore alla durata norm<\/span><span class=\"\">ale del corso di studio (\u201cfuori corso\u201d); (iii) <\/span><span class=\"\">genitori con figli di et\u00e0 inferiore agli otto anni;<\/span> (iv) studentesse <span class=\"\">in maternit\u00e0.<\/span><\/h2>\n<h4><span class=\"\">Munirsi di apposita <a href=\"https:\/\/www.sp.unipi.it\/it\/didattica\/appelli-straordinari\/\"><span style=\"color: #0000ff\">certificazione secondo le istruzioni consultabili qui <\/span><\/a>(porre attenzione alla scadenza per ottenere l\u2019attestazione). <\/span><\/h4>\n<p>Academic year 2025\/2026<br \/>Courses&#8217; examination programmes a.y. 2024\/25 published on &#8216;Valutami&#8217; (including teaching and examination procedures).<\/p>\n<p>FIRST SEMESTER (starting in September 2025)<br \/>(CdLM 59) Work and Organisational Psychology (6 CFU\/ECTS) Mutualised with CdLM 87\/88 and Medical Specialisation Schools (a.y. 2023\/24). The Course is held in Italian.<\/p>\n<p>(CL 39) Social Psychology, A Course, 9 CFUs, merged with the Master&#8217;s Degree in &#8220;Philosophy&#8221;.<\/p>\n<p>SECOND SEMESTER\u00a0<br \/>(CL 39) Political Psychology (6 CFU\/ECTS)<\/p>\n<p>PhD in Political Science<\/p>\n<p>For &#8220;single examinations&#8221;: no changes to syllabus and examination methods. <br \/>Laboratory: Community and Organisational and Well-being studies &#8211; Environmental social psychologyPolitical Science PhD<\/p>\n<p>Appeals a.y. 2025\/26<br \/>NEXT APPOINTMENT: PLEASE, CONSULT THE DATES PUBLISHED AND AVAILABLE ON &#8220;VALUTAMI&#8221;<br \/>APPENDIX reserved exclusively for eligible categories, date in November 2023 to be announced: Consult and follow the detailed &#8220;NOTICE ON RESTRICTED SESSIONS&#8221; located on the dep. website.<\/p>\n<p>ALL EXAMINATIONS ARE SCHEDULED IN ORDINARY MODE IN ATTENDANCE ONLY<\/p>\n\n\n<p><\/p>\n","protected":false},"excerpt":{"rendered":"<p>a.a. 2025\/2026 PRIMO SEMESTRE avvio 15 settembre 2025 Prof A. Aiello orari e aule lezioni Primo Semestre 2025_26 Psicologia del&hellip;<\/p>\n<p><a class=\"btn btn-dark btn-sm unipi-read-more-link\" href=\"https:\/\/people.unipi.it\/antonio_aiello\/didattica-teaching-courses\/\">Leggi tutto&#8230;<\/a><\/p>\n","protected":false},"author":313,"featured_media":0,"parent":0,"menu_order":0,"comment_status":"closed","ping_status":"closed","template":"","meta":{"_acf_changed":false,"footnotes":""},"class_list":["post-151","page","type-page","status-publish","hentry"],"acf":[],"featured_image_src":null,"yoast_head":"<!-- This site is optimized with the Yoast SEO plugin v27.5 - https:\/\/yoast.com\/product\/yoast-seo-wordpress\/ -->\n<title>Didattica (teaching courses) - Antonio Aiello<\/title>\n<meta name=\"robots\" content=\"index, follow, max-snippet:-1, max-image-preview:large, max-video-preview:-1\" \/>\n<link rel=\"canonical\" href=\"https:\/\/people.unipi.it\/antonio_aiello\/didattica-teaching-courses\/\" \/>\n<meta property=\"og:locale\" content=\"it_IT\" \/>\n<meta property=\"og:type\" content=\"article\" \/>\n<meta property=\"og:title\" content=\"Didattica (teaching courses) - Antonio Aiello\" \/>\n<meta property=\"og:description\" content=\"a.a. 2025\/2026 PRIMO SEMESTRE avvio 15 settembre 2025 Prof A. Aiello orari e aule lezioni Primo Semestre 2025_26 Psicologia del&hellip;Leggi tutto...\" \/>\n<meta property=\"og:url\" content=\"https:\/\/people.unipi.it\/antonio_aiello\/didattica-teaching-courses\/\" \/>\n<meta property=\"og:site_name\" content=\"Antonio Aiello\" \/>\n<meta property=\"article:modified_time\" content=\"2025-12-03T01:58:29+00:00\" \/>\n<meta name=\"twitter:card\" content=\"summary_large_image\" \/>\n<meta name=\"twitter:label1\" content=\"Tempo di lettura stimato\" \/>\n\t<meta name=\"twitter:data1\" content=\"6 minuti\" \/>\n<script type=\"application\/ld+json\" class=\"yoast-schema-graph\">{\"@context\":\"https:\\\/\\\/schema.org\",\"@graph\":[{\"@type\":\"WebPage\",\"@id\":\"https:\\\/\\\/people.unipi.it\\\/antonio_aiello\\\/didattica-teaching-courses\\\/\",\"url\":\"https:\\\/\\\/people.unipi.it\\\/antonio_aiello\\\/didattica-teaching-courses\\\/\",\"name\":\"Didattica (teaching courses) - Antonio Aiello\",\"isPartOf\":{\"@id\":\"https:\\\/\\\/people.unipi.it\\\/antonio_aiello\\\/#website\"},\"datePublished\":\"2017-09-22T18:20:09+00:00\",\"dateModified\":\"2025-12-03T01:58:29+00:00\",\"breadcrumb\":{\"@id\":\"https:\\\/\\\/people.unipi.it\\\/antonio_aiello\\\/didattica-teaching-courses\\\/#breadcrumb\"},\"inLanguage\":\"it-IT\",\"potentialAction\":[{\"@type\":\"ReadAction\",\"target\":[\"https:\\\/\\\/people.unipi.it\\\/antonio_aiello\\\/didattica-teaching-courses\\\/\"]}]},{\"@type\":\"BreadcrumbList\",\"@id\":\"https:\\\/\\\/people.unipi.it\\\/antonio_aiello\\\/didattica-teaching-courses\\\/#breadcrumb\",\"itemListElement\":[{\"@type\":\"ListItem\",\"position\":1,\"name\":\"Home\",\"item\":\"https:\\\/\\\/people.unipi.it\\\/antonio_aiello\\\/\"},{\"@type\":\"ListItem\",\"position\":2,\"name\":\"Didattica (teaching courses)\"}]},{\"@type\":\"WebSite\",\"@id\":\"https:\\\/\\\/people.unipi.it\\\/antonio_aiello\\\/#website\",\"url\":\"https:\\\/\\\/people.unipi.it\\\/antonio_aiello\\\/\",\"name\":\"Antonio Aiello\",\"description\":\"Universit\u00e0 di Pisa\",\"potentialAction\":[{\"@type\":\"SearchAction\",\"target\":{\"@type\":\"EntryPoint\",\"urlTemplate\":\"https:\\\/\\\/people.unipi.it\\\/antonio_aiello\\\/?s={search_term_string}\"},\"query-input\":{\"@type\":\"PropertyValueSpecification\",\"valueRequired\":true,\"valueName\":\"search_term_string\"}}],\"inLanguage\":\"it-IT\"}]}<\/script>\n<!-- \/ Yoast SEO plugin. -->","yoast_head_json":{"title":"Didattica (teaching courses) - Antonio Aiello","robots":{"index":"index","follow":"follow","max-snippet":"max-snippet:-1","max-image-preview":"max-image-preview:large","max-video-preview":"max-video-preview:-1"},"canonical":"https:\/\/people.unipi.it\/antonio_aiello\/didattica-teaching-courses\/","og_locale":"it_IT","og_type":"article","og_title":"Didattica (teaching courses) - Antonio Aiello","og_description":"a.a. 2025\/2026 PRIMO SEMESTRE avvio 15 settembre 2025 Prof A. Aiello orari e aule lezioni Primo Semestre 2025_26 Psicologia del&hellip;Leggi tutto...","og_url":"https:\/\/people.unipi.it\/antonio_aiello\/didattica-teaching-courses\/","og_site_name":"Antonio Aiello","article_modified_time":"2025-12-03T01:58:29+00:00","twitter_card":"summary_large_image","twitter_misc":{"Tempo di lettura stimato":"6 minuti"},"schema":{"@context":"https:\/\/schema.org","@graph":[{"@type":"WebPage","@id":"https:\/\/people.unipi.it\/antonio_aiello\/didattica-teaching-courses\/","url":"https:\/\/people.unipi.it\/antonio_aiello\/didattica-teaching-courses\/","name":"Didattica (teaching courses) - Antonio Aiello","isPartOf":{"@id":"https:\/\/people.unipi.it\/antonio_aiello\/#website"},"datePublished":"2017-09-22T18:20:09+00:00","dateModified":"2025-12-03T01:58:29+00:00","breadcrumb":{"@id":"https:\/\/people.unipi.it\/antonio_aiello\/didattica-teaching-courses\/#breadcrumb"},"inLanguage":"it-IT","potentialAction":[{"@type":"ReadAction","target":["https:\/\/people.unipi.it\/antonio_aiello\/didattica-teaching-courses\/"]}]},{"@type":"BreadcrumbList","@id":"https:\/\/people.unipi.it\/antonio_aiello\/didattica-teaching-courses\/#breadcrumb","itemListElement":[{"@type":"ListItem","position":1,"name":"Home","item":"https:\/\/people.unipi.it\/antonio_aiello\/"},{"@type":"ListItem","position":2,"name":"Didattica (teaching courses)"}]},{"@type":"WebSite","@id":"https:\/\/people.unipi.it\/antonio_aiello\/#website","url":"https:\/\/people.unipi.it\/antonio_aiello\/","name":"Antonio Aiello","description":"Universit\u00e0 di Pisa","potentialAction":[{"@type":"SearchAction","target":{"@type":"EntryPoint","urlTemplate":"https:\/\/people.unipi.it\/antonio_aiello\/?s={search_term_string}"},"query-input":{"@type":"PropertyValueSpecification","valueRequired":true,"valueName":"search_term_string"}}],"inLanguage":"it-IT"}]}},"_links":{"self":[{"href":"https:\/\/people.unipi.it\/antonio_aiello\/wp-json\/wp\/v2\/pages\/151","targetHints":{"allow":["GET"]}}],"collection":[{"href":"https:\/\/people.unipi.it\/antonio_aiello\/wp-json\/wp\/v2\/pages"}],"about":[{"href":"https:\/\/people.unipi.it\/antonio_aiello\/wp-json\/wp\/v2\/types\/page"}],"author":[{"embeddable":true,"href":"https:\/\/people.unipi.it\/antonio_aiello\/wp-json\/wp\/v2\/users\/313"}],"replies":[{"embeddable":true,"href":"https:\/\/people.unipi.it\/antonio_aiello\/wp-json\/wp\/v2\/comments?post=151"}],"version-history":[{"count":329,"href":"https:\/\/people.unipi.it\/antonio_aiello\/wp-json\/wp\/v2\/pages\/151\/revisions"}],"predecessor-version":[{"id":1321,"href":"https:\/\/people.unipi.it\/antonio_aiello\/wp-json\/wp\/v2\/pages\/151\/revisions\/1321"}],"wp:attachment":[{"href":"https:\/\/people.unipi.it\/antonio_aiello\/wp-json\/wp\/v2\/media?parent=151"}],"curies":[{"name":"wp","href":"https:\/\/api.w.org\/{rel}","templated":true}]}}