{"id":10,"date":"2015-04-08T11:14:27","date_gmt":"2015-04-08T09:14:27","guid":{"rendered":"http:\/\/people.unipi.it\/cloner\/?page_id=10"},"modified":"2025-08-02T12:52:37","modified_gmt":"2025-08-02T10:52:37","slug":"ricerca","status":"publish","type":"page","link":"https:\/\/people.unipi.it\/antonio_aiello\/ricerca\/","title":{"rendered":"Ricerca, Progetti e Laboratori."},"content":{"rendered":"<p>Questa pagina \u00e8 dedicata alle a<a href=\"https:\/\/www.scopus.com\/authid\/detail.uri?authorId=23484552300\">ttivit\u00e0 di ricerca del Prof. Aiello<\/a> e dei laboratori di ricerca coordinati, \u00e8<strong>\u00a0in costante aggiornamento<\/strong>.<\/p>\n<p><strong>Argomenti principali:<\/strong><\/p>\n<p>Per i laboratori: come esempio, consultare &#8220;<a href=\"https:\/\/intergroup.uconn.edu\/research\/social-dominance-theory\/\">Intergroup Relations in Political Psychology<\/a>&#8220;.<\/p>\n<p>2023-2025 &#8211; <strong>PROGETTI DI RICERCA DI RILEVANTE INTERESSE NAZIONALE \u2013 PRIN PNRR<\/strong> Cluster: <strong>Culture, Creativity and Inclusive Society<\/strong> (Sub Cluster: 2. T<strong>rust in democracy is restored through the expansion of active and inclusive citizenship<\/strong>). Titolo del Progetto coordinato in Unit\u00e0 di ricerca: &#8220;<strong>Detrimental and beneficial social factors leading to inclusive societies<\/strong>\u201d.<\/p>\n<p><em>Selezione di progetti Europei precedenti:<\/em><\/p>\n<p>Progetto Horizon 2020 &#8220;UMI-Sci-Ed&#8221; <a href=\"https:\/\/vimeo.com\/305472197\/a8b1e0bc9b\">(per saperne subito un po&#8217; di pi\u00f9 &#8230; clicca qui!)<\/a><\/p>\n<p>Progetto Europeo &#8220;<a href=\"https:\/\/www.unipi.it\/index.php\/risultati-e-prodotti\/item\/14247-cospirom\">Rights, Equality and Citizenship Programme<span class=\"bcSeparator\">\/<\/span>CoSpIRom<\/a>&#8220;<\/p>\n<p><a href=\"http:\/\/quattroipassinelfuturo.altervista.org\/hope-promuovere-al-meglio-il-benessere-psicosociale-nelle-fasce-anziane\/\">Progetto HOPE e &#8220;i Passi<\/a><\/p>\n<p><em><strong>Laboratori\u00a0<\/strong><b>principali<\/b>:<\/em><\/p>\n<p><a href=\"https:\/\/www.researchgate.net\/lab\/University-of-Pisa-Social-and-Political-Psychology-Networking-Unit-Lab-Antonio-Aiello\"><strong>(A) Social Psychology Unit Lab <\/strong><\/a><a href=\"https:\/\/orcid.org\/0000-0001-9887-5494\"><strong>Responsabile scientifico: Dott. Alessio Tesi.<\/strong><\/a><\/p>\n<p>(B) &#8220;<strong><a href=\"https:\/\/intergroup.uconn.edu\/research\/social-dominance-theory\/\">Intergroup Relations Political Psychology<\/a><\/strong>&#8220;<\/p>\n<p><a href=\"https:\/\/intergroup.uconn.edu\/research\/social-dominance-theory\/\">&#8220;Laboratory on\u00a0Social Dominance Theory&#8221;<\/a>\u00a0\u00a0<em>Progetti attivi dal 2000.<\/em><\/p>\n<p><a href=\"https:\/\/intergroup.uconn.edu\/research\/counter-dominance-international\/\">&#8220;Counter Dominance International Laboratory&#8221;\u00a0<\/a>\u00a0Progetti attivi dal 2010.<\/p>\n<p>(C) &#8220;<strong>Psicologia Sociale dell&#8217;Ambiente&#8221;<\/strong><\/p>\n<p>Progetto<strong> &#8220;La citt\u00e0 di Pisa Progettata e Abitata&#8221;<\/strong>\u00a0<em>Progetti attivi dal 2010.<\/em><\/p>\n<p><em>\u00a0<\/em><\/p>\n\n\n<p><\/p>\n","protected":false},"excerpt":{"rendered":"<p>Questa pagina \u00e8 dedicata alle attivit\u00e0 di ricerca del Prof. Aiello e dei laboratori di ricerca coordinati, \u00e8\u00a0in costante aggiornamento.&hellip;<\/p>\n<p><a class=\"btn btn-dark btn-sm unipi-read-more-link\" href=\"https:\/\/people.unipi.it\/antonio_aiello\/ricerca\/\">Leggi tutto&#8230;<\/a><\/p>\n","protected":false},"author":1,"featured_media":0,"parent":0,"menu_order":0,"comment_status":"closed","ping_status":"closed","template":"","meta":{"_acf_changed":false,"footnotes":""},"class_list":["post-10","page","type-page","status-publish","hentry"],"acf":[],"featured_image_src":null,"yoast_head":"<!-- This site is optimized with the Yoast SEO plugin v27.5 - https:\/\/yoast.com\/product\/yoast-seo-wordpress\/ -->\n<title>Ricerca, Progetti e Laboratori. - Antonio Aiello<\/title>\n<meta name=\"robots\" content=\"index, follow, max-snippet:-1, max-image-preview:large, max-video-preview:-1\" \/>\n<link rel=\"canonical\" href=\"https:\/\/people.unipi.it\/antonio_aiello\/ricerca\/\" \/>\n<meta property=\"og:locale\" content=\"it_IT\" \/>\n<meta property=\"og:type\" content=\"article\" \/>\n<meta property=\"og:title\" content=\"Ricerca, Progetti e Laboratori. - Antonio Aiello\" \/>\n<meta property=\"og:description\" content=\"Questa pagina \u00e8 dedicata alle attivit\u00e0 di ricerca del Prof. Aiello e dei laboratori di ricerca coordinati, \u00e8\u00a0in costante aggiornamento.&hellip;Leggi tutto...\" \/>\n<meta property=\"og:url\" content=\"https:\/\/people.unipi.it\/antonio_aiello\/ricerca\/\" \/>\n<meta property=\"og:site_name\" content=\"Antonio Aiello\" \/>\n<meta property=\"article:modified_time\" content=\"2025-08-02T10:52:37+00:00\" \/>\n<meta name=\"twitter:card\" content=\"summary_large_image\" \/>\n<meta name=\"twitter:label1\" content=\"Tempo di lettura stimato\" \/>\n\t<meta name=\"twitter:data1\" content=\"1 minuto\" \/>\n<script type=\"application\/ld+json\" class=\"yoast-schema-graph\">{\"@context\":\"https:\\\/\\\/schema.org\",\"@graph\":[{\"@type\":\"WebPage\",\"@id\":\"https:\\\/\\\/people.unipi.it\\\/antonio_aiello\\\/ricerca\\\/\",\"url\":\"https:\\\/\\\/people.unipi.it\\\/antonio_aiello\\\/ricerca\\\/\",\"name\":\"Ricerca, Progetti e Laboratori. - Antonio Aiello\",\"isPartOf\":{\"@id\":\"https:\\\/\\\/people.unipi.it\\\/antonio_aiello\\\/#website\"},\"datePublished\":\"2015-04-08T09:14:27+00:00\",\"dateModified\":\"2025-08-02T10:52:37+00:00\",\"breadcrumb\":{\"@id\":\"https:\\\/\\\/people.unipi.it\\\/antonio_aiello\\\/ricerca\\\/#breadcrumb\"},\"inLanguage\":\"it-IT\",\"potentialAction\":[{\"@type\":\"ReadAction\",\"target\":[\"https:\\\/\\\/people.unipi.it\\\/antonio_aiello\\\/ricerca\\\/\"]}]},{\"@type\":\"BreadcrumbList\",\"@id\":\"https:\\\/\\\/people.unipi.it\\\/antonio_aiello\\\/ricerca\\\/#breadcrumb\",\"itemListElement\":[{\"@type\":\"ListItem\",\"position\":1,\"name\":\"Home\",\"item\":\"https:\\\/\\\/people.unipi.it\\\/antonio_aiello\\\/\"},{\"@type\":\"ListItem\",\"position\":2,\"name\":\"Ricerca, Progetti e Laboratori.\"}]},{\"@type\":\"WebSite\",\"@id\":\"https:\\\/\\\/people.unipi.it\\\/antonio_aiello\\\/#website\",\"url\":\"https:\\\/\\\/people.unipi.it\\\/antonio_aiello\\\/\",\"name\":\"Antonio Aiello\",\"description\":\"Universit\u00e0 di Pisa\",\"potentialAction\":[{\"@type\":\"SearchAction\",\"target\":{\"@type\":\"EntryPoint\",\"urlTemplate\":\"https:\\\/\\\/people.unipi.it\\\/antonio_aiello\\\/?s={search_term_string}\"},\"query-input\":{\"@type\":\"PropertyValueSpecification\",\"valueRequired\":true,\"valueName\":\"search_term_string\"}}],\"inLanguage\":\"it-IT\"}]}<\/script>\n<!-- \/ Yoast SEO plugin. -->","yoast_head_json":{"title":"Ricerca, Progetti e Laboratori. - Antonio Aiello","robots":{"index":"index","follow":"follow","max-snippet":"max-snippet:-1","max-image-preview":"max-image-preview:large","max-video-preview":"max-video-preview:-1"},"canonical":"https:\/\/people.unipi.it\/antonio_aiello\/ricerca\/","og_locale":"it_IT","og_type":"article","og_title":"Ricerca, Progetti e Laboratori. - Antonio Aiello","og_description":"Questa pagina \u00e8 dedicata alle attivit\u00e0 di ricerca del Prof. Aiello e dei laboratori di ricerca coordinati, \u00e8\u00a0in costante aggiornamento.&hellip;Leggi tutto...","og_url":"https:\/\/people.unipi.it\/antonio_aiello\/ricerca\/","og_site_name":"Antonio Aiello","article_modified_time":"2025-08-02T10:52:37+00:00","twitter_card":"summary_large_image","twitter_misc":{"Tempo di lettura stimato":"1 minuto"},"schema":{"@context":"https:\/\/schema.org","@graph":[{"@type":"WebPage","@id":"https:\/\/people.unipi.it\/antonio_aiello\/ricerca\/","url":"https:\/\/people.unipi.it\/antonio_aiello\/ricerca\/","name":"Ricerca, Progetti e Laboratori. - Antonio Aiello","isPartOf":{"@id":"https:\/\/people.unipi.it\/antonio_aiello\/#website"},"datePublished":"2015-04-08T09:14:27+00:00","dateModified":"2025-08-02T10:52:37+00:00","breadcrumb":{"@id":"https:\/\/people.unipi.it\/antonio_aiello\/ricerca\/#breadcrumb"},"inLanguage":"it-IT","potentialAction":[{"@type":"ReadAction","target":["https:\/\/people.unipi.it\/antonio_aiello\/ricerca\/"]}]},{"@type":"BreadcrumbList","@id":"https:\/\/people.unipi.it\/antonio_aiello\/ricerca\/#breadcrumb","itemListElement":[{"@type":"ListItem","position":1,"name":"Home","item":"https:\/\/people.unipi.it\/antonio_aiello\/"},{"@type":"ListItem","position":2,"name":"Ricerca, Progetti e Laboratori."}]},{"@type":"WebSite","@id":"https:\/\/people.unipi.it\/antonio_aiello\/#website","url":"https:\/\/people.unipi.it\/antonio_aiello\/","name":"Antonio Aiello","description":"Universit\u00e0 di Pisa","potentialAction":[{"@type":"SearchAction","target":{"@type":"EntryPoint","urlTemplate":"https:\/\/people.unipi.it\/antonio_aiello\/?s={search_term_string}"},"query-input":{"@type":"PropertyValueSpecification","valueRequired":true,"valueName":"search_term_string"}}],"inLanguage":"it-IT"}]}},"_links":{"self":[{"href":"https:\/\/people.unipi.it\/antonio_aiello\/wp-json\/wp\/v2\/pages\/10","targetHints":{"allow":["GET"]}}],"collection":[{"href":"https:\/\/people.unipi.it\/antonio_aiello\/wp-json\/wp\/v2\/pages"}],"about":[{"href":"https:\/\/people.unipi.it\/antonio_aiello\/wp-json\/wp\/v2\/types\/page"}],"author":[{"embeddable":true,"href":"https:\/\/people.unipi.it\/antonio_aiello\/wp-json\/wp\/v2\/users\/1"}],"replies":[{"embeddable":true,"href":"https:\/\/people.unipi.it\/antonio_aiello\/wp-json\/wp\/v2\/comments?post=10"}],"version-history":[{"count":35,"href":"https:\/\/people.unipi.it\/antonio_aiello\/wp-json\/wp\/v2\/pages\/10\/revisions"}],"predecessor-version":[{"id":1285,"href":"https:\/\/people.unipi.it\/antonio_aiello\/wp-json\/wp\/v2\/pages\/10\/revisions\/1285"}],"wp:attachment":[{"href":"https:\/\/people.unipi.it\/antonio_aiello\/wp-json\/wp\/v2\/media?parent=10"}],"curies":[{"name":"wp","href":"https:\/\/api.w.org\/{rel}","templated":true}]}}