{"id":6,"date":"2015-04-08T11:11:35","date_gmt":"2015-04-08T09:11:35","guid":{"rendered":"http:\/\/people.unipi.it\/cloner\/?page_id=6"},"modified":"2024-12-03T23:21:57","modified_gmt":"2024-12-03T22:21:57","slug":"curriculum","status":"publish","type":"page","link":"https:\/\/people.unipi.it\/alessandro_cecchi\/curriculum\/","title":{"rendered":"Comitati"},"content":{"rendered":"\n<h2 class=\"wp-block-heading\">Direzione di comitati scientifico-editoriali<\/h2>\n\n\n\n<ul class=\"wp-block-list\">\n<li>Direttore della <strong>collana interdisciplinare<\/strong> \u00ab<a href=\"https:\/\/www.neo-classica.com\/collana\/musica-performance-media\/\"><strong>musica.performance.media<\/strong><\/a>\u00bb della casa editrice <a href=\"https:\/\/www.neo-classica.com\/\"><strong>NeoClassica<\/strong><\/a> e del relativo <strong>comitato scientifico<\/strong>, formato da: Luca Barra (Universit\u00e0 di Bologna), Claudio Bisoni (Universit\u00e0 di Bologna), Alessandro Bratus (Universit\u00e0 di Pavia), Maurizio Corbella (Universit\u00e0 degli Studi di Milano), Riccardo Fassone (Universit\u00e0 di Torino), Michela Garda (Universit\u00e0 di Pavia), Giovanni Giuriati&nbsp;(Sapienza \u2013 Universit\u00e0 di Roma), Massimo Locatelli (Universit\u00e0 Cattolica del Sacro Cuore), Marco Lutzu (Universit\u00e0 di Cagliari), Paolo Magaudda (Universit\u00e0 di Padova), Ilario Meandri (Universit\u00e0 di Torino), Elena Mosconi (Universit\u00e0 di Pavia), Emilio Sala (Universit\u00e0 degli Studi di Milano), Emanuele Senici (Sapienza \u2013 Universit\u00e0 di Roma).<\/li>\n<\/ul>\n\n\n\n<h2 class=\"wp-block-heading\">Partecipazione a comitati scientifici e editoriali<\/h2>\n\n\n\n<ul class=\"wp-block-list\">\n<li>Membro dello <strong>Scientific Committee<\/strong> della casa editrice <strong><a href=\"https:\/\/www.neo-classica.com\/neoclassica-chi-siamo\/\">NeoClassica<\/a><\/strong> (Roma)<\/li>\n\n\n\n<li>Membro dell&#8217;<strong>Editorial Board<\/strong> della rivista scientifica <a href=\"http:\/\/onlinepublishing.cini.it\/index.php\/arno\"><strong>Archival Notes<\/strong><\/a> (Istituto per la Musica, Fondazione Giorgio Cini, Venezia), diretta da Gianmario Borio<\/li>\n\n\n\n<li>Membro dell&#8217;<strong>Editorial Board<\/strong> della rivista scientifica <a href=\"https:\/\/riviste.unimi.it\/index.php\/sss\"><strong>Sound Stage Screen<\/strong><\/a> (Universit\u00e0 degli Studi di Milano), diretta da Giorgio Biancorosso ed Emilio Sala<\/li>\n\n\n\n<li>Membro dell&#8217;<strong>Advisory Board<\/strong> del <a href=\"https:\/\/mahler-centre.net\/\"><strong>Gustav Mahler Research Centre<\/strong><\/a> (Dobbiaco), diretto da Federico Celestini e Milijana Pavolovi\u0107 (Universit\u00e4t Innsbruck)<\/li>\n<\/ul>\n\n\n\n<h2 class=\"wp-block-heading\">Collegi dottorali<\/h2>\n\n\n\n<ul class=\"wp-block-list\">\n<li>dal 1\u00b0 novembre 2024: membro del Collegio dei Docenti del<strong> Dottorato Interuniversitario &#8220;Pegaso&#8221; in Storia delle Arti e dello Spettacolo<\/strong> (dal XL ciclo), Universit\u00e0 di Firenze, Pisa, Siena.<\/li>\n\n\n\n<li>2018\/2019: membro del Collegio dei Docenti del<strong> Dottorato Interuniversitario &#8220;Pegaso&#8221; in Storia delle Arti e dello Spettacolo<\/strong> (XXXIV ciclo), Universit\u00e0 di Firenze, Pisa, Siena.<\/li>\n<\/ul>\n\n\n\n<h2 class=\"wp-block-heading\">Altri comitati scientifici e editoriali<\/h2>\n\n\n\n<ul class=\"wp-block-list\">\n<li>2015\u20132018: Membro cooptato per l&#8217;internazionalizzazione nel <strong>Comitato scientifico<\/strong> del <strong>Gruppo di Analisi e Teoria Musicale<\/strong> (<strong>GATM<\/strong>), diretto da Egidio Pozzi<\/li>\n\n\n\n<li>2013\u20132018: Membro del <strong>Board of Editors<\/strong> della rivista <strong>\u00abAnalitica\u00bb<\/strong>, diretta da Alessandro Bratus per il <strong>Gruppo di Analisi e Teoria Musicale<\/strong> (<strong>GATM<\/strong>)<\/li>\n<\/ul>\n\n\n\n<p><\/p>\n","protected":false},"excerpt":{"rendered":"<p>Direzione di comitati scientifico-editoriali Partecipazione a comitati scientifici e editoriali Collegi dottorali Altri comitati scientifici e editoriali&hellip;<\/p>\n<p><a class=\"btn btn-dark btn-sm unipi-read-more-link\" href=\"https:\/\/people.unipi.it\/alessandro_cecchi\/curriculum\/\">Leggi tutto&#8230;<\/a><\/p>\n","protected":false},"author":1,"featured_media":0,"parent":0,"menu_order":0,"comment_status":"closed","ping_status":"closed","template":"","meta":{"_acf_changed":false,"footnotes":""},"class_list":["post-6","page","type-page","status-publish","hentry"],"acf":[],"featured_image_src":null,"yoast_head":"<!-- This site is optimized with the Yoast SEO plugin v27.5 - https:\/\/yoast.com\/product\/yoast-seo-wordpress\/ -->\n<title>Comitati - Alessandro Cecchi<\/title>\n<meta name=\"robots\" content=\"index, follow, max-snippet:-1, max-image-preview:large, max-video-preview:-1\" \/>\n<link rel=\"canonical\" href=\"https:\/\/people.unipi.it\/alessandro_cecchi\/curriculum\/\" \/>\n<meta property=\"og:locale\" content=\"it_IT\" \/>\n<meta property=\"og:type\" content=\"article\" \/>\n<meta property=\"og:title\" content=\"Comitati - Alessandro Cecchi\" \/>\n<meta property=\"og:description\" content=\"Direzione di comitati scientifico-editoriali Partecipazione a comitati scientifici e editoriali Collegi dottorali Altri comitati scientifici e editoriali&hellip;Leggi tutto...\" \/>\n<meta property=\"og:url\" content=\"https:\/\/people.unipi.it\/alessandro_cecchi\/curriculum\/\" \/>\n<meta property=\"og:site_name\" content=\"Alessandro Cecchi\" \/>\n<meta property=\"article:modified_time\" content=\"2024-12-03T22:21:57+00:00\" \/>\n<meta name=\"twitter:card\" content=\"summary_large_image\" \/>\n<meta name=\"twitter:label1\" content=\"Tempo di lettura stimato\" \/>\n\t<meta name=\"twitter:data1\" content=\"1 minuto\" \/>\n<script type=\"application\/ld+json\" class=\"yoast-schema-graph\">{\"@context\":\"https:\\\/\\\/schema.org\",\"@graph\":[{\"@type\":\"WebPage\",\"@id\":\"https:\\\/\\\/people.unipi.it\\\/alessandro_cecchi\\\/curriculum\\\/\",\"url\":\"https:\\\/\\\/people.unipi.it\\\/alessandro_cecchi\\\/curriculum\\\/\",\"name\":\"Comitati - Alessandro Cecchi\",\"isPartOf\":{\"@id\":\"https:\\\/\\\/people.unipi.it\\\/alessandro_cecchi\\\/#website\"},\"datePublished\":\"2015-04-08T09:11:35+00:00\",\"dateModified\":\"2024-12-03T22:21:57+00:00\",\"breadcrumb\":{\"@id\":\"https:\\\/\\\/people.unipi.it\\\/alessandro_cecchi\\\/curriculum\\\/#breadcrumb\"},\"inLanguage\":\"it-IT\",\"potentialAction\":[{\"@type\":\"ReadAction\",\"target\":[\"https:\\\/\\\/people.unipi.it\\\/alessandro_cecchi\\\/curriculum\\\/\"]}]},{\"@type\":\"BreadcrumbList\",\"@id\":\"https:\\\/\\\/people.unipi.it\\\/alessandro_cecchi\\\/curriculum\\\/#breadcrumb\",\"itemListElement\":[{\"@type\":\"ListItem\",\"position\":1,\"name\":\"Home\",\"item\":\"https:\\\/\\\/people.unipi.it\\\/alessandro_cecchi\\\/\"},{\"@type\":\"ListItem\",\"position\":2,\"name\":\"Comitati\"}]},{\"@type\":\"WebSite\",\"@id\":\"https:\\\/\\\/people.unipi.it\\\/alessandro_cecchi\\\/#website\",\"url\":\"https:\\\/\\\/people.unipi.it\\\/alessandro_cecchi\\\/\",\"name\":\"Alessandro Cecchi\",\"description\":\"Universit\u00e0 di Pisa\",\"potentialAction\":[{\"@type\":\"SearchAction\",\"target\":{\"@type\":\"EntryPoint\",\"urlTemplate\":\"https:\\\/\\\/people.unipi.it\\\/alessandro_cecchi\\\/?s={search_term_string}\"},\"query-input\":{\"@type\":\"PropertyValueSpecification\",\"valueRequired\":true,\"valueName\":\"search_term_string\"}}],\"inLanguage\":\"it-IT\"}]}<\/script>\n<!-- \/ Yoast SEO plugin. -->","yoast_head_json":{"title":"Comitati - Alessandro Cecchi","robots":{"index":"index","follow":"follow","max-snippet":"max-snippet:-1","max-image-preview":"max-image-preview:large","max-video-preview":"max-video-preview:-1"},"canonical":"https:\/\/people.unipi.it\/alessandro_cecchi\/curriculum\/","og_locale":"it_IT","og_type":"article","og_title":"Comitati - Alessandro Cecchi","og_description":"Direzione di comitati scientifico-editoriali Partecipazione a comitati scientifici e editoriali Collegi dottorali Altri comitati scientifici e editoriali&hellip;Leggi tutto...","og_url":"https:\/\/people.unipi.it\/alessandro_cecchi\/curriculum\/","og_site_name":"Alessandro Cecchi","article_modified_time":"2024-12-03T22:21:57+00:00","twitter_card":"summary_large_image","twitter_misc":{"Tempo di lettura stimato":"1 minuto"},"schema":{"@context":"https:\/\/schema.org","@graph":[{"@type":"WebPage","@id":"https:\/\/people.unipi.it\/alessandro_cecchi\/curriculum\/","url":"https:\/\/people.unipi.it\/alessandro_cecchi\/curriculum\/","name":"Comitati - Alessandro Cecchi","isPartOf":{"@id":"https:\/\/people.unipi.it\/alessandro_cecchi\/#website"},"datePublished":"2015-04-08T09:11:35+00:00","dateModified":"2024-12-03T22:21:57+00:00","breadcrumb":{"@id":"https:\/\/people.unipi.it\/alessandro_cecchi\/curriculum\/#breadcrumb"},"inLanguage":"it-IT","potentialAction":[{"@type":"ReadAction","target":["https:\/\/people.unipi.it\/alessandro_cecchi\/curriculum\/"]}]},{"@type":"BreadcrumbList","@id":"https:\/\/people.unipi.it\/alessandro_cecchi\/curriculum\/#breadcrumb","itemListElement":[{"@type":"ListItem","position":1,"name":"Home","item":"https:\/\/people.unipi.it\/alessandro_cecchi\/"},{"@type":"ListItem","position":2,"name":"Comitati"}]},{"@type":"WebSite","@id":"https:\/\/people.unipi.it\/alessandro_cecchi\/#website","url":"https:\/\/people.unipi.it\/alessandro_cecchi\/","name":"Alessandro Cecchi","description":"Universit\u00e0 di Pisa","potentialAction":[{"@type":"SearchAction","target":{"@type":"EntryPoint","urlTemplate":"https:\/\/people.unipi.it\/alessandro_cecchi\/?s={search_term_string}"},"query-input":{"@type":"PropertyValueSpecification","valueRequired":true,"valueName":"search_term_string"}}],"inLanguage":"it-IT"}]}},"_links":{"self":[{"href":"https:\/\/people.unipi.it\/alessandro_cecchi\/wp-json\/wp\/v2\/pages\/6","targetHints":{"allow":["GET"]}}],"collection":[{"href":"https:\/\/people.unipi.it\/alessandro_cecchi\/wp-json\/wp\/v2\/pages"}],"about":[{"href":"https:\/\/people.unipi.it\/alessandro_cecchi\/wp-json\/wp\/v2\/types\/page"}],"author":[{"embeddable":true,"href":"https:\/\/people.unipi.it\/alessandro_cecchi\/wp-json\/wp\/v2\/users\/1"}],"replies":[{"embeddable":true,"href":"https:\/\/people.unipi.it\/alessandro_cecchi\/wp-json\/wp\/v2\/comments?post=6"}],"version-history":[{"count":37,"href":"https:\/\/people.unipi.it\/alessandro_cecchi\/wp-json\/wp\/v2\/pages\/6\/revisions"}],"predecessor-version":[{"id":532,"href":"https:\/\/people.unipi.it\/alessandro_cecchi\/wp-json\/wp\/v2\/pages\/6\/revisions\/532"}],"wp:attachment":[{"href":"https:\/\/people.unipi.it\/alessandro_cecchi\/wp-json\/wp\/v2\/media?parent=6"}],"curies":[{"name":"wp","href":"https:\/\/api.w.org\/{rel}","templated":true}]}}