{"id":10,"date":"2015-04-08T11:14:27","date_gmt":"2015-04-08T09:14:27","guid":{"rendered":"http:\/\/people.unipi.it\/cloner\/?page_id=10"},"modified":"2025-07-13T19:31:38","modified_gmt":"2025-07-13T17:31:38","slug":"ricerca","status":"publish","type":"page","link":"https:\/\/people.unipi.it\/alessandro_cecchi\/ricerca\/","title":{"rendered":"Ricerca"},"content":{"rendered":"\n<h2 class=\"wp-block-heading\">Progetti di ricerca in corso<\/h2>\n\n\n\n<p><strong>Gruppo di studio del progetto PRIN 2022 \u00abFILMUSP \u2013 Music Publishing and Film: Toward a Production History of the Soundtrack in Italy (1958\u20131976)\u00bb<\/strong><\/p>\n\n\n\n<ul class=\"wp-block-list\">\n<li>coordinato da Maurizio Corbella (<em>Principal Investigator<\/em>, Universit\u00e0 degli Studi di Milano)<\/li>\n\n\n\n<li>unit\u00e0 locali coordinate da Claudio Bisoni (Universit\u00e0 di Bologna), Alessandro Bratus (Universit\u00e0 di Pavia), Alessandro Cecchi (Universit\u00e0 di Pisa)<\/li>\n\n\n\n<li>finanziamento MUR complessivo: Euro 200.459<\/li>\n\n\n\n<li>durata del progetto: 18\/10\/2023\u201318\/10\/2025, prorogato al 28\/02\/2026<\/li>\n<\/ul>\n\n\n\n<p><strong>Gruppo di studio del progetto PRA 2022-2023 \u00abCostruire la verit\u00e0. Testi, contesti, storie\u00bb <\/strong><\/p>\n\n\n\n<ul class=\"wp-block-list\">\n<li>coordinato da Raffaele Donnarumma<\/li>\n\n\n\n<li>Universit\u00e0 di Pisa<\/li>\n\n\n\n<li>finanziamento di Ateneo: Euro 41.550<\/li>\n\n\n\n<li>1\/11\/2022\u201330\/10\/2024<\/li>\n<\/ul>\n\n\n\n<p><strong>Gruppo di studio <\/strong>\u00ab<strong>Maderna tra contemporaneit\u00e0\u00a0 e forme sperimentali audiovisive<\/strong>\u00bb,<strong> Paul Sacher Stiftung, Basel<\/strong><\/p>\n\n\n\n<ul class=\"wp-block-list\">\n<li>coordinato da Angela Ida De Benedictis<\/li>\n\n\n\n<li>2021\u2013<strong><\/strong><\/li>\n<\/ul>\n\n\n\n<p><strong>Centro Studi Luciano Berio (collaboratore)<\/strong><\/p>\n\n\n\n<ul class=\"wp-block-list\">\n<li>fondato da Talia Pecker Berio<\/li>\n\n\n\n<li>diretto da Angela Ida De Benedictis<\/li>\n\n\n\n<li>15\/6\/2018\u2013<\/li>\n<\/ul>\n\n\n\n<h2 class=\"wp-block-heading\">Progetti di ricerca conclusi <\/h2>\n\n\n\n<p><strong>Gruppo di studio del progetto PRA 2017-2018 <\/strong>\u00ab<strong>Shem nelle tende di Yaphet. Ebrei ed ebraismo nei luoghi, nelle lingue e nelle culture degli altri<\/strong>\u00bb<\/p>\n\n\n\n<ul class=\"wp-block-list\">\n<li>coordinato da Fabrizio Franceschini<\/li>\n\n\n\n<li>Universit\u00e0 di Pisa<\/li>\n\n\n\n<li>finanziamento di Ateneo: Euro 62.300<\/li>\n\n\n\n<li>10\/4\/2017\u20139\/4\/2019<\/li>\n<\/ul>\n\n\n\n<p><strong>Gruppo di studio <\/strong>\u00ab<strong>Worlds&nbsp;of&nbsp;AudioVision<\/strong>\u00bb<strong> <\/strong>(<strong>WAV<\/strong>)<\/p>\n\n\n\n<ul class=\"wp-block-list\">\n<li>coordinato da Gianmario Borio e Elena Mosconi<\/li>\n\n\n\n<li>Facolt\u00e0 di Musicologia del Dipartimento di Scienze musicologiche e paleografico-filologiche, poi Dipartimento di Musicologia e Beni Culturali di Cremona<\/li>\n\n\n\n<li>Universit\u00e0 di Pavia<\/li>\n\n\n\n<li>2007\u20132014<\/li>\n<\/ul>\n\n\n\n<p><strong>Gruppo di studio del progetto PRIN 2005 <\/strong>\u00ab<strong>Storia dei concetti musicali: linguaggio, melodia, spazio, stile<\/strong>\u00bb<\/p>\n\n\n\n<ul class=\"wp-block-list\">\n<li>coordinato da Gianmario Borio (<em>Principal Investigator<\/em>, Universit\u00e0 di Pavia)<\/li>\n\n\n\n<li>unit\u00e0 locali coordinate da Giampiero Moretti (Universit\u00e0 di Napoli \u201cL\u2019Orientale\u201d), Susanna Pasticci (Universit\u00e0 di Cassino), Talia Pecker Berio (Universit\u00e0 di Siena)<\/li>\n\n\n\n<li>30\/1\/2006\u201329\/1\/2009<\/li>\n<\/ul>\n\n\n\n<h2 class=\"wp-block-heading\">Interessi di ricerca<\/h2>\n\n\n\n<ul class=\"wp-block-list\">\n<li>Storia delle teorie musicali (secoli XIX \/ XX \/ XXI)<\/li>\n\n\n\n<li>Estetica musicale (secoli XVIII \/ XIX \/ XX \/ XIX)<\/li>\n\n\n\n<li>Storia dei concetti musicali (secoli XVIII \/ XIX \/ XX \/ XXI)<\/li>\n\n\n\n<li>Storia, analisi e cultura musicale (secolo XX)<\/li>\n\n\n\n<li>Teoria della musica per film<\/li>\n\n\n\n<li>Storia della musica per film in Italia<\/li>\n\n\n\n<li>Storia dell&#8217;editoria musicale per il cinema in Italia<\/li>\n\n\n\n<li>Teoria della performance musicale<\/li>\n\n\n\n<li>La circolazione mediale della performance musicale<\/li>\n\n\n\n<li>Ascolto musicale<\/li>\n\n\n\n<li>Teoria della mediazione musicale<\/li>\n<\/ul>\n","protected":false},"excerpt":{"rendered":"<p>Progetti di ricerca in corso Gruppo di studio del progetto PRIN 2022 \u00abFILMUSP \u2013 Music Publishing and Film: Toward a&hellip;<\/p>\n<p><a class=\"btn btn-dark btn-sm unipi-read-more-link\" href=\"https:\/\/people.unipi.it\/alessandro_cecchi\/ricerca\/\">Leggi tutto&#8230;<\/a><\/p>\n","protected":false},"author":1,"featured_media":0,"parent":0,"menu_order":0,"comment_status":"closed","ping_status":"closed","template":"","meta":{"_acf_changed":false,"footnotes":""},"class_list":["post-10","page","type-page","status-publish","hentry"],"acf":[],"featured_image_src":null,"yoast_head":"<!-- This site is optimized with the Yoast SEO plugin v27.5 - https:\/\/yoast.com\/product\/yoast-seo-wordpress\/ -->\n<title>Ricerca - Alessandro Cecchi<\/title>\n<meta name=\"robots\" content=\"index, follow, max-snippet:-1, max-image-preview:large, max-video-preview:-1\" \/>\n<link rel=\"canonical\" href=\"https:\/\/people.unipi.it\/alessandro_cecchi\/ricerca\/\" \/>\n<meta property=\"og:locale\" content=\"it_IT\" \/>\n<meta property=\"og:type\" content=\"article\" \/>\n<meta property=\"og:title\" content=\"Ricerca - Alessandro Cecchi\" \/>\n<meta property=\"og:description\" content=\"Progetti di ricerca in corso Gruppo di studio del progetto PRIN 2022 \u00abFILMUSP \u2013 Music Publishing and Film: Toward a&hellip;Leggi tutto...\" \/>\n<meta property=\"og:url\" content=\"https:\/\/people.unipi.it\/alessandro_cecchi\/ricerca\/\" \/>\n<meta property=\"og:site_name\" content=\"Alessandro Cecchi\" \/>\n<meta property=\"article:modified_time\" content=\"2025-07-13T17:31:38+00:00\" \/>\n<meta name=\"twitter:card\" content=\"summary_large_image\" \/>\n<meta name=\"twitter:label1\" content=\"Tempo di lettura stimato\" \/>\n\t<meta name=\"twitter:data1\" content=\"2 minuti\" \/>\n<script type=\"application\/ld+json\" class=\"yoast-schema-graph\">{\"@context\":\"https:\\\/\\\/schema.org\",\"@graph\":[{\"@type\":\"WebPage\",\"@id\":\"https:\\\/\\\/people.unipi.it\\\/alessandro_cecchi\\\/ricerca\\\/\",\"url\":\"https:\\\/\\\/people.unipi.it\\\/alessandro_cecchi\\\/ricerca\\\/\",\"name\":\"Ricerca - Alessandro Cecchi\",\"isPartOf\":{\"@id\":\"https:\\\/\\\/people.unipi.it\\\/alessandro_cecchi\\\/#website\"},\"datePublished\":\"2015-04-08T09:14:27+00:00\",\"dateModified\":\"2025-07-13T17:31:38+00:00\",\"breadcrumb\":{\"@id\":\"https:\\\/\\\/people.unipi.it\\\/alessandro_cecchi\\\/ricerca\\\/#breadcrumb\"},\"inLanguage\":\"it-IT\",\"potentialAction\":[{\"@type\":\"ReadAction\",\"target\":[\"https:\\\/\\\/people.unipi.it\\\/alessandro_cecchi\\\/ricerca\\\/\"]}]},{\"@type\":\"BreadcrumbList\",\"@id\":\"https:\\\/\\\/people.unipi.it\\\/alessandro_cecchi\\\/ricerca\\\/#breadcrumb\",\"itemListElement\":[{\"@type\":\"ListItem\",\"position\":1,\"name\":\"Home\",\"item\":\"https:\\\/\\\/people.unipi.it\\\/alessandro_cecchi\\\/\"},{\"@type\":\"ListItem\",\"position\":2,\"name\":\"Ricerca\"}]},{\"@type\":\"WebSite\",\"@id\":\"https:\\\/\\\/people.unipi.it\\\/alessandro_cecchi\\\/#website\",\"url\":\"https:\\\/\\\/people.unipi.it\\\/alessandro_cecchi\\\/\",\"name\":\"Alessandro Cecchi\",\"description\":\"Universit\u00e0 di Pisa\",\"potentialAction\":[{\"@type\":\"SearchAction\",\"target\":{\"@type\":\"EntryPoint\",\"urlTemplate\":\"https:\\\/\\\/people.unipi.it\\\/alessandro_cecchi\\\/?s={search_term_string}\"},\"query-input\":{\"@type\":\"PropertyValueSpecification\",\"valueRequired\":true,\"valueName\":\"search_term_string\"}}],\"inLanguage\":\"it-IT\"}]}<\/script>\n<!-- \/ Yoast SEO plugin. -->","yoast_head_json":{"title":"Ricerca - Alessandro Cecchi","robots":{"index":"index","follow":"follow","max-snippet":"max-snippet:-1","max-image-preview":"max-image-preview:large","max-video-preview":"max-video-preview:-1"},"canonical":"https:\/\/people.unipi.it\/alessandro_cecchi\/ricerca\/","og_locale":"it_IT","og_type":"article","og_title":"Ricerca - Alessandro Cecchi","og_description":"Progetti di ricerca in corso Gruppo di studio del progetto PRIN 2022 \u00abFILMUSP \u2013 Music Publishing and Film: Toward a&hellip;Leggi tutto...","og_url":"https:\/\/people.unipi.it\/alessandro_cecchi\/ricerca\/","og_site_name":"Alessandro Cecchi","article_modified_time":"2025-07-13T17:31:38+00:00","twitter_card":"summary_large_image","twitter_misc":{"Tempo di lettura stimato":"2 minuti"},"schema":{"@context":"https:\/\/schema.org","@graph":[{"@type":"WebPage","@id":"https:\/\/people.unipi.it\/alessandro_cecchi\/ricerca\/","url":"https:\/\/people.unipi.it\/alessandro_cecchi\/ricerca\/","name":"Ricerca - Alessandro Cecchi","isPartOf":{"@id":"https:\/\/people.unipi.it\/alessandro_cecchi\/#website"},"datePublished":"2015-04-08T09:14:27+00:00","dateModified":"2025-07-13T17:31:38+00:00","breadcrumb":{"@id":"https:\/\/people.unipi.it\/alessandro_cecchi\/ricerca\/#breadcrumb"},"inLanguage":"it-IT","potentialAction":[{"@type":"ReadAction","target":["https:\/\/people.unipi.it\/alessandro_cecchi\/ricerca\/"]}]},{"@type":"BreadcrumbList","@id":"https:\/\/people.unipi.it\/alessandro_cecchi\/ricerca\/#breadcrumb","itemListElement":[{"@type":"ListItem","position":1,"name":"Home","item":"https:\/\/people.unipi.it\/alessandro_cecchi\/"},{"@type":"ListItem","position":2,"name":"Ricerca"}]},{"@type":"WebSite","@id":"https:\/\/people.unipi.it\/alessandro_cecchi\/#website","url":"https:\/\/people.unipi.it\/alessandro_cecchi\/","name":"Alessandro Cecchi","description":"Universit\u00e0 di Pisa","potentialAction":[{"@type":"SearchAction","target":{"@type":"EntryPoint","urlTemplate":"https:\/\/people.unipi.it\/alessandro_cecchi\/?s={search_term_string}"},"query-input":{"@type":"PropertyValueSpecification","valueRequired":true,"valueName":"search_term_string"}}],"inLanguage":"it-IT"}]}},"_links":{"self":[{"href":"https:\/\/people.unipi.it\/alessandro_cecchi\/wp-json\/wp\/v2\/pages\/10","targetHints":{"allow":["GET"]}}],"collection":[{"href":"https:\/\/people.unipi.it\/alessandro_cecchi\/wp-json\/wp\/v2\/pages"}],"about":[{"href":"https:\/\/people.unipi.it\/alessandro_cecchi\/wp-json\/wp\/v2\/types\/page"}],"author":[{"embeddable":true,"href":"https:\/\/people.unipi.it\/alessandro_cecchi\/wp-json\/wp\/v2\/users\/1"}],"replies":[{"embeddable":true,"href":"https:\/\/people.unipi.it\/alessandro_cecchi\/wp-json\/wp\/v2\/comments?post=10"}],"version-history":[{"count":13,"href":"https:\/\/people.unipi.it\/alessandro_cecchi\/wp-json\/wp\/v2\/pages\/10\/revisions"}],"predecessor-version":[{"id":559,"href":"https:\/\/people.unipi.it\/alessandro_cecchi\/wp-json\/wp\/v2\/pages\/10\/revisions\/559"}],"wp:attachment":[{"href":"https:\/\/people.unipi.it\/alessandro_cecchi\/wp-json\/wp\/v2\/media?parent=10"}],"curies":[{"name":"wp","href":"https:\/\/api.w.org\/{rel}","templated":true}]}}