{"id":8,"date":"2015-04-08T11:14:00","date_gmt":"2015-04-08T09:14:00","guid":{"rendered":"http:\/\/people.unipi.it\/alessandro_buono\/?page_id=8"},"modified":"2021-08-05T09:37:43","modified_gmt":"2021-08-05T07:37:43","slug":"pubblicazioni","status":"publish","type":"page","link":"https:\/\/people.unipi.it\/alessandro_buono\/pubblicazioni\/","title":{"rendered":"Pubblicazioni"},"content":{"rendered":"<p><strong>Consulta la lista delle pubblicazione sul repository dell&#8217;Universit\u00e0 di Pisa: <a href=\"https:\/\/arpi.unipi.it\/browse?type=author&amp;sort_by=2&amp;order=DESC&amp;rpp=100&amp;authority=rp93468#.YQq7NC0QNpQ\">ARPI<\/a><\/strong><\/p>\n<p><strong>Consulta e scarica le pubblicazioni dai miei profili\u00a0<a href=\"https:\/\/www.researchgate.net\/profile\/Alessandro-Buono\">ResearchGate.net<\/a> e\u00a0<a href=\"https:\/\/unipi.academia.edu\/AlessandroBuono?from_navbar=true\">Adademia.edu<\/a><\/strong><\/p>\n<h4>\u00a0<\/h4>\n<h3>Lista delle pubblicazioni<\/h3>\n<h5>\u00a0<\/h5>\n<h5><strong>Libri<\/strong><\/h5>\n<ul>\n<li><em>Esercito, istituzioni, territorio. Alloggiamenti militari e \u00abcase herme\u00bb nello Stato di Milano (secoli XVI e XVII)<\/em>, Firenze, Firenze University Press, 2009 <a href=\"https:\/\/library.oapen.org\/handle\/20.500.12657\/34916\">[Open Access]<\/a><\/li>\n<\/ul>\n<h5><strong>Curatele<\/strong><\/h5>\n<ul>\n<li><em>Sous tutelle. Biens sans ma\u00eetre et successions vacantes dans une perspective comparative, XIIIe-XXe si\u00e8cles<\/em>,\u00a0Sous la direction de Alessandro Buono et Luca Gabbiani, <em>L\u2019Atelier du Centre de recherches historiques<\/em>, 22, 2020 <a href=\"https:\/\/journals.openedition.org\/acrh\/10893\">[Open Access]<\/a><\/li>\n<li><em>Archivi del mondo moderno. Pratiche, conflitti, convergenze<\/em>, a cura di Alessandro Buono e Matteo Giuli, Roma, Carocci, 2020<\/li>\n<li><em>Battaglie. L\u2019evento, l\u2019individuo, la memoria<\/em>, a cura di Alessandro Buono e Gianclaudio Civale, Palermo, Associazione Mediterranea, 2014 <a href=\"http:\/\/www.storiamediterranea.it\/portfolio\/battaglie-levento-lindividuo-la-memoria-2\/?mode=grid\">[Open Access]<\/a><\/li>\n<\/ul>\n<h5><strong>Articoli in rivista e saggi in volume<\/strong><\/h5>\n<ul>\n<li>&#8220;Tener Persona. Sur l&#8217;identit\u00e9 et l&#8217;identification dans les soci\u00e9t\u00e9s d&#8217;Ancien R\u00e9gime&#8221;,\u00a0<em>Annales\u00a0<\/em><em>HSS<\/em>, 75-1, 2020, p. 75-111<\/li>\n<li>\u201cThe King Heir. Claiming Vacant Estate Succession in Europe and in the Spanish World (13th-18th Centuries)\u201d, in\u00a0<em>Sous tutelle. Biens sans ma\u00eetre et successions vacantes dans une perspective comparative, XIIIe-XXe si\u00e8cles<\/em>,\u00a0Sous la direction de Alessandro Buono et Luca Gabbiani, <em>L\u2019Atelier du Centre de recherches historiques<\/em>, 22, 2020 <a href=\"https:\/\/journals.openedition.org\/acrh\/10917\">[Open Access]<\/a><\/li>\n<li>(con Luca <span class=\"familyName\">Gabbiani)<\/span>, \u201c<span dir=\"ltr\"><span lang=\"en\" xml:lang=\"en\">Introduction\u201d<\/span><\/span>,\u00a0<em>L\u2019Atelier du Centre de recherches historiques<\/em>, 22, 2020 <a href=\"https:\/\/doi.org\/10.4000\/acrh.10906\">[Open Access]<\/a><\/li>\n<li>(con Emilia Schijman), &#8220;Call for articles: Abandoned properties: crisis and liability&#8221;,\u00a0<em>Quaderni Storici<\/em>, 3, 2020, p. 943-945<\/li>\n<li>&#8220;Naturali, vassalli e forestieri. La presunzione di estraneit\u00e0 e la re-incorporazione degli individui nelle cause per eredit\u00e0 giacenti (Italia spagnola e Nuovo Mondo, sec. XVII)&#8221;, in Marco Meriggi, Anna Maria Rao (a cura di),\u00a0<em>Stranieri. Controllo, accoglienza e integrazione negli Stati italiani (XVI-XIX secolo)<\/em>, Napoli, FedOAPress, 2020, p. 49-75 <a href=\"http:\/\/www.fedoa.unina.it\/12789\/\">[Open Access]<\/a><\/li>\n<li>&#8220;Lettre&#8221;, in S. Cerutti, T. Glesener, I. Grangaud, J.-B. Xambo (dir.), <em>L\u2019ab\u00e9c\u00e9daire augment\u00e9 des citoyennet\u00e9s en M\u00e9diterran\u00e9e (XVIe-XXIe s.)<\/em>,\u00a0Aix-en-Provence, \u00c9ditions de la MMSH, 2020 <a href=\"https:\/\/palomed-intg.inist.fr\/item\/174\">[Open Access]<\/a><\/li>\n<li>\u201cTra controllo e diritti.\u00a0Alcune riflessioni sul fenomeno della registrazione dell\u2019identit\u00e0\u201d, in\u00a0Simona Berhe, Enrico Gargiulo (a cura di),\u00a0<em>Fingerprints. Tecniche di identificazione e diritti delle persone<\/em>, Verona, QuiEdit, 2020, p. 31-54 <a href=\"https:\/\/www.academia.edu\/44340168\/Fingerprints_Tecniche_di_identificazione_e_diritti_delle_persone\">[Open Access]<\/a><\/li>\n<li>&#8220;Archiviare per amministrare? A proposito della produzione e dell\u2019uso della documentazione nell\u2019Impero spagnolo&#8221;, in Alessandro Buono, Matteo Giuli (a cura di), <em>Archivi del mondo moderno. Pratiche, conflitti, convergenze<\/em>, Roma, Carocci, 2020, p. 65-95<\/li>\n<li>(con Matteo Giuli) &#8220;Presentazione&#8221;, in\u00a0Alessandro Buono, Matteo Giuli (a cura di), <em>Archivi del mondo moderno. Pratiche, conflitti, convergenze<\/em>, Roma, Carocci, 2020, p. 9-16<\/li>\n<li>&#8220;\u00abTrat\u00e1ndole como paysano y \u00e9l a ellos\u00bb. Pertenencia local, redes supralocales y transmisi\u00f3n de bienes entre el Nuevo y el Viejo Mundo (siglo XVII)&#8221;,\u00a0<em>Tiempos Modernos<\/em>, 39, 2, 2019, p. 131-155 <a href=\"http:\/\/www.tiemposmodernos.org\/tm3\/index.php\/tm\/article\/view\/5361\">[Open Access]<\/a><\/li>\n<li>&#8220;Eredi rituali e conflitti giurisdizionali nella Monarchia spagnola di antico regime&#8221;,\u00a0<em>Quaderni Storici<\/em>, 3, 2019, p. 713-739<\/li>\n<li>&#8220;Il \u00abtriangolo vigilante\u00bb: un modello per la storia della relazione tra sapere e dominio in antico regime&#8221;,\u00a0<em>Quaderni Storici<\/em>, 3, 2018, p. 837-850<\/li>\n<li>\u201cEl gobierno de la necesidad: guerra, \u00e9lites de poder y cuerpos locales en el Estado de Mil\u00e1n durante el reinado de Felipe IV\u201d, in Jos\u00e9 M\u00e1rtinez Mill\u00e1n, Rub\u00e9n Gonz\u00e1lez Cuerva\u00a0(dir.),\u00a0<em>La Corte de Felipe IV. Decadencia o Reconfiguraci\u00f3n<\/em>, (tomo IV, libro 1\u00b0), Polifemo, Madrid, 2018, p. 1815-1862<\/li>\n<li>\u201cAnziano, calpixqui, shaykh, nanushi. Note per una storia globale dei \u201cruoli inter-gerarchici\u201d e del vicinato\u201d, in S. Levati, S. Mori (a cura di),\u00a0<em>Una storia di rigore e passione. Studi per Livio Antonielli<\/em>, Milano, FrancoAngeli, 2018, p. 167-189<\/li>\n<li>\u201cThe construction of a professional minority. \u201cIstrian pilots\u201d in early modern Venice (15th-18th centuries)\u201d, in\u00a0<em>People and goods on the move. Merchants, Networks and Communication Routes in the Medieval and early Modern Mediterranean<\/em>, edited by \u00d6. \u00c7aikent, L. Zavagno,\u00a0<em>(4th International Conference of Mediterranean Worlds, Istanbul \u2013 Sept. 2012)<\/em>, Fisciano (SA), ICSR Mediterranean Knowledge, 2016, p. 93-110\u00a0<a href=\"http:\/\/www.mediterraneanknowledge.org\/publications\/index.php\/bookseries\/article\/view\/11\">[Open Access]<\/a><\/li>\n<li>\u201cRepresentation of interests and institutional changes in the State of Milan across the 17th and 18th centuries. Notes and possible avenues of research\u201d, in\u00a0<em>The Transition in Europe between XVII and XVIII centuries. Perspectives and case studies<\/em>, edited by A. \u00c1lvarez-Ossorio, C. Cremonini, E. Riva, Milano, FrancoAngeli, 2016, p. 93-102<\/li>\n<li>(con Matteo Di Tullio e Mario Rizzo) \u201cPer una storia economica e istituzionale degli alloggiamenti militari in Lombardia tra XV e XVII secolo\u201d, in\u00a0<em>Storia Economica<\/em>, 1, 2016, pp. 187-218<\/li>\n<li>\u00abEl hereditario buen gusto de aquella familia\u00bb. Los Silva de Biandrate: asientos militares y estrategias de ennoblecimiento en el Estado de Mil\u00e1n entre los siglos XVII y XVIII, in\u00a0<em>Estrategias culturales y circulaci\u00f3n de la nueva nobleza en Europa (1570-1707)<\/em>, edited by G. Muto and A. Terrasa Lozano, Aranjuez, Ediciones Doce Calles, 2015, pp. 45-71<\/li>\n<li>\u201cLa manutenzione dell\u2019identit\u00e0. L\u2019identificazione degli eredi legittimi nello Stato di Milano e nella Repubblica di Venezia (secoli XVII e XVIII)\u201d,\u00a0<em>Quaderni Storici<\/em>, 148\/1, 2015, pp. 231-266<\/li>\n<li>\u201cIl governo straordinario e la \u201cpazienza dei vassalli\u201d. Riflessioni attorno alla \u201ccrisi politica generale\u201d del Seicento\u201d, in\u00a0G. Ambrosino, L. De Nardi (a cura di), <em>MaTriX. Proposte per un approccio interdisciplinare allo studio delle istituzioni,<\/em>\u00a0Verona, QuiEdit Editrice, 2015, pp. 57-76 <a href=\"https:\/\/www.academia.edu\/14548681\/MaTriX_Proposte_per_un_approccio_interdisciplinare_allo_studio_delle_istituzioni\">[Open Access]<\/a><\/li>\n<li>\u201cLe procedure di identificazione come procedure di contestualizzazione. Persone e cose nelle cause per eredit\u00e0 vacanti (Stato di Milano, secc. XVI-XVIII)\u201d, in\u00a0<em>Procedure, metodi, strumenti per l\u2019identificazione delle persone e per il controllo del territorio, (atti del seminario internazionale, Universit\u00e0 di Messina, 10-11 dicembre 2010)<\/em>, a cura di L. Antonielli, Soveria Mannelli, Rubbettino, 2014, pp. 35-65<\/li>\n<li>\u201cIdentificazione e registrazione dell\u2019identit\u00e0. Una proposta metodologica\u201d,\u00a0<em>Mediterranea. Ricerche storiche<\/em>, 30, aprile 2014, pp. 107-120 <a href=\"http:\/\/www.storiamediterranea.it\/portfolio\/aprile-2014\/\">[Open Access]<\/a><\/li>\n<li>(con Gianclaudio Civale) \u201cIntroduzione\u201d, in Alessandro Buono, Gianclaudio Civale (a cura di),\u00a0<em>Battaglie. L\u2019evento, l\u2019individuo, la memoria<\/em>, Palermo, Associazione Mediterranea, 2014, pp. 7-16 <a href=\"http:\/\/www.storiamediterranea.it\/portfolio\/battaglie-levento-lindividuo-la-memoria-2\/?mode=grid\">[Open Access]<\/a><\/li>\n<li>(con Massimo Petta) \u201cIl racconto della battaglia. La guerra e le notizie a stampa nella Milano degli Austrias (secoli XVI-XVII)\u201d, in Alessandro Buono, Gianclaudio Civale (a cura di),\u00a0<em>Battaglie. L\u2019evento, l\u2019individuo, la memoria<\/em>, Palermo, Associazione Mediterranea, 2014, pp. 187-248 <a href=\"http:\/\/www.storiamediterranea.it\/portfolio\/battaglie-levento-lindividuo-la-memoria-2\/?mode=grid\">[Open Access]<\/a><\/li>\n<li>\u201cAmministrazione militare e gestione dell\u2019esercito in uno stato \u2018pre-amministrativo\u2019. Il caso della Lombardia spagnola (sec. XVII)\u201d,\u00a0<em>Archivio Storico Italiano<\/em>, CLXVII, 621 (3), 2009, pp. 521-551<\/li>\n<li>\u201cGuerra, \u00e9lites locali e monarchia nella Lombardia del seicento. Per un\u2019interpretazione in chiave di compromesso di interessi\u201d,\u00a0<em>Societ\u00e0 e Storia<\/em>, XXX, 123, 2009, pp. 3-30<\/li>\n<li>\u201cFrontiere politiche, fiscali e corporative dello Stato di Milano. La conquista ed il mantenimento del presidio di Vercelli (1638-1650)\u201d, in\u00a0<em>Alle frontiere della Lombardia. Politica, guerra e religione nell\u2019et\u00e0 moderna<\/em>, a cura di C. Donati, Milano, Franco Angeli, 2006, pp. 151-176<\/li>\n<\/ul>\n<h5><strong>Recensioni<\/strong><\/h5>\n<ul>\n<li>&#8220;F. Fern\u00e1ndez L\u00f3pez, La Casa de la Contrataci\u00f3n. Una oficina de expedici\u00f3n documental para el gobierno de las Indias (1503-1717), Sevilla-Zamora (M\u00e9xico), Editorial Universidad de Sevilla-El Colegio de Michoac\u00e1n, 2018&#8221;,\u00a0<em>Societ\u00e0 e Storia<\/em>, 167, 2020, pp. 185-186<\/li>\n<li>&#8220;P. Ragon, Pouvoir et corruption aux Indes espagnoles. Le gouvernement du comte de Ba\u00f1os, vice-roi du Mexique,\u00a0Paris, Belin, 2016&#8221;, <em>Annales HSS<\/em>, 1, 2018, p. 250-252<\/li>\n<li>\u201cR. Bizzocchi, I cognomi degli italiani. Una storia lunga 1000 anni, Roma-Bari, Laterza, 2014\u201d,\u00a0<em>Societ\u00e0 e Storia<\/em>, 150, 2015, p. 838-841<\/li>\n<li>\u201cA. Addobbati, R. Bizzocchi, G. Salinero (a cura di), L\u2019Italia dei cognomi. L\u2019antroponimia italiana nel quadro mediterraneo, Pisa, Pisa University Press, 2012\u201d,\u00a0<em>Societ\u00e0 e Storia<\/em>, 145, p. 562-564<\/li>\n<li>\u201cC. Lucrezio Monticelli, La polizia del Papa. Istituzioni di controllo sociale a Roma nella prima met\u00e0 dell\u2019Ottocento, Rubbettino, Soveria Mannelli, 2012\u201d,\u00a0<em>Societ\u00e0 e Storia<\/em>, 142, 2013, pp. 805-807<\/li>\n<li>\u201cP. Anselmi, \u201cConservare lo Stato\u201d. Politica di difesa e pratica di governo nella Lombardia spagnola fra XVI e XVII secolo, Milano, Unicopli, 2008\u201d,\u00a0<em>Societ\u00e0 e Storia<\/em>, 127, 2010, pp. 190-192<\/li>\n<li>\u201cB. Yun Casalilla (a cura di), Las Redes del Imperio. \u00c9lites sociales en la articulaci\u00f3n de la monarqu\u00eda hisp\u00e1nica, 1492-1714\u201d,\u00a0<em>Archivio Storico Italiano<\/em>, CLXVIII, 625 (3), 2010, pp. 591-594<\/li>\n<li>\u201cK. Schl\u00f6gel,\u00a0 Leggere il tempo nello spazio. Saggi di storia e geopolitica, Milano, Bruno Mondadori, 2009\u201d,\u00a0<em>Archivio Storico Italiano<\/em>, CLXVIII, 624 (2), 2010, pp. 420-421<\/li>\n<li>\u201cC. Donati e B.R. Kroener (a cura di), Militari e societ\u00e0 civile nell\u2019Europa dell\u2019et\u00e0 moderna (secoli XVI-XVIII)\u201d,\u00a0<em>Archivio Storico Italiano<\/em>, CLXVII, 620 (2), 2009, pp. 409-410<\/li>\n<li>\u201cE. De Cristofaro, La sovranit\u00e0 in frammenti. La semantica del potere in Michel Foucault e Niklas Luhmann\u201d,\u00a0<em>Archivio Storico Italiano<\/em>, CLXVII, 619 (1), 2009, pp. 191-192<\/li>\n<li>\u201cF. Benigno e L. Scuccimarra (a cura di), Il governo dell\u2019emergenza. Poteri straordinari e di guerra in Europa tra XVI e XX secolo\u201d,\u00a0<em>Archivio Storico Italiano<\/em>, CLXVII, 619 (1), 2009, pp. 183-184<\/li>\n<li>\u201cD. Maffi, Il baluardo della corona. Guerra, esercito, finanze e societ\u00e0 nella Lombardia seicentesca (1630-1660)\u201d,\u00a0<em>Archivio Storico Italiano<\/em>, CLXVI, 618 (4), 2008, pp. 788-790<\/li>\n<\/ul>\n<h5><strong>Traduzioni<\/strong><\/h5>\n<ul>\n<li>L. Ribot Garc\u00eda, \u201cSoldati spagnoli in Italia. Il castello di Milano alla fine del XVI secolo\u201d, in\u00a0<em>Militari e societ\u00e0 civile nell\u2019Europa dell\u2019et\u00e0 moderna (XVI-XVIII secolo)<\/em>, Atti della XLVII settimana di studio, Trento, 13-17 settembre 2004, a cura di C. Donati e B.R Kroener, Bologna, il Mulino, 2008<\/li>\n<li>X.L. Barreiro Rivas, \u201cL\u2019identit\u00e0 politica emergente nella penisola iberica (secoli VIII-XIV)\u201d, in\u00a0<em>Europa in costruzione. La forza delle identit\u00e0 la ricerca di unit\u00e0 (secoli IX-XIII)<\/em>, Atti della XLVI settimana di studio, Trento 15-19 settembre 2003, a cura di G. Cracco, J. Le Goff, H. Keller e G. Ortalli, Bologna, il Mulino, 2007<\/li>\n<\/ul>\n<h5><strong>Altri scritti<\/strong><\/h5>\n<ul>\n<li>Intervento in \u201cDiscussione\u201d, in L. Antonielli (a cura di),\u00a0<em>La polizia nelle strade e nelle acque navigabili: dalla sicurezza alla regolazione del traffico<\/em>, Soveria Mannelli, Rubbettino, 2018, p. 383-384, 397-399.<\/li>\n<li>Intervento in \u201cDiscussione\u201d, in L. Antonielli (a cura di),\u00a0<em>La polizia sanitaria: dall\u2019emergenza alla gestione della quotidianit\u00e0 [Seminario di Studi, Messina, 12-13 dicembre 2008]<\/em>, Soveria Mannelli, Rubbettino, 2015, p. 255<\/li>\n<li>Working paper: \u201cLinguaggi e pratiche dell\u2019identit\u00e0. Le procedure di identificazione e la pubblica fama tra Europa e Nuovo Mondo durante l\u2019et\u00e0 moderna\u201d; conference: \u201cAttraverso la Storia \u2013 III Edizione: Spazi, reti, linguaggi. In ricordo di Elena Fasano Guarini\u201d (Roma, 23-25 ottobre 2014)<\/li>\n<li>Intervento in \u201cDiscussione\u201d, in L. Antonielli (a cura di),\u00a0<em>Polizia Militare. Military Policing<\/em>, Soveria Mannelli, Rubbettino, 2013, pp. 340-341<\/li>\n<li>Working paper: \u201cLa complessit\u00e0 di Marte. Percorsi di ricerca e linee di indagine sulla storia del \u00abmilitare\u00bb\u201d (paper \u201cModelli e tecniche amministrative nella gestione del mantenimento degli eserciti di antico regime\u201d); conference: \u201cAttraverso la Storia. Seminario SISEM di giovani studiosi e studiose dell\u2019Et\u00e0 Moderna\u201d (Arezzo, 23-25 settembre 2010)<\/li>\n<\/ul>\n\n\n<p><\/p>\n","protected":false},"excerpt":{"rendered":"<p>Consulta la lista delle pubblicazione sul repository dell&#8217;Universit\u00e0 di Pisa: ARPI Consulta e scarica le pubblicazioni dai miei profili\u00a0ResearchGate.net e\u00a0Adademia.edu&hellip;<\/p>\n<p><a class=\"btn btn-dark btn-sm unipi-read-more-link\" href=\"https:\/\/people.unipi.it\/alessandro_buono\/pubblicazioni\/\">Leggi tutto&#8230;<\/a><\/p>\n","protected":false},"author":1,"featured_media":0,"parent":0,"menu_order":0,"comment_status":"closed","ping_status":"closed","template":"","meta":{"_acf_changed":false,"footnotes":""},"class_list":["post-8","page","type-page","status-publish","hentry"],"acf":[],"featured_image_src":null,"yoast_head":"<!-- This site is optimized with the Yoast SEO plugin v27.5 - https:\/\/yoast.com\/product\/yoast-seo-wordpress\/ -->\n<title>Pubblicazioni - Alessandro Buono<\/title>\n<meta name=\"robots\" content=\"index, follow, max-snippet:-1, max-image-preview:large, max-video-preview:-1\" \/>\n<link rel=\"canonical\" href=\"https:\/\/people.unipi.it\/alessandro_buono\/pubblicazioni\/\" \/>\n<meta property=\"og:locale\" content=\"it_IT\" \/>\n<meta property=\"og:type\" content=\"article\" \/>\n<meta property=\"og:title\" content=\"Pubblicazioni - Alessandro Buono\" \/>\n<meta property=\"og:description\" content=\"Consulta la lista delle pubblicazione sul repository dell&#8217;Universit\u00e0 di Pisa: ARPI Consulta e scarica le pubblicazioni dai miei profili\u00a0ResearchGate.net e\u00a0Adademia.edu&hellip;Leggi tutto...\" \/>\n<meta property=\"og:url\" content=\"https:\/\/people.unipi.it\/alessandro_buono\/pubblicazioni\/\" \/>\n<meta property=\"og:site_name\" content=\"Alessandro Buono\" \/>\n<meta property=\"article:modified_time\" content=\"2021-08-05T07:37:43+00:00\" \/>\n<meta name=\"twitter:card\" content=\"summary_large_image\" \/>\n<meta name=\"twitter:label1\" content=\"Tempo di lettura stimato\" \/>\n\t<meta name=\"twitter:data1\" content=\"8 minuti\" \/>\n<script type=\"application\/ld+json\" class=\"yoast-schema-graph\">{\"@context\":\"https:\\\/\\\/schema.org\",\"@graph\":[{\"@type\":\"WebPage\",\"@id\":\"https:\\\/\\\/people.unipi.it\\\/alessandro_buono\\\/pubblicazioni\\\/\",\"url\":\"https:\\\/\\\/people.unipi.it\\\/alessandro_buono\\\/pubblicazioni\\\/\",\"name\":\"Pubblicazioni - Alessandro Buono\",\"isPartOf\":{\"@id\":\"https:\\\/\\\/people.unipi.it\\\/alessandro_buono\\\/#website\"},\"datePublished\":\"2015-04-08T09:14:00+00:00\",\"dateModified\":\"2021-08-05T07:37:43+00:00\",\"breadcrumb\":{\"@id\":\"https:\\\/\\\/people.unipi.it\\\/alessandro_buono\\\/pubblicazioni\\\/#breadcrumb\"},\"inLanguage\":\"it-IT\",\"potentialAction\":[{\"@type\":\"ReadAction\",\"target\":[\"https:\\\/\\\/people.unipi.it\\\/alessandro_buono\\\/pubblicazioni\\\/\"]}]},{\"@type\":\"BreadcrumbList\",\"@id\":\"https:\\\/\\\/people.unipi.it\\\/alessandro_buono\\\/pubblicazioni\\\/#breadcrumb\",\"itemListElement\":[{\"@type\":\"ListItem\",\"position\":1,\"name\":\"Home\",\"item\":\"https:\\\/\\\/people.unipi.it\\\/alessandro_buono\\\/\"},{\"@type\":\"ListItem\",\"position\":2,\"name\":\"Pubblicazioni\"}]},{\"@type\":\"WebSite\",\"@id\":\"https:\\\/\\\/people.unipi.it\\\/alessandro_buono\\\/#website\",\"url\":\"https:\\\/\\\/people.unipi.it\\\/alessandro_buono\\\/\",\"name\":\"Alessandro Buono\",\"description\":\"\",\"potentialAction\":[{\"@type\":\"SearchAction\",\"target\":{\"@type\":\"EntryPoint\",\"urlTemplate\":\"https:\\\/\\\/people.unipi.it\\\/alessandro_buono\\\/?s={search_term_string}\"},\"query-input\":{\"@type\":\"PropertyValueSpecification\",\"valueRequired\":true,\"valueName\":\"search_term_string\"}}],\"inLanguage\":\"it-IT\"}]}<\/script>\n<!-- \/ Yoast SEO plugin. -->","yoast_head_json":{"title":"Pubblicazioni - Alessandro Buono","robots":{"index":"index","follow":"follow","max-snippet":"max-snippet:-1","max-image-preview":"max-image-preview:large","max-video-preview":"max-video-preview:-1"},"canonical":"https:\/\/people.unipi.it\/alessandro_buono\/pubblicazioni\/","og_locale":"it_IT","og_type":"article","og_title":"Pubblicazioni - Alessandro Buono","og_description":"Consulta la lista delle pubblicazione sul repository dell&#8217;Universit\u00e0 di Pisa: ARPI Consulta e scarica le pubblicazioni dai miei profili\u00a0ResearchGate.net e\u00a0Adademia.edu&hellip;Leggi tutto...","og_url":"https:\/\/people.unipi.it\/alessandro_buono\/pubblicazioni\/","og_site_name":"Alessandro Buono","article_modified_time":"2021-08-05T07:37:43+00:00","twitter_card":"summary_large_image","twitter_misc":{"Tempo di lettura stimato":"8 minuti"},"schema":{"@context":"https:\/\/schema.org","@graph":[{"@type":"WebPage","@id":"https:\/\/people.unipi.it\/alessandro_buono\/pubblicazioni\/","url":"https:\/\/people.unipi.it\/alessandro_buono\/pubblicazioni\/","name":"Pubblicazioni - Alessandro Buono","isPartOf":{"@id":"https:\/\/people.unipi.it\/alessandro_buono\/#website"},"datePublished":"2015-04-08T09:14:00+00:00","dateModified":"2021-08-05T07:37:43+00:00","breadcrumb":{"@id":"https:\/\/people.unipi.it\/alessandro_buono\/pubblicazioni\/#breadcrumb"},"inLanguage":"it-IT","potentialAction":[{"@type":"ReadAction","target":["https:\/\/people.unipi.it\/alessandro_buono\/pubblicazioni\/"]}]},{"@type":"BreadcrumbList","@id":"https:\/\/people.unipi.it\/alessandro_buono\/pubblicazioni\/#breadcrumb","itemListElement":[{"@type":"ListItem","position":1,"name":"Home","item":"https:\/\/people.unipi.it\/alessandro_buono\/"},{"@type":"ListItem","position":2,"name":"Pubblicazioni"}]},{"@type":"WebSite","@id":"https:\/\/people.unipi.it\/alessandro_buono\/#website","url":"https:\/\/people.unipi.it\/alessandro_buono\/","name":"Alessandro Buono","description":"","potentialAction":[{"@type":"SearchAction","target":{"@type":"EntryPoint","urlTemplate":"https:\/\/people.unipi.it\/alessandro_buono\/?s={search_term_string}"},"query-input":{"@type":"PropertyValueSpecification","valueRequired":true,"valueName":"search_term_string"}}],"inLanguage":"it-IT"}]}},"_links":{"self":[{"href":"https:\/\/people.unipi.it\/alessandro_buono\/wp-json\/wp\/v2\/pages\/8","targetHints":{"allow":["GET"]}}],"collection":[{"href":"https:\/\/people.unipi.it\/alessandro_buono\/wp-json\/wp\/v2\/pages"}],"about":[{"href":"https:\/\/people.unipi.it\/alessandro_buono\/wp-json\/wp\/v2\/types\/page"}],"author":[{"embeddable":true,"href":"https:\/\/people.unipi.it\/alessandro_buono\/wp-json\/wp\/v2\/users\/1"}],"replies":[{"embeddable":true,"href":"https:\/\/people.unipi.it\/alessandro_buono\/wp-json\/wp\/v2\/comments?post=8"}],"version-history":[{"count":42,"href":"https:\/\/people.unipi.it\/alessandro_buono\/wp-json\/wp\/v2\/pages\/8\/revisions"}],"predecessor-version":[{"id":215,"href":"https:\/\/people.unipi.it\/alessandro_buono\/wp-json\/wp\/v2\/pages\/8\/revisions\/215"}],"wp:attachment":[{"href":"https:\/\/people.unipi.it\/alessandro_buono\/wp-json\/wp\/v2\/media?parent=8"}],"curies":[{"name":"wp","href":"https:\/\/api.w.org\/{rel}","templated":true}]}}