{"id":6,"date":"2015-04-08T11:11:35","date_gmt":"2015-04-08T09:11:35","guid":{"rendered":"http:\/\/people.unipi.it\/alessandro_buono\/?page_id=6"},"modified":"2021-08-07T08:05:47","modified_gmt":"2021-08-07T06:05:47","slug":"curriculum","status":"publish","type":"page","link":"https:\/\/people.unipi.it\/alessandro_buono\/curriculum\/","title":{"rendered":"Curriculum"},"content":{"rendered":"<p><a href=\"https:\/\/people.unipi.it\/alessandro_buono\/wp-content\/uploads\/sites\/594\/2021\/08\/alessandro-buono.jpg\"><img loading=\"lazy\" decoding=\"async\" class=\"size-medium wp-image-216 alignleft\" src=\"https:\/\/people.unipi.it\/alessandro_buono\/wp-content\/uploads\/sites\/594\/2021\/08\/alessandro-buono-300x300.jpg\" alt=\"\" width=\"300\" height=\"300\" srcset=\"https:\/\/people.unipi.it\/alessandro_buono\/wp-content\/uploads\/sites\/594\/2021\/08\/alessandro-buono-300x300.jpg 300w, https:\/\/people.unipi.it\/alessandro_buono\/wp-content\/uploads\/sites\/594\/2021\/08\/alessandro-buono-150x150.jpg 150w, https:\/\/people.unipi.it\/alessandro_buono\/wp-content\/uploads\/sites\/594\/2021\/08\/alessandro-buono-60x60.jpg 60w, https:\/\/people.unipi.it\/alessandro_buono\/wp-content\/uploads\/sites\/594\/2021\/08\/alessandro-buono.jpg 400w\" sizes=\"auto, (max-width: 300px) 100vw, 300px\" \/><\/a>After graduating with merit in history at the University of Milan in 2004, I had my PhD at the University of Florence (2005-2008) in <em>Early Modern and Contemporary Historical Studies<\/em>. My PhD dissertation was awarded best doctoral thesis in the humanities at Florence University in 2008 and was thus published in 2009 by Firenze University Press.<\/p>\n<p>In addition to my previous studies in Humanities, in 2008 I added study experience in Political Science faculties to my interdisciplinary training with a Postgraduate International Master Degree in <em>History and Comparative Studies of Political and Legal Institutions in Mediterranean Europe<\/em> (University of Messina, University of Milan, University of Cordova). From 2009 to 2015\u00a0I was awarded\u00a0a specialisation fellowship to be carried out at Madrid\u2019s Universidad Nacional de Educaci\u00f3n a Distancia\u00a0and\u00a0post-doctoral fellowships at University of Milan and at\u00a0University of Padua.<\/p>\n<p>In 2015 I was awarded a post-doctoral fellowship at CIDEHUS-University of \u00c9vora (Portugal) and the Marie Sk\u0142odowska-Curie Fellowship at \u00c9cole des hautes \u00e9tudes en sciences sociales (Paris, France) (<a href=\"https:\/\/people.unipi.it\/alessandro_buono\/ricerca\/global-inheritances\/\">\u201cGlobal Inheritance\u201d\u00a0research project<\/a>).<\/p>\n<p>After having taught at Ca\u2019 Foscari University of Venice (2012) and at University of Milan (2014-2018), in November 2018 I became associate professor of Early Modern History at the University of Pisa.<\/p>\n<p>I take part in international research networks (<a href=\"https:\/\/www.um.es\/redcolumnaria\/\">Red Columnaria<\/a>, Nodo: &#8220;<a href=\"https:\/\/www.um.es\/redcolumnaria\/nodo\/https-www-upo-es-investiga-hum-680-miembros-http-www-efrome-it-la-recherche-programmes-programmes-scientifiques-2017-2021-elitesit-html-https-atlanticitalies-net-http-www-historicas-unam\/\">Hombres y espacios<\/a>&#8220;; <a href=\"http:\/\/www.cepoc.it\">CEPOC, Centro di Studi le Polizie e il Controllo del Territorio<\/a>) and I am a member of the SISEM &#8220;Societ\u00e0 Italiana per lo Studio della Storia Moderna&#8221;. Furthermore, after having being part of the editorial board of the journal <em>Societ\u00e0 e Storia<\/em> (2011-2021), I am currently a member of the editorial committee for the peer-reviewed journals\u00a0<em><a href=\"https:\/\/www.mulino.it\/riviste\/issn\/0301-6307\">Quaderni Storici<\/a> <\/em>and\u00a0<em><a href=\"http:\/\/autoctonia.cl\/index.php\/autoc\">Autocton\u00eda<\/a>.<\/em><\/p>\n","protected":false},"excerpt":{"rendered":"<p>After graduating with merit in history at the University of Milan in 2004, I had my PhD at the University&hellip;<\/p>\n<p><a class=\"btn btn-dark btn-sm unipi-read-more-link\" href=\"https:\/\/people.unipi.it\/alessandro_buono\/curriculum\/\">Leggi tutto&#8230;<\/a><\/p>\n","protected":false},"author":1,"featured_media":0,"parent":0,"menu_order":0,"comment_status":"closed","ping_status":"closed","template":"","meta":{"_acf_changed":false,"footnotes":""},"class_list":["post-6","page","type-page","status-publish","hentry"],"acf":[],"featured_image_src":null,"yoast_head":"<!-- This site is optimized with the Yoast SEO plugin v27.5 - https:\/\/yoast.com\/product\/yoast-seo-wordpress\/ -->\n<title>Curriculum - Alessandro Buono<\/title>\n<meta name=\"robots\" content=\"index, follow, max-snippet:-1, max-image-preview:large, max-video-preview:-1\" \/>\n<link rel=\"canonical\" href=\"https:\/\/people.unipi.it\/alessandro_buono\/curriculum\/\" \/>\n<meta property=\"og:locale\" content=\"it_IT\" \/>\n<meta property=\"og:type\" content=\"article\" \/>\n<meta property=\"og:title\" content=\"Curriculum - Alessandro Buono\" \/>\n<meta property=\"og:description\" content=\"After graduating with merit in history at the University of Milan in 2004, I had my PhD at the University&hellip;Leggi tutto...\" \/>\n<meta property=\"og:url\" content=\"https:\/\/people.unipi.it\/alessandro_buono\/curriculum\/\" \/>\n<meta property=\"og:site_name\" content=\"Alessandro Buono\" \/>\n<meta property=\"article:modified_time\" content=\"2021-08-07T06:05:47+00:00\" \/>\n<meta property=\"og:image\" content=\"https:\/\/people.unipi.it\/alessandro_buono\/wp-content\/uploads\/sites\/594\/2021\/08\/alessandro-buono-300x300.jpg\" \/>\n<meta name=\"twitter:card\" content=\"summary_large_image\" \/>\n<meta name=\"twitter:label1\" content=\"Tempo di lettura stimato\" \/>\n\t<meta name=\"twitter:data1\" content=\"1 minuto\" \/>\n<script type=\"application\/ld+json\" class=\"yoast-schema-graph\">{\"@context\":\"https:\\\/\\\/schema.org\",\"@graph\":[{\"@type\":\"WebPage\",\"@id\":\"https:\\\/\\\/people.unipi.it\\\/alessandro_buono\\\/curriculum\\\/\",\"url\":\"https:\\\/\\\/people.unipi.it\\\/alessandro_buono\\\/curriculum\\\/\",\"name\":\"Curriculum - Alessandro Buono\",\"isPartOf\":{\"@id\":\"https:\\\/\\\/people.unipi.it\\\/alessandro_buono\\\/#website\"},\"primaryImageOfPage\":{\"@id\":\"https:\\\/\\\/people.unipi.it\\\/alessandro_buono\\\/curriculum\\\/#primaryimage\"},\"image\":{\"@id\":\"https:\\\/\\\/people.unipi.it\\\/alessandro_buono\\\/curriculum\\\/#primaryimage\"},\"thumbnailUrl\":\"https:\\\/\\\/people.unipi.it\\\/alessandro_buono\\\/wp-content\\\/uploads\\\/sites\\\/594\\\/2021\\\/08\\\/alessandro-buono-300x300.jpg\",\"datePublished\":\"2015-04-08T09:11:35+00:00\",\"dateModified\":\"2021-08-07T06:05:47+00:00\",\"breadcrumb\":{\"@id\":\"https:\\\/\\\/people.unipi.it\\\/alessandro_buono\\\/curriculum\\\/#breadcrumb\"},\"inLanguage\":\"it-IT\",\"potentialAction\":[{\"@type\":\"ReadAction\",\"target\":[\"https:\\\/\\\/people.unipi.it\\\/alessandro_buono\\\/curriculum\\\/\"]}]},{\"@type\":\"ImageObject\",\"inLanguage\":\"it-IT\",\"@id\":\"https:\\\/\\\/people.unipi.it\\\/alessandro_buono\\\/curriculum\\\/#primaryimage\",\"url\":\"https:\\\/\\\/people.unipi.it\\\/alessandro_buono\\\/wp-content\\\/uploads\\\/sites\\\/594\\\/2021\\\/08\\\/alessandro-buono.jpg\",\"contentUrl\":\"https:\\\/\\\/people.unipi.it\\\/alessandro_buono\\\/wp-content\\\/uploads\\\/sites\\\/594\\\/2021\\\/08\\\/alessandro-buono.jpg\",\"width\":400,\"height\":400},{\"@type\":\"BreadcrumbList\",\"@id\":\"https:\\\/\\\/people.unipi.it\\\/alessandro_buono\\\/curriculum\\\/#breadcrumb\",\"itemListElement\":[{\"@type\":\"ListItem\",\"position\":1,\"name\":\"Home\",\"item\":\"https:\\\/\\\/people.unipi.it\\\/alessandro_buono\\\/\"},{\"@type\":\"ListItem\",\"position\":2,\"name\":\"Curriculum\"}]},{\"@type\":\"WebSite\",\"@id\":\"https:\\\/\\\/people.unipi.it\\\/alessandro_buono\\\/#website\",\"url\":\"https:\\\/\\\/people.unipi.it\\\/alessandro_buono\\\/\",\"name\":\"Alessandro Buono\",\"description\":\"\",\"potentialAction\":[{\"@type\":\"SearchAction\",\"target\":{\"@type\":\"EntryPoint\",\"urlTemplate\":\"https:\\\/\\\/people.unipi.it\\\/alessandro_buono\\\/?s={search_term_string}\"},\"query-input\":{\"@type\":\"PropertyValueSpecification\",\"valueRequired\":true,\"valueName\":\"search_term_string\"}}],\"inLanguage\":\"it-IT\"}]}<\/script>\n<!-- \/ Yoast SEO plugin. -->","yoast_head_json":{"title":"Curriculum - Alessandro Buono","robots":{"index":"index","follow":"follow","max-snippet":"max-snippet:-1","max-image-preview":"max-image-preview:large","max-video-preview":"max-video-preview:-1"},"canonical":"https:\/\/people.unipi.it\/alessandro_buono\/curriculum\/","og_locale":"it_IT","og_type":"article","og_title":"Curriculum - Alessandro Buono","og_description":"After graduating with merit in history at the University of Milan in 2004, I had my PhD at the University&hellip;Leggi tutto...","og_url":"https:\/\/people.unipi.it\/alessandro_buono\/curriculum\/","og_site_name":"Alessandro Buono","article_modified_time":"2021-08-07T06:05:47+00:00","og_image":[{"url":"https:\/\/people.unipi.it\/alessandro_buono\/wp-content\/uploads\/sites\/594\/2021\/08\/alessandro-buono-300x300.jpg","type":"","width":"","height":""}],"twitter_card":"summary_large_image","twitter_misc":{"Tempo di lettura stimato":"1 minuto"},"schema":{"@context":"https:\/\/schema.org","@graph":[{"@type":"WebPage","@id":"https:\/\/people.unipi.it\/alessandro_buono\/curriculum\/","url":"https:\/\/people.unipi.it\/alessandro_buono\/curriculum\/","name":"Curriculum - Alessandro Buono","isPartOf":{"@id":"https:\/\/people.unipi.it\/alessandro_buono\/#website"},"primaryImageOfPage":{"@id":"https:\/\/people.unipi.it\/alessandro_buono\/curriculum\/#primaryimage"},"image":{"@id":"https:\/\/people.unipi.it\/alessandro_buono\/curriculum\/#primaryimage"},"thumbnailUrl":"https:\/\/people.unipi.it\/alessandro_buono\/wp-content\/uploads\/sites\/594\/2021\/08\/alessandro-buono-300x300.jpg","datePublished":"2015-04-08T09:11:35+00:00","dateModified":"2021-08-07T06:05:47+00:00","breadcrumb":{"@id":"https:\/\/people.unipi.it\/alessandro_buono\/curriculum\/#breadcrumb"},"inLanguage":"it-IT","potentialAction":[{"@type":"ReadAction","target":["https:\/\/people.unipi.it\/alessandro_buono\/curriculum\/"]}]},{"@type":"ImageObject","inLanguage":"it-IT","@id":"https:\/\/people.unipi.it\/alessandro_buono\/curriculum\/#primaryimage","url":"https:\/\/people.unipi.it\/alessandro_buono\/wp-content\/uploads\/sites\/594\/2021\/08\/alessandro-buono.jpg","contentUrl":"https:\/\/people.unipi.it\/alessandro_buono\/wp-content\/uploads\/sites\/594\/2021\/08\/alessandro-buono.jpg","width":400,"height":400},{"@type":"BreadcrumbList","@id":"https:\/\/people.unipi.it\/alessandro_buono\/curriculum\/#breadcrumb","itemListElement":[{"@type":"ListItem","position":1,"name":"Home","item":"https:\/\/people.unipi.it\/alessandro_buono\/"},{"@type":"ListItem","position":2,"name":"Curriculum"}]},{"@type":"WebSite","@id":"https:\/\/people.unipi.it\/alessandro_buono\/#website","url":"https:\/\/people.unipi.it\/alessandro_buono\/","name":"Alessandro Buono","description":"","potentialAction":[{"@type":"SearchAction","target":{"@type":"EntryPoint","urlTemplate":"https:\/\/people.unipi.it\/alessandro_buono\/?s={search_term_string}"},"query-input":{"@type":"PropertyValueSpecification","valueRequired":true,"valueName":"search_term_string"}}],"inLanguage":"it-IT"}]}},"_links":{"self":[{"href":"https:\/\/people.unipi.it\/alessandro_buono\/wp-json\/wp\/v2\/pages\/6","targetHints":{"allow":["GET"]}}],"collection":[{"href":"https:\/\/people.unipi.it\/alessandro_buono\/wp-json\/wp\/v2\/pages"}],"about":[{"href":"https:\/\/people.unipi.it\/alessandro_buono\/wp-json\/wp\/v2\/types\/page"}],"author":[{"embeddable":true,"href":"https:\/\/people.unipi.it\/alessandro_buono\/wp-json\/wp\/v2\/users\/1"}],"replies":[{"embeddable":true,"href":"https:\/\/people.unipi.it\/alessandro_buono\/wp-json\/wp\/v2\/comments?post=6"}],"version-history":[{"count":8,"href":"https:\/\/people.unipi.it\/alessandro_buono\/wp-json\/wp\/v2\/pages\/6\/revisions"}],"predecessor-version":[{"id":323,"href":"https:\/\/people.unipi.it\/alessandro_buono\/wp-json\/wp\/v2\/pages\/6\/revisions\/323"}],"wp:attachment":[{"href":"https:\/\/people.unipi.it\/alessandro_buono\/wp-json\/wp\/v2\/media?parent=6"}],"curies":[{"name":"wp","href":"https:\/\/api.w.org\/{rel}","templated":true}]}}