{"id":10,"date":"2015-04-08T11:14:27","date_gmt":"2015-04-08T09:14:27","guid":{"rendered":"http:\/\/people.unipi.it\/alessandro_buono\/?page_id=10"},"modified":"2021-08-05T10:50:27","modified_gmt":"2021-08-05T08:50:27","slug":"ricerca","status":"publish","type":"page","link":"https:\/\/people.unipi.it\/alessandro_buono\/ricerca\/","title":{"rendered":"Progetti di Ricerca"},"content":{"rendered":"\n\n\n<h3 class=\"wp-block-heading\"><a href=\"https:\/\/people.unipi.it\/alessandro_buono\/ricerca\/seminario-responsabilite\/\">Responsabilit\u00e9: autour des liens entre les personnes et les choses (\u00e9poques moderne et contemporaine)<\/a><\/h3>\n\n\n\n<p><strong>Alessandro Buono  (Universit\u00e0 di Pisa)<br>Simona Cerutti (EHESS-CRH\/LaD\u00e9His)<br>Emilia Schijman (CNRS-Centre Maurice-Halbwachs)<\/strong><\/p>\n\n\n\n<p>Le s\u00e9minaire \u00e9tudiera le concept de responsabilit\u00e9 comme cl\u00e9 d\u2019entr\u00e9e pour l\u2019analyse des relations entre les personnes, les choses et leurs communaut\u00e9s d\u2019appartenance, \u00e0 travers une s\u00e9rie de terrains engageant les \u00e9poques modernes et contemporaines. \u2026 <a href=\"https:\/\/people.unipi.it\/alessandro_buono\/ricerca\/seminario-responsabilite\/\">[Vai alla pagina del progetto]<\/a><\/p>\n\n\n\n<h3 class=\"wp-block-heading\">Red Columnaria: Nodo &#8220;Hombres y espacios. Movilidad y conexiones en las monarqu\u00edas ib\u00e9ricas&#8221;<\/h3>\n\n\n\n<p><strong>Coordinadores: Alessandro Buono (Universit\u00e0 di Pisa), Valentina Favar\u00f2 (Universit\u00e0 di Palermo)<\/strong><\/p>\n\n\n\n<p><a href=\"https:\/\/www.um.es\/redcolumnaria\/nodo\/https-www-upo-es-investiga-hum-680-miembros-http-www-efrome-it-la-recherche-programmes-programmes-scientifiques-2017-2021-elitesit-html-https-atlanticitalies-net-http-www-historicas-unam\/\">[Vai alla pagina del progetto]<\/a><\/p>\n\n\n\n<h3 class=\"wp-block-heading\"><a href=\"https:\/\/people.unipi.it\/alessandro_buono\/ricerca\/procit\/\"><strong>Propri\u00e9t\u00e9 et citoyennet\u00e9&nbsp;<\/strong><strong>au nord et au sud de la M\u00e9diterran\u00e9e <\/strong><strong>(XVIe-XIXe si\u00e8cles)<\/strong><\/a><\/h3>\n\n\n\n<p><strong>Directrice: Simona Cerutti (EHESS-CRH\/LaD\u00e9His)<\/strong><\/p>\n\n\n\n<p>Le programme PROCIT se propose d\u2019explorer le th\u00e8me de la citoyennet\u00e9 du point de vue de la propri\u00e9t\u00e9 et des droits qui y sont attach\u00e9s, dans les soci\u00e9t\u00e9s de l\u2019\u00e9poque moderne. \u2026 <a href=\"https:\/\/people.unipi.it\/alessandro_buono\/ricerca\/procit\/\">[Vai alla pagina del progetto]<\/a><\/p>\n\n\n\n<h3 class=\"wp-block-heading\"><a href=\"https:\/\/people.unipi.it\/alessandro_buono\/ricerca\/materialites-citoyennes\/\">Mat\u00e9rialit\u00e9s citoyennes.&nbsp;<strong>Un ab\u00e9c\u00e9daire augment\u00e9 (M\u00e9diterran\u00e9e, XVIe-XXIe s.)<\/strong><\/a><\/h3>\n\n\n\n<p><strong>\u00c9diteurs: Simona Cerutti (EHESS-CRH\/LaD\u00e9His), Thomas Glesener (AMU-TELEMMe), Isabelle Grangaud (CNRS-Centre Norbert Elias)<\/strong><\/p>\n\n\n\n<p>Ce projet \u00e9ditorial, fruit d\u2019une longue exp\u00e9rience de recherche interdisciplinaire, vise \u00e0 explorer la fa\u00e7on dont se fa\u00e7onnent les droits qui fondent les appartenances aux communaut\u00e9s politiques en&nbsp;M\u00e9diterran\u00e9e. \u2026 <a href=\"https:\/\/people.unipi.it\/alessandro_buono\/ricerca\/materialites-citoyennes\/\">[Vai alla pagina del progetto]<\/a><\/p>\n\n\n\n<h3 class=\"wp-block-heading\"><a href=\"https:\/\/people.unipi.it\/alessandro_buono\/ricerca\/un-mare-connesso\/\">Un Mare Connesso<\/a><\/h3>\n\n\n\n<p><strong>Coordinatore: Andrea Addobbati (Unipi)<\/strong><\/p>\n\n\n\n<p>Il progetto \u201cUn mare connesso\u201d si propone di studiare gli scambi intra-mediterranei della prima et\u00e0 moderna nella loro concreta organizzazione, mettendo a fuoco gli strumenti giuridici, finanziari, culturali, linguistici, politici e militari mobilitati nello spostamento di uomini, oggetti e idee tra le sponde del Mediterraneo. \u2026 <a href=\"https:\/\/people.unipi.it\/alessandro_buono\/ricerca\/un-mare-connesso\/\">[Vai alla pagina del progetto]<\/a><\/p>\n\n\n\n<h3 class=\"wp-block-heading\">Global Inheritances (2015-2017)<\/h3>\n\n\n\n<p>The aim of\u00a0\u201cGlobal Inheritances\u201d research project (Marie Sk\u0142odowska-Curie IF 2014)\u00a0is to study the ways in which the institutions of the early modern Spanish Empire identified the legitimate heirs of mobile individuals coming from the Iberian peninsula who died suddenly, often without making a will, while they were in the monarchy\u2019s extra-European territories, thousands of kilometres away from their home towns. \u2026 <a href=\"https:\/\/people.unipi.it\/alessandro_buono\/ricerca\/global-inheritances\/\">[Vai alla pagina del progetto]<\/a><\/p>\n","protected":false},"excerpt":{"rendered":"<p>Responsabilit\u00e9: autour des liens entre les personnes et les choses (\u00e9poques moderne et contemporaine) Alessandro Buono (Universit\u00e0 di Pisa)Simona Cerutti&hellip;<\/p>\n<p><a class=\"btn btn-dark btn-sm unipi-read-more-link\" href=\"https:\/\/people.unipi.it\/alessandro_buono\/ricerca\/\">Leggi tutto&#8230;<\/a><\/p>\n","protected":false},"author":1,"featured_media":0,"parent":0,"menu_order":0,"comment_status":"closed","ping_status":"closed","template":"","meta":{"_acf_changed":false,"footnotes":""},"class_list":["post-10","page","type-page","status-publish","hentry"],"acf":[],"featured_image_src":null,"yoast_head":"<!-- This site is optimized with the Yoast SEO plugin v27.5 - https:\/\/yoast.com\/product\/yoast-seo-wordpress\/ -->\n<title>Progetti di Ricerca - Alessandro Buono<\/title>\n<meta name=\"robots\" content=\"index, follow, max-snippet:-1, max-image-preview:large, max-video-preview:-1\" \/>\n<link rel=\"canonical\" href=\"https:\/\/people.unipi.it\/alessandro_buono\/ricerca\/\" \/>\n<meta property=\"og:locale\" content=\"it_IT\" \/>\n<meta property=\"og:type\" content=\"article\" \/>\n<meta property=\"og:title\" content=\"Progetti di Ricerca - Alessandro Buono\" \/>\n<meta property=\"og:description\" content=\"Responsabilit\u00e9: autour des liens entre les personnes et les choses (\u00e9poques moderne et contemporaine) Alessandro Buono (Universit\u00e0 di Pisa)Simona Cerutti&hellip;Leggi tutto...\" \/>\n<meta property=\"og:url\" content=\"https:\/\/people.unipi.it\/alessandro_buono\/ricerca\/\" \/>\n<meta property=\"og:site_name\" content=\"Alessandro Buono\" \/>\n<meta property=\"article:modified_time\" content=\"2021-08-05T08:50:27+00:00\" \/>\n<meta name=\"twitter:card\" content=\"summary_large_image\" \/>\n<meta name=\"twitter:label1\" content=\"Tempo di lettura stimato\" \/>\n\t<meta name=\"twitter:data1\" content=\"2 minuti\" \/>\n<script type=\"application\/ld+json\" class=\"yoast-schema-graph\">{\"@context\":\"https:\\\/\\\/schema.org\",\"@graph\":[{\"@type\":\"WebPage\",\"@id\":\"https:\\\/\\\/people.unipi.it\\\/alessandro_buono\\\/ricerca\\\/\",\"url\":\"https:\\\/\\\/people.unipi.it\\\/alessandro_buono\\\/ricerca\\\/\",\"name\":\"Progetti di Ricerca - Alessandro Buono\",\"isPartOf\":{\"@id\":\"https:\\\/\\\/people.unipi.it\\\/alessandro_buono\\\/#website\"},\"datePublished\":\"2015-04-08T09:14:27+00:00\",\"dateModified\":\"2021-08-05T08:50:27+00:00\",\"breadcrumb\":{\"@id\":\"https:\\\/\\\/people.unipi.it\\\/alessandro_buono\\\/ricerca\\\/#breadcrumb\"},\"inLanguage\":\"it-IT\",\"potentialAction\":[{\"@type\":\"ReadAction\",\"target\":[\"https:\\\/\\\/people.unipi.it\\\/alessandro_buono\\\/ricerca\\\/\"]}]},{\"@type\":\"BreadcrumbList\",\"@id\":\"https:\\\/\\\/people.unipi.it\\\/alessandro_buono\\\/ricerca\\\/#breadcrumb\",\"itemListElement\":[{\"@type\":\"ListItem\",\"position\":1,\"name\":\"Home\",\"item\":\"https:\\\/\\\/people.unipi.it\\\/alessandro_buono\\\/\"},{\"@type\":\"ListItem\",\"position\":2,\"name\":\"Progetti di Ricerca\"}]},{\"@type\":\"WebSite\",\"@id\":\"https:\\\/\\\/people.unipi.it\\\/alessandro_buono\\\/#website\",\"url\":\"https:\\\/\\\/people.unipi.it\\\/alessandro_buono\\\/\",\"name\":\"Alessandro Buono\",\"description\":\"\",\"potentialAction\":[{\"@type\":\"SearchAction\",\"target\":{\"@type\":\"EntryPoint\",\"urlTemplate\":\"https:\\\/\\\/people.unipi.it\\\/alessandro_buono\\\/?s={search_term_string}\"},\"query-input\":{\"@type\":\"PropertyValueSpecification\",\"valueRequired\":true,\"valueName\":\"search_term_string\"}}],\"inLanguage\":\"it-IT\"}]}<\/script>\n<!-- \/ Yoast SEO plugin. -->","yoast_head_json":{"title":"Progetti di Ricerca - Alessandro Buono","robots":{"index":"index","follow":"follow","max-snippet":"max-snippet:-1","max-image-preview":"max-image-preview:large","max-video-preview":"max-video-preview:-1"},"canonical":"https:\/\/people.unipi.it\/alessandro_buono\/ricerca\/","og_locale":"it_IT","og_type":"article","og_title":"Progetti di Ricerca - Alessandro Buono","og_description":"Responsabilit\u00e9: autour des liens entre les personnes et les choses (\u00e9poques moderne et contemporaine) Alessandro Buono (Universit\u00e0 di Pisa)Simona Cerutti&hellip;Leggi tutto...","og_url":"https:\/\/people.unipi.it\/alessandro_buono\/ricerca\/","og_site_name":"Alessandro Buono","article_modified_time":"2021-08-05T08:50:27+00:00","twitter_card":"summary_large_image","twitter_misc":{"Tempo di lettura stimato":"2 minuti"},"schema":{"@context":"https:\/\/schema.org","@graph":[{"@type":"WebPage","@id":"https:\/\/people.unipi.it\/alessandro_buono\/ricerca\/","url":"https:\/\/people.unipi.it\/alessandro_buono\/ricerca\/","name":"Progetti di Ricerca - Alessandro Buono","isPartOf":{"@id":"https:\/\/people.unipi.it\/alessandro_buono\/#website"},"datePublished":"2015-04-08T09:14:27+00:00","dateModified":"2021-08-05T08:50:27+00:00","breadcrumb":{"@id":"https:\/\/people.unipi.it\/alessandro_buono\/ricerca\/#breadcrumb"},"inLanguage":"it-IT","potentialAction":[{"@type":"ReadAction","target":["https:\/\/people.unipi.it\/alessandro_buono\/ricerca\/"]}]},{"@type":"BreadcrumbList","@id":"https:\/\/people.unipi.it\/alessandro_buono\/ricerca\/#breadcrumb","itemListElement":[{"@type":"ListItem","position":1,"name":"Home","item":"https:\/\/people.unipi.it\/alessandro_buono\/"},{"@type":"ListItem","position":2,"name":"Progetti di Ricerca"}]},{"@type":"WebSite","@id":"https:\/\/people.unipi.it\/alessandro_buono\/#website","url":"https:\/\/people.unipi.it\/alessandro_buono\/","name":"Alessandro Buono","description":"","potentialAction":[{"@type":"SearchAction","target":{"@type":"EntryPoint","urlTemplate":"https:\/\/people.unipi.it\/alessandro_buono\/?s={search_term_string}"},"query-input":{"@type":"PropertyValueSpecification","valueRequired":true,"valueName":"search_term_string"}}],"inLanguage":"it-IT"}]}},"_links":{"self":[{"href":"https:\/\/people.unipi.it\/alessandro_buono\/wp-json\/wp\/v2\/pages\/10","targetHints":{"allow":["GET"]}}],"collection":[{"href":"https:\/\/people.unipi.it\/alessandro_buono\/wp-json\/wp\/v2\/pages"}],"about":[{"href":"https:\/\/people.unipi.it\/alessandro_buono\/wp-json\/wp\/v2\/types\/page"}],"author":[{"embeddable":true,"href":"https:\/\/people.unipi.it\/alessandro_buono\/wp-json\/wp\/v2\/users\/1"}],"replies":[{"embeddable":true,"href":"https:\/\/people.unipi.it\/alessandro_buono\/wp-json\/wp\/v2\/comments?post=10"}],"version-history":[{"count":37,"href":"https:\/\/people.unipi.it\/alessandro_buono\/wp-json\/wp\/v2\/pages\/10\/revisions"}],"predecessor-version":[{"id":308,"href":"https:\/\/people.unipi.it\/alessandro_buono\/wp-json\/wp\/v2\/pages\/10\/revisions\/308"}],"wp:attachment":[{"href":"https:\/\/people.unipi.it\/alessandro_buono\/wp-json\/wp\/v2\/media?parent=10"}],"curies":[{"name":"wp","href":"https:\/\/api.w.org\/{rel}","templated":true}]}}