{"id":8,"date":"2015-04-08T11:14:00","date_gmt":"2015-04-08T09:14:00","guid":{"rendered":"http:\/\/people.unipi.it\/cloner\/?page_id=8"},"modified":"2022-12-14T11:31:05","modified_gmt":"2022-12-14T10:31:05","slug":"pubblicazioni","status":"publish","type":"page","link":"https:\/\/people.unipi.it\/adriano_ribolini\/pubblicazioni\/","title":{"rendered":"Publications"},"content":{"rendered":"<p>Complete list of publications <a href=\"https:\/\/arpi.unipi.it\/browse?type=author&amp;authority=rp12221&amp;sort_by=2&amp;order=DESC#.XcCqITNKhPY\">here<\/a><\/p>\n<p>The last 6-years and most relevant are:<\/p>\n<ol>\n<li>Ribolini A., Spagnolo M., Cyr A.J., Federici P.R. (2022) &#8211; Last Glacial Maximum and early deglaciation in the Stura Valley, southwestern European Alps. Quaternary Science Reviews, 295, DOI: 10.1016\/j.quascirev.2022.107770<\/li>\n<li>Leontaritis A.D., Pavlopoulos K., Marrero S.M., Ribolini A., Hughes P.D., Spagnolo M. (2022) -Glaciations on ophiolite terrain in the North Pindus Mountains, Greece: New geomorphological insights and preliminary 36Cl exposure dating. Geomorphology, 413,DOI: 10.1016\/j.geomorph.2022.108335<\/li>\n<li>Ribolini, A., Bertoni, D., Bini, M., Sarti, G. (2021) &#8211; Ground-penetrating radar prospections to image the inner structure of coastal dunes at sites characterized by erosion and accretion (Northern tuscany, Italy). Applied Sciences, 11 (23), n.11260. DOI: 10.3390\/app112311260.<\/li>\n<li>Finsinger, W., Vanel, Q., Ribolini, A., Tinner, W. (2021) &#8211; Early to late Holocene vegetation and fire dynamics at the treeline in the Maritime Alps ,Vegetation History and Archaeobotany, 507\u2013524.<\/li>\n<li>Ribolini A., Spagnolo M., Giraudi C. (2021) &#8211; The Italian mountains: glacial landforms prior to the Last Glacial Maximum. In: Palacios, D., Hughes, P., Garc\u00eda-Ruiz, J.M., Nuria, A. (Eds) &#8220;European Glacial Landscapes: Maximum Extent of Glaciations&#8221;, 317-322, Elsevier, DOI: 10.1016\/B978-0-12-823498-3.00064-9<\/li>\n<li>Ribolini A., Spagnolo M., Giraudi C. (2021) &#8211; The Italian mountains: glacial landforms from the Last Glacial Maximum. In: Palacios, D., Hughes, P., Garc\u00eda-Ruiz, J.M., Nuria, A. (Eds) &#8220;European Glacial Landscapes: Maximum Extent of Glaciations&#8221;, 481 &#8211; 486, Elsevier, DOI: 10.1016\/B978-0-12-823498-3.00022-4<\/li>\n<li class=\"author-list\" data-component=\"document-authors\">Rea, B.R., Pellitero, R., Spagnolo, M., Hughes, P., Ivy-Ochs, S., Renssen, H., Ribolini, A., Bakke, J., Lukas, S., Braithwaite, R.J. (2020) &#8211; Atmospheric circulation over Europe during the Younger Dryas<br \/>\nScience Advances, 6 (50), eaba4844.D OI: 10.1126\/sciadv.aba4844.<\/li>\n<li>Stucchi, E., Ribolini, A., Tognarelli, A. (2020) &#8211; High-resolution coherency functionals for improving the velocity analysis of ground-penetrating radar data. Remote Sensing, 2020, 12(13), 2146.<\/li>\n<li>Colombo N.; Ferronato C.; Vittori Antisari L.; Marziali L.; Salerno F.; Fratianni S.; D&#8217;Amico M.E.; Ribolini A.; Godone D.; Sartini S.; Paro L.; Morra di Cella U.; Freppaz M. (2020) &#8211; A rock-glacier \u2013 pond system (NW Italian Alps): Soil and sediment properties, geochemistry, and trace-metal bioavailability. Catena, 2020, 194, 104700.<\/li>\n<li>Spagnolo, M., Ribolini, A. (2019) &#8211; Glacier extent and climate in the Maritime Alps during the Younger Dryas. Palaeogeography, Palaeoclimatology, Palaeoecology, 536, 109400.<\/li>\n<li>Finsinger, W., Schw\u00f6rer, C., Heiri, O., Morales-Molino, C., Ribolini, A., Giesecke, T., Haas, J.N., Kaltenrieder, P., Magyari, E.K., Ravazzi, C., Rubiales, J.M., Tinner, W.(2019) &#8211; Fire on ice and frozen trees? Inappropriate radiocarbon dating leads to unrealistic reconstructions. New Phytologist, 222 (2), 657-662. DOI: 10.1111\/nph.15354.<\/li>\n<li>ISOLA I., RIBOLINI A., ZANCHETTA G., BINI M., REGATTIERI E., DRYSDALE R.N., HELLSTROM J.C., BAJO P., MONTAGNA P., PONS-BRANCHU E. (2019) &#8211; Speleothem U\/Th age constraints for the Last Glacial conditions in the Apuan Alps, northwestern Italy. Palaeogeography, Palaeoclimatology, Palaeoecology, 518, 62-71.<\/li>\n<li>Pappalardo M., Baroni, Bini M., Isola I., Ribolini A., Salvatore M.C., Zanchetta G. (2019) &#8211; Challenges in relative sea-level change assessment highlighted through a case study: The central coast of Atlantic Patagonia. Global and Planetary Change, 182, 103008.<\/li>\n<li>TREMBLEY M.M., SHUSTER D.L., SPAGNOLO M., RENSSEN H., RIBOLINI A. (2019) &#8211; Temperatures recorded by cosmogenic noble gases since the last glacial maximum in the Maritime Alps. Quaternary Research, 91 (2), 768-791.<\/li>\n<li>Bini, M., Isola, I., Zanchetta, G., Ribolini, A., Ciampalini, A., Baneschi, I., Mele, D., D&#8217;Agata, A.L. (2018) &#8211; Identification of leveled archeological mounds (H\u00f6y\u00fck) in the alluvial plain of the Ceyhan River (Southern Turkey) by satellite remote-sensing analyses. Remote Sensing, 10 (2), art. no. 241<\/li>\n<li>Bini, M., Isola, I., Zanchetta, G., Pappalardo, M., Ribolini, A., Ragaini, L., Baroni, C., Boretto, G., Fuck, E., Morigi, C., Salvatore, M.C., Bassi, D., Marzaioli, F., Terrasi, F. (2018) &#8211; Mid-Holocene relative sea-level changes along Atlantic Patagonia: New data from Camarones, Chubut, Argentina. Holocene, 28 (1), 56-64.<\/li>\n<li>OLIVA M., \u017dEBRE M., GUGLIELMIN M., HUGHES P.D., \u00c7INER A., VIEIRA G., BODIN X., ANDR\u00c9S N., COLUCCI R.R., GARC\u00cdA-HERN\u00c1NDEZ C., MORA C., NOFRE J., PALACIOS D., P\u00c9REZ-ALBERTI A., RIBOLINI A., RUIZ-FERN\u00c1NDEZ J., SARIKAYA M.A., SERRANO E., URDEA P., VALC\u00c1RCEL M., WOODWARD J.C., YILDIRIM C. (2018) &#8211; Permafrost conditions in the Mediterranean region since the Last Glaciation. Earth-Science Reviews, 185, 397-436.<\/li>\n<li>RIBOLINI A., BINI M., ISOLA I., SPAGNOLO M., ZANCHETTA G., PELLITERO R., MECHERNICH S., GROMIG R., DUNAI T., WAGNER B., MILEVSKI, I. (2018) &#8211; An oldest dryas glacier expansion on Mount Pelister (former Yugoslavian Republic of Macedonia) according to 10Be cosmogenic dating. Journal of the Geological Society, 175 (1), 100-110.<\/li>\n<li>FEDERICI P.R., RIBOLINI A., SPAGNOLO, M. (2017) &#8211; Glacial history of the Maritime Alps from the Last Glacial Maximum to the Little Ice Age. In: Hughes, P. D. and Woodward, J. C. (eds) Quaternary Glaciation in the Mediterranean Mountains, Geological Society, London, Special Publications, 433 (1), 137-159.<\/li>\n<li>GROMIG R., MECHERNICH S., RIBOLINI A., WAGNER B., ZANCHETTA G., ISOLA I., BINI M., DUNAI T.J. (2017) &#8211; Evidence for a Younger Dryas deglaciation in the Galicica Mountains (FYROM) from cosmogenic 36Cl. Quaternary International,<\/li>\n<li>Ribolini, A., Bini, M., Isola, I., Coschino, F., Baroni, C., Salvatore, M.C., Zanchetta, G., Fornaciari, A. (2017) &#8211; GPR versus Geoarchaeological Findings in a Complex Archaeological Site (Badia Pozzeveri, Italy). Archaeological Prospection, 24 (2),141-156. 12.<\/li>\n<li>Stucchi, E., Tognarelli, A., Ribolini, A. (2017) &#8211; SH-wave seismic reflection at a landslide (Patigno, NW Italy) integrated with P-wave. Journal of Applied Geophysics, 146, 188-197.<\/li>\n<li>PELLITERO R., REA B.R., SPAGNOLO M., BAKKE J., IVY-OCHS S., FREW C.R., HUGHES P., RIBOLINI A., LUKAS S., RENSSEN, H. (2016) &#8211; GlaRe, a GIS tool to reconstruct the 3D surface of palaeoglaciers. Computers and Geosciences, 94, 77-85.<\/li>\n<li>SPAGNOLO M., PHILLIPS E., PIOTROWSKI J.A., REA B.R., CLARK C.D., STOKES C.R., CARR S.J., ELY J.C., RIBOLINI A., WYSOTA W., SZUMAN I.(2016) &#8211; Ice stream motion facilitated by a shallow-deforming and accreting bed. Nature Communications, 7, art. no. 10723.<\/li>\n<\/ol>\n","protected":false},"excerpt":{"rendered":"<p>Complete list of publications here The last 6-years and most relevant are: Ribolini A., Spagnolo M., Cyr A.J., Federici P.R.&hellip;<\/p>\n<p><a class=\"btn btn-dark btn-sm unipi-read-more-link\" href=\"https:\/\/people.unipi.it\/adriano_ribolini\/pubblicazioni\/\">Leggi tutto&#8230;<\/a><\/p>\n","protected":false},"author":1,"featured_media":0,"parent":0,"menu_order":0,"comment_status":"closed","ping_status":"closed","template":"","meta":{"_acf_changed":false,"footnotes":""},"class_list":["post-8","page","type-page","status-publish","hentry"],"acf":[],"featured_image_src":null,"yoast_head":"<!-- This site is optimized with the Yoast SEO plugin v27.6 - https:\/\/yoast.com\/product\/yoast-seo-wordpress\/ -->\n<title>Publications - Adriano Ribolini<\/title>\n<meta name=\"robots\" content=\"index, follow, max-snippet:-1, max-image-preview:large, max-video-preview:-1\" \/>\n<link rel=\"canonical\" href=\"https:\/\/people.unipi.it\/adriano_ribolini\/pubblicazioni\/\" \/>\n<meta property=\"og:locale\" content=\"it_IT\" \/>\n<meta property=\"og:type\" content=\"article\" \/>\n<meta property=\"og:title\" content=\"Publications - Adriano Ribolini\" \/>\n<meta property=\"og:description\" content=\"Complete list of publications here The last 6-years and most relevant are: Ribolini A., Spagnolo M., Cyr A.J., Federici P.R.&hellip;Leggi tutto...\" \/>\n<meta property=\"og:url\" content=\"https:\/\/people.unipi.it\/adriano_ribolini\/pubblicazioni\/\" \/>\n<meta property=\"og:site_name\" content=\"Adriano Ribolini\" \/>\n<meta property=\"article:modified_time\" content=\"2022-12-14T10:31:05+00:00\" \/>\n<meta name=\"twitter:card\" content=\"summary_large_image\" \/>\n<meta name=\"twitter:label1\" content=\"Tempo di lettura stimato\" \/>\n\t<meta name=\"twitter:data1\" content=\"5 minuti\" \/>\n<script type=\"application\/ld+json\" class=\"yoast-schema-graph\">{\"@context\":\"https:\\\/\\\/schema.org\",\"@graph\":[{\"@type\":\"WebPage\",\"@id\":\"https:\\\/\\\/people.unipi.it\\\/adriano_ribolini\\\/pubblicazioni\\\/\",\"url\":\"https:\\\/\\\/people.unipi.it\\\/adriano_ribolini\\\/pubblicazioni\\\/\",\"name\":\"Publications - Adriano Ribolini\",\"isPartOf\":{\"@id\":\"https:\\\/\\\/people.unipi.it\\\/adriano_ribolini\\\/#website\"},\"datePublished\":\"2015-04-08T09:14:00+00:00\",\"dateModified\":\"2022-12-14T10:31:05+00:00\",\"breadcrumb\":{\"@id\":\"https:\\\/\\\/people.unipi.it\\\/adriano_ribolini\\\/pubblicazioni\\\/#breadcrumb\"},\"inLanguage\":\"it-IT\",\"potentialAction\":[{\"@type\":\"ReadAction\",\"target\":[\"https:\\\/\\\/people.unipi.it\\\/adriano_ribolini\\\/pubblicazioni\\\/\"]}]},{\"@type\":\"BreadcrumbList\",\"@id\":\"https:\\\/\\\/people.unipi.it\\\/adriano_ribolini\\\/pubblicazioni\\\/#breadcrumb\",\"itemListElement\":[{\"@type\":\"ListItem\",\"position\":1,\"name\":\"Home\",\"item\":\"https:\\\/\\\/people.unipi.it\\\/adriano_ribolini\\\/\"},{\"@type\":\"ListItem\",\"position\":2,\"name\":\"Publications\"}]},{\"@type\":\"WebSite\",\"@id\":\"https:\\\/\\\/people.unipi.it\\\/adriano_ribolini\\\/#website\",\"url\":\"https:\\\/\\\/people.unipi.it\\\/adriano_ribolini\\\/\",\"name\":\"Adriano Ribolini\",\"description\":\"\",\"potentialAction\":[{\"@type\":\"SearchAction\",\"target\":{\"@type\":\"EntryPoint\",\"urlTemplate\":\"https:\\\/\\\/people.unipi.it\\\/adriano_ribolini\\\/?s={search_term_string}\"},\"query-input\":{\"@type\":\"PropertyValueSpecification\",\"valueRequired\":true,\"valueName\":\"search_term_string\"}}],\"inLanguage\":\"it-IT\"}]}<\/script>\n<!-- \/ Yoast SEO plugin. -->","yoast_head_json":{"title":"Publications - Adriano Ribolini","robots":{"index":"index","follow":"follow","max-snippet":"max-snippet:-1","max-image-preview":"max-image-preview:large","max-video-preview":"max-video-preview:-1"},"canonical":"https:\/\/people.unipi.it\/adriano_ribolini\/pubblicazioni\/","og_locale":"it_IT","og_type":"article","og_title":"Publications - Adriano Ribolini","og_description":"Complete list of publications here The last 6-years and most relevant are: Ribolini A., Spagnolo M., Cyr A.J., Federici P.R.&hellip;Leggi tutto...","og_url":"https:\/\/people.unipi.it\/adriano_ribolini\/pubblicazioni\/","og_site_name":"Adriano Ribolini","article_modified_time":"2022-12-14T10:31:05+00:00","twitter_card":"summary_large_image","twitter_misc":{"Tempo di lettura stimato":"5 minuti"},"schema":{"@context":"https:\/\/schema.org","@graph":[{"@type":"WebPage","@id":"https:\/\/people.unipi.it\/adriano_ribolini\/pubblicazioni\/","url":"https:\/\/people.unipi.it\/adriano_ribolini\/pubblicazioni\/","name":"Publications - Adriano Ribolini","isPartOf":{"@id":"https:\/\/people.unipi.it\/adriano_ribolini\/#website"},"datePublished":"2015-04-08T09:14:00+00:00","dateModified":"2022-12-14T10:31:05+00:00","breadcrumb":{"@id":"https:\/\/people.unipi.it\/adriano_ribolini\/pubblicazioni\/#breadcrumb"},"inLanguage":"it-IT","potentialAction":[{"@type":"ReadAction","target":["https:\/\/people.unipi.it\/adriano_ribolini\/pubblicazioni\/"]}]},{"@type":"BreadcrumbList","@id":"https:\/\/people.unipi.it\/adriano_ribolini\/pubblicazioni\/#breadcrumb","itemListElement":[{"@type":"ListItem","position":1,"name":"Home","item":"https:\/\/people.unipi.it\/adriano_ribolini\/"},{"@type":"ListItem","position":2,"name":"Publications"}]},{"@type":"WebSite","@id":"https:\/\/people.unipi.it\/adriano_ribolini\/#website","url":"https:\/\/people.unipi.it\/adriano_ribolini\/","name":"Adriano Ribolini","description":"","potentialAction":[{"@type":"SearchAction","target":{"@type":"EntryPoint","urlTemplate":"https:\/\/people.unipi.it\/adriano_ribolini\/?s={search_term_string}"},"query-input":{"@type":"PropertyValueSpecification","valueRequired":true,"valueName":"search_term_string"}}],"inLanguage":"it-IT"}]}},"_links":{"self":[{"href":"https:\/\/people.unipi.it\/adriano_ribolini\/wp-json\/wp\/v2\/pages\/8","targetHints":{"allow":["GET"]}}],"collection":[{"href":"https:\/\/people.unipi.it\/adriano_ribolini\/wp-json\/wp\/v2\/pages"}],"about":[{"href":"https:\/\/people.unipi.it\/adriano_ribolini\/wp-json\/wp\/v2\/types\/page"}],"author":[{"embeddable":true,"href":"https:\/\/people.unipi.it\/adriano_ribolini\/wp-json\/wp\/v2\/users\/1"}],"replies":[{"embeddable":true,"href":"https:\/\/people.unipi.it\/adriano_ribolini\/wp-json\/wp\/v2\/comments?post=8"}],"version-history":[{"count":10,"href":"https:\/\/people.unipi.it\/adriano_ribolini\/wp-json\/wp\/v2\/pages\/8\/revisions"}],"predecessor-version":[{"id":215,"href":"https:\/\/people.unipi.it\/adriano_ribolini\/wp-json\/wp\/v2\/pages\/8\/revisions\/215"}],"wp:attachment":[{"href":"https:\/\/people.unipi.it\/adriano_ribolini\/wp-json\/wp\/v2\/media?parent=8"}],"curies":[{"name":"wp","href":"https:\/\/api.w.org\/{rel}","templated":true}]}}