{"id":8,"date":"2015-04-08T11:14:00","date_gmt":"2015-04-08T09:14:00","guid":{"rendered":"http:\/\/people.unipi.it\/cloner\/?page_id=8"},"modified":"2021-07-13T18:55:16","modified_gmt":"2021-07-13T16:55:16","slug":"pubblicazioni","status":"publish","type":"page","link":"https:\/\/people.unipi.it\/adriano_fabris\/pubblicazioni\/","title":{"rendered":"Pubblicazioni"},"content":{"rendered":"<ul>\n<li>Logica ed ermeneutica. Interpretazione di Heidegger, ETS, Pisa 1982.<\/li>\n<li>Filosofia, storia, temporalit\u00e0. Heidegger e \u00abI problemi fondamentali della fenomenologia\u00bb, ETS, Pisa 1988.<\/li>\n<li>Linguaggio della rivelazione. Filosofia e teologia nel pensiero di Franz Rosenzweig, Marietti, Genova 1990.<\/li>\n<li>Esperienza e paradosso. Percorsi filosofici a confronto, Angeli, Milano 1994.<\/li>\n<li>Introduzione al pensiero dialogico, Edioffset, Pisa 1995.<\/li>\n<li>Introduzione alla filosofia della religione, Laterza, Roma-Bari 1996, 2002\u00b2.<\/li>\n<li>Prospettive dell&#8217;interpretazione, ETS, Pisa 1996.<\/li>\n<li>Tre domande su Dio. Un \u00abgame book\u00bb filosofico, Laterza, Roma-Bari 1998.<\/li>\n<li>\u00abEssere e tempo\u00bb di Martin Heidegger. Introduzione alla lettura, Carocci, Roma 2000, new edition 2010.<\/li>\n<li>El giro ling\u00fc\u00edstico: hermeneutica y an\u00e1lisis del lenguaje, Akal, Madrid 2000.<\/li>\n<li>I paradossi dell\u2019amore fra grecit\u00e0, ebraismo e cristianesimo, Morcelliana, Brescia 2000, 2002\u00b2.<\/li>\n<li>Paradossi del senso. Questioni di filosofia, Morcelliana, Brescia 2002.<\/li>\n<li>Teologia e filosofia, Morcelliana, Brescia 2004.<\/li>\n<li>Etica della comunicazione interculturale, Eupress, Pregassona (Lugano, Switzerland) 2004.<\/li>\n<li>Etica della comunicazione, Carocci, Roma 2006.<\/li>\n<li>Senso e indifferenza. Un clusterbook di filosofia, Edizioni ETS, Pisa 2007.<\/li>\n<li>Filosofia del peccato originale, Albo Versorio, Milano 2009.<\/li>\n<li>Heidegger (insieme ad A. Cimino), Carocci, Roma 2009.<\/li>\n<li>TeorEtica. Filosofia della relazione, Morcelliana, Brescia 2010.<\/li>\n<li>Comunicazione (insieme a G. Manetti), La Scuola, Brescia 2011.<\/li>\n<li>La sfida del dialogo, EMP, Padova 2011.<\/li>\n<li>Filosofia delle religioni, Carocci, Roma 2012.<\/li>\n<li>Etica delle nuove tecnologie, La Scuola, Brescia 2012.<\/li>\n<li>La questione della cosa di Martin Heidegger, Paginette, Modena 2013.<\/li>\n<li>Fiction mortale. C.S.I. (Criminal Scene Investigation), Edizioni ETS, Pisa 2014.<\/li>\n<li>Il peccato originale come problema filosofico, Morcelliana, Brescia 2014.<\/li>\n<li>Fiducia e verit\u00e0, Massetti e Rodella, Roccafranca (BS) 2014.<\/li>\n<li>Twitter e la filosofia, Edizioni ETS, Pisa 2015.<\/li>\n<li>Il tempo esploso. Filosofia e comunicazione nell&#8217;epoca di Twitter, EDB, Bologna 2015.<\/li>\n<li>RelAzione. Una filosofia performativa, Morcelliana, Brescia 2016.<\/li>\n<li>Ethics of Information and Communication Technologies, Springer, Cham 2018<\/li>\n<li>Etica per le tecnologie dell&#8217;informazione e della comunicazione, Carocci, Roma 2018<\/li>\n<li>Etiche applicate. Una guida (ed.), Carocci, Roma 2018<\/li>\n<li>L&#8217;etica del giornalismo negli attuali scenari comunicativi, Pacini, Pisa 2019<\/li>\n<li>Etica del mangiare. Cibo e relazione, Edizioni ETS, Pisa 2019<\/li>\n<li>Trust. A Philosophical Approach (ed.), Springer, Cham 2020<\/li>\n<li>L&#8217;amore ambiguo. Filosofia, neuroscienze, letteratura, Morcelliana, Brescia 2020 (ebook; spanish translation, Editorial Favila, Bogota&#8217; 2020)<\/li>\n<li>Etica e ambiguit\u00e0. Una filosofia della coerenza, Morcelliana, Brescia 2020.<\/li>\n<li>La citt\u00e0 come struttura comunicativa (ed.), ebook, Edizioni ETS, Pisa 2021.<\/li>\n<li>Etica, emozioni, intelligenza artificiale (ed.), ebook, Edizioni ETS, Pisa 2021.<\/li>\n<\/ul>\n\n\n<p><\/p>\n","protected":false},"excerpt":{"rendered":"<p>Logica ed ermeneutica. Interpretazione di Heidegger, ETS, Pisa 1982. Filosofia, storia, temporalit\u00e0. Heidegger e \u00abI problemi fondamentali della fenomenologia\u00bb, ETS,&hellip;<\/p>\n<p><a class=\"btn btn-dark btn-sm unipi-read-more-link\" href=\"https:\/\/people.unipi.it\/adriano_fabris\/pubblicazioni\/\">Leggi tutto&#8230;<\/a><\/p>\n","protected":false},"author":1,"featured_media":0,"parent":0,"menu_order":0,"comment_status":"closed","ping_status":"closed","template":"","meta":{"_acf_changed":false,"footnotes":""},"class_list":["post-8","page","type-page","status-publish","hentry"],"acf":[],"featured_image_src":null,"yoast_head":"<!-- This site is optimized with the Yoast SEO plugin v27.5 - https:\/\/yoast.com\/product\/yoast-seo-wordpress\/ -->\n<title>Pubblicazioni - Adriano Fabris<\/title>\n<meta name=\"robots\" content=\"index, follow, max-snippet:-1, max-image-preview:large, max-video-preview:-1\" \/>\n<link rel=\"canonical\" href=\"https:\/\/people.unipi.it\/adriano_fabris\/pubblicazioni\/\" \/>\n<meta property=\"og:locale\" content=\"it_IT\" \/>\n<meta property=\"og:type\" content=\"article\" \/>\n<meta property=\"og:title\" content=\"Pubblicazioni - Adriano Fabris\" \/>\n<meta property=\"og:description\" content=\"Logica ed ermeneutica. Interpretazione di Heidegger, ETS, Pisa 1982. Filosofia, storia, temporalit\u00e0. Heidegger e \u00abI problemi fondamentali della fenomenologia\u00bb, ETS,&hellip;Leggi tutto...\" \/>\n<meta property=\"og:url\" content=\"https:\/\/people.unipi.it\/adriano_fabris\/pubblicazioni\/\" \/>\n<meta property=\"og:site_name\" content=\"Adriano Fabris\" \/>\n<meta property=\"article:modified_time\" content=\"2021-07-13T16:55:16+00:00\" \/>\n<meta name=\"twitter:card\" content=\"summary_large_image\" \/>\n<meta name=\"twitter:label1\" content=\"Tempo di lettura stimato\" \/>\n\t<meta name=\"twitter:data1\" content=\"2 minuti\" \/>\n<script type=\"application\/ld+json\" class=\"yoast-schema-graph\">{\"@context\":\"https:\\\/\\\/schema.org\",\"@graph\":[{\"@type\":\"WebPage\",\"@id\":\"https:\\\/\\\/people.unipi.it\\\/adriano_fabris\\\/pubblicazioni\\\/\",\"url\":\"https:\\\/\\\/people.unipi.it\\\/adriano_fabris\\\/pubblicazioni\\\/\",\"name\":\"Pubblicazioni - Adriano Fabris\",\"isPartOf\":{\"@id\":\"https:\\\/\\\/people.unipi.it\\\/adriano_fabris\\\/#website\"},\"datePublished\":\"2015-04-08T09:14:00+00:00\",\"dateModified\":\"2021-07-13T16:55:16+00:00\",\"breadcrumb\":{\"@id\":\"https:\\\/\\\/people.unipi.it\\\/adriano_fabris\\\/pubblicazioni\\\/#breadcrumb\"},\"inLanguage\":\"it-IT\",\"potentialAction\":[{\"@type\":\"ReadAction\",\"target\":[\"https:\\\/\\\/people.unipi.it\\\/adriano_fabris\\\/pubblicazioni\\\/\"]}]},{\"@type\":\"BreadcrumbList\",\"@id\":\"https:\\\/\\\/people.unipi.it\\\/adriano_fabris\\\/pubblicazioni\\\/#breadcrumb\",\"itemListElement\":[{\"@type\":\"ListItem\",\"position\":1,\"name\":\"Home\",\"item\":\"https:\\\/\\\/people.unipi.it\\\/adriano_fabris\\\/\"},{\"@type\":\"ListItem\",\"position\":2,\"name\":\"Pubblicazioni\"}]},{\"@type\":\"WebSite\",\"@id\":\"https:\\\/\\\/people.unipi.it\\\/adriano_fabris\\\/#website\",\"url\":\"https:\\\/\\\/people.unipi.it\\\/adriano_fabris\\\/\",\"name\":\"Adriano Fabris\",\"description\":\"Universit\u00e0 di Pisa\",\"potentialAction\":[{\"@type\":\"SearchAction\",\"target\":{\"@type\":\"EntryPoint\",\"urlTemplate\":\"https:\\\/\\\/people.unipi.it\\\/adriano_fabris\\\/?s={search_term_string}\"},\"query-input\":{\"@type\":\"PropertyValueSpecification\",\"valueRequired\":true,\"valueName\":\"search_term_string\"}}],\"inLanguage\":\"it-IT\"}]}<\/script>\n<!-- \/ Yoast SEO plugin. -->","yoast_head_json":{"title":"Pubblicazioni - Adriano Fabris","robots":{"index":"index","follow":"follow","max-snippet":"max-snippet:-1","max-image-preview":"max-image-preview:large","max-video-preview":"max-video-preview:-1"},"canonical":"https:\/\/people.unipi.it\/adriano_fabris\/pubblicazioni\/","og_locale":"it_IT","og_type":"article","og_title":"Pubblicazioni - Adriano Fabris","og_description":"Logica ed ermeneutica. Interpretazione di Heidegger, ETS, Pisa 1982. Filosofia, storia, temporalit\u00e0. Heidegger e \u00abI problemi fondamentali della fenomenologia\u00bb, ETS,&hellip;Leggi tutto...","og_url":"https:\/\/people.unipi.it\/adriano_fabris\/pubblicazioni\/","og_site_name":"Adriano Fabris","article_modified_time":"2021-07-13T16:55:16+00:00","twitter_card":"summary_large_image","twitter_misc":{"Tempo di lettura stimato":"2 minuti"},"schema":{"@context":"https:\/\/schema.org","@graph":[{"@type":"WebPage","@id":"https:\/\/people.unipi.it\/adriano_fabris\/pubblicazioni\/","url":"https:\/\/people.unipi.it\/adriano_fabris\/pubblicazioni\/","name":"Pubblicazioni - Adriano Fabris","isPartOf":{"@id":"https:\/\/people.unipi.it\/adriano_fabris\/#website"},"datePublished":"2015-04-08T09:14:00+00:00","dateModified":"2021-07-13T16:55:16+00:00","breadcrumb":{"@id":"https:\/\/people.unipi.it\/adriano_fabris\/pubblicazioni\/#breadcrumb"},"inLanguage":"it-IT","potentialAction":[{"@type":"ReadAction","target":["https:\/\/people.unipi.it\/adriano_fabris\/pubblicazioni\/"]}]},{"@type":"BreadcrumbList","@id":"https:\/\/people.unipi.it\/adriano_fabris\/pubblicazioni\/#breadcrumb","itemListElement":[{"@type":"ListItem","position":1,"name":"Home","item":"https:\/\/people.unipi.it\/adriano_fabris\/"},{"@type":"ListItem","position":2,"name":"Pubblicazioni"}]},{"@type":"WebSite","@id":"https:\/\/people.unipi.it\/adriano_fabris\/#website","url":"https:\/\/people.unipi.it\/adriano_fabris\/","name":"Adriano Fabris","description":"Universit\u00e0 di Pisa","potentialAction":[{"@type":"SearchAction","target":{"@type":"EntryPoint","urlTemplate":"https:\/\/people.unipi.it\/adriano_fabris\/?s={search_term_string}"},"query-input":{"@type":"PropertyValueSpecification","valueRequired":true,"valueName":"search_term_string"}}],"inLanguage":"it-IT"}]}},"_links":{"self":[{"href":"https:\/\/people.unipi.it\/adriano_fabris\/wp-json\/wp\/v2\/pages\/8","targetHints":{"allow":["GET"]}}],"collection":[{"href":"https:\/\/people.unipi.it\/adriano_fabris\/wp-json\/wp\/v2\/pages"}],"about":[{"href":"https:\/\/people.unipi.it\/adriano_fabris\/wp-json\/wp\/v2\/types\/page"}],"author":[{"embeddable":true,"href":"https:\/\/people.unipi.it\/adriano_fabris\/wp-json\/wp\/v2\/users\/1"}],"replies":[{"embeddable":true,"href":"https:\/\/people.unipi.it\/adriano_fabris\/wp-json\/wp\/v2\/comments?post=8"}],"version-history":[{"count":3,"href":"https:\/\/people.unipi.it\/adriano_fabris\/wp-json\/wp\/v2\/pages\/8\/revisions"}],"predecessor-version":[{"id":65,"href":"https:\/\/people.unipi.it\/adriano_fabris\/wp-json\/wp\/v2\/pages\/8\/revisions\/65"}],"wp:attachment":[{"href":"https:\/\/people.unipi.it\/adriano_fabris\/wp-json\/wp\/v2\/media?parent=8"}],"curies":[{"name":"wp","href":"https:\/\/api.w.org\/{rel}","templated":true}]}}